{"id":648,"date":"2018-01-19T13:08:53","date_gmt":"2018-01-19T12:08:53","guid":{"rendered":"http:\/\/agora.xtec.cat\/escolamarina\/?page_id=648"},"modified":"2024-04-15T09:23:15","modified_gmt":"2024-04-15T07:23:15","slug":"escola-i-familia","status":"publish","type":"page","link":"https:\/\/agora.xtec.cat\/escolamarina\/escola-i-familia\/","title":{"rendered":"Escola i fam\u00edlia"},"content":{"rendered":"<p>La llar \u00e9s l\u2019entorn d\u2019aprenentatge principal i molt influent, de manera que establir connexions entre la llar i l\u2019escola \u00e9s vital per a l\u2019\u00e8xit de l\u2019alumne. Fam\u00edlies i escola hem de cooperar estretament en l&#8217;educaci\u00f3 dels infants per tal de garantir la continu\u00eftat educativa. Volem fer de l\u2019escola un espai de trobada de mares i pares potenciant la seva participaci\u00f3 i implicaci\u00f3 en la vida de l\u2019escola i com una font d\u2019aprenentatge, dels seus coneixements i de les seves experi\u00e8ncies.<\/p>\n<p>Les fam\u00edlies tenen l\u2019oportunitat de participar en la vida social de l\u2019escola:<\/p>\n<p><strong>Espais de participaci\u00f3:<\/strong><\/p>\n<ul>\n<li>Entrada relaxada cada mat\u00ed a la comunitat de petits (possibilitat d&#8217;estar-se amb els infants a l&#8217;aula).<\/li>\n<li>Ambients.<\/li>\n<li>Acompanyament a la piscina (cicle mitj\u00e0) i a les sortides.<\/li>\n<li>Participacions puntuals en els diferents projectes de l\u2019escola.<\/li>\n<\/ul>\n<p><strong>Espais d\u2019acompanyament:<\/strong><\/p>\n<ul>\n<li>Tert\u00falies per a pares i mares d\u2019educaci\u00f3 infantil: reflexi\u00f3, debat i intercanvi sobre aspectes educatius d\u2019inter\u00e8s. (AFA\u00a0 i escola).<\/li>\n<li>PAEF (Pla d\u2019acompanyament a les fam\u00edlies gestionat per l\u2019Ajuntament).<\/li>\n<li>Acollida a fam\u00edles nou-vingudes.<\/li>\n<\/ul>\n<p><strong>L&#8217;escola participa en el programa de l&#8217;Escola Nova 21 i ens han recomanat aquest v\u00eddeo per a les fam\u00edlies per entendre com aprenen els vostres fills i filles. Us convidem a\u00a0 visionar aquesta experi\u00e8ncia d&#8217;unes fam\u00edlies d&#8217;una escola que com nosaltres participa en el programa transformador d&#8217;Escola Nova 21.<\/strong><\/p>\n<p><iframe loading=\"lazy\" src=\"https:\/\/www.youtube.com\/embed\/tpfhAtv00Ds\" width=\"560\" height=\"315\" frameborder=\"0\" allowfullscreen=\"allowfullscreen\"><\/iframe><\/p>\n","protected":false},"excerpt":{"rendered":"<p>La llar \u00e9s l\u2019entorn d\u2019aprenentatge principal i molt influent, de manera que establir connexions entre la llar i l\u2019escola \u00e9s vital per a l\u2019\u00e8xit de l\u2019alumne. Fam\u00edlies i escola hem de cooperar estretament en l&#8217;educaci\u00f3 dels infants per tal de garantir la continu\u00eftat educativa. Volem&hellip;  <a href=\"https:\/\/agora.xtec.cat\/escolamarina\/escola-i-familia\/\" title=\"Read Escola i fam\u00edlia\">Llegeix m\u00e9s\u00bb<\/a><\/p>\n","protected":false},"author":1,"featured_media":0,"parent":0,"menu_order":9,"comment_status":"closed","ping_status":"closed","template":"page-templates\/side-menu.php","meta":{"_bbp_topic_count":0,"_bbp_reply_count":0,"_bbp_total_topic_count":0,"_bbp_total_reply_count":0,"_bbp_voice_count":0,"_bbp_anonymous_reply_count":0,"_bbp_topic_count_hidden":0,"_bbp_reply_count_hidden":0,"_bbp_forum_subforum_count":0,"footnotes":""},"class_list":["post-648","page","type-page","status-publish","hentry"],"post_mailing_queue_ids":[],"_links":{"self":[{"href":"https:\/\/agora.xtec.cat\/escolamarina\/wp-json\/wp\/v2\/pages\/648","targetHints":{"allow":["GET"]}}],"collection":[{"href":"https:\/\/agora.xtec.cat\/escolamarina\/wp-json\/wp\/v2\/pages"}],"about":[{"href":"https:\/\/agora.xtec.cat\/escolamarina\/wp-json\/wp\/v2\/types\/page"}],"author":[{"embeddable":true,"href":"https:\/\/agora.xtec.cat\/escolamarina\/wp-json\/wp\/v2\/users\/1"}],"replies":[{"embeddable":true,"href":"https:\/\/agora.xtec.cat\/escolamarina\/wp-json\/wp\/v2\/comments?post=648"}],"version-history":[{"count":4,"href":"https:\/\/agora.xtec.cat\/escolamarina\/wp-json\/wp\/v2\/pages\/648\/revisions"}],"predecessor-version":[{"id":711,"href":"https:\/\/agora.xtec.cat\/escolamarina\/wp-json\/wp\/v2\/pages\/648\/revisions\/711"}],"wp:attachment":[{"href":"https:\/\/agora.xtec.cat\/escolamarina\/wp-json\/wp\/v2\/media?parent=648"}],"curies":[{"name":"wp","href":"https:\/\/api.w.org\/{rel}","templated":true}]}}