{"id":635,"date":"2018-01-19T12:56:39","date_gmt":"2018-01-19T11:56:39","guid":{"rendered":"http:\/\/agora.xtec.cat\/escolamarina\/?page_id=635"},"modified":"2024-01-23T10:18:14","modified_gmt":"2024-01-23T09:18:14","slug":"escola-inclusiva","status":"publish","type":"page","link":"https:\/\/agora.xtec.cat\/escolamarina\/projecte-educatiu\/escola-inclusiva\/","title":{"rendered":"Escola inclusiva"},"content":{"rendered":"<p style=\"text-align: justify;\">Entenem per diversitat els diferents: tarann\u00e0s, nivell de coneixements previs, ritmes d\u2019aprenentatge, nivell de compet\u00e8ncies socials i cognitives, coneixement de la llengua, \u00e8tnia, etc.<\/p>\n<p style=\"text-align: justify;\">Com a centre inclusiu, hem planificat al llarg del temps estrat\u00e8gies metodol\u00f2giques i organitzatives que garanteixen la participaci\u00f3 i l\u2019aprenentatge de tots els infants ajustades a les seves capacitats, que fomenten comunitats segures, acollidores i estimulants, que valoren a tots i cascun dels alumnes i els asseguren bones expectatives d\u2019\u00e8xit i que consideren la participaci\u00f3 dels infants i de les seves fam\u00edlies.<\/p>\n<p style=\"text-align: justify;\">Com a centre inclusiu, volem consolidar entorns d\u2019aprenentatge que incorporin \u00a0recerca, resoluci\u00f3 de problemes, treball per projectes, l\u2019aprenentatge col\u00b7laboratiu i competencial, en un context que consideri que compartir el coneixement \u00e9s un component essencial del proc\u00e9s d\u2019aprenentatge.<\/p>\n<p style=\"text-align: justify;\">Els Ambients d\u2019Aprenentatge al grup de petits i de mitjans s\u00f3n un clar referent de cultures inclusives, per\u00f2 volem seguir apostant per enfortir aquests entorns inclusius esmentats en el temps de no ambients en els petits i mitjans i, especialment, en el grup de grans.<\/p>\n<p style=\"text-align: justify;\">Per tal d\u2019intervenir-hi atenent millor les individualitats, comptem amb el Pla d\u2019Atenci\u00f3 a la Diversitat \u00a0que recull els criteris de detecci\u00f3 de les NEE, la planificaci\u00f3 de les actuacions i dels suports, desdoblaments i de les\u00a0 intervencions de la mestra de l\u2019EE i EAP.<\/p>\n<table>\n<tbody>\n<tr style=\"height: 33px;\">\n<td style=\"height: 33px;\">\n<h5>PETITS<\/h5>\n<\/td>\n<td style=\"height: 33px;\">\n<h5>MITJANS<\/h5>\n<\/td>\n<td style=\"height: 33px;\">\n<h5>GRANS<\/h5>\n<\/td>\n<\/tr>\n<tr style=\"height: 529px;\">\n<td style=\"height: 529px;\"><span style=\"font-size: medium;\"><strong><span style=\"color: #000000;\"><span style=\"font-family: verdana, sans-serif;\">Ambients:<\/span><\/span><\/strong><\/span><\/p>\n<p><span style=\"font-size: medium;\"><span style=\"color: #000000;\"><span style=\"font-family: verdana, sans-serif;\">-Cient\u00edfic i d\u2019experimentaci\u00f3<\/span><\/span><\/span><\/p>\n<p><span style=\"font-size: medium;\"><span style=\"color: #000000;\"><span lang=\"CA\"><span style=\"font-family: verdana, sans-serif;\">-Volums i de construccions<br \/>\n<\/span><\/span><\/span><\/span><\/p>\n<p><span lang=\"CA\"><span style=\"font-size: medium;\"><span style=\"color: #000000;\"><span style=\"font-family: verdana, sans-serif;\">-Joc simb\u00f2lic<\/span><\/span><\/span><\/span><\/p>\n<p><span lang=\"CA\"><span style=\"font-size: medium;\"><span style=\"color: #000000;\"><span style=\"font-family: verdana, sans-serif;\">-Psicomotriu en angl\u00e8s<br \/>\n<\/span><\/span><\/span><\/span><\/p>\n<p><span lang=\"CA\"><span style=\"font-size: medium;\"><span style=\"color: #000000;\"><span style=\"font-family: verdana, sans-serif;\">-Matem\u00e0tic<\/span><\/span><\/span><\/span><\/p>\n<p><span lang=\"CA\"><span style=\"font-size: medium;\"><span style=\"color: #000000;\"><span style=\"font-family: verdana, sans-serif;\"> -Llenguatge verbal <\/span><\/span><\/span><\/span><\/p>\n<p><span lang=\"CA\"><span style=\"font-size: medium;\"><span style=\"color: #000000;\"><span style=\"font-family: verdana, sans-serif;\">-Biblioteca<\/span><\/span><\/span><\/span><\/p>\n<p><span lang=\"CA\"><span style=\"font-size: medium;\"><span style=\"color: #000000;\"><span style=\"font-family: verdana, sans-serif;\">-Lletres<\/span><\/span><\/span><\/span><\/p>\n<p><span lang=\"CA\"><span style=\"font-size: medium;\"><span style=\"color: #000000;\"><span style=\"font-family: verdana, sans-serif;\">-Art\u00edstic\u00a0\u00a0\u00a0\u00a0\u00a0\u00a0\u00a0\u00a0\u00a0\u00a0 <\/span><\/span><\/span><\/span><\/p>\n<p><span lang=\"CA\"><span style=\"font-size: medium;\"><span style=\"color: #000000;\"><span style=\"font-family: verdana, sans-serif;\">-Restaurant<br \/>\n<\/span><\/span><\/span><\/span><\/p>\n<p><span lang=\"CA\"><span style=\"font-size: medium;\"><span style=\"color: #000000;\"><span style=\"font-family: verdana, sans-serif;\">-Sensorial <\/span><\/span><\/span><\/span><span style=\"font-family: Arial;\"><span lang=\"CA\"><span style=\"font-size: medium;\"><span style=\"color: #000000;\"><span style=\"font-family: verdana, sans-serif;\">en angl\u00e8s<\/span><\/span><\/span><\/span><\/span><\/td>\n<td style=\"height: 529px;\"><span style=\"font-family: verdana, sans-serif; font-size: medium;\"><strong> Ambients:<\/strong> <\/span><\/p>\n<p><span style=\"font-family: verdana, sans-serif; font-size: medium;\">-Cient\u00edfic<\/span><\/p>\n<p><span style=\"font-family: verdana, sans-serif; font-size: medium;\"> -Jocs<\/span><\/p>\n<p><span style=\"font-family: verdana, sans-serif; font-size: medium;\"> -Matem\u00e0tic<\/span><\/p>\n<p><span style=\"font-family: verdana, sans-serif; font-size: medium;\"> -Manetes<\/span><\/p>\n<p><span style=\"font-family: verdana, sans-serif; font-size: medium;\">-Comunicatiu<\/span><\/p>\n<p><span style=\"font-family: verdana, sans-serif; font-size: medium;\">-Art\u00edstic en angl\u00e8s<\/span><\/p>\n<p><span style=\"font-family: verdana, sans-serif; font-size: medium;\">-Construccions en angl\u00e8s <\/span><\/p>\n<p><span style=\"font-family: verdana, sans-serif; font-size: medium;\">-Biblioteca<br \/>\n<\/span><\/p>\n<p>&nbsp;<\/p>\n<p><span style=\"font-family: verdana, sans-serif; font-size: medium;\">\u00a0<\/span><\/p>\n<p>&nbsp;<\/p>\n<p><span style=\"font-family: verdana, sans-serif; font-size: medium;\">\u00a0<\/span><\/td>\n<td style=\"height: 529px;\">\n<h1><span lang=\"CA\"><span style=\"color: #000000;\"><span style=\"font-family: verdana, sans-serif; font-size: medium;\">Taller d\u2019escriptura<\/span><\/span><\/span><\/h1>\n<p>&nbsp;<\/p>\n<p>&nbsp;<\/p>\n<p>&nbsp;<\/p>\n<p>&nbsp;<\/p>\n<p>&nbsp;<\/p>\n<p>&nbsp;<\/p>\n<p>&nbsp;<\/p>\n<p>&nbsp;<\/p>\n<p>&nbsp;<\/p>\n<p>&nbsp;<\/p>\n<p>&nbsp;<\/p>\n<p>&nbsp;<\/p>\n<p>&nbsp;<\/td>\n<\/tr>\n<tr style=\"height: 150px;\">\n<td style=\"height: 150px;\"><span lang=\"CA\"><b><span style=\"font-size: medium;\"><span style=\"color: #000000; font-family: verdana, sans-serif;\">Grups fonol\u00f2gics (P-3)<\/span><\/span><\/b><\/span><\/p>\n<p><span lang=\"CA\"><b><span style=\"font-size: medium;\"><span style=\"color: #000000; font-family: verdana, sans-serif;\"> Grups llenguatge verbal(P-4)<\/span><\/span><\/b><\/span><\/p>\n<p><span lang=\"CA\"><b><span style=\"font-size: medium;\"><span style=\"color: #000000; font-family: verdana, sans-serif;\">Grups lectors (P-5)<\/span><\/span><\/b><\/span><\/td>\n<td style=\"height: 150px;\"><span style=\"font-size: medium;\"><strong><span style=\"font-family: verdana, sans-serif;\">Tallers d&#8217;escriptura<\/span><\/strong><\/span><\/p>\n<p>&nbsp;<\/p>\n<p>&nbsp;<\/td>\n<td style=\"height: 150px;\">\n<h4><span lang=\"CA\"><span style=\"color: #000000; font-family: verdana, sans-serif; font-size: medium;\">Llengua oral\u00a0<\/span><\/span><\/h4>\n<h4><span lang=\"CA\"><span style=\"color: #000000; font-family: verdana, sans-serif; font-size: medium;\">Teatre 4t<\/span><\/span><\/h4>\n<p>&nbsp;<\/p>\n<p>&nbsp;<\/td>\n<\/tr>\n<tr style=\"height: 60px;\">\n<td style=\"height: 60px;\"><span lang=\"CA\"><b><span style=\"font-size: medium;\"><span style=\"color: #000000; font-family: verdana, sans-serif;\"><span style=\"font-family: Arial;\"><span style=\"font-family: verdana, sans-serif; font-size: medium;\">Llengua anglesa\/ Psicomotricitat<\/span><\/span><\/span><\/span><\/b><\/span><\/td>\n<td style=\"height: 60px;\">\u00a0<span style=\"font-size: medium;\"><strong><span style=\"font-family: verdana, sans-serif;\">Teatre 3r<\/span><\/strong><\/span><\/td>\n<td style=\"height: 60px;\">\n<h4><span lang=\"CA\"><span style=\"color: #000000; font-family: verdana, sans-serif; font-size: medium;\">Hort \/Projecte<\/span><\/span><\/h4>\n<\/td>\n<\/tr>\n<tr style=\"height: 60px;\">\n<td style=\"height: 60px;\"><\/td>\n<td style=\"height: 60px;\"><span style=\"font-size: medium;\"><strong><span style=\"font-family: verdana, sans-serif;\">Llengua anglesa 1r i 2n<\/span><\/strong><\/span><\/td>\n<td style=\"height: 60px;\">\n<h4><span lang=\"CA\"><span style=\"color: #000000; font-family: verdana, sans-serif; font-size: medium;\">Hort \/Projecte<\/span><\/span><\/h4>\n<\/td>\n<\/tr>\n<tr style=\"height: 35px;\">\n<td style=\"height: 35px;\"><\/td>\n<td style=\"height: 35px;\"><span style=\"font-size: medium;\"><strong><span style=\"font-family: verdana, sans-serif;\">Projecte\/ hort<\/span><\/strong><\/span><\/td>\n<td style=\"height: 35px;\"><\/td>\n<\/tr>\n<tr style=\"height: 35px;\">\n<td style=\"height: 35px;\"><\/td>\n<td style=\"height: 35px;\"><span style=\"font-size: medium;\"><strong><span style=\"font-family: verdana, sans-serif;\">TAC<\/span><\/strong><\/span><\/td>\n<td style=\"height: 35px;\"><\/td>\n<\/tr>\n<tr style=\"height: 35px;\">\n<td style=\"height: 35px;\"><\/td>\n<td style=\"height: 35px;\"><span style=\"font-size: medium;\"><strong><span style=\"font-family: verdana, sans-serif;\">SEP lector i matem\u00e0tic<\/span><\/strong><\/span><\/td>\n<td style=\"height: 35px;\"><\/td>\n<\/tr>\n<\/tbody>\n<\/table>\n<p>&nbsp;<\/p>\n","protected":false},"excerpt":{"rendered":"<p>Entenem per diversitat els diferents: tarann\u00e0s, nivell de coneixements previs, ritmes d\u2019aprenentatge, nivell de compet\u00e8ncies socials i cognitives, coneixement de la llengua, \u00e8tnia, etc.<br \/>\nCom a centre inclusiu, hem planificat al llarg del temps estrat\u00e8gies metodol\u00f2giques i organitzatives que garanteixen la participaci\u00f3 i l\u2019aprenentatge de tots&hellip;  <a href=\"https:\/\/agora.xtec.cat\/escolamarina\/projecte-educatiu\/escola-inclusiva\/\" title=\"Read Escola inclusiva\">Llegeix m\u00e9s\u00bb<\/a><\/p>\n","protected":false},"author":1,"featured_media":0,"parent":64,"menu_order":3,"comment_status":"closed","ping_status":"closed","template":"page-templates\/side-menu.php","meta":{"_bbp_topic_count":0,"_bbp_reply_count":0,"_bbp_total_topic_count":0,"_bbp_total_reply_count":0,"_bbp_voice_count":0,"_bbp_anonymous_reply_count":0,"_bbp_topic_count_hidden":0,"_bbp_reply_count_hidden":0,"_bbp_forum_subforum_count":0,"footnotes":""},"class_list":["post-635","page","type-page","status-publish","hentry"],"post_mailing_queue_ids":[],"_links":{"self":[{"href":"https:\/\/agora.xtec.cat\/escolamarina\/wp-json\/wp\/v2\/pages\/635","targetHints":{"allow":["GET"]}}],"collection":[{"href":"https:\/\/agora.xtec.cat\/escolamarina\/wp-json\/wp\/v2\/pages"}],"about":[{"href":"https:\/\/agora.xtec.cat\/escolamarina\/wp-json\/wp\/v2\/types\/page"}],"author":[{"embeddable":true,"href":"https:\/\/agora.xtec.cat\/escolamarina\/wp-json\/wp\/v2\/users\/1"}],"replies":[{"embeddable":true,"href":"https:\/\/agora.xtec.cat\/escolamarina\/wp-json\/wp\/v2\/comments?post=635"}],"version-history":[{"count":3,"href":"https:\/\/agora.xtec.cat\/escolamarina\/wp-json\/wp\/v2\/pages\/635\/revisions"}],"predecessor-version":[{"id":1151,"href":"https:\/\/agora.xtec.cat\/escolamarina\/wp-json\/wp\/v2\/pages\/635\/revisions\/1151"}],"up":[{"embeddable":true,"href":"https:\/\/agora.xtec.cat\/escolamarina\/wp-json\/wp\/v2\/pages\/64"}],"wp:attachment":[{"href":"https:\/\/agora.xtec.cat\/escolamarina\/wp-json\/wp\/v2\/media?parent=635"}],"curies":[{"name":"wp","href":"https:\/\/api.w.org\/{rel}","templated":true}]}}