{"id":632,"date":"2018-01-19T12:52:59","date_gmt":"2018-01-19T11:52:59","guid":{"rendered":"http:\/\/agora.xtec.cat\/escolamarina\/?page_id=632"},"modified":"2024-01-23T10:19:41","modified_gmt":"2024-01-23T09:19:41","slug":"taller-descriptura","status":"publish","type":"page","link":"https:\/\/agora.xtec.cat\/escolamarina\/projecte-educatiu\/taller-descriptura\/","title":{"rendered":"Taller d&#8217;escriptura"},"content":{"rendered":"<div dir=\"ltr\">\n<p style=\"text-align: justify;\">L&#8217;escriptura \u00e9s una eina cabdal per construir el coneixement i per aprendre. Volem\u00a0 millorar la compet\u00e8ncia d&#8217;escriptura i aix\u00ed afavorir l&#8217;\u00e8xit educatiu dels alumnes. Alhora volem fomentar l&#8217;h\u00e0bit de l&#8217;escriptura personal i del plaer d&#8217;escriure per gaudir i cr\u00e9ixer.<\/p>\n<p style=\"text-align: justify;\">Ja fa uns cursos que formen part del projecte educatiu els tallers d\u2019escriptura a\u00a0 Prim\u00e0ria. El curs passat vam participar en sis confer\u00e8ncies del Departament \u201cAra escric\u201d. Aquesta formaci\u00f3 ens han perm\u00e8s anar avan\u00e7ant en l\u2019enfocament did\u00e0ctic dels tallers d\u2019escriptura i dissenyar noves propostes.<\/p>\n<p style=\"text-align: justify;\">Vam encetar <b>nova proposta en els tallers d\u2019escriptura en el grup de grans (4t, 5\u00e8 i 6\u00e8)<\/b> el curs 2016\/17:<\/p>\n<p style=\"text-align: justify;\">\u00a0\u2022\u00a0\u00a0\u00a0\u00a0\u00a0 Hem incrementat l&#8217;estona de dedicaci\u00f3 a l&#8217;escriptura, dues sessions setmanals d\u2019hora i mitja <a name=\"_GoBack\"><\/a>cadascuna.<\/p>\n<p style=\"text-align: justify;\">\u2022\u00a0\u00a0\u00a0\u00a0\u00a0\u00a0 S\u00f3n tallers d\u2019escriptura intercicles, grups heterogenis barrejats.<\/p>\n<p style=\"text-align: justify;\">\u2022\u00a0\u00a0\u00a0\u00a0\u00a0\u00a0 Es proposen nou tallers amb diferents tipologies textual: instructiu, narratiu (ombres xineses), explicatiu, argumentatiu, carta, narratiu (relats curts),conversacional, descripci\u00f3 i ret\u00f2ric.<\/p>\n<p style=\"text-align: justify;\">Hem ent\u00e8s que per millorar la compet\u00e8ncia escrita cal :<\/p>\n<p style=\"text-align: justify;\">\u00a0\u2022\u00a0\u00a0\u00a0\u00a0\u00a0\u00a0 Modelar el mestre les fases del proc\u00e9s de composici\u00f3 d\u2019un text. Fer bons textos demana un proc\u00e9s que caldr\u00e0 aprendre col\u00b7lectivament.<\/p>\n<p style=\"text-align: justify;\">\u2022\u00a0\u00a0\u00a0\u00a0\u00a0\u00a0 Incorporar la reflexi\u00f3 sobre com s&#8217;escriu. \u00a0Abans d\u2019escriure cal pensar, planificar: definir b\u00e9 el prop\u00f2sit, generar idees i organitzar-les.<\/p>\n<p style=\"text-align: justify;\">\u2022\u00a0\u00a0\u00a0\u00a0\u00a0\u00a0 Vincular els escrits a situacions reals amb prop\u00f2sit i destinatari.<\/p>\n<p style=\"text-align: justify;\">\u2022\u00a0\u00a0\u00a0\u00a0\u00a0\u00a0 Abans d\u2019escriure, llegir molts textos de la mateixa tipologia i analitzar-los.<\/p>\n<p style=\"text-align: justify;\">\u2022\u00a0\u00a0\u00a0\u00a0\u00a0\u00a0 Revisar al llarg del proc\u00e9s. Nom\u00e9s l\u2019alumne pot corregir els seus errors. La tasca del professorat \u00e9s ensenyar a detectar-los i a trobar camins per superar-los.<\/p>\n<p style=\"text-align: justify;\">L\u2019ensenyament i l\u2019aprenentatge de l\u2019escriptura demana diversitat de situacions d&#8217;interacci\u00f3 entre els alumnes i amb el mestre.<\/p>\n<p style=\"text-align: justify;\">En el curs 2017\/18, vam encetar els <strong>tallers d&#8217;escriptura interclasse en el grup de mitjans<\/strong> (2n i 3r). S\u00f3n set tallers: dos de cal.ligrama, dos de descripci\u00f3, dos de contes i un de cartes.<\/p>\n<h5 style=\"text-align: justify;\"><span style=\"color: #4397e6;\">\u00a0Recomanacions per a les fam\u00edlies:<\/span><\/h5>\n<ul>\n<li style=\"text-align: justify;\">Con\u00e8ixer la metodologia de l&#8217;aprenentatge de l&#8217;escriptura al centre.<\/li>\n<li style=\"text-align: justify;\">Llegir i posar en valor els escrits produ\u00efts pels fills.<\/li>\n<li style=\"text-align: justify;\">Aprofitar les situacions familiars \u00a0per fomentar l&#8217;escriptura.<\/li>\n<\/ul>\n<\/div>\n","protected":false},"excerpt":{"rendered":"<p>L&#8217;escriptura \u00e9s una eina cabdal per construir el coneixement i per aprendre. Volem\u00a0 millorar la compet\u00e8ncia d&#8217;escriptura i aix\u00ed afavorir l&#8217;\u00e8xit educatiu dels alumnes. Alhora volem fomentar l&#8217;h\u00e0bit de l&#8217;escriptura personal i del plaer d&#8217;escriure per gaudir i cr\u00e9ixer.<br \/>\nJa fa uns cursos que formen part&hellip;  <a href=\"https:\/\/agora.xtec.cat\/escolamarina\/projecte-educatiu\/taller-descriptura\/\" title=\"Read Taller d&#8217;escriptura\">Llegeix m\u00e9s\u00bb<\/a><\/p>\n","protected":false},"author":1,"featured_media":0,"parent":64,"menu_order":8,"comment_status":"closed","ping_status":"closed","template":"page-templates\/side-menu.php","meta":{"_bbp_topic_count":0,"_bbp_reply_count":0,"_bbp_total_topic_count":0,"_bbp_total_reply_count":0,"_bbp_voice_count":0,"_bbp_anonymous_reply_count":0,"_bbp_topic_count_hidden":0,"_bbp_reply_count_hidden":0,"_bbp_forum_subforum_count":0,"footnotes":""},"class_list":["post-632","page","type-page","status-publish","hentry"],"post_mailing_queue_ids":[],"_links":{"self":[{"href":"https:\/\/agora.xtec.cat\/escolamarina\/wp-json\/wp\/v2\/pages\/632","targetHints":{"allow":["GET"]}}],"collection":[{"href":"https:\/\/agora.xtec.cat\/escolamarina\/wp-json\/wp\/v2\/pages"}],"about":[{"href":"https:\/\/agora.xtec.cat\/escolamarina\/wp-json\/wp\/v2\/types\/page"}],"author":[{"embeddable":true,"href":"https:\/\/agora.xtec.cat\/escolamarina\/wp-json\/wp\/v2\/users\/1"}],"replies":[{"embeddable":true,"href":"https:\/\/agora.xtec.cat\/escolamarina\/wp-json\/wp\/v2\/comments?post=632"}],"version-history":[{"count":4,"href":"https:\/\/agora.xtec.cat\/escolamarina\/wp-json\/wp\/v2\/pages\/632\/revisions"}],"predecessor-version":[{"id":2620,"href":"https:\/\/agora.xtec.cat\/escolamarina\/wp-json\/wp\/v2\/pages\/632\/revisions\/2620"}],"up":[{"embeddable":true,"href":"https:\/\/agora.xtec.cat\/escolamarina\/wp-json\/wp\/v2\/pages\/64"}],"wp:attachment":[{"href":"https:\/\/agora.xtec.cat\/escolamarina\/wp-json\/wp\/v2\/media?parent=632"}],"curies":[{"name":"wp","href":"https:\/\/api.w.org\/{rel}","templated":true}]}}