{"id":628,"date":"2018-01-19T12:49:18","date_gmt":"2018-01-19T11:49:18","guid":{"rendered":"http:\/\/agora.xtec.cat\/escolamarina\/?page_id=628"},"modified":"2024-01-23T10:19:29","modified_gmt":"2024-01-23T09:19:29","slug":"treball-per-projectes","status":"publish","type":"page","link":"https:\/\/agora.xtec.cat\/escolamarina\/projecte-educatiu\/treball-per-projectes\/","title":{"rendered":"Treball per projectes"},"content":{"rendered":"<p style=\"text-align: justify;\">El treball per projectes \u00e9s una metodologia que afavoreix l\u2019adquisici\u00f3 de les compet\u00e8ncies b\u00e0siques. \u00c9s ideal perqu\u00e8 aprofita la motivaci\u00f3 de l\u2019alumnat per l\u2019objecte d\u2019investigaci\u00f3 i perqu\u00e8 fomenta l\u2019adquisici\u00f3 de procediments per aprendre de manera aut\u00f2noma i cooperativa.<\/p>\n<p style=\"text-align: justify;\">Els projectes s\u2019han de proposar m\u00e9s o menys directament pel professorat tenint en compte tant els interessos dels infants. Es plantegen en forma de pregunta que potenci\u00ef\u00a0 l\u2019esperit d\u2019investigar.<\/p>\n<p style=\"text-align: justify;\">El\u00a0 treball per projecte \u00e9s una metodologia que es basa en oferir ajudar als infants a pensar per ells mateixos, a investigar, fer prediccions, experimentar, deduir-ne conclusions i idees potents per continuar aprenent i fer-se noves preguntes.<\/p>\n<p style=\"text-align: justify;\">La conversa tamb\u00e9 \u00e9s una activitat b\u00e0sica en tot el proc\u00e9s, interactuar amb els altres que aporten diferents punts de vista, contrastar, debatre, compartir descobriments&#8230; La interacci\u00f3 que es produeix entre els diferents membres del grup classe durant les diferents converses \u00e9s multidireccional, \u00e9s a dir, tant el professorat com els infants fan preguntes i es responen.<\/p>\n<p>A m\u00e9s, el fet que les activitats que es realitzin estiguin directament relacionades, no nom\u00e9s amb all\u00f2 que els interessa, sin\u00f3 tamb\u00e9 amb la seva vida di\u00e0ria, fa que els processos i coneixements adquirits en el projecte es puguin aprofitar en futures situacions.<\/p>\n<p>Treballar per projectes fomenta que els infants siguin capa\u00e7os d&#8217;anar-se formulant nous dubtes i preguntes i establir relacions amb altres descobriments.<\/p>\n<p>Generalment l\u2019\u00e0rea de coneixement del medi \u00e9s la que guia la investigaci\u00f3 \u00a0per\u00f2 tamb\u00e9 es treballen diferents \u00e0rees, diferents sabers (llenguatge, matem\u00e0tiques, pl\u00e0stica, les TAC&#8230;).<\/p>\n<p><a href=\"http:\/\/agora.xtec.cat\/escolamarina\/wp-content\/uploads\/usu1775\/2018\/01\/DSC_0928.jpg\"><img loading=\"lazy\" decoding=\"async\" class=\"alignleft size-full wp-image-705\" src=\"http:\/\/agora.xtec.cat\/escolamarina\/wp-content\/uploads\/usu1775\/2018\/01\/DSC_0928.jpg\" alt=\"\" width=\"3840\" height=\"2160\" srcset=\"https:\/\/agora.xtec.cat\/escolamarina\/wp-content\/uploads\/usu1775\/2018\/01\/DSC_0928.jpg 3840w, https:\/\/agora.xtec.cat\/escolamarina\/wp-content\/uploads\/usu1775\/2018\/01\/DSC_0928-300x169.jpg 300w, https:\/\/agora.xtec.cat\/escolamarina\/wp-content\/uploads\/usu1775\/2018\/01\/DSC_0928-768x432.jpg 768w, https:\/\/agora.xtec.cat\/escolamarina\/wp-content\/uploads\/usu1775\/2018\/01\/DSC_0928-1024x576.jpg 1024w\" sizes=\"auto, (max-width: 3840px) 100vw, 3840px\" \/><\/a><\/p>\n<p><strong>Per qu\u00e8 fem projectes?<\/strong><\/p>\n<ul>\n<li><strong>Motivaci\u00f3<\/strong>. Facilita la motivaci\u00f3 dels alumnes \u00a0ja que es parteix dels seus interessos.<\/li>\n<li><strong>Aprenentatge significatiu i funcional<\/strong>. Ofereix al nen la possibilitat d\u2019establir vincles amb el nou contingut i assegura que l\u2019aprenentatge sigui significatiu, ja que parteix d\u2019all\u00f2 que ja sap, \u00e9s a dir, dels seus coneixements inicials.Tamb\u00e9 \u00e9s un aprenentatge funcional, \u00e9s a dir, susceptible\u00a0de ser aplicat en situacions noves i en aprenentatges futurs.<\/li>\n<li><strong>Treball globalitzador.<\/strong> S\u2019interelacionen\u00a0 les diferents \u00e0rees.<\/li>\n<li><strong>Treball Interactiu. <\/strong>Fomenta un proc\u00e9s social mitjan\u00e7ant el qual els individus i els grups s\u2019estimulen uns als altres. Es produeixen diferents\u00a0interaccions\u00a0 infants-infants, infants-mestre, petit grup&#8230;<\/li>\n<li><strong>Treball cooperatiu. <\/strong>Valorem el que cadasc\u00fa pot aportar i entre tots arribem al m\u00e0xim de les nostres possibilitats.<\/li>\n<li><strong>Diversitat<\/strong>. Respecte el diferent ritmes d\u2019aprenentatge dels nens i nenes<strong>.<\/strong><\/li>\n<li><strong>Aprendre a pensar i aprendre a aprendre. <\/strong>Permet adquirir habilitats per a qu\u00e8 l\u2019infant condueixi el seu propi aprenentatge i continu\u00ef aprenent de\u00a0forma efica\u00e7 i aut\u00f2noma.<\/li>\n<\/ul>\n<h4><span style=\"color: #4397e6;\"><strong>Projecte de la cooperativa<\/strong><\/span><\/h4>\n<p><strong>Un proc\u00e9s emprenedor i enriquidor de valors<\/strong><\/p>\n<p style=\"text-align: justify;\">El curs de 5\u00e8 de prim\u00e0ria participa en el Projecte CuEmE (Cultura Emprenedora a l&#8217;Escola) que \u00e9s un\u00a0recurs impulsat per la Diputaci\u00f3 de Barcelona\u00a0l&#8217;Ajuntament de L&#8217;Hospitalet.<\/p>\n<p style=\"text-align: justify;\">El projecte promou l&#8217;esperit emprenedor a partir de la iniciativa i la creativitat fomentant la responsabilitat, la cooperaci\u00f3 i la solidaritat,\u00a0a trav\u00e9s de l&#8217;adquisici\u00f3 de les compet\u00e8ncies b\u00e0siques, mitjan\u00e7ant la creaci\u00f3 d&#8217;una cooperativa escolar.<\/p>\n<p style=\"text-align: justify;\">Els nenes i nenes creen la cooperativa: li posen nom, elaboren els estatuts i cadasc\u00fa aporta el capital acordat. Quan ja est\u00e0 constitu\u00efda, fan el disseny de la imatge corporativa (logotip)\u00a0amb l&#8217;ajut d&#8217;un Taller realitzat per estudiants de l&#8217;Escola Superior d&#8217;Art i Disseny Josep Serra i Abella de L&#8217;Hospitalet.<\/p>\n<p style=\"text-align: justify;\">Posteriorment, trien els productes i els fabriquen per vendre\u2019ls en el mes de maig en una parada al mercadillo de Bellvitge.<\/p>\n<p style=\"text-align: justify;\">Les nenes i els nens s\u2019organitzen en comissions: de finances, difusi\u00f3 i comunicaci\u00f3, producci\u00f3&#8230;<\/p>\n<p style=\"text-align: justify;\">Una de part dels beneficis s\u2019aportaran a projectes d&#8217;inter\u00e8s social.<\/p>\n<p style=\"text-align: justify;\">Les fotografies s\u00f3n del Taller realitzat per estudiants de l&#8217;Escola Superior d&#8217;Art i Disseny Josep Serra i Abella de L&#8217;Hospitalet<\/p>\n<p style=\"text-align: justify;\"><a href=\"http:\/\/agora.xtec.cat\/escolamarina\/wp-content\/uploads\/usu1775\/2018\/01\/cooperativa1-1.jpg\"><img loading=\"lazy\" decoding=\"async\" class=\"alignleft size-full wp-image-679\" src=\"http:\/\/agora.xtec.cat\/escolamarina\/wp-content\/uploads\/usu1775\/2018\/01\/cooperativa1-1.jpg\" alt=\"\" width=\"320\" height=\"180\" srcset=\"https:\/\/agora.xtec.cat\/escolamarina\/wp-content\/uploads\/usu1775\/2018\/01\/cooperativa1-1.jpg 320w, https:\/\/agora.xtec.cat\/escolamarina\/wp-content\/uploads\/usu1775\/2018\/01\/cooperativa1-1-300x169.jpg 300w\" sizes=\"auto, (max-width: 320px) 100vw, 320px\" \/><\/a><\/p>\n<p style=\"text-align: justify;\"><a href=\"http:\/\/agora.xtec.cat\/escolamarina\/wp-content\/uploads\/usu1775\/2018\/01\/Cooperativa.jpg\"><img loading=\"lazy\" decoding=\"async\" class=\"alignleft size-full wp-image-680\" src=\"http:\/\/agora.xtec.cat\/escolamarina\/wp-content\/uploads\/usu1775\/2018\/01\/Cooperativa.jpg\" alt=\"\" width=\"320\" height=\"180\" srcset=\"https:\/\/agora.xtec.cat\/escolamarina\/wp-content\/uploads\/usu1775\/2018\/01\/Cooperativa.jpg 320w, https:\/\/agora.xtec.cat\/escolamarina\/wp-content\/uploads\/usu1775\/2018\/01\/Cooperativa-300x169.jpg 300w\" sizes=\"auto, (max-width: 320px) 100vw, 320px\" \/><\/a><\/p>\n<p style=\"text-align: justify;\"><a href=\"http:\/\/agora.xtec.cat\/escolamarina\/wp-content\/uploads\/usu1775\/2018\/01\/cooperativa1.jpg\"><img loading=\"lazy\" decoding=\"async\" class=\"alignleft size-full wp-image-678\" src=\"http:\/\/agora.xtec.cat\/escolamarina\/wp-content\/uploads\/usu1775\/2018\/01\/cooperativa1.jpg\" alt=\"\" width=\"320\" height=\"180\" \/><\/a><\/p>\n","protected":false},"excerpt":{"rendered":"<p>El treball per projectes \u00e9s una metodologia que afavoreix l\u2019adquisici\u00f3 de les compet\u00e8ncies b\u00e0siques. \u00c9s ideal perqu\u00e8 aprofita la motivaci\u00f3 de l\u2019alumnat per l\u2019objecte d\u2019investigaci\u00f3 i perqu\u00e8 fomenta l\u2019adquisici\u00f3 de procediments per aprendre de manera aut\u00f2noma i cooperativa.<br \/>\nEls projectes s\u2019han de proposar m\u00e9s o menys&hellip;  <a href=\"https:\/\/agora.xtec.cat\/escolamarina\/projecte-educatiu\/treball-per-projectes\/\" title=\"Read Treball per projectes\">Llegeix m\u00e9s\u00bb<\/a><\/p>\n","protected":false},"author":1,"featured_media":0,"parent":64,"menu_order":7,"comment_status":"closed","ping_status":"closed","template":"page-templates\/side-menu.php","meta":{"_bbp_topic_count":0,"_bbp_reply_count":0,"_bbp_total_topic_count":0,"_bbp_total_reply_count":0,"_bbp_voice_count":0,"_bbp_anonymous_reply_count":0,"_bbp_topic_count_hidden":0,"_bbp_reply_count_hidden":0,"_bbp_forum_subforum_count":0,"footnotes":""},"class_list":["post-628","page","type-page","status-publish","hentry"],"post_mailing_queue_ids":[],"_links":{"self":[{"href":"https:\/\/agora.xtec.cat\/escolamarina\/wp-json\/wp\/v2\/pages\/628","targetHints":{"allow":["GET"]}}],"collection":[{"href":"https:\/\/agora.xtec.cat\/escolamarina\/wp-json\/wp\/v2\/pages"}],"about":[{"href":"https:\/\/agora.xtec.cat\/escolamarina\/wp-json\/wp\/v2\/types\/page"}],"author":[{"embeddable":true,"href":"https:\/\/agora.xtec.cat\/escolamarina\/wp-json\/wp\/v2\/users\/1"}],"replies":[{"embeddable":true,"href":"https:\/\/agora.xtec.cat\/escolamarina\/wp-json\/wp\/v2\/comments?post=628"}],"version-history":[{"count":3,"href":"https:\/\/agora.xtec.cat\/escolamarina\/wp-json\/wp\/v2\/pages\/628\/revisions"}],"predecessor-version":[{"id":706,"href":"https:\/\/agora.xtec.cat\/escolamarina\/wp-json\/wp\/v2\/pages\/628\/revisions\/706"}],"up":[{"embeddable":true,"href":"https:\/\/agora.xtec.cat\/escolamarina\/wp-json\/wp\/v2\/pages\/64"}],"wp:attachment":[{"href":"https:\/\/agora.xtec.cat\/escolamarina\/wp-json\/wp\/v2\/media?parent=628"}],"curies":[{"name":"wp","href":"https:\/\/api.w.org\/{rel}","templated":true}]}}