{"id":585,"date":"2018-01-17T16:30:06","date_gmt":"2018-01-17T15:30:06","guid":{"rendered":"http:\/\/agora.xtec.cat\/escolamarina\/?page_id=585"},"modified":"2022-03-25T15:50:24","modified_gmt":"2022-03-25T14:50:24","slug":"afa","status":"publish","type":"page","link":"https:\/\/agora.xtec.cat\/escolamarina\/afa\/","title":{"rendered":"AFA"},"content":{"rendered":"<h1 dir=\"ltr\"><img loading=\"lazy\" decoding=\"async\" src=\"https:\/\/lh6.googleusercontent.com\/R8GX_I70X4JhxPTOzomZNPew3rZDOeeqoKS9kHD8o_m6oml5o4bDKZN0aD8c0t_DsdwbMUhQ8bYO4MZ33jDqpndYum6X0bGa8c5fQ0OF-MqggjvS-tb5xaN1Ebr2JoTy43Vjztao\" width=\"139\" height=\"139\" \/><\/h1>\n<p dir=\"ltr\"><strong>AFA La Marina &#8211; <em>Associaci\u00f3 de Fam\u00edlies d&#8217;Alumnes<\/em><\/strong><\/p>\n<p dir=\"ltr\">L&#8217;Associaci\u00f3 de Fam\u00edlies d&#8217;Alumnes La Marina de l&#8217;escola La Marina, som una entitat sense \u00e0nim de lucre, l&#8217;objectiu fonamental \u00e9s vetllar per l&#8217;educaci\u00f3 dels alumnes del centre i representar els interessos dels pares, mares o tutors legals, facilitant la seva participaci\u00f3 en l&#8217;escola.<\/p>\n<p dir=\"ltr\">&gt; &gt; <a href=\"https:\/\/afalamarina.blogspot.com\/p\/fes-te-soci-de-lafa.html\">Fes-te SOCI de l\u2019A.F.A. La Marina!<\/a><\/p>\n<h3 dir=\"ltr\"><img loading=\"lazy\" decoding=\"async\" src=\"https:\/\/lh4.googleusercontent.com\/t9tryOS83OGA-XJ2dNt1nlo3Q0pOeQ-NoiWTUNKAqMaBUDJdSyRug2_0DhLfRF8QYBr6L4O1GZOO623OfIz8vn4v-kWBXeUEjCV17tv7KoKU7YeSf64PfUntHwOGlT3kFeAAGkFZ\" width=\"37\" height=\"37\" \/>Uneix&#8217;te al grup de WhatsApp: <a href=\"https:\/\/chat.whatsapp.com\/LTAfbQZb1DUDEG3Q5c3iV0\">https:\/\/chat.whatsapp.com\/LTAfbQZb1DUDEG3Q5c3iV0<\/a><\/h3>\n<h3 dir=\"ltr\">Segueix-nos en les xarxes socials!<\/h3>\n<p dir=\"ltr\"><img loading=\"lazy\" decoding=\"async\" src=\"https:\/\/lh4.googleusercontent.com\/Ddstkx0F-g_wjPwIJ5bE9AxtvWV-NkrMYlUcjnO-iGzUSslNfNTkY1JWWHtWCNkiuF6c68vAjsKK-JYvPGzZMazy4m2ElKPD0Q6we917bVw9uLOJwcr2IjVSuXElJL2Tme1SqCbB\" width=\"34\" height=\"34\" \/><a href=\"https:\/\/www.blogger.com\/follow.g?view=FOLLOW&amp;blogID=7738853584313903670\">Blog de l\u2019AFA<\/a> La Marina: <a href=\"https:\/\/afalamarina.blogspot.com\/\">https:\/\/afalamarina.blogspot.com\/<\/a><\/p>\n<p dir=\"ltr\"><img loading=\"lazy\" decoding=\"async\" src=\"https:\/\/lh4.googleusercontent.com\/FtKxoK6C3Ls6a6ejqIYYKc2pra7sbeGM6nRWkSixnI2Y5z9gzec_PJwoFJ1gg8spgg3m6tjxdkQmWdWxuOSmU0XZ1AD-zWcYK9WLW-jGGsEi2cdMhCUU0sreZPbIntUHOuvBgUH4\" width=\"34\" height=\"34\" \/><a href=\"https:\/\/www.instagram.com\/afalamarina\/\">Instagram de l\u2019AFA<\/a> La Marina: <a href=\"https:\/\/www.instagram.com\/afalamarina\/\">https:\/\/www.instagram.com\/afalamarina\/<\/a><\/p>\n<p dir=\"ltr\"><img loading=\"lazy\" decoding=\"async\" src=\"https:\/\/lh4.googleusercontent.com\/2KI8A-_wSkOiNjJLbkeP30XY7pxUoKmBzA4-Rdnh-bXQWTOmWz6RaVPQMQlfE8uLsxskAOSnLFrp4d5UWZDK7DReaeDjNUkXxnwBQwCZMGI4MNr6oXDctsjSpK3F8kNvhVo4klMZ\" width=\"34\" height=\"34\" \/><a href=\"https:\/\/www.facebook.com\/ampa.lamarina.5\">Facebook de l\u2019AFA<\/a> La Marina: <a href=\"https:\/\/www.facebook.com\/ampa.lamarina.5\">https:\/\/www.facebook.com\/ampa.lamarina.5<\/a><\/p>\n<p dir=\"ltr\"><img loading=\"lazy\" decoding=\"async\" src=\"https:\/\/lh5.googleusercontent.com\/lZ5y29YYqgK1x8LLykWJYEvUioWGWlbewyytDW8EwBlev6IXilppU7kmxx_UiYpKNUYudt7NsZEMteM-ZlFHA3WbVe8Nz334_NlzHGhpzCHFqm32BFPsE5AMN1Vj5v4wdKhZSZx2\" width=\"34\" height=\"34\" \/><a href=\"mailto:afalamarina@gmail.com\">Correu de l\u2019AFA<\/a> La Marina<a href=\"mailto:afalamarina@gmail.com\">: afalamarina@gmail.com<\/a><\/p>\n<p dir=\"ltr\"><img loading=\"lazy\" decoding=\"async\" src=\"https:\/\/lh5.googleusercontent.com\/MkpPvW4vdPpTs7AFX6XpmrAq-t_2SIpJsVuYi_AGiT5ESVHonvL7S2krfpP1lieFKAhGPKttAiGPbmDCj7ZaOjccYXVTbq8rh9d0VJCt1eMiXhy5mPl35qe_pZwdU8_VYwenClaA\" width=\"34\" height=\"34\" \/><a href=\"https:\/\/www.google.es\/maps\/place\/Escola+La+Marina\/@41.3531405,2.1068453,17z\/data=!3m1!4b1!4m5!3m4!1s0x12a498d6e28c8311:0xc8756897c2f25a0f!8m2!3d41.3530693!4d2.1087667?hl=es&amp;shorturl=1\">On som<\/a><\/p>\n","protected":false},"excerpt":{"rendered":"<p>AFA La Marina &#8211; Associaci\u00f3 de Fam\u00edlies d&#8217;Alumnes<br \/>\nL&#8217;Associaci\u00f3 de Fam\u00edlies d&#8217;Alumnes La Marina de l&#8217;escola La Marina, som una entitat sense \u00e0nim de lucre, l&#8217;objectiu fonamental \u00e9s vetllar per l&#8217;educaci\u00f3 dels alumnes del centre i representar els interessos dels pares, mares o tutors legals, facilitant&hellip;  <a href=\"https:\/\/agora.xtec.cat\/escolamarina\/afa\/\" title=\"Read AFA\">Llegeix m\u00e9s\u00bb<\/a><\/p>\n","protected":false},"author":1,"featured_media":0,"parent":0,"menu_order":0,"comment_status":"closed","ping_status":"closed","template":"page-templates\/side-menu.php","meta":{"_bbp_topic_count":0,"_bbp_reply_count":0,"_bbp_total_topic_count":0,"_bbp_total_reply_count":0,"_bbp_voice_count":0,"_bbp_anonymous_reply_count":0,"_bbp_topic_count_hidden":0,"_bbp_reply_count_hidden":0,"_bbp_forum_subforum_count":0,"footnotes":""},"class_list":["post-585","page","type-page","status-publish","hentry"],"post_mailing_queue_ids":[],"_links":{"self":[{"href":"https:\/\/agora.xtec.cat\/escolamarina\/wp-json\/wp\/v2\/pages\/585","targetHints":{"allow":["GET"]}}],"collection":[{"href":"https:\/\/agora.xtec.cat\/escolamarina\/wp-json\/wp\/v2\/pages"}],"about":[{"href":"https:\/\/agora.xtec.cat\/escolamarina\/wp-json\/wp\/v2\/types\/page"}],"author":[{"embeddable":true,"href":"https:\/\/agora.xtec.cat\/escolamarina\/wp-json\/wp\/v2\/users\/1"}],"replies":[{"embeddable":true,"href":"https:\/\/agora.xtec.cat\/escolamarina\/wp-json\/wp\/v2\/comments?post=585"}],"version-history":[{"count":3,"href":"https:\/\/agora.xtec.cat\/escolamarina\/wp-json\/wp\/v2\/pages\/585\/revisions"}],"predecessor-version":[{"id":3212,"href":"https:\/\/agora.xtec.cat\/escolamarina\/wp-json\/wp\/v2\/pages\/585\/revisions\/3212"}],"wp:attachment":[{"href":"https:\/\/agora.xtec.cat\/escolamarina\/wp-json\/wp\/v2\/media?parent=585"}],"curies":[{"name":"wp","href":"https:\/\/api.w.org\/{rel}","templated":true}]}}