{"id":38,"date":"2014-09-18T12:34:08","date_gmt":"2014-09-18T11:34:08","guid":{"rendered":"http:\/\/agora.xtec.cat\/escolamarina\/?page_id=38"},"modified":"2024-01-23T10:26:17","modified_gmt":"2024-01-23T09:26:17","slug":"salut","status":"publish","type":"page","link":"https:\/\/agora.xtec.cat\/escolamarina\/curs-2017-2018\/salut\/","title":{"rendered":"Autoritzacions"},"content":{"rendered":"<p>&nbsp;<\/p>\n<p style=\"text-align: justify;\"><strong>MEDICAMENTS<\/strong>:<\/p>\n<p style=\"text-align: justify;\">Us preguem que adapteu els horaris de les preses dels medicaments perqu\u00e8 no coincideixin amb l\u2019horari escolar. En el cas que la presa sigui en horari escolar, haureu de portar <strong>la recepta m\u00e8dica<\/strong> i presentar <a href=\"https:\/\/agora.xtec.cat\/escolamarina\/docs\/autoritzacio-per-prendre-medicaments\/\"><strong>una autoritzaci\u00f3<\/strong><\/a> signada imprimint el model de la p\u00e0gina web de l&#8217;escola.<strong><br \/>\n<\/strong><\/p>\n<p style=\"text-align: justify;\"><em><strong>Sense aquestes acreditacions, no es podr\u00e0 administrar el medicament a l\u2019alumne a l&#8217;escola.<\/strong><\/em><\/p>\n<div style=\"text-align: justify;\"><\/div>\n<div style=\"text-align: justify;\"><\/div>\n<p><strong>ENFERMETATS CONTAGIOSES:<\/strong><\/p>\n<p>En el cas que es detecti una afecci\u00f3 contagiosa, els alumnes no podran assistir a l\u2019escola fins que el metge ho certifiqui.<\/p>\n<p>&nbsp;<\/p>\n<p style=\"text-align: justify;\"><strong>POLLS I D\u00b4ALTRES PAR\u00c0SITS:<\/strong><\/p>\n<p style=\"text-align: justify;\">Recomanem <strong>la vigil\u00e0ncia peri\u00f2dica dels cabells<\/strong> dels infants i en el cas de detectar-los, avisar a l\u2019escola i aplicar els tractaments desparasitaris corresponents. Si el\/la tutor\/a detecta algun cas, avisar\u00e0 a la fam\u00edlia perqu\u00e8 apliqui el tractament el mateix dia, condici\u00f3 necess\u00e0ria per poder continuar assistint a l\u2019escola. \u00c9s molt important <strong>fer una bona aplicaci\u00f3 i seguir molt b\u00e9 les instruccions<\/strong> del producte antiparasitari per fer una bona eliminaci\u00f3. Els nens i nenes tenen polls no per manca d\u2019higiene sin\u00f3 per manca de tractament o per fer-lo inadequadament.<\/p>\n<p>&nbsp;<\/p>\n<p style=\"text-align: justify;\"><strong>ACCIDENTS:<\/strong><\/p>\n<p style=\"text-align: justify;\">Els recordem que els petits accidents es tractaran a l\u2019escola. En accidents importants s\u2019avisar\u00e0 a casa per demanar la pres\u00e8ncia dels pares, mares o tutors. Si \u00e9s molt urgent, es portar\u00e0\u00a0 l\u2019alumne a l\u2019hospital mentre esperem l\u2019arribada dels pares, mares o tutors.<\/p>\n<p>&nbsp;<\/p>\n<p style=\"text-align: justify;\"><strong>AL\u00b7L\u00c8RGIES:<\/strong><\/p>\n<p style=\"text-align: justify;\">Per tal de disposar d&#8217;una m\u00e9s \u00e0mplia informaci\u00f3 dels vostres fills\/es, ens aniria b\u00e9 saber si tenen alguna al\u00b7l\u00e8rgia (aliments, l\u00e0tex&#8230;). En aquest cas, cal omplir el document de comunicaci\u00f3 d&#8217;al\u00b7l\u00e8rgies que es facilitar\u00e0 a la direcci\u00f3 del centre.<\/p>\n<p>&nbsp;<\/p>\n<p>&nbsp;<\/p>\n<p>&nbsp;<\/p>\n<p>&nbsp;<\/p>\n<p>&nbsp;<\/p>\n","protected":false},"excerpt":{"rendered":"<p>&nbsp;<br \/>\nMEDICAMENTS:<br \/>\nUs preguem que adapteu els horaris de les preses dels medicaments perqu\u00e8 no coincideixin amb l\u2019horari escolar. En el cas que la presa sigui en horari escolar, haureu de portar la recepta m\u00e8dica i presentar <a href=\"https:\/\/agora.xtec.cat\/escolamarina\/docs\/autoritzacio-per-prendre-medicaments\/\">una autoritzaci\u00f3<\/a> signada imprimint el model de la p\u00e0gina&hellip;  <a href=\"https:\/\/agora.xtec.cat\/escolamarina\/curs-2017-2018\/salut\/\" title=\"Read Autoritzacions\">Llegeix m\u00e9s\u00bb<\/a><\/p>\n","protected":false},"author":1,"featured_media":0,"parent":493,"menu_order":80,"comment_status":"closed","ping_status":"closed","template":"page-templates\/side-menu.php","meta":{"_bbp_topic_count":0,"_bbp_reply_count":0,"_bbp_total_topic_count":0,"_bbp_total_reply_count":0,"_bbp_voice_count":0,"_bbp_anonymous_reply_count":0,"_bbp_topic_count_hidden":0,"_bbp_reply_count_hidden":0,"_bbp_forum_subforum_count":0,"footnotes":""},"class_list":["post-38","page","type-page","status-publish","hentry"],"post_mailing_queue_ids":[],"_links":{"self":[{"href":"https:\/\/agora.xtec.cat\/escolamarina\/wp-json\/wp\/v2\/pages\/38","targetHints":{"allow":["GET"]}}],"collection":[{"href":"https:\/\/agora.xtec.cat\/escolamarina\/wp-json\/wp\/v2\/pages"}],"about":[{"href":"https:\/\/agora.xtec.cat\/escolamarina\/wp-json\/wp\/v2\/types\/page"}],"author":[{"embeddable":true,"href":"https:\/\/agora.xtec.cat\/escolamarina\/wp-json\/wp\/v2\/users\/1"}],"replies":[{"embeddable":true,"href":"https:\/\/agora.xtec.cat\/escolamarina\/wp-json\/wp\/v2\/comments?post=38"}],"version-history":[{"count":4,"href":"https:\/\/agora.xtec.cat\/escolamarina\/wp-json\/wp\/v2\/pages\/38\/revisions"}],"predecessor-version":[{"id":3654,"href":"https:\/\/agora.xtec.cat\/escolamarina\/wp-json\/wp\/v2\/pages\/38\/revisions\/3654"}],"up":[{"embeddable":true,"href":"https:\/\/agora.xtec.cat\/escolamarina\/wp-json\/wp\/v2\/pages\/493"}],"wp:attachment":[{"href":"https:\/\/agora.xtec.cat\/escolamarina\/wp-json\/wp\/v2\/media?parent=38"}],"curies":[{"name":"wp","href":"https:\/\/api.w.org\/{rel}","templated":true}]}}