{"id":3724,"date":"2024-03-05T21:02:00","date_gmt":"2024-03-05T20:02:00","guid":{"rendered":"https:\/\/agora.xtec.cat\/escolamarina\/?page_id=3724"},"modified":"2024-04-09T10:05:53","modified_gmt":"2024-04-09T08:05:53","slug":"cicle-mitja","status":"publish","type":"page","link":"https:\/\/agora.xtec.cat\/escolamarina\/nivells\/cicle-mitja\/","title":{"rendered":"CICLE MITJ\u00c0"},"content":{"rendered":"<p><a href=\"https:\/\/agora.xtec.cat\/escolamarina\/nivells\/cicle-mitja\/attachment\/jannan-2\/\" rel=\"attachment wp-att-3728\"><img loading=\"lazy\" decoding=\"async\" class=\" wp-image-3728\" src=\"https:\/\/agora.xtec.cat\/escolamarina\/wp-content\/uploads\/usu1775\/2024\/03\/jannan-2-300x212.png\" alt=\"\" width=\"392\" height=\"277\" srcset=\"https:\/\/agora.xtec.cat\/escolamarina\/wp-content\/uploads\/usu1775\/2024\/03\/jannan-2-300x212.png 300w, https:\/\/agora.xtec.cat\/escolamarina\/wp-content\/uploads\/usu1775\/2024\/03\/jannan-2-1024x724.png 1024w, https:\/\/agora.xtec.cat\/escolamarina\/wp-content\/uploads\/usu1775\/2024\/03\/jannan-2-768x543.png 768w, https:\/\/agora.xtec.cat\/escolamarina\/wp-content\/uploads\/usu1775\/2024\/03\/jannan-2-1536x1086.png 1536w, https:\/\/agora.xtec.cat\/escolamarina\/wp-content\/uploads\/usu1775\/2024\/03\/jannan-2.png 2000w\" sizes=\"auto, (max-width: 392px) 100vw, 392px\" \/><\/a><\/p>\n<p>&nbsp;<\/p>\n<p>Benvinguts a l&#8217;espai de Cicle Mitj\u00e0. Un espai \u00fanic on podreu estar al dia de tot all\u00f2 que els nostres infants van experimentant i aprenent en el seu dia a dia. \u00a0Esperem que us agradi.<\/p>\n<p>&nbsp;<\/p>\n","protected":false},"excerpt":{"rendered":"<p><a href=\"https:\/\/agora.xtec.cat\/escolamarina\/nivells\/cicle-mitja\/attachment\/jannan-2\/\" rel=\"attachment wp-att-3728\"><\/a><br \/>\n&nbsp;<br \/>\nBenvinguts a l&#8217;espai de Cicle Mitj\u00e0. Un espai \u00fanic on podreu estar al dia de tot all\u00f2 que els nostres infants van experimentant i aprenent en el seu dia a dia. \u00a0Esperem que us agradi.<br \/>\n&nbsp;<\/p>\n","protected":false},"author":1,"featured_media":0,"parent":87,"menu_order":0,"comment_status":"closed","ping_status":"closed","template":"","meta":{"_bbp_topic_count":0,"_bbp_reply_count":0,"_bbp_total_topic_count":0,"_bbp_total_reply_count":0,"_bbp_voice_count":0,"_bbp_anonymous_reply_count":0,"_bbp_topic_count_hidden":0,"_bbp_reply_count_hidden":0,"_bbp_forum_subforum_count":0,"footnotes":""},"class_list":["post-3724","page","type-page","status-publish","hentry"],"post_mailing_queue_ids":[],"_links":{"self":[{"href":"https:\/\/agora.xtec.cat\/escolamarina\/wp-json\/wp\/v2\/pages\/3724","targetHints":{"allow":["GET"]}}],"collection":[{"href":"https:\/\/agora.xtec.cat\/escolamarina\/wp-json\/wp\/v2\/pages"}],"about":[{"href":"https:\/\/agora.xtec.cat\/escolamarina\/wp-json\/wp\/v2\/types\/page"}],"author":[{"embeddable":true,"href":"https:\/\/agora.xtec.cat\/escolamarina\/wp-json\/wp\/v2\/users\/1"}],"replies":[{"embeddable":true,"href":"https:\/\/agora.xtec.cat\/escolamarina\/wp-json\/wp\/v2\/comments?post=3724"}],"version-history":[{"count":4,"href":"https:\/\/agora.xtec.cat\/escolamarina\/wp-json\/wp\/v2\/pages\/3724\/revisions"}],"predecessor-version":[{"id":3759,"href":"https:\/\/agora.xtec.cat\/escolamarina\/wp-json\/wp\/v2\/pages\/3724\/revisions\/3759"}],"up":[{"embeddable":true,"href":"https:\/\/agora.xtec.cat\/escolamarina\/wp-json\/wp\/v2\/pages\/87"}],"wp:attachment":[{"href":"https:\/\/agora.xtec.cat\/escolamarina\/wp-json\/wp\/v2\/media?parent=3724"}],"curies":[{"name":"wp","href":"https:\/\/api.w.org\/{rel}","templated":true}]}}