{"id":36,"date":"2014-09-18T12:33:11","date_gmt":"2014-09-18T11:33:11","guid":{"rendered":"http:\/\/agora.xtec.cat\/escolamarina\/?page_id=36"},"modified":"2025-09-12T16:39:14","modified_gmt":"2025-09-12T14:39:14","slug":"material-escolar","status":"publish","type":"page","link":"https:\/\/agora.xtec.cat\/escolamarina\/escola-i-familia\/material-escolar\/","title":{"rendered":"Material"},"content":{"rendered":"<h2 style=\"text-align: left;\"><span style=\"color: #339ccc;\">Material Comunitat de Petits<\/span><\/h2>\n<p><span style=\"font-weight: 400;\">\ud83c\udf92 <\/span><b>Material necessari<\/b><\/p>\n<p><span style=\"font-weight: 400;\">\ud83d\udccc Tot el material ha de portar el nom complet en maj\u00fascules.<\/span><\/p>\n<ul>\n<li style=\"list-style-type: none;\">\n<ul>\n<li style=\"list-style-type: none;\">\n<ul>\n<li><span style=\"font-weight: 400;\">Bata escolar (sense botons) per la pl\u00e0stica. Es retornar\u00e0 per rentar a casa quan calgui.<\/span><\/li>\n<li>1 capsa de mocadors de paper.<\/li>\n<li>\ud83c\udf4e Esmorzar saludable amb carmanyola o embolcall reutilitzable.<\/li>\n<li>\ud83d\udca7 Cantimplora amb el nom i cognom.<\/li>\n<li>Una bossa de roba (tipus bossa del pa) amb una muda sencera a dins <span style=\"font-family: inherit; font-size: 1em;\">(I3 i I4 si cal): calces\/cal\u00e7otets, mitjons, xandall, vambes de recanvi (haureu d\u2019estar pendents de canviar la roba en funci\u00f3 de l\u2019estaci\u00f3 de l\u2019any).<\/span><\/li>\n<\/ul>\n<\/li>\n<\/ul>\n<\/li>\n<\/ul>\n<p><a href=\"https:\/\/agora.xtec.cat\/escolamarina\/wp-content\/uploads\/usu1775\/2025\/09\/psico.jpg\">PSICOMOTRICITAT<img loading=\"lazy\" decoding=\"async\" class=\"wp-image-3974 alignleft\" src=\"https:\/\/agora.xtec.cat\/escolamarina\/wp-content\/uploads\/usu1775\/2025\/09\/psico.jpg\" alt=\"\" width=\"120\" height=\"52\" srcset=\"https:\/\/agora.xtec.cat\/escolamarina\/wp-content\/uploads\/usu1775\/2025\/09\/psico.jpg 960w, https:\/\/agora.xtec.cat\/escolamarina\/wp-content\/uploads\/usu1775\/2025\/09\/psico-300x131.jpg 300w, https:\/\/agora.xtec.cat\/escolamarina\/wp-content\/uploads\/usu1775\/2025\/09\/psico-768x334.jpg 768w\" sizes=\"auto, (max-width: 120px) 100vw, 120px\" \/><\/a><\/p>\n<ul>\n<li>Uns <strong>mitjons antilliscants<\/strong>.<\/li>\n<\/ul>\n<h2><\/h2>\n<h2 style=\"text-align: left;\"><span style=\"color: #339ccc;\">Material Educaci\u00f3 Prim\u00e0ria<\/span><\/h2>\n<ul>\n<li><span style=\"font-weight: 400;\">\ud83c\udf92 <\/span><b>Material necessari<\/b><span style=\"font-weight: 400;\">\ud83d\udccc Tot el material ha de portar el nom complet en maj\u00fascules.<\/span>\n<ul>\n<li style=\"list-style-type: none;\">\n<ul>\n<li style=\"list-style-type: none;\">\n<ul>\n<li><span style=\"font-weight: 400;\">Bata o camisa gran per la pl\u00e0stica.<\/span><\/li>\n<li>1 capsa de mocadors de paper<\/li>\n<li>\ud83c\udf4e Esmorzar saludable amb carmanyola o embolcall reutilitzable.<\/li>\n<li>\ud83d\udca7 Cantimplora amb el nom i cognom.<\/li>\n<\/ul>\n<\/li>\n<\/ul>\n<\/li>\n<li><\/li>\n<\/ul>\n<p><span style=\"font-weight: 400;\">\ud83d\udcda <\/span><b>Llibres i material escolar<\/b><\/p>\n<p><span style=\"font-weight: 400;\">\ud83d\uded2 Es poden comprar a trav\u00e9s de la web <\/span><a href=\"http:\/\/escoles.dispe.cat\/escolalamarina\"><span style=\"font-weight: 400;\">escoles.dispe.cat\/escolalamarina<\/span><\/a> durant el mes de juliol.<\/p>\n<p><span style=\"font-weight: 400;\">L\u2019empresa s\u2019encarregar\u00e0 de preparar tot el lot amb el nom de cada infant i el far\u00e0 arribar directament a l\u2019escola.<\/span><\/p>\n<p><span style=\"font-weight: 400;\">Ser\u00e0 <\/span><b>l\u2019AFA qui gestionar\u00e0 la distribuci\u00f3 del material<\/b><span style=\"font-weight: 400;\"> a cada fam\u00edlia.<\/span><\/p>\n<ul>\n<li>L&#8217;agenda escolar s&#8217;adquireix a l&#8217;AFA.<\/li>\n<\/ul>\n<\/li>\n<\/ul>\n<p><a href=\"https:\/\/agora.xtec.cat\/escolamarina\/wp-content\/uploads\/usu1775\/2025\/09\/physiotherapy-treatment-and-brain-concept-design-human-runner-physiotherapy-clinic-logo-free-vector.jpg\"><img loading=\"lazy\" decoding=\"async\" class=\"wp-image-3967 alignnone\" src=\"https:\/\/agora.xtec.cat\/escolamarina\/wp-content\/uploads\/usu1775\/2025\/09\/physiotherapy-treatment-and-brain-concept-design-human-runner-physiotherapy-clinic-logo-free-vector.jpg\" alt=\"\" width=\"48\" height=\"48\" srcset=\"https:\/\/agora.xtec.cat\/escolamarina\/wp-content\/uploads\/usu1775\/2025\/09\/physiotherapy-treatment-and-brain-concept-design-human-runner-physiotherapy-clinic-logo-free-vector.jpg 400w, https:\/\/agora.xtec.cat\/escolamarina\/wp-content\/uploads\/usu1775\/2025\/09\/physiotherapy-treatment-and-brain-concept-design-human-runner-physiotherapy-clinic-logo-free-vector-300x300.jpg 300w, https:\/\/agora.xtec.cat\/escolamarina\/wp-content\/uploads\/usu1775\/2025\/09\/physiotherapy-treatment-and-brain-concept-design-human-runner-physiotherapy-clinic-logo-free-vector-150x150.jpg 150w\" sizes=\"auto, (max-width: 48px) 100vw, 48px\" \/> <strong>Educaci\u00f3 F\u00edsica<\/strong><\/a><\/p>\n<p>Cal portar l&#8217;equipament adient per dur a terme la classe d&#8217;educaci\u00f3 f\u00edsica: <strong>un xandall o pantal\u00f3 curt, samarreta i cal\u00e7at esportiu. <\/strong>A m\u00e9s, els alumnes de prim\u00e0ria hauran de portar<strong> un necesser amb sab\u00f3, tovallola de cara i samarreta de recanvi.<\/strong><\/p>\n<p>&nbsp;<\/p>\n<h2 style=\"text-align: left;\"><span style=\"color: #339ccc;\">Quota de material i sortides\u00a0<\/span><\/h2>\n<p><span style=\"font-weight: 400;\">\u00a0<\/span><b>QUOTA TOTAL APORTACIONS FAM\u00cdLIES: 195 \u20ac\u00a0<\/b><\/p>\n<table>\n<tbody>\n<tr>\n<td><strong>Conceptes<\/strong><\/td>\n<td><strong> Import<\/strong><\/td>\n<td><strong> Inclou<\/strong><\/td>\n<\/tr>\n<tr>\n<td><span style=\"font-weight: 400;\">Material escolar\u00a0<\/span><\/td>\n<td><span style=\"font-weight: 400;\">135 \u20ac\u00a0<\/span><\/td>\n<td><span style=\"font-weight: 400;\">Did\u00e0ctic, experimentaci\u00f3,\u00a0 joc, lectura, ambients, art,\u00a0 inform\u00e0tic i fungible.<\/span><\/td>\n<\/tr>\n<tr>\n<td><span style=\"font-weight: 400;\">Activitats complement\u00e0ries\u00a0<\/span><\/td>\n<td><span style=\"font-weight: 400;\">60 \u20ac\u00a0<\/span><\/td>\n<td><span style=\"font-weight: 400;\">Excursions, sortides, tallers, visites museus i activitats pedag\u00f2giques&#8230;<\/span><\/td>\n<\/tr>\n<\/tbody>\n<\/table>\n<p>Les sortides o activitats que es fan fora de l\u2019escola es programen en els equips de cicle i estan relacionades amb els continguts de les diferents \u00e0rees del curr\u00edculum del curs i amb els projectes formant part de la Programaci\u00f3 Anual de Centre aprovada pel Consell Escolar.\u00a0 Aprofitem les propostes que ens ofereixen l\u2019entorn m\u00e9s proper al nen: el seu barri i la seva ciutat.<\/p>\n<p>A l\u2019inici de curs es comunica el calendari de les sortides-excursions-tallers que faran els vostres fills i filles.<\/p>\n<p>Les col\u00f2nies escolars es paguen a part.<\/p>\n<p>&nbsp;<\/p>\n<p><strong>CAMPANYA VAL ESCOLAR <a href=\"https:\/\/valescolar.cat\/\"><img loading=\"lazy\" decoding=\"async\" class=\" wp-image-3978 alignleft\" src=\"https:\/\/agora.xtec.cat\/escolamarina\/wp-content\/uploads\/usu1775\/2025\/09\/descarga.jpg\" alt=\"\" width=\"202\" height=\"133\" \/><\/a><\/strong>(nom\u00e9s ed prim\u00e0ria)<\/p>\n<p><b>Podeu cedir-lo a l\u2019escola <\/b><span style=\"font-weight: 400;\">(us descomptarem 60 \u20ac de la quota).\u00a0 <\/span><i><span style=\"font-weight: 400;\">Data l\u00edmit per a la cessi\u00f3 a l\u2019escola: <\/span><\/i><b><i>19 de setembre.<\/i><\/b><\/p>\n<p><b>O podeu utilitzar-lo en botigues adherides <\/b><span style=\"font-weight: 400;\">al programa (per comprar quadernets, llibres d\u2019angl\u00e8s, material, bates&#8230;).\u00a0<\/span><i><span style=\"font-weight: 400;\">Data l\u00edmit per utilitzar-lo: <\/span><\/i><b><i>30 de novembre.\u00a0<\/i><\/b><\/p>\n","protected":false},"excerpt":{"rendered":"<p>Material Comunitat de Petits<br \/>\n\ud83c\udf92 Material necessari<br \/>\n\ud83d\udccc Tot el material ha de portar el nom complet en maj\u00fascules.<\/p>\n<ul>\n<li style=\"list-style-type: none;\">\n<ul>\n<li style=\"list-style-type: none;\">\n<ul>\n<li>Bata escolar (sense botons) per la pl\u00e0stica. Es retornar\u00e0 per rentar a casa quan calgui.<\/li>\n<li>1 capsa de mocadors de paper.<\/li>\n<li>\ud83c\udf4e Esmorzar saludable amb carmanyola o&hellip;  <a href=\"https:\/\/agora.xtec.cat\/escolamarina\/escola-i-familia\/material-escolar\/\" title=\"Read Material\">Llegeix m\u00e9s\u00bb<\/a><br \/>\n","protected":false},"author":1,"featured_media":0,"parent":648,"menu_order":1,"comment_status":"closed","ping_status":"closed","template":"page-templates\/side-menu.php","meta":{"_bbp_topic_count":0,"_bbp_reply_count":0,"_bbp_total_topic_count":0,"_bbp_total_reply_count":0,"_bbp_voice_count":0,"_bbp_anonymous_reply_count":0,"_bbp_topic_count_hidden":0,"_bbp_reply_count_hidden":0,"_bbp_forum_subforum_count":0,"footnotes":""},"class_list":["post-36","page","type-page","status-publish","hentry"],"post_mailing_queue_ids":[],"_links":{"self":[{"href":"https:\/\/agora.xtec.cat\/escolamarina\/wp-json\/wp\/v2\/pages\/36","targetHints":{"allow":["GET"]}}],"collection":[{"href":"https:\/\/agora.xtec.cat\/escolamarina\/wp-json\/wp\/v2\/pages"}],"about":[{"href":"https:\/\/agora.xtec.cat\/escolamarina\/wp-json\/wp\/v2\/types\/page"}],"author":[{"embeddable":true,"href":"https:\/\/agora.xtec.cat\/escolamarina\/wp-json\/wp\/v2\/users\/1"}],"replies":[{"embeddable":true,"href":"https:\/\/agora.xtec.cat\/escolamarina\/wp-json\/wp\/v2\/comments?post=36"}],"version-history":[{"count":6,"href":"https:\/\/agora.xtec.cat\/escolamarina\/wp-json\/wp\/v2\/pages\/36\/revisions"}],"predecessor-version":[{"id":3980,"href":"https:\/\/agora.xtec.cat\/escolamarina\/wp-json\/wp\/v2\/pages\/36\/revisions\/3980"}],"up":[{"embeddable":true,"href":"https:\/\/agora.xtec.cat\/escolamarina\/wp-json\/wp\/v2\/pages\/648"}],"wp:attachment":[{"href":"https:\/\/agora.xtec.cat\/escolamarina\/wp-json\/wp\/v2\/media?parent=36"}],"curies":[{"name":"wp","href":"https:\/\/api.w.org\/{rel}","templated":true}]}}