{"id":3546,"date":"2023-11-28T21:15:46","date_gmt":"2023-11-28T20:15:46","guid":{"rendered":"https:\/\/agora.xtec.cat\/escolamarina\/?page_id=3546"},"modified":"2025-06-10T11:27:52","modified_gmt":"2025-06-10T09:27:52","slug":"estrategia-digital-de-centre-edc","status":"publish","type":"page","link":"https:\/\/agora.xtec.cat\/escolamarina\/estrategia-digital-de-centre-edc\/","title":{"rendered":"Estrat\u00e8gia Digital de Centre (EDC)"},"content":{"rendered":"<p class=\"zfr3Q CDt4Ke \" dir=\"ltr\" style=\"text-align: left;\"><span class=\"C9DxTc \">L\u2019Estrat\u00e8gia Digital de Centre (EDC) \u00e9s un document que recull totes les accions que es realitzen en un centre, i les que es realitzaran a mitj\u00e0 i llarg termini, per aconseguir la m\u00e0xima compet\u00e8ncia digital de l\u2019alumnat, del professorat i del centre educatiu.\u00a0<\/span><\/p>\n<p class=\"zfr3Q CDt4Ke \" dir=\"ltr\" style=\"text-align: left;\"><span class=\"C9DxTc \">L\u2019EDC compr\u00e8n tots els \u00e0mbits del centre: organitzatius, metodol\u00f2gics, curriculars i comunicatius, els quals s\u2019han de veure necess\u00e0riament implicats i, si escau, transformats, des d\u2019una perspectiva d\u2019innovaci\u00f3 i de millora cont\u00ednua.<\/span><\/p>\n<p class=\"zfr3Q CDt4Ke \" dir=\"ltr\" style=\"text-align: left;\"><span class=\"C9DxTc \">T\u00e9 com a referent el Pla d\u2019Educaci\u00f3 Digital de Catalunya (PEDC), on s\u2019indica la necessitat d\u2019assolir la fita d\u2019una societat digitalment competent, fent \u00e8mfasi en l\u2019equitat i tenint en compte l\u2019evoluci\u00f3 del context social i tecnol\u00f2gic.<\/span><\/p>\n<p dir=\"ltr\"><a href=\"https:\/\/agora.xtec.cat\/escolamarina\/wp-content\/uploads\/usu1775\/2025\/06\/Goal-bro-1.png\"><img loading=\"lazy\" decoding=\"async\" class=\"wp-image-3940 aligncenter\" src=\"https:\/\/agora.xtec.cat\/escolamarina\/wp-content\/uploads\/usu1775\/2025\/06\/Goal-bro-1.png\" alt=\"\" width=\"295\" height=\"295\" srcset=\"https:\/\/agora.xtec.cat\/escolamarina\/wp-content\/uploads\/usu1775\/2025\/06\/Goal-bro-1.png 2000w, https:\/\/agora.xtec.cat\/escolamarina\/wp-content\/uploads\/usu1775\/2025\/06\/Goal-bro-1-300x300.png 300w, https:\/\/agora.xtec.cat\/escolamarina\/wp-content\/uploads\/usu1775\/2025\/06\/Goal-bro-1-1024x1024.png 1024w, https:\/\/agora.xtec.cat\/escolamarina\/wp-content\/uploads\/usu1775\/2025\/06\/Goal-bro-1-150x150.png 150w, https:\/\/agora.xtec.cat\/escolamarina\/wp-content\/uploads\/usu1775\/2025\/06\/Goal-bro-1-768x768.png 768w, https:\/\/agora.xtec.cat\/escolamarina\/wp-content\/uploads\/usu1775\/2025\/06\/Goal-bro-1-1536x1536.png 1536w\" sizes=\"auto, (max-width: 295px) 100vw, 295px\" \/><\/a><a href=\"https:\/\/sites.google.com\/xtec.cat\/edclamarina\/edc-la-marina\" rel=\"https:\/\/sites.google.com\/xtec.cat\/edclamarina\/edc-la-marina\"><img loading=\"lazy\" decoding=\"async\" class=\"wp-image-3936 aligncenter\" src=\"https:\/\/agora.xtec.cat\/escolamarina\/wp-content\/uploads\/usu1775\/2025\/06\/mas-informacion.png\" alt=\"\" width=\"100\" height=\"100\" srcset=\"https:\/\/agora.xtec.cat\/escolamarina\/wp-content\/uploads\/usu1775\/2025\/06\/mas-informacion.png 512w, https:\/\/agora.xtec.cat\/escolamarina\/wp-content\/uploads\/usu1775\/2025\/06\/mas-informacion-300x300.png 300w, https:\/\/agora.xtec.cat\/escolamarina\/wp-content\/uploads\/usu1775\/2025\/06\/mas-informacion-150x150.png 150w\" sizes=\"auto, (max-width: 100px) 100vw, 100px\" \/><\/a><\/p>\n<p>&nbsp;<\/p>\n","protected":false},"excerpt":{"rendered":"<p>L\u2019Estrat\u00e8gia Digital de Centre (EDC) \u00e9s un document que recull totes les accions que es realitzen en un centre, i les que es realitzaran a mitj\u00e0 i llarg termini, per aconseguir la m\u00e0xima compet\u00e8ncia digital de l\u2019alumnat, del professorat i del centre educatiu.\u00a0<br \/>\nL\u2019EDC compr\u00e8n tots&hellip;  <a href=\"https:\/\/agora.xtec.cat\/escolamarina\/estrategia-digital-de-centre-edc\/\" title=\"Read Estrat\u00e8gia Digital de Centre (EDC)\">Llegeix m\u00e9s\u00bb<\/a><\/p>\n","protected":false},"author":1,"featured_media":0,"parent":0,"menu_order":11,"comment_status":"closed","ping_status":"closed","template":"","meta":{"_bbp_topic_count":0,"_bbp_reply_count":0,"_bbp_total_topic_count":0,"_bbp_total_reply_count":0,"_bbp_voice_count":0,"_bbp_anonymous_reply_count":0,"_bbp_topic_count_hidden":0,"_bbp_reply_count_hidden":0,"_bbp_forum_subforum_count":0,"footnotes":""},"class_list":["post-3546","page","type-page","status-publish","hentry"],"post_mailing_queue_ids":[],"_links":{"self":[{"href":"https:\/\/agora.xtec.cat\/escolamarina\/wp-json\/wp\/v2\/pages\/3546","targetHints":{"allow":["GET"]}}],"collection":[{"href":"https:\/\/agora.xtec.cat\/escolamarina\/wp-json\/wp\/v2\/pages"}],"about":[{"href":"https:\/\/agora.xtec.cat\/escolamarina\/wp-json\/wp\/v2\/types\/page"}],"author":[{"embeddable":true,"href":"https:\/\/agora.xtec.cat\/escolamarina\/wp-json\/wp\/v2\/users\/1"}],"replies":[{"embeddable":true,"href":"https:\/\/agora.xtec.cat\/escolamarina\/wp-json\/wp\/v2\/comments?post=3546"}],"version-history":[{"count":6,"href":"https:\/\/agora.xtec.cat\/escolamarina\/wp-json\/wp\/v2\/pages\/3546\/revisions"}],"predecessor-version":[{"id":3941,"href":"https:\/\/agora.xtec.cat\/escolamarina\/wp-json\/wp\/v2\/pages\/3546\/revisions\/3941"}],"wp:attachment":[{"href":"https:\/\/agora.xtec.cat\/escolamarina\/wp-json\/wp\/v2\/media?parent=3546"}],"curies":[{"name":"wp","href":"https:\/\/api.w.org\/{rel}","templated":true}]}}