{"id":2930,"date":"2021-11-02T10:14:34","date_gmt":"2021-11-02T09:14:34","guid":{"rendered":"https:\/\/agora.xtec.cat\/escolamarina\/?page_id=2930"},"modified":"2025-01-30T16:23:34","modified_gmt":"2025-01-30T15:23:34","slug":"laboratori-de-transformacio-educativa-pacte","status":"publish","type":"page","link":"https:\/\/agora.xtec.cat\/escolamarina\/laboratori-de-transformacio-educativa-pacte\/","title":{"rendered":"Laboratori de Transformaci\u00f3 Educativa &#8211; PACTE"},"content":{"rendered":"<p dir=\"ltr\">El Departament d\u2019Educaci\u00f3 crea el Programa d&#8217;innovaci\u00f3 pedag\u00f2gica d\u2019acceleraci\u00f3 de la transformaci\u00f3 educativa (<a href=\"https:\/\/projectes.xtec.cat\/transformacioenxarxa\/tag\/pacte\/\">PACTE<\/a>). <a href=\"https:\/\/agora.xtec.cat\/escolamarina\/laboratori-de-transformacio-educativa-pacte\/attachment\/logo-lab-text\/\" rel=\"attachment wp-att-3837\"><img loading=\"lazy\" decoding=\"async\" class=\"wp-image-3837 alignright\" src=\"https:\/\/agora.xtec.cat\/escolamarina\/wp-content\/uploads\/usu1775\/2024\/04\/Logo-Lab-text.jpg\" alt=\"\" width=\"209\" height=\"157\" srcset=\"https:\/\/agora.xtec.cat\/escolamarina\/wp-content\/uploads\/usu1775\/2024\/04\/Logo-Lab-text.jpg 2048w, https:\/\/agora.xtec.cat\/escolamarina\/wp-content\/uploads\/usu1775\/2024\/04\/Logo-Lab-text-300x225.jpg 300w, https:\/\/agora.xtec.cat\/escolamarina\/wp-content\/uploads\/usu1775\/2024\/04\/Logo-Lab-text-1024x768.jpg 1024w, https:\/\/agora.xtec.cat\/escolamarina\/wp-content\/uploads\/usu1775\/2024\/04\/Logo-Lab-text-768x576.jpg 768w, https:\/\/agora.xtec.cat\/escolamarina\/wp-content\/uploads\/usu1775\/2024\/04\/Logo-Lab-text-1536x1152.jpg 1536w, https:\/\/agora.xtec.cat\/escolamarina\/wp-content\/uploads\/usu1775\/2024\/04\/Logo-Lab-text-200x150.jpg 200w\" sizes=\"auto, (max-width: 209px) 100vw, 209px\" \/><\/a><\/p>\n<p dir=\"ltr\"><strong>Quina \u00e9s la finalitat?\u00a0<\/strong><\/p>\n<p dir=\"ltr\">Proporcionar als centres participants els recursos i les eines necess\u00e0ries per impulsar la transformaci\u00f3 del centre.<\/p>\n<p dir=\"ltr\"><strong>Com es duu a terme?\u00a0<\/strong><\/p>\n<p dir=\"ltr\">Actualitzant el Projecte Educatiu de Centre:<\/p>\n<ul>\n<li dir=\"ltr\" aria-level=\"1\">\n<p dir=\"ltr\" role=\"presentation\">\u00a0Revisant el prop\u00f2sit institucional, l\u2019organitzaci\u00f3 del centre, les metodologies de treball i la cultura de l\u2019avaluaci\u00f3.<\/p>\n<\/li>\n<li dir=\"ltr\" aria-level=\"1\">\n<p dir=\"ltr\" role=\"presentation\">Incorporant mesures d\u2019inclusi\u00f3 i equitat educatives, per esdevenir una organitzaci\u00f3 escolar aut\u00f2noma, centrada en l\u2019alumne\/a, amb capacitat d\u2019interactuar amb l\u2019entorn.<\/p>\n<\/li>\n<\/ul>\n<p dir=\"ltr\"><a href=\"https:\/\/projectes.xtec.cat\/transformacioenxarxa\/\">https:\/\/projectes.xtec.cat\/transformacioenxarxa\/laboratori-de-transformacio-educativa-3\/<\/a><\/p>\n<p dir=\"ltr\">La Marina hi participa des del curs 2021-2022.<\/p>\n<p dir=\"ltr\">\u00c9s un projecte de 3 cursos i hi implica tot el centre: alumnat, fam\u00edlies i claustre docent.<\/p>\n<p dir=\"ltr\">Durant aquests 3 cursos hem estat un centre facilitat. Qu\u00e8 vol dir aix\u00f2?<\/p>\n<p dir=\"ltr\">Els processos de millora i transformaci\u00f3 educativa s\u00f3n complexos, ja que necessiten canvis a nivell organitzatiu i metodol\u00f2gic; amb l&#8217;objectiu fonamental que \u00e9s l&#8217;educaci\u00f3 integral del nostre alumnat. Com a centre facilitat, el Departament d&#8217;Educaci\u00f3 ens proporciona un\/a facilitador\/a, que \u00e9s un\/a mestre\/a expert\/a en educaci\u00f3 i en processos de canvi, que ens ajuda i acompanyar\u00e0 en aquest cam\u00ed de reflexi\u00f3 i de transformaci\u00f3 educativa.<\/p>\n<p dir=\"ltr\">L&#8217;escola, els mestres, hem triat un equip impulsor. S\u00f3n docents de l&#8217;escola que, juntament amb la nostra facilitadora lideren aquest proc\u00e9s de canvi.<\/p>\n<p dir=\"ltr\">Durant els 3 anys, hem reflexionant i creant espais de conversa, donant veu als infants, a les fam\u00edlies i, com no, als mestres i a les mestres. Tota la comunitat educativa ha de participar activament en la presa de decisions dels canvis que volem fer.<\/p>\n<p dir=\"ltr\">Aquest treball de reflexi\u00f3 pedag\u00f2gica de qualitat ens va servir per a crear la &#8220;VISI\u00d3 DE CENTRE&#8221; de La Marina, posant sempre el focus en l&#8217;infant.<\/p>\n<p dir=\"ltr\">Per veure el proc\u00e9s que hem seguit hem creat un <a href=\"https:\/\/sites.google.com\/xtec.cat\/pactelamarina?usp=sharing\">QUADERN DE BIT\u00c0COLA<\/a>.<\/p>\n<p dir=\"ltr\"><a href=\"https:\/\/sites.google.com\/xtec.cat\/pactelamarina?usp=sharing\" rel=\"attachment wp-att-3839\"><img loading=\"lazy\" decoding=\"async\" class=\"aligncenter wp-image-3839\" src=\"https:\/\/agora.xtec.cat\/escolamarina\/wp-content\/uploads\/usu1775\/2024\/04\/Quadern-de-Bitacola-1.png\" alt=\"\" width=\"537\" height=\"302\" srcset=\"https:\/\/agora.xtec.cat\/escolamarina\/wp-content\/uploads\/usu1775\/2024\/04\/Quadern-de-Bitacola-1.png 1920w, https:\/\/agora.xtec.cat\/escolamarina\/wp-content\/uploads\/usu1775\/2024\/04\/Quadern-de-Bitacola-1-300x169.png 300w, https:\/\/agora.xtec.cat\/escolamarina\/wp-content\/uploads\/usu1775\/2024\/04\/Quadern-de-Bitacola-1-1024x576.png 1024w, https:\/\/agora.xtec.cat\/escolamarina\/wp-content\/uploads\/usu1775\/2024\/04\/Quadern-de-Bitacola-1-768x432.png 768w, https:\/\/agora.xtec.cat\/escolamarina\/wp-content\/uploads\/usu1775\/2024\/04\/Quadern-de-Bitacola-1-1536x864.png 1536w\" sizes=\"auto, (max-width: 537px) 100vw, 537px\" \/><\/a><\/p>\n<p dir=\"ltr\">Actualment, curs 2024-25, ja som una escola PACTE, \u00e9s a dir, una escola d&#8217;innovaci\u00f3 pedag\u00f2gica. Continuem participant de la XTTE (Xarxa Territorial de Transformaci\u00f3 Educativa), treballant i aprenent cooperativament i col\u00b7laborativament, amb altres escoles i instituts com nosaltres, escoles i instituts facilitats i d&#8217;altres ja m\u00e9s experts.<\/p>\n<p dir=\"ltr\"><em>(document actualitzat 30\/01\/2025)<\/em><\/p>\n<p dir=\"ltr\">\n","protected":false},"excerpt":{"rendered":"<p>El Departament d\u2019Educaci\u00f3 crea el Programa d&#8217;innovaci\u00f3 pedag\u00f2gica d\u2019acceleraci\u00f3 de la transformaci\u00f3 educativa (<a href=\"https:\/\/projectes.xtec.cat\/transformacioenxarxa\/tag\/pacte\/\">PACTE<\/a>). <a href=\"https:\/\/agora.xtec.cat\/escolamarina\/laboratori-de-transformacio-educativa-pacte\/attachment\/logo-lab-text\/\" rel=\"attachment wp-att-3837\"><\/a><br \/>\nQuina \u00e9s la finalitat?\u00a0<br \/>\nProporcionar als centres participants els recursos i les eines necess\u00e0ries per impulsar la transformaci\u00f3 del centre.<br \/>\nCom es duu a terme?\u00a0<br \/>\nActualitzant el Projecte Educatiu de&hellip;  <a href=\"https:\/\/agora.xtec.cat\/escolamarina\/laboratori-de-transformacio-educativa-pacte\/\" title=\"Read Laboratori de Transformaci\u00f3 Educativa &#8211; PACTE\">Llegeix m\u00e9s\u00bb<\/a><\/p>\n","protected":false},"author":1,"featured_media":0,"parent":0,"menu_order":9,"comment_status":"closed","ping_status":"closed","template":"page-templates\/side-menu.php","meta":{"_bbp_topic_count":0,"_bbp_reply_count":0,"_bbp_total_topic_count":0,"_bbp_total_reply_count":0,"_bbp_voice_count":0,"_bbp_anonymous_reply_count":0,"_bbp_topic_count_hidden":0,"_bbp_reply_count_hidden":0,"_bbp_forum_subforum_count":0,"footnotes":""},"class_list":["post-2930","page","type-page","status-publish","hentry"],"post_mailing_queue_ids":[],"_links":{"self":[{"href":"https:\/\/agora.xtec.cat\/escolamarina\/wp-json\/wp\/v2\/pages\/2930","targetHints":{"allow":["GET"]}}],"collection":[{"href":"https:\/\/agora.xtec.cat\/escolamarina\/wp-json\/wp\/v2\/pages"}],"about":[{"href":"https:\/\/agora.xtec.cat\/escolamarina\/wp-json\/wp\/v2\/types\/page"}],"author":[{"embeddable":true,"href":"https:\/\/agora.xtec.cat\/escolamarina\/wp-json\/wp\/v2\/users\/1"}],"replies":[{"embeddable":true,"href":"https:\/\/agora.xtec.cat\/escolamarina\/wp-json\/wp\/v2\/comments?post=2930"}],"version-history":[{"count":6,"href":"https:\/\/agora.xtec.cat\/escolamarina\/wp-json\/wp\/v2\/pages\/2930\/revisions"}],"predecessor-version":[{"id":3889,"href":"https:\/\/agora.xtec.cat\/escolamarina\/wp-json\/wp\/v2\/pages\/2930\/revisions\/3889"}],"wp:attachment":[{"href":"https:\/\/agora.xtec.cat\/escolamarina\/wp-json\/wp\/v2\/media?parent=2930"}],"curies":[{"name":"wp","href":"https:\/\/api.w.org\/{rel}","templated":true}]}}