{"id":2713,"date":"2021-02-23T12:32:58","date_gmt":"2021-02-23T11:32:58","guid":{"rendered":"http:\/\/agora.xtec.cat\/escolamarina\/?page_id=2713"},"modified":"2024-01-23T10:17:39","modified_gmt":"2024-01-23T09:17:39","slug":"grups-heterogenis-per-edats-multigrau","status":"publish","type":"page","link":"https:\/\/agora.xtec.cat\/escolamarina\/projecte-educatiu\/grups-heterogenis-per-edats-multigrau\/","title":{"rendered":"Grups heterogenis per edats (Multigrau)"},"content":{"rendered":"<p>El curs 2020\/21 el Departament va recomanar a les escoles organitzar grups-classe m\u00e9s redu\u00efts com una mesura de prevenci\u00f3 i de seguretat enfront la pand\u00e8mia. Per aconseguir-ho, ha augmentat\u00a0 la plantilla de l\u2019escola amb tres mestres m\u00e9s, que continuem mantenint l&#8217;actual curs.<\/p>\n<p>A l\u2019escola aquesta mesura la vam viure com una <strong>oportunitat<\/strong> per encetar la nova organitzaci\u00f3,\u00a0 <strong>grups heterogenis per edats <\/strong>(multigraus), que \u00a0va consistir en un inici en barrejar els alumnes dins de cada comunitat (educaci\u00f3 infantil) o cicle (prim\u00e0ria) i continuar evolucionant progressivament dels cicles a les comunitats a prim\u00e0ria.<\/p>\n<p>Ja fa temps que barregem els alumnes dins de cada comunitat perqu\u00e8 creiem plenament que s\u2019apr\u00e8n<strong> per mitj\u00e0 de la interacci\u00f3<\/strong> entre infants d\u2019edats properes i d\u2019edats diverses, at\u00e8s que \u00e9s un dels set principis prioritaris que estableixen les ci\u00e8ncies de l\u2019educaci\u00f3 sobre com aprenen els infants i com han de ser els entorns d&#8217;aprenentatge. \u00c9s per aquest motiu que despleguem projectes que afavoreixen les interaccions entre les nenes i els nens.<\/p>\n<p>S&#8217;ha demostrat que quan un alumne\/a explica a un altre\/a el que ha apr\u00e8s, a m\u00e9s a m\u00e9s de desenvolupar habilitats comunicatives, es veu obligat\/da a organitzar les seves idees, consolida el seu coneixement i \u00e9s capa\u00e7 de percebre les seves errades i buits. \u00a0Vigotsky ja deia que la interacci\u00f3 social afavoreix la millora de l\u2019aprenentatge, sobretot, quan es potencia la cooperaci\u00f3, una altra de les singularitats d\u2019aquest projecte educatiu multinivell.<\/p>\n<p>Apostem per un treball m\u00e9s globalitzat i contextualitzat que fomenti el descobriment compartit i que cre\u00ef l\u2019entorn adequat perqu\u00e8 els infants m\u00e9s grans facin de mentors dels m\u00e9s joves i es converteixin en un model a seguir per la resta.<\/p>\n<p>Afegir tamb\u00e9 que com escola inclusiva, donem un pas endavant per ser m\u00e9s respectuosos amb els diferents ritmes d&#8217;aprenentatge i avan\u00e7ar cap a una atenci\u00f3 m\u00e9s individualitzada, amb la finalitat de garantir les expectatives d\u2019\u00e8xit per a tot el nostre alumnat.<\/p>\n<p>&#8220;El grup heterogeni per definici\u00f3 \u00e9s molt m\u00e9s acollidor de les diversitats i genera m\u00e9s inclusi\u00f3. En un grup heterogeni cada infant pot trobar un ventall molt m\u00e9s alt de moments evolutius, d\u2019interessos amb els quals connectar que no pas en un grup d\u2019edat homog\u00e8nia. Resulta m\u00e9s dif\u00edcil que un infant que pugui tenir dificultats d\u2019aprenentatge s\u2019hi pugui sentir fora de lloc &#8221; <a href=\"https:\/\/www.rosasensat.org\/lonze-manament-de-la-innovacio-educativa-agruparas-els-infants-de-lescola-en-grups-heterogenis\/\">(David Altimir)<\/a>.<\/p>\n<p>Aquests entorns d&#8217;aprenentatge que potencien la interacci\u00f3 entre els infants i s\u00f3n respectuosos amb la seva maduraci\u00f3, afavoreixen sens dubte el seu aprenentatge.<\/p>\n<p><strong>\u00a0<\/strong><strong>Facilita l&#8217;adaptaci\u00f3<\/strong><\/p>\n<p>A l&#8217;inici de curs, els nens i les nenes i el\/la mestre\/a comptaran amb la seguretat que, com a m\u00ednim, la meitat o dos ter\u00e7os de l\u2019aula es coneixen, ja coneixen les normes de l&#8217;aula i saben com desenvolupar-se en l&#8217;ambient de manera independent i sense ajut. D&#8217;aquesta manera els petits no triguen en adaptar-se perqu\u00e8 segueixen i observen als seus companys m\u00e9s grans, ja que aquests es converteixen en models a seguir, a imitar (de la mateixa manera que a casa els petits imiten els seus germans m\u00e9s grans). El seu treball i moviments dins l&#8217;aula serveixen d&#8217;exemple per als m\u00e9s petits.<br \/>\n<strong><br \/>\nCol\u00b7laboraci\u00f3, empatia, responsabilitat<\/strong><\/p>\n<p>Els dubtes que sorgeixen durant el treball poden ser atesos, a m\u00e9s del mestre, per qualsevol dels companys que ja han treballat pr\u00e8viament en aquella feina. Qui demana ajuda, guanya en autonomia al buscar com i qui pot ajudar-lo a resoldre el seu problema; qui ajuda, guanya en seguretat al poder atendre un\/a company\/a i a la vegada empatitza amb ell\/a perqu\u00e8 tamb\u00e9 va passar per la mateixa activitat i probablement li van sorgir els mateixos problemes.<\/p>\n<p>Els nens i les nenes van integrant els diferents rols al llarg de cada comunitat (petit, mitj\u00e0 i gran) i aprenen a acomiadar-se i a retrobar-se.<\/p>\n<p><strong>Organitzaci\u00f3 curs\u00a0<\/strong><\/p>\n<table>\n<tbody>\n<tr>\n<td><b>Parvulari<\/b><\/td>\n<td><b>Cicle Inicial<\/b><\/td>\n<td><b>Cicle Mitj\u00e0<\/b><\/td>\n<td><b>Cicle Superior<\/b><\/td>\n<\/tr>\n<tr>\n<td><span style=\"font-weight: 400;\">7 grups classe<\/span><span style=\"font-weight: 400;\">(alumnes de I3, I4 i I5)<\/span><\/p>\n<p><span style=\"font-weight: 400;\">R\u00e0tio de 20\/21<\/span><\/td>\n<td><span style=\"font-weight: 400;\">5 grups classe<\/span><span style=\"font-weight: 400;\">(alumnes de 1r i 2n)<\/span><\/p>\n<p><span style=\"font-weight: 400;\">R\u00e0tio de 20\/21<\/span><\/td>\n<td><span style=\"font-weight: 400;\">5 grups classe<\/span><span style=\"font-weight: 400;\">(alumnes de 3r i 4t)<\/span><\/p>\n<p><span style=\"font-weight: 400;\">R\u00e0tio de 20\/21<\/span><\/td>\n<td><span style=\"font-weight: 400;\">5 grups classe<\/span><span style=\"font-weight: 400;\">(alumnes de 5\u00e8 i 6\u00e8)<\/span><\/p>\n<p><span style=\"font-weight: 400;\">R\u00e0tio de 20\/21<\/span><\/td>\n<\/tr>\n<\/tbody>\n<\/table>\n<p>&nbsp;<\/p>\n<p><strong>Entrevista a la Tv L&#8217;H <\/strong><\/p>\n<p>El programa de la televisi\u00f3 de l&#8217;Hospitalet Aula L&#8217;H va entrevistar a membres de l&#8217;equip directiu per tractar el projecte de grups heterogenis. Us recomanem que veieu l&#8217;entrevista clicant la imatge per accedir a l&#8217;article i al v\u00eddeo.<\/p>\n<p><span style=\"font-weight: 400;\"> <a href=\"https:\/\/agora.xtec.cat\/escolamarina\/general\/els-grup-heterogenis-per-edats-de-lescola-a-la-televisio-de-lhospitalet\/\"><img loading=\"lazy\" decoding=\"async\" class=\"alignleft size-full wp-image-3031\" src=\"https:\/\/agora.xtec.cat\/escolamarina\/wp-content\/uploads\/usu1775\/2022\/01\/AULA-LH.jpg\" alt=\"\" width=\"380\" height=\"339\" srcset=\"https:\/\/agora.xtec.cat\/escolamarina\/wp-content\/uploads\/usu1775\/2022\/01\/AULA-LH.jpg 380w, https:\/\/agora.xtec.cat\/escolamarina\/wp-content\/uploads\/usu1775\/2022\/01\/AULA-LH-300x268.jpg 300w\" sizes=\"auto, (max-width: 380px) 100vw, 380px\" \/><\/a><\/span><\/p>\n<p>&nbsp;<\/p>\n<p>&nbsp;<\/p>\n<p>&nbsp;<\/p>\n<p>&nbsp;<\/p>\n<p>&nbsp;<\/p>\n<p>&nbsp;<\/p>\n<p>&nbsp;<\/p>\n<p>&nbsp;<\/p>\n<p>&nbsp;<\/p>\n<p><strong>Articles que tracten sobre grups heterogenis per edats<\/strong><\/p>\n<table style=\"border-collapse: collapse; width: 100%; height: 176px;\">\n<tbody>\n<tr style=\"height: 32px;\">\n<td style=\"width: 28.6077%; height: 32px;\">Revista guix<\/td>\n<td style=\"width: 71.3923%; height: 32px;\"><a href=\"https:\/\/agora.xtec.cat\/escolamarina\/docs\/article-de-la-revista-deducacio-guix\/\">https:\/\/agora.xtec.cat\/escolamarina\/docs\/article-de-la-revista-deducacio-guix\/<\/a><\/td>\n<\/tr>\n<tr style=\"height: 32px;\">\n<td style=\"width: 28.6077%; height: 32px;\"><\/td>\n<td style=\"width: 71.3923%; height: 32px;\"><\/td>\n<\/tr>\n<tr style=\"height: 48px;\">\n<td style=\"width: 28.6077%; height: 48px;\">Article de Rosa Sensat.\u00a0 David Altimir<\/td>\n<td style=\"width: 71.3923%; height: 48px;\"><a href=\"https:\/\/cooperativa.abacus.coop\/ca\/comunitats\/comunitat-educativa\/coneixement-compartit-educativa\/innovacio-educativa-agrupar-els-infants-de-l-escola-en-grups-heterogenis\/#\">https:\/\/cooperativa.abacus.coop\/ca\/comunitats\/comunitat-educativa\/coneixement-compartit-educativa\/innovacio-educativa-agrupar-els-infants-de-l-escola-en-grups-heterogenis\/#<\/a><\/td>\n<\/tr>\n<tr style=\"height: 32px;\">\n<td style=\"width: 28.6077%; height: 32px;\">La grandesa de les escoles multigrau<\/td>\n<td style=\"width: 71.3923%; height: 32px;\"><a href=\"https:\/\/diarieducacio.cat\/grandesa-escoles-multigrau\/\">https:\/\/diarieducacio.cat\/grandesa-escoles-multigrau\/<\/a><\/td>\n<\/tr>\n<tr style=\"height: 32px;\">\n<td style=\"width: 28.6077%; height: 32px;\">Escola Edumar<\/td>\n<td style=\"width: 71.3923%; height: 32px;\"><a href=\"http:\/\/www.escolaedumar.org\/infants\/comunitats\/\">http:\/\/www.escolaedumar.org\/infants\/comunitats\/<\/a><\/td>\n<\/tr>\n<\/tbody>\n<\/table>\n<p>&nbsp;<\/p>\n<p>&nbsp;<\/p>\n<p>&nbsp;<\/p>\n","protected":false},"excerpt":{"rendered":"<p>El curs 2020\/21 el Departament va recomanar a les escoles organitzar grups-classe m\u00e9s redu\u00efts com una mesura de prevenci\u00f3 i de seguretat enfront la pand\u00e8mia. Per aconseguir-ho, ha augmentat\u00a0 la plantilla de l\u2019escola amb tres mestres m\u00e9s, que continuem mantenint l&#8217;actual curs.<br \/>\nA l\u2019escola aquesta mesura&hellip;  <a href=\"https:\/\/agora.xtec.cat\/escolamarina\/projecte-educatiu\/grups-heterogenis-per-edats-multigrau\/\" title=\"Read Grups heterogenis per edats (Multigrau)\">Llegeix m\u00e9s\u00bb<\/a><\/p>\n","protected":false},"author":1,"featured_media":0,"parent":64,"menu_order":2,"comment_status":"closed","ping_status":"closed","template":"page-templates\/side-menu.php","meta":{"_bbp_topic_count":0,"_bbp_reply_count":0,"_bbp_total_topic_count":0,"_bbp_total_reply_count":0,"_bbp_voice_count":0,"_bbp_anonymous_reply_count":0,"_bbp_topic_count_hidden":0,"_bbp_reply_count_hidden":0,"_bbp_forum_subforum_count":0,"footnotes":""},"class_list":["post-2713","page","type-page","status-publish","hentry"],"post_mailing_queue_ids":[],"_links":{"self":[{"href":"https:\/\/agora.xtec.cat\/escolamarina\/wp-json\/wp\/v2\/pages\/2713","targetHints":{"allow":["GET"]}}],"collection":[{"href":"https:\/\/agora.xtec.cat\/escolamarina\/wp-json\/wp\/v2\/pages"}],"about":[{"href":"https:\/\/agora.xtec.cat\/escolamarina\/wp-json\/wp\/v2\/types\/page"}],"author":[{"embeddable":true,"href":"https:\/\/agora.xtec.cat\/escolamarina\/wp-json\/wp\/v2\/users\/1"}],"replies":[{"embeddable":true,"href":"https:\/\/agora.xtec.cat\/escolamarina\/wp-json\/wp\/v2\/comments?post=2713"}],"version-history":[{"count":4,"href":"https:\/\/agora.xtec.cat\/escolamarina\/wp-json\/wp\/v2\/pages\/2713\/revisions"}],"predecessor-version":[{"id":3384,"href":"https:\/\/agora.xtec.cat\/escolamarina\/wp-json\/wp\/v2\/pages\/2713\/revisions\/3384"}],"up":[{"embeddable":true,"href":"https:\/\/agora.xtec.cat\/escolamarina\/wp-json\/wp\/v2\/pages\/64"}],"wp:attachment":[{"href":"https:\/\/agora.xtec.cat\/escolamarina\/wp-json\/wp\/v2\/media?parent=2713"}],"curies":[{"name":"wp","href":"https:\/\/api.w.org\/{rel}","templated":true}]}}