{"id":26,"date":"2014-09-18T12:24:32","date_gmt":"2014-09-18T11:24:32","guid":{"rendered":"http:\/\/agora.xtec.cat\/escolamarina\/?page_id=26"},"modified":"2024-01-23T10:07:18","modified_gmt":"2024-01-23T09:07:18","slug":"historia","status":"publish","type":"page","link":"https:\/\/agora.xtec.cat\/escolamarina\/lescola\/historia\/","title":{"rendered":"Hist\u00f2ria"},"content":{"rendered":"<p>El nom de la nostra escola ve d\u2019una de les zones geogr\u00e0fiques en que estava dividida la nostra ciutat: La Marina. Aquesta terra propera a la desembocadura del Llobregat estava formada per terres baixes, planes i aiguamolls, i que havia estat sota el mar durant anys. Els primers habitants de L\u2019Hospitalet van aconseguir de dessecar-los i transformar-los en terres de conreu molt f\u00e8rtils.<\/p>\n<p>L\u2019escola va comen\u00e7ar a funcionar el curs 1975\/76.\u00a0En el curs 2000\/01 vam celebrar el 25\u00e8 aniversari.\u00a0Per fi,\u00a0en el\u00a0curs 2009\/10\u00a0van comen\u00e7ar les obres de la construcci\u00f3 del nou centre. En el tercer trimestre, despr\u00e9s de Setmana Santa,\u00a0ens vam traslladar al nou edifici i va\u00a0iniciar-se la segona fase d\u2019obres:\u00a0enderrocament de l&#8217;edifici\u00a0\u00a0vell\u00a0i\u00a0 construcci\u00f3\u00a0\u00a0del gimn\u00e0s i de les pistes esportives i pati de prim\u00e0ria. El dia 7 de setembre de 2010 ja ten\u00edem l&#8217;escola acabada!!!<br \/>\n<iframe loading=\"lazy\" src=\"https:\/\/www.youtube.com\/embed\/qIJPuSmdfX8\" width=\"560\" height=\"315\" frameborder=\"0\" allowfullscreen=\"allowfullscreen\"><\/iframe><\/p>\n<p>El nom de La Marina ha estat objecte de diferents\u00a0 projectes sobre el mar. El color blau del mar \u00e9s present en el nostre centre.<\/p>\n","protected":false},"excerpt":{"rendered":"<p>El nom de la nostra escola ve d\u2019una de les zones geogr\u00e0fiques en que estava dividida la nostra ciutat: La Marina. Aquesta terra propera a la desembocadura del Llobregat estava formada per terres baixes, planes i aiguamolls, i que havia estat sota el mar durant&hellip;  <a href=\"https:\/\/agora.xtec.cat\/escolamarina\/lescola\/historia\/\" title=\"Read Hist\u00f2ria\">Llegeix m\u00e9s\u00bb<\/a><\/p>\n","protected":false},"author":1,"featured_media":0,"parent":22,"menu_order":1,"comment_status":"closed","ping_status":"closed","template":"page-templates\/side-menu.php","meta":{"_bbp_topic_count":0,"_bbp_reply_count":0,"_bbp_total_topic_count":0,"_bbp_total_reply_count":0,"_bbp_voice_count":0,"_bbp_anonymous_reply_count":0,"_bbp_topic_count_hidden":0,"_bbp_reply_count_hidden":0,"_bbp_forum_subforum_count":0,"footnotes":""},"class_list":["post-26","page","type-page","status-publish","hentry"],"post_mailing_queue_ids":[],"_links":{"self":[{"href":"https:\/\/agora.xtec.cat\/escolamarina\/wp-json\/wp\/v2\/pages\/26","targetHints":{"allow":["GET"]}}],"collection":[{"href":"https:\/\/agora.xtec.cat\/escolamarina\/wp-json\/wp\/v2\/pages"}],"about":[{"href":"https:\/\/agora.xtec.cat\/escolamarina\/wp-json\/wp\/v2\/types\/page"}],"author":[{"embeddable":true,"href":"https:\/\/agora.xtec.cat\/escolamarina\/wp-json\/wp\/v2\/users\/1"}],"replies":[{"embeddable":true,"href":"https:\/\/agora.xtec.cat\/escolamarina\/wp-json\/wp\/v2\/comments?post=26"}],"version-history":[{"count":3,"href":"https:\/\/agora.xtec.cat\/escolamarina\/wp-json\/wp\/v2\/pages\/26\/revisions"}],"predecessor-version":[{"id":652,"href":"https:\/\/agora.xtec.cat\/escolamarina\/wp-json\/wp\/v2\/pages\/26\/revisions\/652"}],"up":[{"embeddable":true,"href":"https:\/\/agora.xtec.cat\/escolamarina\/wp-json\/wp\/v2\/pages\/22"}],"wp:attachment":[{"href":"https:\/\/agora.xtec.cat\/escolamarina\/wp-json\/wp\/v2\/media?parent=26"}],"curies":[{"name":"wp","href":"https:\/\/api.w.org\/{rel}","templated":true}]}}