{"id":22,"date":"2014-09-18T12:19:57","date_gmt":"2014-09-18T11:19:57","guid":{"rendered":"http:\/\/agora.xtec.cat\/escolamarina\/?page_id=22"},"modified":"2024-01-11T13:36:50","modified_gmt":"2024-01-11T12:36:50","slug":"lescola","status":"publish","type":"page","link":"https:\/\/agora.xtec.cat\/escolamarina\/lescola\/","title":{"rendered":"L&#8217;escola"},"content":{"rendered":"<p>&nbsp;<\/p>\n<p><strong><span style=\"text-decoration: underline;\">Escola La Marina<\/span><\/strong><\/p>\n<p>Som una escola p\u00fablica, arrelada en el barri de Bellvitge de l\u2019Hospitalet de Llobregat.\u00a0 Acollim els infants del segon cicle d\u2019Educaci\u00f3\u00a0 Infantil i l\u2019etapa de Prim\u00e0ria. Disposem de <strong>dues l\u00ednies,\u00a0<\/strong>distribu\u00efdes en:<\/p>\n<ul>\n<li>Comunitat de Petits i Petites : grups heterogenis d&#8217;edat amb infants d&#8217;I3, I4 i I5<\/li>\n<li>Cicle Inicial: grups heterogenis d&#8217;edat amb infants de 1r i 2n de Prim\u00e0ria<\/li>\n<li>Cicle Mitj\u00e0: grups heterogenis d&#8217;edat amb infants de 3r i 4t de Prim\u00e0ria<\/li>\n<li>Cicle Superior: grups heterogenis d&#8217;edat amb infants de 5\u00e8 i 6\u00e8 de Prim\u00e0ria<\/li>\n<\/ul>\n","protected":false},"excerpt":{"rendered":"<p>&nbsp;<br \/>\nEscola La Marina<br \/>\nSom una escola p\u00fablica, arrelada en el barri de Bellvitge de l\u2019Hospitalet de Llobregat.\u00a0 Acollim els infants del segon cicle d\u2019Educaci\u00f3\u00a0 Infantil i l\u2019etapa de Prim\u00e0ria. Disposem de dues l\u00ednies,\u00a0distribu\u00efdes en:<\/p>\n<ul>\n<li>Comunitat de Petits i Petites : grups heterogenis d&#8217;edat amb infants d&#8217;I3, I4&hellip;  <a href=\"https:\/\/agora.xtec.cat\/escolamarina\/lescola\/\" title=\"Read L&#8217;escola\">Llegeix m\u00e9s\u00bb<\/a><br \/>\n","protected":false},"author":1,"featured_media":0,"parent":0,"menu_order":0,"comment_status":"closed","ping_status":"closed","template":"page-templates\/side-menu.php","meta":{"_bbp_topic_count":0,"_bbp_reply_count":0,"_bbp_total_topic_count":0,"_bbp_total_reply_count":0,"_bbp_voice_count":0,"_bbp_anonymous_reply_count":0,"_bbp_topic_count_hidden":0,"_bbp_reply_count_hidden":0,"_bbp_forum_subforum_count":0,"footnotes":""},"class_list":["post-22","page","type-page","status-publish","hentry"],"post_mailing_queue_ids":[],"_links":{"self":[{"href":"https:\/\/agora.xtec.cat\/escolamarina\/wp-json\/wp\/v2\/pages\/22","targetHints":{"allow":["GET"]}}],"collection":[{"href":"https:\/\/agora.xtec.cat\/escolamarina\/wp-json\/wp\/v2\/pages"}],"about":[{"href":"https:\/\/agora.xtec.cat\/escolamarina\/wp-json\/wp\/v2\/types\/page"}],"author":[{"embeddable":true,"href":"https:\/\/agora.xtec.cat\/escolamarina\/wp-json\/wp\/v2\/users\/1"}],"replies":[{"embeddable":true,"href":"https:\/\/agora.xtec.cat\/escolamarina\/wp-json\/wp\/v2\/comments?post=22"}],"version-history":[{"count":3,"href":"https:\/\/agora.xtec.cat\/escolamarina\/wp-json\/wp\/v2\/pages\/22\/revisions"}],"predecessor-version":[{"id":3592,"href":"https:\/\/agora.xtec.cat\/escolamarina\/wp-json\/wp\/v2\/pages\/22\/revisions\/3592"}],"wp:attachment":[{"href":"https:\/\/agora.xtec.cat\/escolamarina\/wp-json\/wp\/v2\/media?parent=22"}],"curies":[{"name":"wp","href":"https:\/\/api.w.org\/{rel}","templated":true}]}}