{"id":9,"date":"2014-09-17T15:08:18","date_gmt":"2014-09-17T14:08:18","guid":{"rendered":"http:\/\/agora.xtec.cat\/escolamariabores\/?page_id=9"},"modified":"2026-04-15T10:36:34","modified_gmt":"2026-04-15T08:36:34","slug":"pagina-dinici-buida","status":"publish","type":"page","link":"https:\/\/agora.xtec.cat\/escolamariabores\/","title":{"rendered":""},"content":{"rendered":"<table style=\"width: 100%; border-collapse: collapse; background-color: #ffff00;\">\n<tbody>\n<tr>\n<td style=\"width: 100%;\">\n<h3 style=\"text-align: center;\">Entre altres mesures, i fins que no s&#8217;arribi a un acord satisfactori en el conflicte obert entre el col\u00b7lectiu docent i el Departament d&#8217;educaci\u00f3, el claustre de l&#8217;Escola Maria Bor\u00e9s ha acordat:<\/h3>\n<\/td>\n<\/tr>\n<\/tbody>\n<\/table>\n<table style=\"width: 100%; border-collapse: collapse; background-color: #ffff00;\">\n<tbody>\n<tr>\n<td style=\"width: 100%;\">\n<h2 style=\"text-align: center;\">SUSPENDRE TOTA ACTIVITAT A XARXES SOCIALS I LLOC WEB DEL CENTRE, excepte informaci\u00f3 essencial de servei per a fam\u00edlies<\/h2>\n<\/td>\n<\/tr>\n<\/tbody>\n<\/table>\n<h1>Preinscripci\u00f3 26\/27 &#8211; Del 4 al 18 de mar\u00e7 de 2026<\/h1>\n<p><a href=\"https:\/\/agora.xtec.cat\/escolamariabores\/wp-content\/uploads\/usu982\/2026\/02\/8fa25eaa-e75f-4a2c-b335-68f98225c86f.jpg\"><img loading=\"lazy\" decoding=\"async\" class=\"wp-image-8665 aligncenter\" src=\"https:\/\/agora.xtec.cat\/escolamariabores\/wp-content\/uploads\/usu982\/2026\/02\/8fa25eaa-e75f-4a2c-b335-68f98225c86f-212x300.jpg\" alt=\"\" width=\"238\" height=\"337\" srcset=\"https:\/\/agora.xtec.cat\/escolamariabores\/wp-content\/uploads\/usu982\/2026\/02\/8fa25eaa-e75f-4a2c-b335-68f98225c86f-212x300.jpg 212w, https:\/\/agora.xtec.cat\/escolamariabores\/wp-content\/uploads\/usu982\/2026\/02\/8fa25eaa-e75f-4a2c-b335-68f98225c86f-724x1024.jpg 724w, https:\/\/agora.xtec.cat\/escolamariabores\/wp-content\/uploads\/usu982\/2026\/02\/8fa25eaa-e75f-4a2c-b335-68f98225c86f-768x1086.jpg 768w, https:\/\/agora.xtec.cat\/escolamariabores\/wp-content\/uploads\/usu982\/2026\/02\/8fa25eaa-e75f-4a2c-b335-68f98225c86f-1086x1536.jpg 1086w, https:\/\/agora.xtec.cat\/escolamariabores\/wp-content\/uploads\/usu982\/2026\/02\/8fa25eaa-e75f-4a2c-b335-68f98225c86f.jpg 1131w\" sizes=\"auto, (max-width: 238px) 100vw, 238px\" \/><\/a><\/p>\n<table style=\"border-collapse: collapse; width: 35.8433%; height: 14px;\">\n<tbody>\n<tr>\n<td style=\"width: 49.538%;\">WEB PREINSCRIPCI\u00d3 26-27<\/td>\n<td style=\"width: 37.1856%;\"><a href=\"https:\/\/preinscripcio.gencat.cat\/ca\/inici\/\">Enlla\u00e7<\/a><\/td>\n<\/tr>\n<\/tbody>\n<\/table>\n<table style=\"border-collapse: collapse; width: 46.8501%; height: 259px;\">\n<tbody>\n<tr>\n<td style=\"width: 94.5083%; text-align: center;\" colspan=\"3\"><strong>PREINSCRIPCI\u00d3 26-27<\/strong><strong><br \/><\/strong><\/td>\n<\/tr>\n<tr>\n<td style=\"width: 45.4889%; text-align: center;\"><strong>Fases<\/strong><\/td>\n<td style=\"width: 30.1061%; text-align: center;\"><strong>Data<\/strong><\/td>\n<td style=\"width: 18.9133%; text-align: center;\"><strong>Enlla\u00e7<\/strong><\/td>\n<\/tr>\n<tr>\n<td style=\"width: 45.4889%;\"><strong>Publicaci\u00f3 oferta inicial\u00a0<\/strong><\/td>\n<td style=\"width: 30.1061%; text-align: center;\">3 de mar\u00e7<\/td>\n<td style=\"width: 18.9133%; text-align: center;\"><a href=\"https:\/\/drive.google.com\/file\/d\/11WwaLe2m32l3RRPhJhYVa8Ym3BpiY_Qf\/view?usp=sharing\" target=\"_blank\" rel=\"noopener\">Enlla\u00e7<\/a><\/td>\n<\/tr>\n<tr>\n<td style=\"width: 45.4889%;\"><strong>Presentaci\u00f3 i\/o modificaci\u00f3 de les sol\u00b7licituds<\/strong><\/td>\n<td style=\"width: 30.1061%; text-align: center;\">del 4 al 18 de mar\u00e7<\/td>\n<td style=\"width: 18.9133%; text-align: center;\">&#8212;<\/td>\n<\/tr>\n<tr>\n<td style=\"width: 45.4889%;\"><strong>Llistat amb puntuaci\u00f3 provisional<\/strong><\/td>\n<td style=\"width: 30.1061%; text-align: center;\">15 d&#8217;abril<\/td>\n<td style=\"width: 18.9133%; text-align: center;\"><a href=\"https:\/\/drive.google.com\/file\/d\/1T_XIFJhnb4MYDdkmfgYGJU3yqOiWmlc9\/view?usp=sharing\">Barem provisional<\/a><\/td>\n<\/tr>\n<tr>\n<td style=\"width: 45.4889%;\"><strong>Llistat amb reclamacions resoltes<\/strong><\/td>\n<td style=\"width: 30.1061%; text-align: center;\">23 d&#8217;abril<\/td>\n<td style=\"width: 18.9133%; text-align: center;\">\u00a0<\/td>\n<\/tr>\n<tr>\n<td style=\"width: 45.4889%;\"><strong>Llistat ordenat<\/strong><\/td>\n<td style=\"width: 30.1061%; text-align: center;\">29 abril<\/td>\n<td style=\"width: 18.9133%; text-align: center;\">\u00a0<\/td>\n<\/tr>\n<tr>\n<td style=\"width: 45.4889%;\"><strong>Llistat admesos i llista espera<\/strong><\/td>\n<td style=\"width: 30.1061%; text-align: center;\">10 juny<\/td>\n<td style=\"width: 18.9133%; text-align: center;\">\u00a0<\/td>\n<\/tr>\n<tr>\n<td style=\"width: 45.4889%;\"><strong>Per\u00edode de matricula<\/strong><\/td>\n<td style=\"width: 30.1061%; text-align: center;\">del 22 al 30 juny<\/td>\n<td style=\"width: 18.9133%; text-align: center;\">&#8212;<\/td>\n<\/tr>\n<\/tbody>\n<\/table>\n\n\n<p><\/p>\n","protected":false},"excerpt":{"rendered":"<p>Entre altres mesures, i fins que no s&#8217;arribi a un acord satisfactori en el conflicte obert entre el col\u00b7lectiu docent i el Departament d&#8217;educaci\u00f3, el claustre de l&#8217;Escola Maria Bor\u00e9s ha acordat: SUSPENDRE TOTA ACTIVITAT A XARXES SOCIALS I LLOC WEB DEL CENTRE, excepte informaci\u00f3 essencial de servei per a fam\u00edlies Preinscripci\u00f3 26\/27 &#8211; Del [&hellip;]<\/p>\n","protected":false},"author":1,"featured_media":0,"parent":0,"menu_order":0,"comment_status":"closed","ping_status":"closed","template":"","meta":{"_bbp_topic_count":0,"_bbp_reply_count":0,"_bbp_total_topic_count":0,"_bbp_total_reply_count":0,"_bbp_voice_count":0,"_bbp_anonymous_reply_count":0,"_bbp_topic_count_hidden":0,"_bbp_reply_count_hidden":0,"_bbp_forum_subforum_count":0,"site-sidebar-layout":"default","site-content-layout":"","ast-site-content-layout":"default","site-content-style":"default","site-sidebar-style":"default","ast-global-header-display":"","ast-banner-title-visibility":"","ast-main-header-display":"","ast-hfb-above-header-display":"","ast-hfb-below-header-display":"","ast-hfb-mobile-header-display":"","site-post-title":"","ast-breadcrumbs-content":"","ast-featured-img":"","footer-sml-layout":"","theme-transparent-header-meta":"","adv-header-id-meta":"","stick-header-meta":"","header-above-stick-meta":"","header-main-stick-meta":"","header-below-stick-meta":"","astra-migrate-meta-layouts":"set","ast-page-background-enabled":"default","ast-page-background-meta":{"desktop":{"background-color":"var(--ast-global-color-5)","background-image":"","background-repeat":"repeat","background-position":"center center","background-size":"auto","background-attachment":"scroll","background-type":"","background-media":"","overlay-type":"","overlay-color":"","overlay-opacity":"","overlay-gradient":""},"tablet":{"background-color":"","background-image":"","background-repeat":"repeat","background-position":"center center","background-size":"auto","background-attachment":"scroll","background-type":"","background-media":"","overlay-type":"","overlay-color":"","overlay-opacity":"","overlay-gradient":""},"mobile":{"background-color":"","background-image":"","background-repeat":"repeat","background-position":"center center","background-size":"auto","background-attachment":"scroll","background-type":"","background-media":"","overlay-type":"","overlay-color":"","overlay-opacity":"","overlay-gradient":""}},"ast-content-background-meta":{"desktop":{"background-color":"var(--ast-global-color-4)","background-image":"","background-repeat":"repeat","background-position":"center center","background-size":"auto","background-attachment":"scroll","background-type":"","background-media":"","overlay-type":"","overlay-color":"","overlay-opacity":"","overlay-gradient":""},"tablet":{"background-color":"var(--ast-global-color-4)","background-image":"","background-repeat":"repeat","background-position":"center center","background-size":"auto","background-attachment":"scroll","background-type":"","background-media":"","overlay-type":"","overlay-color":"","overlay-opacity":"","overlay-gradient":""},"mobile":{"background-color":"var(--ast-global-color-4)","background-image":"","background-repeat":"repeat","background-position":"center center","background-size":"auto","background-attachment":"scroll","background-type":"","background-media":"","overlay-type":"","overlay-color":"","overlay-opacity":"","overlay-gradient":""}},"footnotes":""},"class_list":["post-9","page","type-page","status-publish","hentry"],"post_mailing_queue_ids":[],"_links":{"self":[{"href":"https:\/\/agora.xtec.cat\/escolamariabores\/wp-json\/wp\/v2\/pages\/9","targetHints":{"allow":["GET"]}}],"collection":[{"href":"https:\/\/agora.xtec.cat\/escolamariabores\/wp-json\/wp\/v2\/pages"}],"about":[{"href":"https:\/\/agora.xtec.cat\/escolamariabores\/wp-json\/wp\/v2\/types\/page"}],"author":[{"embeddable":true,"href":"https:\/\/agora.xtec.cat\/escolamariabores\/wp-json\/wp\/v2\/users\/1"}],"replies":[{"embeddable":true,"href":"https:\/\/agora.xtec.cat\/escolamariabores\/wp-json\/wp\/v2\/comments?post=9"}],"version-history":[{"count":6,"href":"https:\/\/agora.xtec.cat\/escolamariabores\/wp-json\/wp\/v2\/pages\/9\/revisions"}],"predecessor-version":[{"id":8775,"href":"https:\/\/agora.xtec.cat\/escolamariabores\/wp-json\/wp\/v2\/pages\/9\/revisions\/8775"}],"wp:attachment":[{"href":"https:\/\/agora.xtec.cat\/escolamariabores\/wp-json\/wp\/v2\/media?parent=9"}],"curies":[{"name":"wp","href":"https:\/\/api.w.org\/{rel}","templated":true}]}}