{"id":6700,"date":"2023-01-23T10:49:35","date_gmt":"2023-01-23T09:49:35","guid":{"rendered":"https:\/\/agora.xtec.cat\/escolamariabores\/?page_id=6700"},"modified":"2023-11-23T15:22:08","modified_gmt":"2023-11-23T14:22:08","slug":"estrategia-digital","status":"publish","type":"page","link":"https:\/\/agora.xtec.cat\/escolamariabores\/estrategia-digital\/","title":{"rendered":"Estrat\u00e8gia Digital"},"content":{"rendered":"<p><span class=\" aw5Odc\" style=\"font-family: inherit; font-size: 1em;\"><a class=\"XqQF9c\" href=\"https:\/\/www.google.com\/url?q=https%3A%2F%2Fprojectes.xtec.cat%2Fedc-suport%2F&amp;sa=D&amp;sntz=1&amp;usg=AOvVaw2ZkXqNHB_2SGsNs-vOe5k1\" target=\"_blank\" rel=\"noopener\"><strong>L\u2019Estrat\u00e8gia Digital de Centre<\/strong><\/a><\/span><span style=\"font-family: inherit; font-size: 1em;\"> (EDC) \u00e9s un document que recull totes les accions que es realitzen en un centre, i les que es realitzaran a mitj\u00e0 termini, per aconseguir la m\u00e0xima compet\u00e8ncia digital de l\u2019alumnat, del professorat i del centre educatiu. Ha de tenir com a referent el Pla d\u2019educaci\u00f3 digital de Catalunya (PEDC), on s\u2019indica la necessitat d\u2019assolir la fita d\u2019una societat digitalment competent, fent \u00e8mfasi en l\u2019equitat i tenint en compte l\u2019evoluci\u00f3 del context social i tecnol\u00f2gic.<\/span><\/p>\n<section id=\"h.26f64873121fe0f2_56\" class=\"yaqOZd\">\n<div class=\"IFuOkc\"><\/div>\n<div class=\"mYVXT\">\n<div class=\"LS81yb VICjCf j5pSsc db35Fc\" tabindex=\"-1\">\n<div class=\"hJDwNd-AhqUyc-R6PoUb Ft7HRd-AhqUyc-R6PoUb JNdkSc SQVYQc L6cTce-purZT L6cTce-pSzOP\">\n<div class=\"JNdkSc-SmKAyb LkDMRd\">\n<div class=\"\"><\/div>\n<\/div>\n<\/div>\n<div class=\"hJDwNd-AhqUyc-EehZO Ft7HRd-AhqUyc-EehZO purZT-AhqUyc-II5mzb ZcASvf-AhqUyc-II5mzb pSzOP-AhqUyc-qWD73c Ktthjf-AhqUyc-qWD73c JNdkSc SQVYQc\">\n<div class=\"JNdkSc-SmKAyb LkDMRd\">\n<div class=\"\">\n<div class=\"oKdM2c ZZyype Kzv0Me\">\n<div id=\"h.26f64873121fe0f2_53\" class=\"hJDwNd-AhqUyc-EehZO Ft7HRd-AhqUyc-EehZO jXK9ad D2fZ2 zu5uec OjCsFc dmUFtb wHaque g5GTcb\">\n<div class=\"jXK9ad-SmKAyb\">\n<div class=\"tyJCtd OWlOyc baZpAe\">\n<div>\n<div class=\"WIdY2d M1aSXe\">\n<div><\/div>\n<p><iframe class=\"YMEQtf\" src=\"https:\/\/www.youtube.com\/embed\/uS5UUZIYLPQ\" frameborder=\"0\" sandbox=\"allow-scripts allow-popups allow-forms allow-same-origin allow-popups-to-escape-sandbox allow-downloads allow-modals\" allowfullscreen=\"allowfullscreen\" aria-label=\"YouTube Video, Estrat\u00e8gia digital de centre\" data-mce-fragment=\"1\"><\/iframe><\/p>\n<\/div>\n<\/div>\n<\/div>\n<\/div>\n<\/div>\n<\/div>\n<\/div>\n<\/div>\n<\/div>\n<div class=\"hJDwNd-AhqUyc-R6PoUb Ft7HRd-AhqUyc-R6PoUb JNdkSc SQVYQc L6cTce-purZT L6cTce-pSzOP\">\n<div class=\"JNdkSc-SmKAyb LkDMRd\">\n<div class=\"\"><\/div>\n<\/div>\n<\/div>\n<\/div>\n<\/div>\n<\/section>\n<section id=\"h.26f64873121fe0f2_60\" class=\"yaqOZd\">\n<div class=\"IFuOkc\"><\/div>\n<div class=\"mYVXT\">\n<div class=\"LS81yb VICjCf j5pSsc db35Fc\" tabindex=\"-1\">\n<div class=\"hJDwNd-AhqUyc-uQSCkd Ft7HRd-AhqUyc-uQSCkd purZT-AhqUyc-II5mzb ZcASvf-AhqUyc-II5mzb pSzOP-AhqUyc-qWD73c Ktthjf-AhqUyc-qWD73c JNdkSc SQVYQc\">\n<div class=\"JNdkSc-SmKAyb LkDMRd\">\n<div class=\"\">\n<div class=\"oKdM2c ZZyype Kzv0Me\">\n<div id=\"h.26f64873121fe0f2_57\" class=\"hJDwNd-AhqUyc-uQSCkd Ft7HRd-AhqUyc-uQSCkd jXK9ad D2fZ2 zu5uec OjCsFc dmUFtb wHaque g5GTcb JYTMs\">\n<div class=\"jXK9ad-SmKAyb\">\n<div class=\"tyJCtd mGzaTb Depvyb baZpAe\">\n<p class=\"CDt4Ke zfr3Q\" dir=\"ltr\">El document de l\u2019EDC ser\u00e0 la refer\u00e8ncia del centre en l\u2019\u00e0mbit de tecnologies digitals. Per tant, \u00e9s important que aquest document tamb\u00e9 reculli la gesti\u00f3 di\u00e0ria de l\u2019organitzaci\u00f3 digital del centre. Qu\u00e8 est\u00e0 fent el centre en temes digitals? Quines accions el centre ja t\u00e9 consolidades i funcionen? \u00c9s possible que el centre ja hagi desenvolupat i escrit plans, procediments, normatives, protocols, etc. L\u2019EDC ha de recopilar-ne, almenys, les refer\u00e8ncies per poder trobar-los de manera f\u00e0cil i \u00e0gil.<\/p>\n<p class=\"CDt4Ke zfr3Q\" dir=\"ltr\">El desplegament de l\u2019EDC al llarg dels cursos tamb\u00e9 generar\u00e0 m\u00e9s activitats que \u00e9s important afegir a l\u2019EDC. Per exemple, si un centre realitza la diagnosi i detecta que el professorat de nova incorporaci\u00f3 t\u00e9 dificultats en adaptar-se en temes digitals, la part estrat\u00e8gica de l\u2019EDC indicar\u00e0 un objectiu en aquest sentit. I molt probablement, una de les accions per assolir aquest objectiu ser\u00e0 la creaci\u00f3 d\u2019un pla d\u2019acollida digital de nou professorat. Quan l\u2019acci\u00f3 ja s\u2019hagi dut a terme, aquest pla d\u2019acollida digital s\u2019incorporar\u00e0 a la part de cultura digital del document de l\u2019EDC. D\u2019aquesta manera, l\u2019EDC recollir\u00e0 tots els aspectes digitals del centre.<\/p>\n<p class=\"CDt4Ke zfr3Q\" dir=\"ltr\">En aquesta part de cultura digital de l\u2019EDC s\u2019hi poden incorporar refer\u00e8ncies a les NOFC, refer\u00e8ncies a procediments del sistema de qualitat que tingui el centre, acords de claustre o de Consell Escolar, plans espec\u00edfics dissenyats per millorar aspectes concrets, protocols a seguir per la gesti\u00f3 dels serveis, autoritzacions que les fam\u00edlies han de signar, descripcions dels serveis que s\u2019utilitzen al centre, refer\u00e8ncies al PEC per la part metodol\u00f2gica de l\u2019\u00fas de les tecnologies, etc.<\/p>\n<p dir=\"ltr\"><a href=\"https:\/\/agora.xtec.cat\/escolamariabores\/estrategia-digital\/diagnosi\/\">Ves a Diagnosi \u2192<\/a><\/p>\n<\/div>\n<\/div>\n<\/div>\n<\/div>\n<\/div>\n<\/div>\n<\/div>\n<\/div>\n<\/div>\n<\/section>\n","protected":false},"excerpt":{"rendered":"<p>L\u2019Estrat\u00e8gia Digital de Centre (EDC) \u00e9s un document que recull totes les accions que es realitzen en un centre, i les que es realitzaran a mitj\u00e0 termini, per aconseguir la m\u00e0xima compet\u00e8ncia digital de l\u2019alumnat, del professorat i del centre educatiu. Ha de tenir com a referent el Pla d\u2019educaci\u00f3 digital de Catalunya (PEDC), on [&hellip;]<\/p>\n","protected":false},"author":1,"featured_media":0,"parent":0,"menu_order":0,"comment_status":"closed","ping_status":"closed","template":"","meta":{"_bbp_topic_count":0,"_bbp_reply_count":0,"_bbp_total_topic_count":0,"_bbp_total_reply_count":0,"_bbp_voice_count":0,"_bbp_anonymous_reply_count":0,"_bbp_topic_count_hidden":0,"_bbp_reply_count_hidden":0,"_bbp_forum_subforum_count":0,"site-sidebar-layout":"default","site-content-layout":"","ast-site-content-layout":"","site-content-style":"default","site-sidebar-style":"default","ast-global-header-display":"","ast-banner-title-visibility":"","ast-main-header-display":"","ast-hfb-above-header-display":"","ast-hfb-below-header-display":"","ast-hfb-mobile-header-display":"","site-post-title":"","ast-breadcrumbs-content":"","ast-featured-img":"","footer-sml-layout":"","theme-transparent-header-meta":"","adv-header-id-meta":"","stick-header-meta":"","header-above-stick-meta":"","header-main-stick-meta":"","header-below-stick-meta":"","astra-migrate-meta-layouts":"default","ast-page-background-enabled":"default","ast-page-background-meta":{"desktop":{"background-color":"var(--ast-global-color-5)","background-image":"","background-repeat":"repeat","background-position":"center center","background-size":"auto","background-attachment":"scroll","background-type":"","background-media":"","overlay-type":"","overlay-color":"","overlay-opacity":"","overlay-gradient":""},"tablet":{"background-color":"","background-image":"","background-repeat":"repeat","background-position":"center center","background-size":"auto","background-attachment":"scroll","background-type":"","background-media":"","overlay-type":"","overlay-color":"","overlay-opacity":"","overlay-gradient":""},"mobile":{"background-color":"","background-image":"","background-repeat":"repeat","background-position":"center center","background-size":"auto","background-attachment":"scroll","background-type":"","background-media":"","overlay-type":"","overlay-color":"","overlay-opacity":"","overlay-gradient":""}},"ast-content-background-meta":{"desktop":{"background-color":"var(--ast-global-color-4)","background-image":"","background-repeat":"repeat","background-position":"center center","background-size":"auto","background-attachment":"scroll","background-type":"","background-media":"","overlay-type":"","overlay-color":"","overlay-opacity":"","overlay-gradient":""},"tablet":{"background-color":"var(--ast-global-color-4)","background-image":"","background-repeat":"repeat","background-position":"center center","background-size":"auto","background-attachment":"scroll","background-type":"","background-media":"","overlay-type":"","overlay-color":"","overlay-opacity":"","overlay-gradient":""},"mobile":{"background-color":"var(--ast-global-color-4)","background-image":"","background-repeat":"repeat","background-position":"center center","background-size":"auto","background-attachment":"scroll","background-type":"","background-media":"","overlay-type":"","overlay-color":"","overlay-opacity":"","overlay-gradient":""}},"footnotes":""},"class_list":["post-6700","page","type-page","status-publish","hentry"],"post_mailing_queue_ids":[],"_links":{"self":[{"href":"https:\/\/agora.xtec.cat\/escolamariabores\/wp-json\/wp\/v2\/pages\/6700","targetHints":{"allow":["GET"]}}],"collection":[{"href":"https:\/\/agora.xtec.cat\/escolamariabores\/wp-json\/wp\/v2\/pages"}],"about":[{"href":"https:\/\/agora.xtec.cat\/escolamariabores\/wp-json\/wp\/v2\/types\/page"}],"author":[{"embeddable":true,"href":"https:\/\/agora.xtec.cat\/escolamariabores\/wp-json\/wp\/v2\/users\/1"}],"replies":[{"embeddable":true,"href":"https:\/\/agora.xtec.cat\/escolamariabores\/wp-json\/wp\/v2\/comments?post=6700"}],"version-history":[{"count":4,"href":"https:\/\/agora.xtec.cat\/escolamariabores\/wp-json\/wp\/v2\/pages\/6700\/revisions"}],"predecessor-version":[{"id":7594,"href":"https:\/\/agora.xtec.cat\/escolamariabores\/wp-json\/wp\/v2\/pages\/6700\/revisions\/7594"}],"wp:attachment":[{"href":"https:\/\/agora.xtec.cat\/escolamariabores\/wp-json\/wp\/v2\/media?parent=6700"}],"curies":[{"name":"wp","href":"https:\/\/api.w.org\/{rel}","templated":true}]}}