{"id":470,"date":"2017-05-25T16:51:47","date_gmt":"2017-05-25T14:51:47","guid":{"rendered":"http:\/\/agora.xtec.cat\/escolamariabores\/?page_id=470"},"modified":"2019-02-20T12:34:02","modified_gmt":"2019-02-20T11:34:02","slug":"trets-didentitat","status":"publish","type":"page","link":"https:\/\/agora.xtec.cat\/escolamariabores\/lescola\/trets-didentitat\/","title":{"rendered":"Trets d&#8217;identitat"},"content":{"rendered":"<p>La nostra missi\u00f3 com a centre educatiu pret\u00e9n formar a infants i despertant l\u2019inter\u00e9s i la curiositats vers els\u00a0 aprenents. Donar estrat\u00e8gies als nostres alumnes per tal de desenvolupar les seves habilitats per esdevenir persones responsables, cr\u00edtiques i competents socialment.<\/p>\n<p>&#8211;\u00a0 L\u2019Escola Maria Bor\u00e9s \u00e9s una escola p\u00fablica, catalana, arrelada i compromesa amb l\u2019entorn, on el respecte, la toler\u00e0ncia i la solidaritat s\u00f3n pilars b\u00e0sics per a la conviv\u00e8ncia. Promou l\u2019esfor\u00e7, l\u2019autoexig\u00e8ncia, la responsabilitat i el treball ben fet.<\/p>\n<p>&#8211; Pret\u00e9n el desenvolupament de les compet\u00e8ncies b\u00e0siques en l\u2019alumnat, assolint un bon nivell de comprensi\u00f3 lectora, d\u2019expressi\u00f3 oral i escrita, d\u2019agilitat en el c\u00e0lcul i en la resoluci\u00f3 de problemes i d\u2019autonomia en l\u2019aprenentatge.<\/p>\n<p>&#8211; Fomenta la participaci\u00f3 de les fam\u00edlies en l\u2019educaci\u00f3 dels seus fills per a qu\u00e8 esdevinguin ciutadans responsables, solidaris, respectuosos amb els altres i amb l\u2019entorn, i competents en les habilitats socials i personals que els permetin incorporar-se a una societat pluricultural i din\u00e0mica .<\/p>\n<p><strong>VISI\u00d3:<\/strong><\/p>\n<p>Volem que el nostre centre esdevingui:<\/p>\n<ul>\n<li>Un centre actiu, emprenedor, amb visi\u00f3 de futur que pret\u00e9n la millora constant del rendiment acad\u00e8mic dels alumnes mitjan\u00e7ant l\u2019\u00fas habitual de les TIC, l\u2019impuls de les lleng\u00fces estrangeres i la promoci\u00f3 de les habilitats socials i el treball cooperatiu.<\/li>\n<li>Un centre que formi persones compromeses amb la societat: solid\u00e0ries, dialogants, respectuoses amb el medi ambient, tolerants amb els altres,sensibles , amb criteri propi i responsables.<\/li>\n<li>Un equip il\u00b7lusionat i format professionalment per portar a terme el nostre projecte educatiu, continuant mantenint un clima acollidor i motivador per afavorir la tasca docent.<\/li>\n<\/ul>\n<p><strong>VALORS:<\/strong><\/p>\n<p>A l\u2019Escola Maria Bor\u00e9s considerem primordials els seg\u00fcents principis que es transfereixen en la nostra forma organitzativa i en tots els \u00e0mbits de la vida del nostre centre:<\/p>\n<ul>\n<li>El comprom\u00eds amb la cultura i la llengua catalana.<\/li>\n<li>El pluralisme, el respecte a la diversitat cultural.<\/li>\n<li>El respecte per l\u2019entorn natural i cultural.<\/li>\n<li>L\u2019esfor\u00e7, l\u2019autoexig\u00e8ncia, la responsabilitat i el treball ben fet.<\/li>\n<li>La conviv\u00e8ncia basada en el di\u00e0leg, el respecte, la toler\u00e0ncia i la solidaritat.<\/li>\n<li>La cohesi\u00f3, la participaci\u00f3 democr\u00e0tica i el pensament cr\u00edtic.<\/li>\n<\/ul>\n","protected":false},"excerpt":{"rendered":"<p>La nostra missi\u00f3 com a centre educatiu pret\u00e9n formar a infants i despertant l\u2019inter\u00e9s i la curiositats vers els\u00a0 aprenents. Donar estrat\u00e8gies als nostres alumnes per tal de desenvolupar les seves habilitats per esdevenir persones responsables, cr\u00edtiques i competents socialment. &#8211;\u00a0 L\u2019Escola Maria Bor\u00e9s \u00e9s una escola p\u00fablica, catalana, arrelada i compromesa amb l\u2019entorn, on [&hellip;]<\/p>\n","protected":false},"author":1,"featured_media":0,"parent":22,"menu_order":0,"comment_status":"closed","ping_status":"closed","template":"","meta":{"_bbp_topic_count":0,"_bbp_reply_count":0,"_bbp_total_topic_count":0,"_bbp_total_reply_count":0,"_bbp_voice_count":0,"_bbp_anonymous_reply_count":0,"_bbp_topic_count_hidden":0,"_bbp_reply_count_hidden":0,"_bbp_forum_subforum_count":0,"site-sidebar-layout":"default","site-content-layout":"","ast-site-content-layout":"","site-content-style":"default","site-sidebar-style":"default","ast-global-header-display":"","ast-banner-title-visibility":"","ast-main-header-display":"","ast-hfb-above-header-display":"","ast-hfb-below-header-display":"","ast-hfb-mobile-header-display":"","site-post-title":"","ast-breadcrumbs-content":"","ast-featured-img":"","footer-sml-layout":"","theme-transparent-header-meta":"","adv-header-id-meta":"","stick-header-meta":"","header-above-stick-meta":"","header-main-stick-meta":"","header-below-stick-meta":"","astra-migrate-meta-layouts":"default","ast-page-background-enabled":"default","ast-page-background-meta":{"desktop":{"background-color":"var(--ast-global-color-5)","background-image":"","background-repeat":"repeat","background-position":"center center","background-size":"auto","background-attachment":"scroll","background-type":"","background-media":"","overlay-type":"","overlay-color":"","overlay-opacity":"","overlay-gradient":""},"tablet":{"background-color":"","background-image":"","background-repeat":"repeat","background-position":"center center","background-size":"auto","background-attachment":"scroll","background-type":"","background-media":"","overlay-type":"","overlay-color":"","overlay-opacity":"","overlay-gradient":""},"mobile":{"background-color":"","background-image":"","background-repeat":"repeat","background-position":"center center","background-size":"auto","background-attachment":"scroll","background-type":"","background-media":"","overlay-type":"","overlay-color":"","overlay-opacity":"","overlay-gradient":""}},"ast-content-background-meta":{"desktop":{"background-color":"var(--ast-global-color-4)","background-image":"","background-repeat":"repeat","background-position":"center center","background-size":"auto","background-attachment":"scroll","background-type":"","background-media":"","overlay-type":"","overlay-color":"","overlay-opacity":"","overlay-gradient":""},"tablet":{"background-color":"var(--ast-global-color-4)","background-image":"","background-repeat":"repeat","background-position":"center center","background-size":"auto","background-attachment":"scroll","background-type":"","background-media":"","overlay-type":"","overlay-color":"","overlay-opacity":"","overlay-gradient":""},"mobile":{"background-color":"var(--ast-global-color-4)","background-image":"","background-repeat":"repeat","background-position":"center center","background-size":"auto","background-attachment":"scroll","background-type":"","background-media":"","overlay-type":"","overlay-color":"","overlay-opacity":"","overlay-gradient":""}},"footnotes":""},"class_list":["post-470","page","type-page","status-publish","hentry"],"post_mailing_queue_ids":[],"_links":{"self":[{"href":"https:\/\/agora.xtec.cat\/escolamariabores\/wp-json\/wp\/v2\/pages\/470","targetHints":{"allow":["GET"]}}],"collection":[{"href":"https:\/\/agora.xtec.cat\/escolamariabores\/wp-json\/wp\/v2\/pages"}],"about":[{"href":"https:\/\/agora.xtec.cat\/escolamariabores\/wp-json\/wp\/v2\/types\/page"}],"author":[{"embeddable":true,"href":"https:\/\/agora.xtec.cat\/escolamariabores\/wp-json\/wp\/v2\/users\/1"}],"replies":[{"embeddable":true,"href":"https:\/\/agora.xtec.cat\/escolamariabores\/wp-json\/wp\/v2\/comments?post=470"}],"version-history":[{"count":2,"href":"https:\/\/agora.xtec.cat\/escolamariabores\/wp-json\/wp\/v2\/pages\/470\/revisions"}],"predecessor-version":[{"id":693,"href":"https:\/\/agora.xtec.cat\/escolamariabores\/wp-json\/wp\/v2\/pages\/470\/revisions\/693"}],"up":[{"embeddable":true,"href":"https:\/\/agora.xtec.cat\/escolamariabores\/wp-json\/wp\/v2\/pages\/22"}],"wp:attachment":[{"href":"https:\/\/agora.xtec.cat\/escolamariabores\/wp-json\/wp\/v2\/media?parent=470"}],"curies":[{"name":"wp","href":"https:\/\/api.w.org\/{rel}","templated":true}]}}