{"id":22,"date":"2014-09-18T12:19:57","date_gmt":"2014-09-18T11:19:57","guid":{"rendered":"http:\/\/agora.xtec.cat\/escolamaredelamerce-santramon\/?page_id=22"},"modified":"2019-02-02T17:57:27","modified_gmt":"2019-02-02T16:57:27","slug":"lescola","status":"publish","type":"page","link":"https:\/\/agora.xtec.cat\/escolamaredelamerce-santramon\/lescola\/","title":{"rendered":"L&#8217;escola"},"content":{"rendered":"<p><span style=\"font-weight: 400;\">Som una comunitat de mestres que acompanyem als alumnes i els seus processos d\u2019aprenentatge ajudant-los a con\u00e8ixer-se intr\u00ednsecament com a persona i oferir-li aquelles eines que l\u2019ajudin a seguir creixent i avan\u00e7ant en la vida de forma aut\u00f2noma. <\/span><\/p>\n<p><span style=\"font-weight: 400;\">Aquest treball es nodreix tamb\u00e9 de la col\u00b7laboraci\u00f3 que fem amb les fam\u00edlies en aquest proc\u00e9s de creixement personal i familiar.<\/span><\/p>\n","protected":false},"excerpt":{"rendered":"<p>Som una comunitat de mestres que acompanyem als alumnes i els seus processos d\u2019aprenentatge ajudant-los a con\u00e8ixer-se intr\u00ednsecament com a persona i oferir-li aquelles eines que l\u2019ajudin a seguir creixent i avan\u00e7ant en la vida de forma aut\u00f2noma.<br \/>\nAquest treball es nodreix tamb\u00e9 de la&hellip;  <a href=\"https:\/\/agora.xtec.cat\/escolamaredelamerce-santramon\/lescola\/\" title=\"Read L&#8217;escola\">Llegeix m\u00e9s\u00bb<\/a><\/p>\n","protected":false},"author":1,"featured_media":0,"parent":0,"menu_order":0,"comment_status":"closed","ping_status":"closed","template":"page-templates\/side-menu.php","meta":{"_bbp_topic_count":0,"_bbp_reply_count":0,"_bbp_total_topic_count":0,"_bbp_total_reply_count":0,"_bbp_voice_count":0,"_bbp_anonymous_reply_count":0,"_bbp_topic_count_hidden":0,"_bbp_reply_count_hidden":0,"_bbp_forum_subforum_count":0,"footnotes":""},"class_list":["post-22","page","type-page","status-publish","hentry"],"post_mailing_queue_ids":[],"_links":{"self":[{"href":"https:\/\/agora.xtec.cat\/escolamaredelamerce-santramon\/wp-json\/wp\/v2\/pages\/22","targetHints":{"allow":["GET"]}}],"collection":[{"href":"https:\/\/agora.xtec.cat\/escolamaredelamerce-santramon\/wp-json\/wp\/v2\/pages"}],"about":[{"href":"https:\/\/agora.xtec.cat\/escolamaredelamerce-santramon\/wp-json\/wp\/v2\/types\/page"}],"author":[{"embeddable":true,"href":"https:\/\/agora.xtec.cat\/escolamaredelamerce-santramon\/wp-json\/wp\/v2\/users\/1"}],"replies":[{"embeddable":true,"href":"https:\/\/agora.xtec.cat\/escolamaredelamerce-santramon\/wp-json\/wp\/v2\/comments?post=22"}],"version-history":[{"count":1,"href":"https:\/\/agora.xtec.cat\/escolamaredelamerce-santramon\/wp-json\/wp\/v2\/pages\/22\/revisions"}],"predecessor-version":[{"id":600,"href":"https:\/\/agora.xtec.cat\/escolamaredelamerce-santramon\/wp-json\/wp\/v2\/pages\/22\/revisions\/600"}],"wp:attachment":[{"href":"https:\/\/agora.xtec.cat\/escolamaredelamerce-santramon\/wp-json\/wp\/v2\/media?parent=22"}],"curies":[{"name":"wp","href":"https:\/\/api.w.org\/{rel}","templated":true}]}}