{"id":73,"date":"2014-09-18T14:01:51","date_gmt":"2014-09-18T13:01:51","guid":{"rendered":"http:\/\/agora.xtec.cat\/escolamanueldecastellvi\/?page_id=73"},"modified":"2025-09-12T10:28:10","modified_gmt":"2025-09-12T08:28:10","slug":"menjador-escolar","status":"publish","type":"page","link":"https:\/\/agora.xtec.cat\/escolamanueldecastellvi\/serveis\/menjador-escolar\/","title":{"rendered":"Menjador escolar"},"content":{"rendered":"<p>L\u00b4empresa de c\u00e0tering \u00e9s aliment art<\/p>\n<p>&nbsp;<\/p>\n<p style=\"font-weight: 400;\">Des de l\u2019empresa Aliment Art, us volem comunicar que a partir del mes de mar\u00e7 tindrem operativa l\u2019aplicaci\u00f3: \u201cMediterranea Educaci\u00f3n\u201d. Les fam\u00edlies la podran descarregar per tenir tota la informaci\u00f3 del servei de menjador. Al document adjunt que trobareu al correu electr\u00f2nic hi ha les instruccions per tal de con\u00e8ixer el funcionament de l\u2019APP.<\/p>\n<p style=\"font-weight: 400;\">Des de l\u2019APP es tindr\u00e0 acc\u00e9s a diferents opcions, com per exemple:<\/p>\n<ul style=\"font-weight: 400;\">\n<li>Acc\u00e9s al men\u00fa<\/li>\n<li>Comunicacions<\/li>\n<li>Publicacions<\/li>\n<li>Perfil<\/li>\n<\/ul>\n<p style=\"font-weight: 400;\">Per tal que aquesta informaci\u00f3 pugui arribar a totes les fam\u00edlies de l\u2019escola, us demanar\u00edem que traslladeu aquesta informaci\u00f3 i el document adjunt a les fam\u00edlies.Esperem que aquesta nova eina faciliti la comunicaci\u00f3 i millori la interlocuci\u00f3 entre les fam\u00edlies i l\u2019espai del menjador.<\/p>\n<p>CLIQUEU DAMUNT<\/p>\n<p><a href=\"https:\/\/agora.xtec.cat\/escolamanueldecastellvi\/wp-content\/uploads\/usu2102\/2021\/03\/Guia-d\u00fas-APP-Manuel-de-Castellv\u00ed-i-Feliu.pdf\">GUIA APP<\/a><\/p>\n<p><strong>RECOMANACIONS<\/strong><\/p>\n<p><a href=\"https:\/\/agora.xtec.cat\/escolamanueldecastellvi\/wp-content\/uploads\/usu2102\/2020\/11\/informaci\u00f3.png\"><img loading=\"lazy\" decoding=\"async\" class=\"alignnone size-large wp-image-736\" src=\"https:\/\/agora.xtec.cat\/escolamanueldecastellvi\/wp-content\/uploads\/usu2102\/2020\/11\/informaci\u00f3.png\" alt=\"\" width=\"882\" height=\"620\" srcset=\"https:\/\/agora.xtec.cat\/escolamanueldecastellvi\/wp-content\/uploads\/usu2102\/2020\/11\/informaci\u00f3.png 882w, https:\/\/agora.xtec.cat\/escolamanueldecastellvi\/wp-content\/uploads\/usu2102\/2020\/11\/informaci\u00f3-300x211.png 300w, https:\/\/agora.xtec.cat\/escolamanueldecastellvi\/wp-content\/uploads\/usu2102\/2020\/11\/informaci\u00f3-768x540.png 768w\" sizes=\"auto, (max-width: 882px) 100vw, 882px\" \/><\/a><\/p>\n<p>&nbsp;<\/p>\n<p>&nbsp;<\/p>\n<p>&nbsp;<\/p>\n<p>&nbsp;<\/p>\n","protected":false},"excerpt":{"rendered":"<p>L\u00b4empresa de c\u00e0tering \u00e9s aliment art<br \/>\n&nbsp;<br \/>\nDes de l\u2019empresa Aliment Art, us volem comunicar que a partir del mes de mar\u00e7 tindrem operativa l\u2019aplicaci\u00f3: \u201cMediterranea Educaci\u00f3n\u201d. Les fam\u00edlies la podran descarregar per tenir tota la informaci\u00f3 del servei de menjador. Al document adjunt que trobareu al&hellip;  <a href=\"https:\/\/agora.xtec.cat\/escolamanueldecastellvi\/serveis\/menjador-escolar\/\" title=\"Read Menjador escolar\">Llegeix m\u00e9s\u00bb<\/a><\/p>\n","protected":false},"author":1,"featured_media":0,"parent":66,"menu_order":30,"comment_status":"closed","ping_status":"closed","template":"page-templates\/side-menu.php","meta":{"_bbp_topic_count":0,"_bbp_reply_count":0,"_bbp_total_topic_count":0,"_bbp_total_reply_count":0,"_bbp_voice_count":0,"_bbp_anonymous_reply_count":0,"_bbp_topic_count_hidden":0,"_bbp_reply_count_hidden":0,"_bbp_forum_subforum_count":0,"footnotes":""},"class_list":["post-73","page","type-page","status-publish","hentry"],"post_mailing_queue_ids":[],"_links":{"self":[{"href":"https:\/\/agora.xtec.cat\/escolamanueldecastellvi\/wp-json\/wp\/v2\/pages\/73","targetHints":{"allow":["GET"]}}],"collection":[{"href":"https:\/\/agora.xtec.cat\/escolamanueldecastellvi\/wp-json\/wp\/v2\/pages"}],"about":[{"href":"https:\/\/agora.xtec.cat\/escolamanueldecastellvi\/wp-json\/wp\/v2\/types\/page"}],"author":[{"embeddable":true,"href":"https:\/\/agora.xtec.cat\/escolamanueldecastellvi\/wp-json\/wp\/v2\/users\/1"}],"replies":[{"embeddable":true,"href":"https:\/\/agora.xtec.cat\/escolamanueldecastellvi\/wp-json\/wp\/v2\/comments?post=73"}],"version-history":[{"count":7,"href":"https:\/\/agora.xtec.cat\/escolamanueldecastellvi\/wp-json\/wp\/v2\/pages\/73\/revisions"}],"predecessor-version":[{"id":2665,"href":"https:\/\/agora.xtec.cat\/escolamanueldecastellvi\/wp-json\/wp\/v2\/pages\/73\/revisions\/2665"}],"up":[{"embeddable":true,"href":"https:\/\/agora.xtec.cat\/escolamanueldecastellvi\/wp-json\/wp\/v2\/pages\/66"}],"wp:attachment":[{"href":"https:\/\/agora.xtec.cat\/escolamanueldecastellvi\/wp-json\/wp\/v2\/media?parent=73"}],"curies":[{"name":"wp","href":"https:\/\/api.w.org\/{rel}","templated":true}]}}