{"id":702,"date":"2018-10-04T10:51:28","date_gmt":"2018-10-04T08:51:28","guid":{"rendered":"http:\/\/agora.xtec.cat\/escolamansuet\/?page_id=702"},"modified":"2026-04-08T17:12:23","modified_gmt":"2026-04-08T15:12:23","slug":"documents","status":"publish","type":"page","link":"https:\/\/agora.xtec.cat\/escolamansuet\/projecte-educatiu\/documents\/","title":{"rendered":"Documents de centre"},"content":{"rendered":"<p>&nbsp;<\/p>\n<table style=\"border-collapse: collapse; width: 100%;\" border=\"1\">\n<tbody>\n<tr>\n<td style=\"width: 33.3333%; text-align: center; border-color: #8f6d0e; border-style: solid;\"><img loading=\"lazy\" decoding=\"async\" class=\"aligncenter size-large wp-image-1396\" src=\"https:\/\/agora.xtec.cat\/escolamansuet\/wp-content\/uploads\/usu1881\/2021\/11\/1-1024x215.jpg\" alt=\"\" width=\"1024\" height=\"215\" srcset=\"https:\/\/agora.xtec.cat\/escolamansuet\/wp-content\/uploads\/usu1881\/2021\/11\/1-1024x215.jpg 1024w, https:\/\/agora.xtec.cat\/escolamansuet\/wp-content\/uploads\/usu1881\/2021\/11\/1-300x63.jpg 300w, https:\/\/agora.xtec.cat\/escolamansuet\/wp-content\/uploads\/usu1881\/2021\/11\/1-768x161.jpg 768w, https:\/\/agora.xtec.cat\/escolamansuet\/wp-content\/uploads\/usu1881\/2021\/11\/1-1536x322.jpg 1536w, https:\/\/agora.xtec.cat\/escolamansuet\/wp-content\/uploads\/usu1881\/2021\/11\/1-2048x429.jpg 2048w\" sizes=\"auto, (max-width: 1024px) 100vw, 1024px\" \/><\/p>\n<p><img loading=\"lazy\" decoding=\"async\" class=\"aligncenter size-full wp-image-1897\" src=\"https:\/\/agora.xtec.cat\/escolamansuet\/wp-content\/uploads\/usu1881\/2023\/05\/1_2.jpg\" alt=\"\" width=\"1414\" height=\"2000\" srcset=\"https:\/\/agora.xtec.cat\/escolamansuet\/wp-content\/uploads\/usu1881\/2023\/05\/1_2.jpg 1414w, https:\/\/agora.xtec.cat\/escolamansuet\/wp-content\/uploads\/usu1881\/2023\/05\/1_2-212x300.jpg 212w, https:\/\/agora.xtec.cat\/escolamansuet\/wp-content\/uploads\/usu1881\/2023\/05\/1_2-724x1024.jpg 724w, https:\/\/agora.xtec.cat\/escolamansuet\/wp-content\/uploads\/usu1881\/2023\/05\/1_2-768x1086.jpg 768w, https:\/\/agora.xtec.cat\/escolamansuet\/wp-content\/uploads\/usu1881\/2023\/05\/1_2-1086x1536.jpg 1086w\" sizes=\"auto, (max-width: 1414px) 100vw, 1414px\" \/><\/p>\n<p>(En revisi\u00f3)<\/td>\n<td style=\"width: 33.3333%; text-align: center; border-color: #8f6d0e; border-style: solid;\"><img loading=\"lazy\" decoding=\"async\" class=\"aligncenter size-large wp-image-1397\" src=\"https:\/\/agora.xtec.cat\/escolamansuet\/wp-content\/uploads\/usu1881\/2021\/11\/2-1024x215.jpg\" alt=\"\" width=\"1024\" height=\"215\" srcset=\"https:\/\/agora.xtec.cat\/escolamansuet\/wp-content\/uploads\/usu1881\/2021\/11\/2-1024x215.jpg 1024w, https:\/\/agora.xtec.cat\/escolamansuet\/wp-content\/uploads\/usu1881\/2021\/11\/2-300x63.jpg 300w, https:\/\/agora.xtec.cat\/escolamansuet\/wp-content\/uploads\/usu1881\/2021\/11\/2-768x161.jpg 768w, https:\/\/agora.xtec.cat\/escolamansuet\/wp-content\/uploads\/usu1881\/2021\/11\/2-1536x322.jpg 1536w, https:\/\/agora.xtec.cat\/escolamansuet\/wp-content\/uploads\/usu1881\/2021\/11\/2-2048x429.jpg 2048w\" sizes=\"auto, (max-width: 1024px) 100vw, 1024px\" \/><\/p>\n<p><img loading=\"lazy\" decoding=\"async\" class=\"aligncenter size-full wp-image-1901\" src=\"https:\/\/agora.xtec.cat\/escolamansuet\/wp-content\/uploads\/usu1881\/2023\/05\/5_3.jpg\" alt=\"\" width=\"1414\" height=\"2000\" srcset=\"https:\/\/agora.xtec.cat\/escolamansuet\/wp-content\/uploads\/usu1881\/2023\/05\/5_3.jpg 1414w, https:\/\/agora.xtec.cat\/escolamansuet\/wp-content\/uploads\/usu1881\/2023\/05\/5_3-212x300.jpg 212w, https:\/\/agora.xtec.cat\/escolamansuet\/wp-content\/uploads\/usu1881\/2023\/05\/5_3-724x1024.jpg 724w, https:\/\/agora.xtec.cat\/escolamansuet\/wp-content\/uploads\/usu1881\/2023\/05\/5_3-768x1086.jpg 768w, https:\/\/agora.xtec.cat\/escolamansuet\/wp-content\/uploads\/usu1881\/2023\/05\/5_3-1086x1536.jpg 1086w\" sizes=\"auto, (max-width: 1414px) 100vw, 1414px\" \/><\/p>\n<p>(En revisi\u00f3)<\/td>\n<td style=\"width: 33.3333%; text-align: center; border-color: #8f6d0e; border-style: solid;\"><img loading=\"lazy\" decoding=\"async\" class=\"aligncenter size-large wp-image-1398\" src=\"https:\/\/agora.xtec.cat\/escolamansuet\/wp-content\/uploads\/usu1881\/2021\/11\/3-1024x215.jpg\" alt=\"\" width=\"1024\" height=\"215\" srcset=\"https:\/\/agora.xtec.cat\/escolamansuet\/wp-content\/uploads\/usu1881\/2021\/11\/3-1024x215.jpg 1024w, https:\/\/agora.xtec.cat\/escolamansuet\/wp-content\/uploads\/usu1881\/2021\/11\/3-300x63.jpg 300w, https:\/\/agora.xtec.cat\/escolamansuet\/wp-content\/uploads\/usu1881\/2021\/11\/3-768x161.jpg 768w, https:\/\/agora.xtec.cat\/escolamansuet\/wp-content\/uploads\/usu1881\/2021\/11\/3-1536x322.jpg 1536w, https:\/\/agora.xtec.cat\/escolamansuet\/wp-content\/uploads\/usu1881\/2021\/11\/3-2048x429.jpg 2048w\" sizes=\"auto, (max-width: 1024px) 100vw, 1024px\" \/><\/p>\n<p><a href=\"https:\/\/drive.google.com\/file\/d\/1c-IHvgs2PqFo8Yod7sMHltrqFc7xRalL\/view?usp=sharing\"><img loading=\"lazy\" decoding=\"async\" class=\"aligncenter wp-image-1898 size-full\" src=\"https:\/\/agora.xtec.cat\/escolamansuet\/wp-content\/uploads\/usu1881\/2023\/05\/2_3.jpg\" alt=\"\" width=\"1414\" height=\"2000\" srcset=\"https:\/\/agora.xtec.cat\/escolamansuet\/wp-content\/uploads\/usu1881\/2023\/05\/2_3.jpg 1414w, https:\/\/agora.xtec.cat\/escolamansuet\/wp-content\/uploads\/usu1881\/2023\/05\/2_3-212x300.jpg 212w, https:\/\/agora.xtec.cat\/escolamansuet\/wp-content\/uploads\/usu1881\/2023\/05\/2_3-724x1024.jpg 724w, https:\/\/agora.xtec.cat\/escolamansuet\/wp-content\/uploads\/usu1881\/2023\/05\/2_3-768x1086.jpg 768w, https:\/\/agora.xtec.cat\/escolamansuet\/wp-content\/uploads\/usu1881\/2023\/05\/2_3-1086x1536.jpg 1086w\" sizes=\"auto, (max-width: 1414px) 100vw, 1414px\" \/><\/a><\/p>\n<p>(En revisi\u00f3)<\/td>\n<\/tr>\n<\/tbody>\n<\/table>\n<p>&nbsp;<\/p>\n","protected":false},"excerpt":{"rendered":"<p>&nbsp; (En revisi\u00f3) (En revisi\u00f3) (En revisi\u00f3) &nbsp;<\/p>\n","protected":false},"author":1,"featured_media":0,"parent":64,"menu_order":0,"comment_status":"closed","ping_status":"closed","template":"","meta":{"_bbp_topic_count":0,"_bbp_reply_count":0,"_bbp_total_topic_count":0,"_bbp_total_reply_count":0,"_bbp_voice_count":0,"_bbp_anonymous_reply_count":0,"_bbp_topic_count_hidden":0,"_bbp_reply_count_hidden":0,"_bbp_forum_subforum_count":0,"site-sidebar-layout":"default","site-content-layout":"","ast-site-content-layout":"default","site-content-style":"default","site-sidebar-style":"default","ast-global-header-display":"","ast-banner-title-visibility":"","ast-main-header-display":"","ast-hfb-above-header-display":"","ast-hfb-below-header-display":"","ast-hfb-mobile-header-display":"","site-post-title":"","ast-breadcrumbs-content":"","ast-featured-img":"","footer-sml-layout":"","theme-transparent-header-meta":"default","adv-header-id-meta":"","stick-header-meta":"","header-above-stick-meta":"","header-main-stick-meta":"","header-below-stick-meta":"","astra-migrate-meta-layouts":"set","ast-page-background-enabled":"default","ast-page-background-meta":{"desktop":{"background-color":"var(--ast-global-color-4)","background-image":"","background-repeat":"repeat","background-position":"center center","background-size":"auto","background-attachment":"scroll","background-type":"","background-media":"","overlay-type":"","overlay-color":"","overlay-opacity":"","overlay-gradient":""},"tablet":{"background-color":"","background-image":"","background-repeat":"repeat","background-position":"center center","background-size":"auto","background-attachment":"scroll","background-type":"","background-media":"","overlay-type":"","overlay-color":"","overlay-opacity":"","overlay-gradient":""},"mobile":{"background-color":"","background-image":"","background-repeat":"repeat","background-position":"center center","background-size":"auto","background-attachment":"scroll","background-type":"","background-media":"","overlay-type":"","overlay-color":"","overlay-opacity":"","overlay-gradient":""}},"ast-content-background-meta":{"desktop":{"background-color":"var(--ast-global-color-5)","background-image":"","background-repeat":"repeat","background-position":"center center","background-size":"auto","background-attachment":"scroll","background-type":"","background-media":"","overlay-type":"","overlay-color":"","overlay-opacity":"","overlay-gradient":""},"tablet":{"background-color":"var(--ast-global-color-5)","background-image":"","background-repeat":"repeat","background-position":"center center","background-size":"auto","background-attachment":"scroll","background-type":"","background-media":"","overlay-type":"","overlay-color":"","overlay-opacity":"","overlay-gradient":""},"mobile":{"background-color":"var(--ast-global-color-5)","background-image":"","background-repeat":"repeat","background-position":"center center","background-size":"auto","background-attachment":"scroll","background-type":"","background-media":"","overlay-type":"","overlay-color":"","overlay-opacity":"","overlay-gradient":""}},"footnotes":""},"class_list":["post-702","page","type-page","status-publish","hentry"],"post_mailing_queue_ids":[],"_links":{"self":[{"href":"https:\/\/agora.xtec.cat\/escolamansuet\/wp-json\/wp\/v2\/pages\/702","targetHints":{"allow":["GET"]}}],"collection":[{"href":"https:\/\/agora.xtec.cat\/escolamansuet\/wp-json\/wp\/v2\/pages"}],"about":[{"href":"https:\/\/agora.xtec.cat\/escolamansuet\/wp-json\/wp\/v2\/types\/page"}],"author":[{"embeddable":true,"href":"https:\/\/agora.xtec.cat\/escolamansuet\/wp-json\/wp\/v2\/users\/1"}],"replies":[{"embeddable":true,"href":"https:\/\/agora.xtec.cat\/escolamansuet\/wp-json\/wp\/v2\/comments?post=702"}],"version-history":[{"count":7,"href":"https:\/\/agora.xtec.cat\/escolamansuet\/wp-json\/wp\/v2\/pages\/702\/revisions"}],"predecessor-version":[{"id":2356,"href":"https:\/\/agora.xtec.cat\/escolamansuet\/wp-json\/wp\/v2\/pages\/702\/revisions\/2356"}],"up":[{"embeddable":true,"href":"https:\/\/agora.xtec.cat\/escolamansuet\/wp-json\/wp\/v2\/pages\/64"}],"wp:attachment":[{"href":"https:\/\/agora.xtec.cat\/escolamansuet\/wp-json\/wp\/v2\/media?parent=702"}],"curies":[{"name":"wp","href":"https:\/\/api.w.org\/{rel}","templated":true}]}}