{"id":638,"date":"2018-09-24T22:27:02","date_gmt":"2018-09-24T20:27:02","guid":{"rendered":"http:\/\/agora.xtec.cat\/escolamansuet\/?page_id=638"},"modified":"2022-01-12T12:26:25","modified_gmt":"2022-01-12T11:26:25","slug":"xarxa-competencies-basiques","status":"publish","type":"page","link":"https:\/\/agora.xtec.cat\/escolamansuet\/projecte-educatiu\/projectes-2\/xarxa-competencies-basiques\/","title":{"rendered":"Xarxa Compet\u00e8ncies B\u00e0siques"},"content":{"rendered":"<p><a href=\"http:\/\/agora.xtec.cat\/escolamansuet\/wp-content\/uploads\/usu1881\/2018\/09\/lespai-dels-blocs-6.png\"><img loading=\"lazy\" decoding=\"async\" class=\"aligncenter size-large wp-image-1482\" src=\"https:\/\/agora.xtec.cat\/escolamansuet\/wp-content\/uploads\/usu1881\/2021\/11\/7_1-1024x215.jpg\" alt=\"\" width=\"1024\" height=\"215\" srcset=\"https:\/\/agora.xtec.cat\/escolamansuet\/wp-content\/uploads\/usu1881\/2021\/11\/7_1-1024x215.jpg 1024w, https:\/\/agora.xtec.cat\/escolamansuet\/wp-content\/uploads\/usu1881\/2021\/11\/7_1-300x63.jpg 300w, https:\/\/agora.xtec.cat\/escolamansuet\/wp-content\/uploads\/usu1881\/2021\/11\/7_1-768x161.jpg 768w, https:\/\/agora.xtec.cat\/escolamansuet\/wp-content\/uploads\/usu1881\/2021\/11\/7_1-1536x322.jpg 1536w, https:\/\/agora.xtec.cat\/escolamansuet\/wp-content\/uploads\/usu1881\/2021\/11\/7_1-2048x429.jpg 2048w\" sizes=\"auto, (max-width: 1024px) 100vw, 1024px\" \/><\/a><\/p>\n<p style=\"text-align: justify;\"><span style=\"color: #000000;\">Des del curs 2017-2018 l&#8217;Escola Mansuet forma part de la <strong>Xarxa de Compet\u00e8ncies B\u00e0siques<\/strong>.<\/span><\/p>\n<p style=\"text-align: justify;\"><span style=\"color: #000000;\">La <strong>Xarxa CB<\/strong> est\u00e0 formada per un equip de docents que desenvolupen el treball per compet\u00e8ncies als seus centres, elaboren instruments de suport per orientar els processos de reflexi\u00f3 i la gesti\u00f3 del curr\u00edculum per compet\u00e8ncies b\u00e0siques i comparteixen processos d&#8217;autoavaluaci\u00f3.<\/span><\/p>\n<p style=\"text-align: justify;\"><strong><span style=\"color: #000000;\"><a href=\"http:\/\/agora.xtec.cat\/escolamansuet\/wp-content\/uploads\/usu1881\/2018\/09\/XARXA.jpg\"><img loading=\"lazy\" decoding=\"async\" class=\"aligncenter size-large wp-image-640\" src=\"http:\/\/agora.xtec.cat\/escolamansuet\/wp-content\/uploads\/usu1881\/2018\/09\/XARXA.jpg\" alt=\"\" width=\"711\" height=\"598\" srcset=\"https:\/\/agora.xtec.cat\/escolamansuet\/wp-content\/uploads\/usu1881\/2018\/09\/XARXA.jpg 711w, https:\/\/agora.xtec.cat\/escolamansuet\/wp-content\/uploads\/usu1881\/2018\/09\/XARXA-300x252.jpg 300w\" sizes=\"auto, (max-width: 711px) 100vw, 711px\" \/><\/a><\/span><\/strong><\/p>\n<p><a href=\"http:\/\/agora.xtec.cat\/escolamansuet\/wp-content\/uploads\/usu1881\/2018\/09\/XARXA1.jpg\"><img loading=\"lazy\" decoding=\"async\" class=\"aligncenter size-large wp-image-639\" src=\"http:\/\/agora.xtec.cat\/escolamansuet\/wp-content\/uploads\/usu1881\/2018\/09\/XARXA1.jpg\" alt=\"\" width=\"956\" height=\"470\" srcset=\"https:\/\/agora.xtec.cat\/escolamansuet\/wp-content\/uploads\/usu1881\/2018\/09\/XARXA1.jpg 956w, https:\/\/agora.xtec.cat\/escolamansuet\/wp-content\/uploads\/usu1881\/2018\/09\/XARXA1-300x147.jpg 300w, https:\/\/agora.xtec.cat\/escolamansuet\/wp-content\/uploads\/usu1881\/2018\/09\/XARXA1-768x378.jpg 768w\" sizes=\"auto, (max-width: 956px) 100vw, 956px\" \/><\/a><\/p>\n","protected":false},"excerpt":{"rendered":"<p>Des del curs 2017-2018 l&#8217;Escola Mansuet forma part de la Xarxa de Compet\u00e8ncies B\u00e0siques. La Xarxa CB est\u00e0 formada per un equip de docents que desenvolupen el treball per compet\u00e8ncies als seus centres, elaboren instruments de suport per orientar els processos de reflexi\u00f3 i la gesti\u00f3 del curr\u00edculum per compet\u00e8ncies b\u00e0siques i comparteixen processos d&#8217;autoavaluaci\u00f3.<\/p>\n","protected":false},"author":1,"featured_media":0,"parent":586,"menu_order":0,"comment_status":"closed","ping_status":"closed","template":"","meta":{"_bbp_topic_count":0,"_bbp_reply_count":0,"_bbp_total_topic_count":0,"_bbp_total_reply_count":0,"_bbp_voice_count":0,"_bbp_anonymous_reply_count":0,"_bbp_topic_count_hidden":0,"_bbp_reply_count_hidden":0,"_bbp_forum_subforum_count":0,"site-sidebar-layout":"default","site-content-layout":"","ast-site-content-layout":"","site-content-style":"default","site-sidebar-style":"default","ast-global-header-display":"","ast-banner-title-visibility":"","ast-main-header-display":"","ast-hfb-above-header-display":"","ast-hfb-below-header-display":"","ast-hfb-mobile-header-display":"","site-post-title":"","ast-breadcrumbs-content":"","ast-featured-img":"","footer-sml-layout":"","theme-transparent-header-meta":"","adv-header-id-meta":"","stick-header-meta":"","header-above-stick-meta":"","header-main-stick-meta":"","header-below-stick-meta":"","astra-migrate-meta-layouts":"default","ast-page-background-enabled":"default","ast-page-background-meta":{"desktop":{"background-color":"var(--ast-global-color-4)","background-image":"","background-repeat":"repeat","background-position":"center center","background-size":"auto","background-attachment":"scroll","background-type":"","background-media":"","overlay-type":"","overlay-color":"","overlay-opacity":"","overlay-gradient":""},"tablet":{"background-color":"","background-image":"","background-repeat":"repeat","background-position":"center center","background-size":"auto","background-attachment":"scroll","background-type":"","background-media":"","overlay-type":"","overlay-color":"","overlay-opacity":"","overlay-gradient":""},"mobile":{"background-color":"","background-image":"","background-repeat":"repeat","background-position":"center center","background-size":"auto","background-attachment":"scroll","background-type":"","background-media":"","overlay-type":"","overlay-color":"","overlay-opacity":"","overlay-gradient":""}},"ast-content-background-meta":{"desktop":{"background-color":"var(--ast-global-color-5)","background-image":"","background-repeat":"repeat","background-position":"center center","background-size":"auto","background-attachment":"scroll","background-type":"","background-media":"","overlay-type":"","overlay-color":"","overlay-opacity":"","overlay-gradient":""},"tablet":{"background-color":"var(--ast-global-color-5)","background-image":"","background-repeat":"repeat","background-position":"center center","background-size":"auto","background-attachment":"scroll","background-type":"","background-media":"","overlay-type":"","overlay-color":"","overlay-opacity":"","overlay-gradient":""},"mobile":{"background-color":"var(--ast-global-color-5)","background-image":"","background-repeat":"repeat","background-position":"center center","background-size":"auto","background-attachment":"scroll","background-type":"","background-media":"","overlay-type":"","overlay-color":"","overlay-opacity":"","overlay-gradient":""}},"footnotes":""},"class_list":["post-638","page","type-page","status-publish","hentry"],"post_mailing_queue_ids":[],"_links":{"self":[{"href":"https:\/\/agora.xtec.cat\/escolamansuet\/wp-json\/wp\/v2\/pages\/638","targetHints":{"allow":["GET"]}}],"collection":[{"href":"https:\/\/agora.xtec.cat\/escolamansuet\/wp-json\/wp\/v2\/pages"}],"about":[{"href":"https:\/\/agora.xtec.cat\/escolamansuet\/wp-json\/wp\/v2\/types\/page"}],"author":[{"embeddable":true,"href":"https:\/\/agora.xtec.cat\/escolamansuet\/wp-json\/wp\/v2\/users\/1"}],"replies":[{"embeddable":true,"href":"https:\/\/agora.xtec.cat\/escolamansuet\/wp-json\/wp\/v2\/comments?post=638"}],"version-history":[{"count":3,"href":"https:\/\/agora.xtec.cat\/escolamansuet\/wp-json\/wp\/v2\/pages\/638\/revisions"}],"predecessor-version":[{"id":1505,"href":"https:\/\/agora.xtec.cat\/escolamansuet\/wp-json\/wp\/v2\/pages\/638\/revisions\/1505"}],"up":[{"embeddable":true,"href":"https:\/\/agora.xtec.cat\/escolamansuet\/wp-json\/wp\/v2\/pages\/586"}],"wp:attachment":[{"href":"https:\/\/agora.xtec.cat\/escolamansuet\/wp-json\/wp\/v2\/media?parent=638"}],"curies":[{"name":"wp","href":"https:\/\/api.w.org\/{rel}","templated":true}]}}