{"id":634,"date":"2018-09-24T22:09:22","date_gmt":"2018-09-24T20:09:22","guid":{"rendered":"http:\/\/agora.xtec.cat\/escolamansuet\/?page_id=634"},"modified":"2021-11-30T16:31:13","modified_gmt":"2021-11-30T15:31:13","slug":"gep-grup-dexperimentacio-al-plurilinguisme","status":"publish","type":"page","link":"https:\/\/agora.xtec.cat\/escolamansuet\/projecte-educatiu\/projectes-2\/gep-grup-dexperimentacio-al-plurilinguisme\/","title":{"rendered":"GEP (Grup d\u2019Experimentaci\u00f3 al Pluriling\u00fcisme)"},"content":{"rendered":"<p><a href=\"http:\/\/agora.xtec.cat\/escolamansuet\/wp-content\/uploads\/usu1881\/2018\/09\/lespai-dels-blocs-7.png\"><img loading=\"lazy\" decoding=\"async\" class=\"aligncenter size-large wp-image-1484\" src=\"https:\/\/agora.xtec.cat\/escolamansuet\/wp-content\/uploads\/usu1881\/2021\/11\/9_1-1024x215.jpg\" alt=\"\" width=\"1024\" height=\"215\" srcset=\"https:\/\/agora.xtec.cat\/escolamansuet\/wp-content\/uploads\/usu1881\/2021\/11\/9_1-1024x215.jpg 1024w, https:\/\/agora.xtec.cat\/escolamansuet\/wp-content\/uploads\/usu1881\/2021\/11\/9_1-300x63.jpg 300w, https:\/\/agora.xtec.cat\/escolamansuet\/wp-content\/uploads\/usu1881\/2021\/11\/9_1-768x161.jpg 768w, https:\/\/agora.xtec.cat\/escolamansuet\/wp-content\/uploads\/usu1881\/2021\/11\/9_1-1536x322.jpg 1536w, https:\/\/agora.xtec.cat\/escolamansuet\/wp-content\/uploads\/usu1881\/2021\/11\/9_1-2048x429.jpg 2048w\" sizes=\"auto, (max-width: 1024px) 100vw, 1024px\" \/><\/a><\/p>\n<p><a href=\"https:\/\/agora.xtec.cat\/escolamansuet\/wp-content\/uploads\/usu1881\/2019\/03\/GEP1.jpg\"><img loading=\"lazy\" decoding=\"async\" class=\"aligncenter size-full wp-image-884\" src=\"https:\/\/agora.xtec.cat\/escolamansuet\/wp-content\/uploads\/usu1881\/2019\/03\/GEP1.jpg\" alt=\"\" width=\"2376\" height=\"1528\" srcset=\"https:\/\/agora.xtec.cat\/escolamansuet\/wp-content\/uploads\/usu1881\/2019\/03\/GEP1.jpg 2376w, https:\/\/agora.xtec.cat\/escolamansuet\/wp-content\/uploads\/usu1881\/2019\/03\/GEP1-300x193.jpg 300w, https:\/\/agora.xtec.cat\/escolamansuet\/wp-content\/uploads\/usu1881\/2019\/03\/GEP1-768x494.jpg 768w, https:\/\/agora.xtec.cat\/escolamansuet\/wp-content\/uploads\/usu1881\/2019\/03\/GEP1-1024x659.jpg 1024w\" sizes=\"auto, (max-width: 2376px) 100vw, 2376px\" \/><\/a><\/p>\n<p>&nbsp;<\/p>\n<p style=\"text-align: justify;\"><strong>A principis del curs 2015, l\u2019Escola Mansuet va ser seleccionada per formar part del <span style=\"color: #ff0000;\">projecte GEP (Grup d\u2019Experimentaci\u00f3 al Pluriling\u00fcisme). \u00a0<\/span><\/strong><\/p>\n<p style=\"text-align: justify;\"><strong>Quan ens van proposar formar part del projecte GEP, vam reflexionar qu\u00e8 era el que realment ens motivava a engrescar-nos-hi. \u00a0\u00a0Aquest projecte ens permetria seguir apostant per una &#8230;<\/strong><\/p>\n<ul>\n<li style=\"padding-left: 30px;\"><strong>Metodologia activa.<\/strong><\/li>\n<li style=\"padding-left: 30px;\"><strong>\u00das significatiu de l\u2019angl\u00e8s.<\/strong><\/li>\n<li style=\"padding-left: 30px;\"><strong>Treball competencial i transversal<\/strong><\/li>\n<li style=\"padding-left: 30px;\"><strong>Nous reptes per al professorat i per l\u2019alumnat.<\/strong><\/li>\n<li style=\"padding-left: 30px;\"><strong>Innovaci\u00f3 i millora constant en el nostre projecte educatiu<\/strong><\/li>\n<li style=\"padding-left: 30px;\"><strong>aposta ferma per les Noves tecnologies.<\/strong><\/li>\n<li style=\"padding-left: 30px;\"><strong>Treball col\u00b7laboratiu.<\/strong><\/li>\n<\/ul>\n<p style=\"text-align: justify;\"><strong style=\"text-align: justify;\">Com a punt de partida, i per donar continu\u00eftat a la SCIENCE, vam voler iniciar una hora setmanal d\u2019experiments en angl\u00e8s\u00a0amb els alumnes de 5\u00e8 i 6\u00e8. Vam voler centrar-nos amb la introducci\u00f3 del<\/strong><strong>\u00a0M\u00c8TODE CIENT\u00cdFIC, tot realitzant alguns experiments senzills i, seguidament, alguns projectes de recerca i experimentaci\u00f3.<\/strong><\/p>\n<p style=\"text-align: justify;\"><strong>Despr\u00e9s de dos anys de formaci\u00f3 i de la instauraci\u00f3 del projecte al nostre centre, vam estar escollides pel departament d\u2019Ensenyament i convidades a presentar el projecte innovador i exit\u00f3s davant de totes les escoles que volen introduir-se en aquesta iniciativa pluriling\u00fc\u00edstica.\u00a0<\/strong><\/p>\n","protected":false},"excerpt":{"rendered":"<p>&nbsp; A principis del curs 2015, l\u2019Escola Mansuet va ser seleccionada per formar part del projecte GEP (Grup d\u2019Experimentaci\u00f3 al Pluriling\u00fcisme). \u00a0 Quan ens van proposar formar part del projecte GEP, vam reflexionar qu\u00e8 era el que realment ens motivava a engrescar-nos-hi. \u00a0\u00a0Aquest projecte ens permetria seguir apostant per una &#8230; Metodologia activa. \u00das significatiu [&hellip;]<\/p>\n","protected":false},"author":1,"featured_media":0,"parent":586,"menu_order":0,"comment_status":"closed","ping_status":"closed","template":"","meta":{"_bbp_topic_count":0,"_bbp_reply_count":0,"_bbp_total_topic_count":0,"_bbp_total_reply_count":0,"_bbp_voice_count":0,"_bbp_anonymous_reply_count":0,"_bbp_topic_count_hidden":0,"_bbp_reply_count_hidden":0,"_bbp_forum_subforum_count":0,"site-sidebar-layout":"default","site-content-layout":"","ast-site-content-layout":"","site-content-style":"default","site-sidebar-style":"default","ast-global-header-display":"","ast-banner-title-visibility":"","ast-main-header-display":"","ast-hfb-above-header-display":"","ast-hfb-below-header-display":"","ast-hfb-mobile-header-display":"","site-post-title":"","ast-breadcrumbs-content":"","ast-featured-img":"","footer-sml-layout":"","theme-transparent-header-meta":"","adv-header-id-meta":"","stick-header-meta":"","header-above-stick-meta":"","header-main-stick-meta":"","header-below-stick-meta":"","astra-migrate-meta-layouts":"default","ast-page-background-enabled":"default","ast-page-background-meta":{"desktop":{"background-color":"var(--ast-global-color-4)","background-image":"","background-repeat":"repeat","background-position":"center center","background-size":"auto","background-attachment":"scroll","background-type":"","background-media":"","overlay-type":"","overlay-color":"","overlay-opacity":"","overlay-gradient":""},"tablet":{"background-color":"","background-image":"","background-repeat":"repeat","background-position":"center center","background-size":"auto","background-attachment":"scroll","background-type":"","background-media":"","overlay-type":"","overlay-color":"","overlay-opacity":"","overlay-gradient":""},"mobile":{"background-color":"","background-image":"","background-repeat":"repeat","background-position":"center center","background-size":"auto","background-attachment":"scroll","background-type":"","background-media":"","overlay-type":"","overlay-color":"","overlay-opacity":"","overlay-gradient":""}},"ast-content-background-meta":{"desktop":{"background-color":"var(--ast-global-color-5)","background-image":"","background-repeat":"repeat","background-position":"center center","background-size":"auto","background-attachment":"scroll","background-type":"","background-media":"","overlay-type":"","overlay-color":"","overlay-opacity":"","overlay-gradient":""},"tablet":{"background-color":"var(--ast-global-color-5)","background-image":"","background-repeat":"repeat","background-position":"center center","background-size":"auto","background-attachment":"scroll","background-type":"","background-media":"","overlay-type":"","overlay-color":"","overlay-opacity":"","overlay-gradient":""},"mobile":{"background-color":"var(--ast-global-color-5)","background-image":"","background-repeat":"repeat","background-position":"center center","background-size":"auto","background-attachment":"scroll","background-type":"","background-media":"","overlay-type":"","overlay-color":"","overlay-opacity":"","overlay-gradient":""}},"footnotes":""},"class_list":["post-634","page","type-page","status-publish","hentry"],"post_mailing_queue_ids":[],"_links":{"self":[{"href":"https:\/\/agora.xtec.cat\/escolamansuet\/wp-json\/wp\/v2\/pages\/634","targetHints":{"allow":["GET"]}}],"collection":[{"href":"https:\/\/agora.xtec.cat\/escolamansuet\/wp-json\/wp\/v2\/pages"}],"about":[{"href":"https:\/\/agora.xtec.cat\/escolamansuet\/wp-json\/wp\/v2\/types\/page"}],"author":[{"embeddable":true,"href":"https:\/\/agora.xtec.cat\/escolamansuet\/wp-json\/wp\/v2\/users\/1"}],"replies":[{"embeddable":true,"href":"https:\/\/agora.xtec.cat\/escolamansuet\/wp-json\/wp\/v2\/comments?post=634"}],"version-history":[{"count":3,"href":"https:\/\/agora.xtec.cat\/escolamansuet\/wp-json\/wp\/v2\/pages\/634\/revisions"}],"predecessor-version":[{"id":1497,"href":"https:\/\/agora.xtec.cat\/escolamansuet\/wp-json\/wp\/v2\/pages\/634\/revisions\/1497"}],"up":[{"embeddable":true,"href":"https:\/\/agora.xtec.cat\/escolamansuet\/wp-json\/wp\/v2\/pages\/586"}],"wp:attachment":[{"href":"https:\/\/agora.xtec.cat\/escolamansuet\/wp-json\/wp\/v2\/media?parent=634"}],"curies":[{"name":"wp","href":"https:\/\/api.w.org\/{rel}","templated":true}]}}