{"id":1802,"date":"2022-11-25T09:26:53","date_gmt":"2022-11-25T08:26:53","guid":{"rendered":"https:\/\/agora.xtec.cat\/escolamansuet\/?page_id=1802"},"modified":"2022-11-25T09:26:53","modified_gmt":"2022-11-25T08:26:53","slug":"coeducacio","status":"publish","type":"page","link":"https:\/\/agora.xtec.cat\/escolamansuet\/projecte-educatiu\/coeducacio\/","title":{"rendered":"COEDUCACI\u00d3"},"content":{"rendered":"<p><a href=\"https:\/\/agora.xtec.cat\/escolamansuet\/wp-content\/uploads\/usu1881\/2022\/11\/ENCAPCALAMENT-WEB.jpg\"><img loading=\"lazy\" decoding=\"async\" class=\"aligncenter size-full wp-image-1803\" src=\"https:\/\/agora.xtec.cat\/escolamansuet\/wp-content\/uploads\/usu1881\/2022\/11\/ENCAPCALAMENT-WEB.jpg\" alt=\"\" width=\"2480\" height=\"520\" srcset=\"https:\/\/agora.xtec.cat\/escolamansuet\/wp-content\/uploads\/usu1881\/2022\/11\/ENCAPCALAMENT-WEB.jpg 2480w, https:\/\/agora.xtec.cat\/escolamansuet\/wp-content\/uploads\/usu1881\/2022\/11\/ENCAPCALAMENT-WEB-300x63.jpg 300w, https:\/\/agora.xtec.cat\/escolamansuet\/wp-content\/uploads\/usu1881\/2022\/11\/ENCAPCALAMENT-WEB-1024x215.jpg 1024w, https:\/\/agora.xtec.cat\/escolamansuet\/wp-content\/uploads\/usu1881\/2022\/11\/ENCAPCALAMENT-WEB-768x161.jpg 768w, https:\/\/agora.xtec.cat\/escolamansuet\/wp-content\/uploads\/usu1881\/2022\/11\/ENCAPCALAMENT-WEB-1536x322.jpg 1536w, https:\/\/agora.xtec.cat\/escolamansuet\/wp-content\/uploads\/usu1881\/2022\/11\/ENCAPCALAMENT-WEB-2048x429.jpg 2048w\" sizes=\"auto, (max-width: 2480px) 100vw, 2480px\" \/><\/a><\/p>\n<p style=\"text-align: justify;\"><span style=\"color: #000000;\">La <strong><span style=\"color: #800080;\">coeducaci\u00f3<\/span> <\/strong>\u00e9s l\u2019acci\u00f3 educadora que potencia la igualtat real d\u2019oportunitats i valora indistintament l\u2019experi\u00e8ncia, les aptituds i l\u2019aportaci\u00f3 social i cultural de dones i homes, en igualtat de drets, sense estereotips sexistes, homof\u00f2bics, bif\u00f2bics, transf\u00f2bics o androc\u00e8ntrics ni actituds discriminat\u00f2ries per ra\u00f3 de sexe, orientaci\u00f3 sexual, identitat de g\u00e8nere o expressi\u00f3 de g\u00e8nere.<\/span><\/p>\n<p style=\"text-align: justify;\"><span style=\"color: #000000;\">Des del l&#8217;escola Mansuet, treballem amb perspectiva de g\u00e8nere, considerant les difer\u00e8ncies per sexe i g\u00e8nere en tota activitat, amb l\u2019objectiu de reflexionar-hi per trobar l\u00ednies d\u2019acci\u00f3 que permetin prevenir i resoldre desigualtats. Alhora, implementem la perspectiva de g\u00e8nere amb una mirada interseccional, valorant com el g\u00e8nere interactua amb altres condicionants que tamb\u00e9 travessen les persones, com poden ser la situaci\u00f3 de discapacitat, origen, classe.<\/span><\/p>\n<p style=\"text-align: justify;\"><span style=\"color: #000000;\">Incorporem la coeducaci\u00f3 a tots els nivells, en la programaci\u00f3 educativa i el curr\u00edculum, a l\u2019efecte d\u2019afavorir el desenvolupament de les persones al marge dels estereotips i rols en funci\u00f3 del sexe, garantint una orientaci\u00f3 personal, acad\u00e8mica i professional lliure de biaixos sexistes i androc\u00e8ntrics, evitant tota discriminaci\u00f3 associada al sexe o g\u00e8nere.<\/span><\/p>\n<p style=\"text-align: justify;\"><span style=\"color: #000000;\">La coeducaci\u00f3 \u00e9s l\u2019eina que permet prevenir i abordar les viol\u00e8ncies masclistes.<\/span><\/p>\n","protected":false},"excerpt":{"rendered":"<p>La coeducaci\u00f3 \u00e9s l\u2019acci\u00f3 educadora que potencia la igualtat real d\u2019oportunitats i valora indistintament l\u2019experi\u00e8ncia, les aptituds i l\u2019aportaci\u00f3 social i cultural de dones i homes, en igualtat de drets, sense estereotips sexistes, homof\u00f2bics, bif\u00f2bics, transf\u00f2bics o androc\u00e8ntrics ni actituds discriminat\u00f2ries per ra\u00f3 de sexe, orientaci\u00f3 sexual, identitat de g\u00e8nere o expressi\u00f3 de g\u00e8nere. Des [&hellip;]<\/p>\n","protected":false},"author":1,"featured_media":0,"parent":64,"menu_order":5,"comment_status":"closed","ping_status":"closed","template":"","meta":{"_bbp_topic_count":0,"_bbp_reply_count":0,"_bbp_total_topic_count":0,"_bbp_total_reply_count":0,"_bbp_voice_count":0,"_bbp_anonymous_reply_count":0,"_bbp_topic_count_hidden":0,"_bbp_reply_count_hidden":0,"_bbp_forum_subforum_count":0,"site-sidebar-layout":"default","site-content-layout":"","ast-site-content-layout":"","site-content-style":"default","site-sidebar-style":"default","ast-global-header-display":"","ast-banner-title-visibility":"","ast-main-header-display":"","ast-hfb-above-header-display":"","ast-hfb-below-header-display":"","ast-hfb-mobile-header-display":"","site-post-title":"","ast-breadcrumbs-content":"","ast-featured-img":"","footer-sml-layout":"","theme-transparent-header-meta":"","adv-header-id-meta":"","stick-header-meta":"","header-above-stick-meta":"","header-main-stick-meta":"","header-below-stick-meta":"","astra-migrate-meta-layouts":"default","ast-page-background-enabled":"default","ast-page-background-meta":{"desktop":{"background-color":"var(--ast-global-color-4)","background-image":"","background-repeat":"repeat","background-position":"center center","background-size":"auto","background-attachment":"scroll","background-type":"","background-media":"","overlay-type":"","overlay-color":"","overlay-opacity":"","overlay-gradient":""},"tablet":{"background-color":"","background-image":"","background-repeat":"repeat","background-position":"center center","background-size":"auto","background-attachment":"scroll","background-type":"","background-media":"","overlay-type":"","overlay-color":"","overlay-opacity":"","overlay-gradient":""},"mobile":{"background-color":"","background-image":"","background-repeat":"repeat","background-position":"center center","background-size":"auto","background-attachment":"scroll","background-type":"","background-media":"","overlay-type":"","overlay-color":"","overlay-opacity":"","overlay-gradient":""}},"ast-content-background-meta":{"desktop":{"background-color":"var(--ast-global-color-5)","background-image":"","background-repeat":"repeat","background-position":"center center","background-size":"auto","background-attachment":"scroll","background-type":"","background-media":"","overlay-type":"","overlay-color":"","overlay-opacity":"","overlay-gradient":""},"tablet":{"background-color":"var(--ast-global-color-5)","background-image":"","background-repeat":"repeat","background-position":"center center","background-size":"auto","background-attachment":"scroll","background-type":"","background-media":"","overlay-type":"","overlay-color":"","overlay-opacity":"","overlay-gradient":""},"mobile":{"background-color":"var(--ast-global-color-5)","background-image":"","background-repeat":"repeat","background-position":"center center","background-size":"auto","background-attachment":"scroll","background-type":"","background-media":"","overlay-type":"","overlay-color":"","overlay-opacity":"","overlay-gradient":""}},"footnotes":""},"class_list":["post-1802","page","type-page","status-publish","hentry"],"post_mailing_queue_ids":[],"_links":{"self":[{"href":"https:\/\/agora.xtec.cat\/escolamansuet\/wp-json\/wp\/v2\/pages\/1802","targetHints":{"allow":["GET"]}}],"collection":[{"href":"https:\/\/agora.xtec.cat\/escolamansuet\/wp-json\/wp\/v2\/pages"}],"about":[{"href":"https:\/\/agora.xtec.cat\/escolamansuet\/wp-json\/wp\/v2\/types\/page"}],"author":[{"embeddable":true,"href":"https:\/\/agora.xtec.cat\/escolamansuet\/wp-json\/wp\/v2\/users\/1"}],"replies":[{"embeddable":true,"href":"https:\/\/agora.xtec.cat\/escolamansuet\/wp-json\/wp\/v2\/comments?post=1802"}],"version-history":[{"count":1,"href":"https:\/\/agora.xtec.cat\/escolamansuet\/wp-json\/wp\/v2\/pages\/1802\/revisions"}],"predecessor-version":[{"id":1804,"href":"https:\/\/agora.xtec.cat\/escolamansuet\/wp-json\/wp\/v2\/pages\/1802\/revisions\/1804"}],"up":[{"embeddable":true,"href":"https:\/\/agora.xtec.cat\/escolamansuet\/wp-json\/wp\/v2\/pages\/64"}],"wp:attachment":[{"href":"https:\/\/agora.xtec.cat\/escolamansuet\/wp-json\/wp\/v2\/media?parent=1802"}],"curies":[{"name":"wp","href":"https:\/\/api.w.org\/{rel}","templated":true}]}}