{"id":3680,"date":"2022-05-30T10:11:05","date_gmt":"2022-05-30T08:11:05","guid":{"rendered":"https:\/\/agora.xtec.cat\/escolamagimorera\/?page_id=3680"},"modified":"2026-03-11T13:18:00","modified_gmt":"2026-03-11T12:18:00","slug":"estrategia-digital-de-centre","status":"publish","type":"page","link":"https:\/\/agora.xtec.cat\/escolamagimorera\/projecte-educatiu\/estrategia-digital-de-centre\/","title":{"rendered":"Estrat\u00e8gia Digital De Centre"},"content":{"rendered":"<p>L&#8217;estrat\u00e8gia digital de centre (EDC) defineix i concreta les l\u00ednies d&#8217;actuaci\u00f3 d&#8217;un centre que fan possible que docents, alumnat i centre assoleixin la compet\u00e8ncia digital. Per aconseguir aquesta compet\u00e8ncia digital, l&#8217;EDC compr\u00e8n tots els \u00e0mbits del centre: organitzatius, metodol\u00f2gics, curriculars i comunicatius, els quals s&#8217;han de veure necess\u00e0riament implicats i, si escau, transformats, des d\u2019una perspectiva d&#8217;innovaci\u00f3 i de millora cont\u00ednua.<\/p>\n<p>Per tal de con\u00e8ixer l\u2019estrat\u00e8gia digital del centre podeu consultar els apartats: l\u2019estrat\u00e8gia digital i la cultura digital del centre.<\/p>\n<p>&nbsp;<\/p>\n<p><a href=\"https:\/\/agora.xtec.cat\/escolamagimorera\/projecte-educatiu\/estrategia-digital-de-centre\/part-estrategica\/\"><img loading=\"lazy\" decoding=\"async\" class=\"alignnone size-medium wp-image-5059 alignleft\" src=\"https:\/\/agora.xtec.cat\/escolamagimorera\/wp-content\/uploads\/usu1188\/2025\/11\/Cultura-digital-1-300x300.png\" alt=\"\" width=\"300\" height=\"300\" srcset=\"https:\/\/agora.xtec.cat\/escolamagimorera\/wp-content\/uploads\/usu1188\/2025\/11\/Cultura-digital-1-300x300.png 300w, https:\/\/agora.xtec.cat\/escolamagimorera\/wp-content\/uploads\/usu1188\/2025\/11\/Cultura-digital-1-150x150.png 150w, https:\/\/agora.xtec.cat\/escolamagimorera\/wp-content\/uploads\/usu1188\/2025\/11\/Cultura-digital-1.png 500w\" sizes=\"auto, (max-width: 300px) 100vw, 300px\" \/><\/a> <a href=\"https:\/\/agora.xtec.cat\/escolamagimorera\/projecte-educatiu\/estrategia-digital-de-centre\/cultura-digital-2\/\"><img loading=\"lazy\" decoding=\"async\" class=\"alignnone wp-image-5060 alignleft\" src=\"https:\/\/agora.xtec.cat\/escolamagimorera\/wp-content\/uploads\/usu1188\/2025\/11\/Cultura-digital-300x300.png\" alt=\"\" width=\"289\" height=\"289\" srcset=\"https:\/\/agora.xtec.cat\/escolamagimorera\/wp-content\/uploads\/usu1188\/2025\/11\/Cultura-digital-300x300.png 300w, https:\/\/agora.xtec.cat\/escolamagimorera\/wp-content\/uploads\/usu1188\/2025\/11\/Cultura-digital-150x150.png 150w, https:\/\/agora.xtec.cat\/escolamagimorera\/wp-content\/uploads\/usu1188\/2025\/11\/Cultura-digital.png 500w\" sizes=\"auto, (max-width: 289px) 100vw, 289px\" \/><\/a><\/p>\n","protected":false},"excerpt":{"rendered":"<p>L&#8217;estrat\u00e8gia digital de centre (EDC) defineix i concreta les l\u00ednies d&#8217;actuaci\u00f3 d&#8217;un centre que fan possible que docents, alumnat i centre assoleixin la compet\u00e8ncia digital. Per aconseguir aquesta compet\u00e8ncia digital, l&#8217;EDC compr\u00e8n tots els \u00e0mbits del centre: organitzatius, metodol\u00f2gics, curriculars i comunicatius, els quals s&#8217;han de veure necess\u00e0riament implicats i, si escau, transformats, des d\u2019una [&hellip;]<\/p>\n","protected":false},"author":1,"featured_media":0,"parent":64,"menu_order":0,"comment_status":"closed","ping_status":"closed","template":"","meta":{"_bbp_topic_count":0,"_bbp_reply_count":0,"_bbp_total_topic_count":0,"_bbp_total_reply_count":0,"_bbp_voice_count":0,"_bbp_anonymous_reply_count":0,"_bbp_topic_count_hidden":0,"_bbp_reply_count_hidden":0,"_bbp_forum_subforum_count":0,"site-sidebar-layout":"default","site-content-layout":"","ast-site-content-layout":"default","site-content-style":"default","site-sidebar-style":"default","ast-global-header-display":"","ast-banner-title-visibility":"","ast-main-header-display":"","ast-hfb-above-header-display":"","ast-hfb-below-header-display":"","ast-hfb-mobile-header-display":"","site-post-title":"","ast-breadcrumbs-content":"","ast-featured-img":"","footer-sml-layout":"","theme-transparent-header-meta":"default","adv-header-id-meta":"","stick-header-meta":"","header-above-stick-meta":"","header-main-stick-meta":"","header-below-stick-meta":"","astra-migrate-meta-layouts":"set","ast-page-background-enabled":"default","ast-page-background-meta":{"desktop":{"background-color":"var(--ast-global-color-4)","background-image":"","background-repeat":"repeat","background-position":"center center","background-size":"auto","background-attachment":"scroll","background-type":"","background-media":"","overlay-type":"","overlay-color":"","overlay-opacity":"","overlay-gradient":""},"tablet":{"background-color":"","background-image":"","background-repeat":"repeat","background-position":"center center","background-size":"auto","background-attachment":"scroll","background-type":"","background-media":"","overlay-type":"","overlay-color":"","overlay-opacity":"","overlay-gradient":""},"mobile":{"background-color":"","background-image":"","background-repeat":"repeat","background-position":"center center","background-size":"auto","background-attachment":"scroll","background-type":"","background-media":"","overlay-type":"","overlay-color":"","overlay-opacity":"","overlay-gradient":""}},"ast-content-background-meta":{"desktop":{"background-color":"var(--ast-global-color-5)","background-image":"","background-repeat":"repeat","background-position":"center center","background-size":"auto","background-attachment":"scroll","background-type":"","background-media":"","overlay-type":"","overlay-color":"","overlay-opacity":"","overlay-gradient":""},"tablet":{"background-color":"var(--ast-global-color-5)","background-image":"","background-repeat":"repeat","background-position":"center center","background-size":"auto","background-attachment":"scroll","background-type":"","background-media":"","overlay-type":"","overlay-color":"","overlay-opacity":"","overlay-gradient":""},"mobile":{"background-color":"var(--ast-global-color-5)","background-image":"","background-repeat":"repeat","background-position":"center center","background-size":"auto","background-attachment":"scroll","background-type":"","background-media":"","overlay-type":"","overlay-color":"","overlay-opacity":"","overlay-gradient":""}},"footnotes":""},"class_list":["post-3680","page","type-page","status-publish","hentry"],"post_mailing_queue_ids":[],"_links":{"self":[{"href":"https:\/\/agora.xtec.cat\/escolamagimorera\/wp-json\/wp\/v2\/pages\/3680","targetHints":{"allow":["GET"]}}],"collection":[{"href":"https:\/\/agora.xtec.cat\/escolamagimorera\/wp-json\/wp\/v2\/pages"}],"about":[{"href":"https:\/\/agora.xtec.cat\/escolamagimorera\/wp-json\/wp\/v2\/types\/page"}],"author":[{"embeddable":true,"href":"https:\/\/agora.xtec.cat\/escolamagimorera\/wp-json\/wp\/v2\/users\/1"}],"replies":[{"embeddable":true,"href":"https:\/\/agora.xtec.cat\/escolamagimorera\/wp-json\/wp\/v2\/comments?post=3680"}],"version-history":[{"count":6,"href":"https:\/\/agora.xtec.cat\/escolamagimorera\/wp-json\/wp\/v2\/pages\/3680\/revisions"}],"predecessor-version":[{"id":5230,"href":"https:\/\/agora.xtec.cat\/escolamagimorera\/wp-json\/wp\/v2\/pages\/3680\/revisions\/5230"}],"up":[{"embeddable":true,"href":"https:\/\/agora.xtec.cat\/escolamagimorera\/wp-json\/wp\/v2\/pages\/64"}],"wp:attachment":[{"href":"https:\/\/agora.xtec.cat\/escolamagimorera\/wp-json\/wp\/v2\/media?parent=3680"}],"curies":[{"name":"wp","href":"https:\/\/api.w.org\/{rel}","templated":true}]}}