{"id":30,"date":"2014-09-18T12:30:23","date_gmt":"2014-09-18T12:30:23","guid":{"rendered":"http:\/\/agora.xtec.cat\/escolamagimorera\/?page_id=30"},"modified":"2017-06-02T13:54:30","modified_gmt":"2017-06-02T11:54:30","slug":"instal%c2%b7lacions","status":"publish","type":"page","link":"https:\/\/agora.xtec.cat\/escolamagimorera\/lescola\/instal%c2%b7lacions\/","title":{"rendered":"Instal\u00b7lacions"},"content":{"rendered":"<p>A continuaci\u00f3 us mostrarem els espais on els nostres alumnes aprenen, descobreixen, els relacionen i es diverteixen. Tots els espais estan adaptats per tal de satisfer les necessitats educatives i personals dels nostres infants.<\/p>\n<p>Una educaci\u00f3 de qualitat requereix uns espais de qualitat. \u00c9s per aix\u00f2 que la nostra escola compta d&#8217;unes instal\u00b7lacions molt modernes i d&#8217;espais molt v\u00e0lids. A m\u00e9s a m\u00e9s de les aules ordin\u00e0ries, l&#8217;escola compta amb aules de m\u00fasica, d&#8217;inform\u00e0tica, de psicomotricitat, biblioteca, zones d&#8217;esbarjo amb pistes de futbol i b\u00e0squet, banys, sales de reunions i un poliesportiu cobert.<\/p>\n<p>Tots els espais del centre tenen connexi\u00f3 Wi-fi i compleixen les mesures de seguretat.<\/p>\n<h4>Espais del centre<\/h4>\n<table style=\"border-color: #ffffff; background-color: #ffffff;\" border=\"0\">\n<tbody>\n<tr style=\"height: 216px;\">\n<td style=\"height: 216px;\"><a href=\"http:\/\/agora.xtec.cat\/escolamagimorera\/wp-content\/uploads\/usu1188\/2014\/09\/P3.jpg\"><img loading=\"lazy\" decoding=\"async\" class=\"wp-image-984 aligncenter\" src=\"http:\/\/agora.xtec.cat\/escolamagimorera\/wp-content\/uploads\/usu1188\/2014\/09\/P3-1024x768.jpg\" width=\"246\" height=\"185\" srcset=\"https:\/\/agora.xtec.cat\/escolamagimorera\/wp-content\/uploads\/usu1188\/2014\/09\/P3-1024x768.jpg 1024w, https:\/\/agora.xtec.cat\/escolamagimorera\/wp-content\/uploads\/usu1188\/2014\/09\/P3-300x225.jpg 300w, https:\/\/agora.xtec.cat\/escolamagimorera\/wp-content\/uploads\/usu1188\/2014\/09\/P3-768x576.jpg 768w, https:\/\/agora.xtec.cat\/escolamagimorera\/wp-content\/uploads\/usu1188\/2014\/09\/P3-200x150.jpg 200w\" sizes=\"auto, (max-width: 246px) 100vw, 246px\" \/><\/a><\/td>\n<td style=\"height: 216px;\"><a href=\"http:\/\/agora.xtec.cat\/escolamagimorera\/wp-content\/uploads\/usu1188\/2014\/09\/AULA-PSICOMOTRICITAT.jpg\"><img loading=\"lazy\" decoding=\"async\" class=\"alignnone wp-image-985 \" src=\"http:\/\/agora.xtec.cat\/escolamagimorera\/wp-content\/uploads\/usu1188\/2014\/09\/AULA-PSICOMOTRICITAT-1024x768.jpg\" width=\"260\" height=\"195\" srcset=\"https:\/\/agora.xtec.cat\/escolamagimorera\/wp-content\/uploads\/usu1188\/2014\/09\/AULA-PSICOMOTRICITAT-1024x768.jpg 1024w, https:\/\/agora.xtec.cat\/escolamagimorera\/wp-content\/uploads\/usu1188\/2014\/09\/AULA-PSICOMOTRICITAT-300x225.jpg 300w, https:\/\/agora.xtec.cat\/escolamagimorera\/wp-content\/uploads\/usu1188\/2014\/09\/AULA-PSICOMOTRICITAT-768x576.jpg 768w, https:\/\/agora.xtec.cat\/escolamagimorera\/wp-content\/uploads\/usu1188\/2014\/09\/AULA-PSICOMOTRICITAT-200x150.jpg 200w\" sizes=\"auto, (max-width: 260px) 100vw, 260px\" \/><\/a><\/td>\n<td style=\"height: 216px;\"><a href=\"http:\/\/agora.xtec.cat\/escolamagimorera\/wp-content\/uploads\/usu1188\/2014\/09\/PATI-P4.jpg\"><img loading=\"lazy\" decoding=\"async\" class=\"wp-image-986 aligncenter\" src=\"http:\/\/agora.xtec.cat\/escolamagimorera\/wp-content\/uploads\/usu1188\/2014\/09\/PATI-P4-768x1024.jpg\" width=\"169\" height=\"226\" srcset=\"https:\/\/agora.xtec.cat\/escolamagimorera\/wp-content\/uploads\/usu1188\/2014\/09\/PATI-P4-768x1024.jpg 768w, https:\/\/agora.xtec.cat\/escolamagimorera\/wp-content\/uploads\/usu1188\/2014\/09\/PATI-P4-225x300.jpg 225w, https:\/\/agora.xtec.cat\/escolamagimorera\/wp-content\/uploads\/usu1188\/2014\/09\/PATI-P4.jpg 1440w\" sizes=\"auto, (max-width: 169px) 100vw, 169px\" \/><\/a><\/td>\n<\/tr>\n<tr style=\"height: 52px;\">\n<td style=\"height: 52px; text-align: center;\">Aula Educaci\u00f3 Infantil<\/td>\n<td style=\"height: 52px; text-align: center;\">Aula de psicomotricitat<\/td>\n<td style=\"height: 52px; text-align: center;\">Pati interior de P4<\/td>\n<\/tr>\n<tr style=\"height: 216px;\">\n<td style=\"height: 216px;\">\n<a href=\"http:\/\/agora.xtec.cat\/escolamagimorera\/wp-content\/uploads\/usu1188\/2014\/09\/PATI-P5.jpg\"><img loading=\"lazy\" decoding=\"async\" class=\"wp-image-988 aligncenter\" src=\"http:\/\/agora.xtec.cat\/escolamagimorera\/wp-content\/uploads\/usu1188\/2014\/09\/PATI-P5-1024x768.jpg\" alt=\"PATI P5\" width=\"245\" height=\"184\" srcset=\"https:\/\/agora.xtec.cat\/escolamagimorera\/wp-content\/uploads\/usu1188\/2014\/09\/PATI-P5-1024x768.jpg 1024w, https:\/\/agora.xtec.cat\/escolamagimorera\/wp-content\/uploads\/usu1188\/2014\/09\/PATI-P5-300x225.jpg 300w, https:\/\/agora.xtec.cat\/escolamagimorera\/wp-content\/uploads\/usu1188\/2014\/09\/PATI-P5-768x576.jpg 768w, https:\/\/agora.xtec.cat\/escolamagimorera\/wp-content\/uploads\/usu1188\/2014\/09\/PATI-P5-200x150.jpg 200w\" sizes=\"auto, (max-width: 245px) 100vw, 245px\" \/><\/a><\/td>\n<td style=\"height: 216px;\"><a href=\"http:\/\/agora.xtec.cat\/escolamagimorera\/wp-content\/uploads\/usu1188\/2014\/09\/IMG-20170602-WA0002.jpg\"><img loading=\"lazy\" decoding=\"async\" class=\"aligncenter wp-image-990\" src=\"http:\/\/agora.xtec.cat\/escolamagimorera\/wp-content\/uploads\/usu1188\/2014\/09\/IMG-20170602-WA0002-576x1024.jpg\" alt=\"IMG-20170602-WA0002\" width=\"142\" height=\"252\" srcset=\"https:\/\/agora.xtec.cat\/escolamagimorera\/wp-content\/uploads\/usu1188\/2014\/09\/IMG-20170602-WA0002-576x1024.jpg 576w, https:\/\/agora.xtec.cat\/escolamagimorera\/wp-content\/uploads\/usu1188\/2014\/09\/IMG-20170602-WA0002-169x300.jpg 169w, https:\/\/agora.xtec.cat\/escolamagimorera\/wp-content\/uploads\/usu1188\/2014\/09\/IMG-20170602-WA0002-768x1365.jpg 768w, https:\/\/agora.xtec.cat\/escolamagimorera\/wp-content\/uploads\/usu1188\/2014\/09\/IMG-20170602-WA0002.jpg 900w\" sizes=\"auto, (max-width: 142px) 100vw, 142px\" \/><\/a><\/td>\n<td style=\"height: 216px;\"><a href=\"http:\/\/agora.xtec.cat\/escolamagimorera\/wp-content\/uploads\/usu1188\/2014\/09\/RACO-ESCOLTAM.jpg\"><img loading=\"lazy\" decoding=\"async\" class=\"aligncenter wp-image-989\" src=\"http:\/\/agora.xtec.cat\/escolamagimorera\/wp-content\/uploads\/usu1188\/2014\/09\/RACO-ESCOLTAM-1024x768.jpg\" alt=\"RACO ESCOLTAM\" width=\"247\" height=\"186\" srcset=\"https:\/\/agora.xtec.cat\/escolamagimorera\/wp-content\/uploads\/usu1188\/2014\/09\/RACO-ESCOLTAM-1024x768.jpg 1024w, https:\/\/agora.xtec.cat\/escolamagimorera\/wp-content\/uploads\/usu1188\/2014\/09\/RACO-ESCOLTAM-300x225.jpg 300w, https:\/\/agora.xtec.cat\/escolamagimorera\/wp-content\/uploads\/usu1188\/2014\/09\/RACO-ESCOLTAM-768x576.jpg 768w, https:\/\/agora.xtec.cat\/escolamagimorera\/wp-content\/uploads\/usu1188\/2014\/09\/RACO-ESCOLTAM-200x150.jpg 200w\" sizes=\"auto, (max-width: 247px) 100vw, 247px\" \/><\/a><\/td>\n<\/tr>\n<tr style=\"height: 36px;\">\n<td style=\"height: 36px; text-align: center;\">Pati interior de P5<\/td>\n<td style=\"height: 36px; text-align: center;\">Racons a educaci\u00f3 infantil<\/td>\n<td style=\"height: 36px; text-align: center;\">Rac\u00f3 de l&#8217;Escolta&#8217;m<\/td>\n<\/tr>\n<tr style=\"height: 241px;\">\n<td style=\"height: 241px;\"><a href=\"http:\/\/agora.xtec.cat\/escolamagimorera\/wp-content\/uploads\/usu1188\/2014\/09\/biblioteca.jpg\"><img loading=\"lazy\" decoding=\"async\" class=\" wp-image-206 aligncenter\" src=\"http:\/\/agora.xtec.cat\/escolamagimorera\/wp-content\/uploads\/usu1188\/2014\/09\/biblioteca.jpg\" alt=\"biblioteca\" width=\"267\" height=\"200\" srcset=\"https:\/\/agora.xtec.cat\/escolamagimorera\/wp-content\/uploads\/usu1188\/2014\/09\/biblioteca.jpg 600w, https:\/\/agora.xtec.cat\/escolamagimorera\/wp-content\/uploads\/usu1188\/2014\/09\/biblioteca-300x225.jpg 300w, https:\/\/agora.xtec.cat\/escolamagimorera\/wp-content\/uploads\/usu1188\/2014\/09\/biblioteca-200x150.jpg 200w\" sizes=\"auto, (max-width: 267px) 100vw, 267px\" \/><\/a><\/td>\n<td style=\"height: 241px;\"><a href=\"http:\/\/agora.xtec.cat\/escolamagimorera\/wp-content\/uploads\/usu1188\/2014\/09\/cuina.jpg\"><img loading=\"lazy\" decoding=\"async\" class=\" wp-image-207 aligncenter\" src=\"http:\/\/agora.xtec.cat\/escolamagimorera\/wp-content\/uploads\/usu1188\/2014\/09\/cuina.jpg\" alt=\"cuina\" width=\"267\" height=\"200\" srcset=\"https:\/\/agora.xtec.cat\/escolamagimorera\/wp-content\/uploads\/usu1188\/2014\/09\/cuina.jpg 600w, https:\/\/agora.xtec.cat\/escolamagimorera\/wp-content\/uploads\/usu1188\/2014\/09\/cuina-300x225.jpg 300w, https:\/\/agora.xtec.cat\/escolamagimorera\/wp-content\/uploads\/usu1188\/2014\/09\/cuina-200x150.jpg 200w\" sizes=\"auto, (max-width: 267px) 100vw, 267px\" \/><\/a><\/td>\n<td style=\"height: 241px;\"><img loading=\"lazy\" decoding=\"async\" class=\"aligncenter wp-image-204\" src=\"http:\/\/agora.xtec.cat\/escolamagimorera\/wp-content\/uploads\/usu1188\/2014\/09\/reforc-225x300.jpg\" alt=\"reforc\" width=\"150\" height=\"200\" srcset=\"https:\/\/agora.xtec.cat\/escolamagimorera\/wp-content\/uploads\/usu1188\/2014\/09\/reforc-225x300.jpg 225w, https:\/\/agora.xtec.cat\/escolamagimorera\/wp-content\/uploads\/usu1188\/2014\/09\/reforc.jpg 384w\" sizes=\"auto, (max-width: 150px) 100vw, 150px\" \/><\/td>\n<\/tr>\n<tr style=\"height: 31px;\">\n<td style=\"height: 31px; text-align: center;\">Biblioteca<\/td>\n<td style=\"height: 31px; text-align: center;\">Menjador<\/td>\n<td style=\"height: 31px; text-align: center;\">Aula de refor\u00e7<\/td>\n<\/tr>\n<tr style=\"height: 31px;\">\n<td style=\"height: 31px;\"><img loading=\"lazy\" decoding=\"async\" class=\" wp-image-205 aligncenter\" src=\"http:\/\/agora.xtec.cat\/escolamagimorera\/wp-content\/uploads\/usu1188\/2014\/09\/angles.jpg\" alt=\"angles\" width=\"246\" height=\"184\" srcset=\"https:\/\/agora.xtec.cat\/escolamagimorera\/wp-content\/uploads\/usu1188\/2014\/09\/angles.jpg 600w, https:\/\/agora.xtec.cat\/escolamagimorera\/wp-content\/uploads\/usu1188\/2014\/09\/angles-300x225.jpg 300w, https:\/\/agora.xtec.cat\/escolamagimorera\/wp-content\/uploads\/usu1188\/2014\/09\/angles-200x150.jpg 200w\" sizes=\"auto, (max-width: 246px) 100vw, 246px\" \/><\/td>\n<td style=\"height: 31px;\"><a href=\"http:\/\/agora.xtec.cat\/escolamagimorera\/wp-content\/uploads\/usu1188\/2014\/09\/RACO-ESCOLTAM.jpg\"><img loading=\"lazy\" decoding=\"async\" class=\"aligncenter wp-image-194\" src=\"http:\/\/agora.xtec.cat\/escolamagimorera\/wp-content\/uploads\/usu1188\/2014\/09\/especial.jpg\" alt=\"especial\" width=\"150\" height=\"200\" srcset=\"https:\/\/agora.xtec.cat\/escolamagimorera\/wp-content\/uploads\/usu1188\/2014\/09\/especial.jpg 384w, https:\/\/agora.xtec.cat\/escolamagimorera\/wp-content\/uploads\/usu1188\/2014\/09\/especial-225x300.jpg 225w\" sizes=\"auto, (max-width: 150px) 100vw, 150px\" \/><\/a><\/p>\n<p>&nbsp;<\/td>\n<td style=\"height: 31px;\"><img loading=\"lazy\" decoding=\"async\" class=\"aligncenter wp-image-202\" src=\"http:\/\/agora.xtec.cat\/escolamagimorera\/wp-content\/uploads\/usu1188\/2014\/09\/prim\u00e0ria-300x225.jpg\" alt=\"prim\u00e0ria\" width=\"234\" height=\"175\" srcset=\"https:\/\/agora.xtec.cat\/escolamagimorera\/wp-content\/uploads\/usu1188\/2014\/09\/prim\u00e0ria-300x225.jpg 300w, https:\/\/agora.xtec.cat\/escolamagimorera\/wp-content\/uploads\/usu1188\/2014\/09\/prim\u00e0ria-200x150.jpg 200w, https:\/\/agora.xtec.cat\/escolamagimorera\/wp-content\/uploads\/usu1188\/2014\/09\/prim\u00e0ria.jpg 600w\" sizes=\"auto, (max-width: 234px) 100vw, 234px\" \/><\/td>\n<\/tr>\n<tr style=\"height: 34px;\">\n<td style=\"height: 34px; text-align: center;\">Aula d&#8217;Angl\u00e8s<\/td>\n<td style=\"height: 34px; text-align: center;\">Aula Educaci\u00f3 Especial<\/td>\n<td style=\"height: 34px; text-align: center;\">Aula Educaci\u00f3 Prim\u00e0ria<\/td>\n<\/tr>\n<tr style=\"height: 216px;\">\n<td style=\"height: 216px;\"><a href=\"http:\/\/agora.xtec.cat\/escolamagimorera\/wp-content\/uploads\/usu1188\/2014\/09\/poliesportiu.jpg\"><img loading=\"lazy\" decoding=\"async\" class=\"aligncenter wp-image-201\" src=\"http:\/\/agora.xtec.cat\/escolamagimorera\/wp-content\/uploads\/usu1188\/2014\/09\/poliesportiu.jpg\" alt=\"poliesportiu\" width=\"267\" height=\"200\" srcset=\"https:\/\/agora.xtec.cat\/escolamagimorera\/wp-content\/uploads\/usu1188\/2014\/09\/poliesportiu.jpg 600w, https:\/\/agora.xtec.cat\/escolamagimorera\/wp-content\/uploads\/usu1188\/2014\/09\/poliesportiu-300x225.jpg 300w, https:\/\/agora.xtec.cat\/escolamagimorera\/wp-content\/uploads\/usu1188\/2014\/09\/poliesportiu-200x150.jpg 200w\" sizes=\"auto, (max-width: 267px) 100vw, 267px\" \/><\/a><\/td>\n<td style=\"height: 216px;\"><a href=\"http:\/\/agora.xtec.cat\/escolamagimorera\/wp-content\/uploads\/usu1188\/2014\/09\/pati-gran.jpg\"><img loading=\"lazy\" decoding=\"async\" class=\"aligncenter wp-image-199\" src=\"http:\/\/agora.xtec.cat\/escolamagimorera\/wp-content\/uploads\/usu1188\/2014\/09\/pati-gran.jpg\" alt=\"pati gran\" width=\"267\" height=\"200\" srcset=\"https:\/\/agora.xtec.cat\/escolamagimorera\/wp-content\/uploads\/usu1188\/2014\/09\/pati-gran.jpg 600w, https:\/\/agora.xtec.cat\/escolamagimorera\/wp-content\/uploads\/usu1188\/2014\/09\/pati-gran-300x225.jpg 300w, https:\/\/agora.xtec.cat\/escolamagimorera\/wp-content\/uploads\/usu1188\/2014\/09\/pati-gran-200x150.jpg 200w\" sizes=\"auto, (max-width: 267px) 100vw, 267px\" \/><\/a><\/td>\n<td style=\"height: 216px;\"><a href=\"http:\/\/agora.xtec.cat\/escolamagimorera\/wp-content\/uploads\/usu1188\/2014\/09\/passadis.jpg\"><img loading=\"lazy\" decoding=\"async\" class=\"aligncenter wp-image-198\" src=\"http:\/\/agora.xtec.cat\/escolamagimorera\/wp-content\/uploads\/usu1188\/2014\/09\/passadis.jpg\" alt=\"passadis\" width=\"150\" height=\"200\" srcset=\"https:\/\/agora.xtec.cat\/escolamagimorera\/wp-content\/uploads\/usu1188\/2014\/09\/passadis.jpg 384w, https:\/\/agora.xtec.cat\/escolamagimorera\/wp-content\/uploads\/usu1188\/2014\/09\/passadis-225x300.jpg 225w\" sizes=\"auto, (max-width: 150px) 100vw, 150px\" \/><\/a><\/td>\n<\/tr>\n<tr style=\"height: 34px;\">\n<td style=\"height: 34px; text-align: center;\">Poliesportiu<\/td>\n<td style=\"height: 34px; text-align: center;\">Pati d&#8217;educaci\u00f3 Prim\u00e0ria<\/td>\n<td style=\"height: 34px; text-align: center;\">Passad\u00eds<\/td>\n<\/tr>\n<\/tbody>\n<\/table>\n<p>&nbsp;<\/p>\n","protected":false},"excerpt":{"rendered":"<p>A continuaci\u00f3 us mostrarem els espais on els nostres alumnes aprenen, descobreixen, els relacionen i es diverteixen. Tots els espais estan adaptats per tal de satisfer les necessitats educatives i personals dels nostres infants. Una educaci\u00f3 de qualitat requereix uns espais de qualitat. \u00c9s per aix\u00f2 que la nostra escola compta d&#8217;unes instal\u00b7lacions molt modernes [&hellip;]<\/p>\n","protected":false},"author":2,"featured_media":171,"parent":22,"menu_order":40,"comment_status":"closed","ping_status":"closed","template":"page-templates\/side-menu.php","meta":{"_bbp_topic_count":0,"_bbp_reply_count":0,"_bbp_total_topic_count":0,"_bbp_total_reply_count":0,"_bbp_voice_count":0,"_bbp_anonymous_reply_count":0,"_bbp_topic_count_hidden":0,"_bbp_reply_count_hidden":0,"_bbp_forum_subforum_count":0,"site-sidebar-layout":"default","site-content-layout":"","ast-site-content-layout":"","site-content-style":"default","site-sidebar-style":"default","ast-global-header-display":"","ast-banner-title-visibility":"","ast-main-header-display":"","ast-hfb-above-header-display":"","ast-hfb-below-header-display":"","ast-hfb-mobile-header-display":"","site-post-title":"","ast-breadcrumbs-content":"","ast-featured-img":"","footer-sml-layout":"","theme-transparent-header-meta":"","adv-header-id-meta":"","stick-header-meta":"","header-above-stick-meta":"","header-main-stick-meta":"","header-below-stick-meta":"","astra-migrate-meta-layouts":"default","ast-page-background-enabled":"default","ast-page-background-meta":{"desktop":{"background-color":"var(--ast-global-color-4)","background-image":"","background-repeat":"repeat","background-position":"center center","background-size":"auto","background-attachment":"scroll","background-type":"","background-media":"","overlay-type":"","overlay-color":"","overlay-opacity":"","overlay-gradient":""},"tablet":{"background-color":"","background-image":"","background-repeat":"repeat","background-position":"center center","background-size":"auto","background-attachment":"scroll","background-type":"","background-media":"","overlay-type":"","overlay-color":"","overlay-opacity":"","overlay-gradient":""},"mobile":{"background-color":"","background-image":"","background-repeat":"repeat","background-position":"center center","background-size":"auto","background-attachment":"scroll","background-type":"","background-media":"","overlay-type":"","overlay-color":"","overlay-opacity":"","overlay-gradient":""}},"ast-content-background-meta":{"desktop":{"background-color":"var(--ast-global-color-5)","background-image":"","background-repeat":"repeat","background-position":"center center","background-size":"auto","background-attachment":"scroll","background-type":"","background-media":"","overlay-type":"","overlay-color":"","overlay-opacity":"","overlay-gradient":""},"tablet":{"background-color":"var(--ast-global-color-5)","background-image":"","background-repeat":"repeat","background-position":"center center","background-size":"auto","background-attachment":"scroll","background-type":"","background-media":"","overlay-type":"","overlay-color":"","overlay-opacity":"","overlay-gradient":""},"mobile":{"background-color":"var(--ast-global-color-5)","background-image":"","background-repeat":"repeat","background-position":"center center","background-size":"auto","background-attachment":"scroll","background-type":"","background-media":"","overlay-type":"","overlay-color":"","overlay-opacity":"","overlay-gradient":""}},"footnotes":""},"class_list":["post-30","page","type-page","status-publish","has-post-thumbnail","hentry"],"post_mailing_queue_ids":[],"_links":{"self":[{"href":"https:\/\/agora.xtec.cat\/escolamagimorera\/wp-json\/wp\/v2\/pages\/30","targetHints":{"allow":["GET"]}}],"collection":[{"href":"https:\/\/agora.xtec.cat\/escolamagimorera\/wp-json\/wp\/v2\/pages"}],"about":[{"href":"https:\/\/agora.xtec.cat\/escolamagimorera\/wp-json\/wp\/v2\/types\/page"}],"author":[{"embeddable":true,"href":"https:\/\/agora.xtec.cat\/escolamagimorera\/wp-json\/wp\/v2\/users\/2"}],"replies":[{"embeddable":true,"href":"https:\/\/agora.xtec.cat\/escolamagimorera\/wp-json\/wp\/v2\/comments?post=30"}],"version-history":[{"count":4,"href":"https:\/\/agora.xtec.cat\/escolamagimorera\/wp-json\/wp\/v2\/pages\/30\/revisions"}],"predecessor-version":[{"id":992,"href":"https:\/\/agora.xtec.cat\/escolamagimorera\/wp-json\/wp\/v2\/pages\/30\/revisions\/992"}],"up":[{"embeddable":true,"href":"https:\/\/agora.xtec.cat\/escolamagimorera\/wp-json\/wp\/v2\/pages\/22"}],"wp:featuredmedia":[{"embeddable":true,"href":"https:\/\/agora.xtec.cat\/escolamagimorera\/wp-json\/wp\/v2\/media\/171"}],"wp:attachment":[{"href":"https:\/\/agora.xtec.cat\/escolamagimorera\/wp-json\/wp\/v2\/media?parent=30"}],"curies":[{"name":"wp","href":"https:\/\/api.w.org\/{rel}","templated":true}]}}