{"id":281,"date":"2015-10-27T21:38:48","date_gmt":"2015-10-27T20:38:48","guid":{"rendered":"http:\/\/agora.xtec.cat\/escolamagimorera\/?page_id=281"},"modified":"2026-03-11T13:24:13","modified_gmt":"2026-03-11T12:24:13","slug":"trets-didentitat","status":"publish","type":"page","link":"https:\/\/agora.xtec.cat\/escolamagimorera\/projecte-educatiu\/trets-didentitat\/","title":{"rendered":"Trets d&#8217;identitat"},"content":{"rendered":"<p>Com a l\u00ednies generals d\u2019escola ens podem definir amb els seg\u00fcents trets:<\/p>\n<ul>\n<li>CATALANA: Impartim totes les mat\u00e8ries en catal\u00e0, excepte el castell\u00e0 i l\u2019angl\u00e8s.<\/li>\n<\/ul>\n<ul>\n<li>DEMOCR\u00c0TICA: Fomentem el di\u00e0leg i la conversa entre alumnes, fam\u00edlies i docents. Apostem\u00a0per una gesti\u00f3 participativa (claustre, equips de cicle, comissions, Consell Escolar&#8230;)<\/li>\n<\/ul>\n<ul>\n<li>PLURAL i PARTICIPATIVA: Mantenim una actitud de col\u00b7laboraci\u00f3, respecte, toler\u00e0ncia. Som una escola laica que respecta la manera de pensar i de fer de cada fam\u00edlia pel que fa a la religi\u00f3, cultura, ideologia i tend\u00e8ncia social o pol\u00edtica. No fem discriminaci\u00f3 per ra\u00f3 de g\u00e8nere, \u00e8tnia, creences ni nivell socioecon\u00f2mic.<\/li>\n<\/ul>\n<ul>\n<li>DE QUALITAT: Intentem que sigui un centre avantguarda de noves idees i tecnologies en educaci\u00f3 per obtenir com a objectiu final una escola competent. Tenim presents tots els recursos did\u00e0ctics i tecnol\u00f2gics que en aquests moments hi ha a la societat, tant si estan al centre com si cal trobar-los fora.<\/li>\n<\/ul>\n<ul>\n<li>ARRELADA A L\u2019ENTORN: Fomentem la inserci\u00f3 dels alumnes a l\u2019entorn social on viuen.<\/li>\n<\/ul>\n<ul>\n<li>INCLUSIVA: Educaci\u00f3 per a tothom, escola per a tots i totes. Tenim en compte els diferents ritmes evolutius i capacitats intel\u00b7lectuals. Atenem la diversitat i garantim un bon nivell educatiu proporcionant a l\u2019alumnat els aprenentatges instrumentals necessaris per desenvolupar les seves capacitats al m\u00e0xim. La seva preparaci\u00f3 en acabar l\u2019Educaci\u00f3 Prim\u00e0ria \u00e9s important per facilitar la incorporaci\u00f3 als estudis de Secund\u00e0ria.<\/li>\n<\/ul>\n","protected":false},"excerpt":{"rendered":"<p>Com a l\u00ednies generals d\u2019escola ens podem definir amb els seg\u00fcents trets: CATALANA: Impartim totes les mat\u00e8ries en catal\u00e0, excepte el castell\u00e0 i l\u2019angl\u00e8s. DEMOCR\u00c0TICA: Fomentem el di\u00e0leg i la conversa entre alumnes, fam\u00edlies i docents. Apostem\u00a0per una gesti\u00f3 participativa (claustre, equips de cicle, comissions, Consell Escolar&#8230;) PLURAL i PARTICIPATIVA: Mantenim una actitud de col\u00b7laboraci\u00f3, [&hellip;]<\/p>\n","protected":false},"author":1,"featured_media":0,"parent":64,"menu_order":0,"comment_status":"closed","ping_status":"closed","template":"","meta":{"_bbp_topic_count":0,"_bbp_reply_count":0,"_bbp_total_topic_count":0,"_bbp_total_reply_count":0,"_bbp_voice_count":0,"_bbp_anonymous_reply_count":0,"_bbp_topic_count_hidden":0,"_bbp_reply_count_hidden":0,"_bbp_forum_subforum_count":0,"site-sidebar-layout":"default","site-content-layout":"","ast-site-content-layout":"default","site-content-style":"default","site-sidebar-style":"default","ast-global-header-display":"","ast-banner-title-visibility":"","ast-main-header-display":"","ast-hfb-above-header-display":"","ast-hfb-below-header-display":"","ast-hfb-mobile-header-display":"","site-post-title":"","ast-breadcrumbs-content":"","ast-featured-img":"","footer-sml-layout":"","theme-transparent-header-meta":"default","adv-header-id-meta":"","stick-header-meta":"","header-above-stick-meta":"","header-main-stick-meta":"","header-below-stick-meta":"","astra-migrate-meta-layouts":"set","ast-page-background-enabled":"default","ast-page-background-meta":{"desktop":{"background-color":"var(--ast-global-color-4)","background-image":"","background-repeat":"repeat","background-position":"center center","background-size":"auto","background-attachment":"scroll","background-type":"","background-media":"","overlay-type":"","overlay-color":"","overlay-opacity":"","overlay-gradient":""},"tablet":{"background-color":"","background-image":"","background-repeat":"repeat","background-position":"center center","background-size":"auto","background-attachment":"scroll","background-type":"","background-media":"","overlay-type":"","overlay-color":"","overlay-opacity":"","overlay-gradient":""},"mobile":{"background-color":"","background-image":"","background-repeat":"repeat","background-position":"center center","background-size":"auto","background-attachment":"scroll","background-type":"","background-media":"","overlay-type":"","overlay-color":"","overlay-opacity":"","overlay-gradient":""}},"ast-content-background-meta":{"desktop":{"background-color":"var(--ast-global-color-5)","background-image":"","background-repeat":"repeat","background-position":"center center","background-size":"auto","background-attachment":"scroll","background-type":"","background-media":"","overlay-type":"","overlay-color":"","overlay-opacity":"","overlay-gradient":""},"tablet":{"background-color":"var(--ast-global-color-5)","background-image":"","background-repeat":"repeat","background-position":"center center","background-size":"auto","background-attachment":"scroll","background-type":"","background-media":"","overlay-type":"","overlay-color":"","overlay-opacity":"","overlay-gradient":""},"mobile":{"background-color":"var(--ast-global-color-5)","background-image":"","background-repeat":"repeat","background-position":"center center","background-size":"auto","background-attachment":"scroll","background-type":"","background-media":"","overlay-type":"","overlay-color":"","overlay-opacity":"","overlay-gradient":""}},"footnotes":""},"class_list":["post-281","page","type-page","status-publish","hentry"],"post_mailing_queue_ids":[],"_links":{"self":[{"href":"https:\/\/agora.xtec.cat\/escolamagimorera\/wp-json\/wp\/v2\/pages\/281","targetHints":{"allow":["GET"]}}],"collection":[{"href":"https:\/\/agora.xtec.cat\/escolamagimorera\/wp-json\/wp\/v2\/pages"}],"about":[{"href":"https:\/\/agora.xtec.cat\/escolamagimorera\/wp-json\/wp\/v2\/types\/page"}],"author":[{"embeddable":true,"href":"https:\/\/agora.xtec.cat\/escolamagimorera\/wp-json\/wp\/v2\/users\/1"}],"replies":[{"embeddable":true,"href":"https:\/\/agora.xtec.cat\/escolamagimorera\/wp-json\/wp\/v2\/comments?post=281"}],"version-history":[{"count":3,"href":"https:\/\/agora.xtec.cat\/escolamagimorera\/wp-json\/wp\/v2\/pages\/281\/revisions"}],"predecessor-version":[{"id":5232,"href":"https:\/\/agora.xtec.cat\/escolamagimorera\/wp-json\/wp\/v2\/pages\/281\/revisions\/5232"}],"up":[{"embeddable":true,"href":"https:\/\/agora.xtec.cat\/escolamagimorera\/wp-json\/wp\/v2\/pages\/64"}],"wp:attachment":[{"href":"https:\/\/agora.xtec.cat\/escolamagimorera\/wp-json\/wp\/v2\/media?parent=281"}],"curies":[{"name":"wp","href":"https:\/\/api.w.org\/{rel}","templated":true}]}}