{"id":2754,"date":"2020-05-22T20:08:20","date_gmt":"2020-05-22T18:08:20","guid":{"rendered":"http:\/\/agora.xtec.cat\/escolamagimorera\/?page_id=2754"},"modified":"2020-05-22T20:10:02","modified_gmt":"2020-05-22T18:10:02","slug":"concurs-de-merits-seleccio-de-direccions","status":"publish","type":"page","link":"https:\/\/agora.xtec.cat\/escolamagimorera\/projecte-educatiu\/concurs-de-merits-seleccio-de-direccions\/","title":{"rendered":"Concurs de m\u00e8rits de selecci\u00f3 de direccions"},"content":{"rendered":"<div>D&#8217;acord amb el que preveu el punt 10.10 i 10.16 de la RESOLUCI\u00d3 EDU\/1003\/2020, d&#8217;11 de maig, per la qual es modifica la Resoluci\u00f3 EDU\/3176\/2019, de 25 de novembre, de convocat\u00f2ria de concurs de m\u00e8rits per seleccionar el director o directora de diversos centres educatius dependents del Departament d&#8217;Educaci\u00f3, Compartim l&#8217;enlla\u00e7 d&#8217;on estan penjades les actes de les comissions de m\u00e8rits de directors.<\/div>\n<div><\/div>\n<p><a href=\"http:\/\/ensenyament.gencat.cat\/ca\/departament\/serveis-territorials\/lleida\/personal-docent\/concurs-seleccio-direccions\/\" target=\"_blank\" rel=\"noopener noreferrer\" data-saferedirecturl=\"https:\/\/www.google.com\/url?q=http:\/\/ensenyament.gencat.cat\/ca\/departament\/serveis-territorials\/lleida\/personal-docent\/concurs-seleccio-direccions\/&amp;source=gmail&amp;ust=1590256079880000&amp;usg=AFQjCNGMUoSYoBWeTdgZtt4BbmKPAdc52g\">http:\/\/ensenyament.gencat.cat\/<wbr \/>ca\/departament\/serveis-<wbr \/>territorials\/lleida\/personal-<wbr \/>docent\/concurs-seleccio-<wbr \/>direccions\/<\/a><\/p>\n","protected":false},"excerpt":{"rendered":"<p>D&#8217;acord amb el que preveu el punt 10.10 i 10.16 de la RESOLUCI\u00d3 EDU\/1003\/2020, d&#8217;11 de maig, per la qual es modifica la Resoluci\u00f3 EDU\/3176\/2019, de 25 de novembre, de convocat\u00f2ria de concurs de m\u00e8rits per seleccionar el director o directora de diversos centres educatius dependents del Departament d&#8217;Educaci\u00f3, Compartim l&#8217;enlla\u00e7 d&#8217;on estan penjades les [&hellip;]<\/p>\n","protected":false},"author":1,"featured_media":0,"parent":64,"menu_order":0,"comment_status":"closed","ping_status":"closed","template":"","meta":{"_bbp_topic_count":0,"_bbp_reply_count":0,"_bbp_total_topic_count":0,"_bbp_total_reply_count":0,"_bbp_voice_count":0,"_bbp_anonymous_reply_count":0,"_bbp_topic_count_hidden":0,"_bbp_reply_count_hidden":0,"_bbp_forum_subforum_count":0,"site-sidebar-layout":"default","site-content-layout":"","ast-site-content-layout":"","site-content-style":"default","site-sidebar-style":"default","ast-global-header-display":"","ast-banner-title-visibility":"","ast-main-header-display":"","ast-hfb-above-header-display":"","ast-hfb-below-header-display":"","ast-hfb-mobile-header-display":"","site-post-title":"","ast-breadcrumbs-content":"","ast-featured-img":"","footer-sml-layout":"","theme-transparent-header-meta":"","adv-header-id-meta":"","stick-header-meta":"","header-above-stick-meta":"","header-main-stick-meta":"","header-below-stick-meta":"","astra-migrate-meta-layouts":"default","ast-page-background-enabled":"default","ast-page-background-meta":{"desktop":{"background-color":"var(--ast-global-color-4)","background-image":"","background-repeat":"repeat","background-position":"center center","background-size":"auto","background-attachment":"scroll","background-type":"","background-media":"","overlay-type":"","overlay-color":"","overlay-opacity":"","overlay-gradient":""},"tablet":{"background-color":"","background-image":"","background-repeat":"repeat","background-position":"center center","background-size":"auto","background-attachment":"scroll","background-type":"","background-media":"","overlay-type":"","overlay-color":"","overlay-opacity":"","overlay-gradient":""},"mobile":{"background-color":"","background-image":"","background-repeat":"repeat","background-position":"center center","background-size":"auto","background-attachment":"scroll","background-type":"","background-media":"","overlay-type":"","overlay-color":"","overlay-opacity":"","overlay-gradient":""}},"ast-content-background-meta":{"desktop":{"background-color":"var(--ast-global-color-5)","background-image":"","background-repeat":"repeat","background-position":"center center","background-size":"auto","background-attachment":"scroll","background-type":"","background-media":"","overlay-type":"","overlay-color":"","overlay-opacity":"","overlay-gradient":""},"tablet":{"background-color":"var(--ast-global-color-5)","background-image":"","background-repeat":"repeat","background-position":"center center","background-size":"auto","background-attachment":"scroll","background-type":"","background-media":"","overlay-type":"","overlay-color":"","overlay-opacity":"","overlay-gradient":""},"mobile":{"background-color":"var(--ast-global-color-5)","background-image":"","background-repeat":"repeat","background-position":"center center","background-size":"auto","background-attachment":"scroll","background-type":"","background-media":"","overlay-type":"","overlay-color":"","overlay-opacity":"","overlay-gradient":""}},"footnotes":""},"class_list":["post-2754","page","type-page","status-publish","hentry"],"post_mailing_queue_ids":[],"_links":{"self":[{"href":"https:\/\/agora.xtec.cat\/escolamagimorera\/wp-json\/wp\/v2\/pages\/2754","targetHints":{"allow":["GET"]}}],"collection":[{"href":"https:\/\/agora.xtec.cat\/escolamagimorera\/wp-json\/wp\/v2\/pages"}],"about":[{"href":"https:\/\/agora.xtec.cat\/escolamagimorera\/wp-json\/wp\/v2\/types\/page"}],"author":[{"embeddable":true,"href":"https:\/\/agora.xtec.cat\/escolamagimorera\/wp-json\/wp\/v2\/users\/1"}],"replies":[{"embeddable":true,"href":"https:\/\/agora.xtec.cat\/escolamagimorera\/wp-json\/wp\/v2\/comments?post=2754"}],"version-history":[{"count":2,"href":"https:\/\/agora.xtec.cat\/escolamagimorera\/wp-json\/wp\/v2\/pages\/2754\/revisions"}],"predecessor-version":[{"id":2756,"href":"https:\/\/agora.xtec.cat\/escolamagimorera\/wp-json\/wp\/v2\/pages\/2754\/revisions\/2756"}],"up":[{"embeddable":true,"href":"https:\/\/agora.xtec.cat\/escolamagimorera\/wp-json\/wp\/v2\/pages\/64"}],"wp:attachment":[{"href":"https:\/\/agora.xtec.cat\/escolamagimorera\/wp-json\/wp\/v2\/media?parent=2754"}],"curies":[{"name":"wp","href":"https:\/\/api.w.org\/{rel}","templated":true}]}}