{"id":273,"date":"2015-10-27T21:31:17","date_gmt":"2015-10-27T20:31:17","guid":{"rendered":"http:\/\/agora.xtec.cat\/escolamagimorera\/?page_id=273"},"modified":"2026-03-11T13:26:42","modified_gmt":"2026-03-11T12:26:42","slug":"metodologia","status":"publish","type":"page","link":"https:\/\/agora.xtec.cat\/escolamagimorera\/projecte-educatiu\/metodologia\/","title":{"rendered":"Metodologia"},"content":{"rendered":"<p><strong>Principis metodol\u00f2gics Generals<\/strong><\/p>\n<ul>\n<li>Interacci\u00f3 social: Considerem que l\u2019escola no es pot deslligar de la realitat social, cultural i f\u00edsica que l\u2019envolta, per aix\u00f2 tenim en compte el nostre entorn en totes les situacions educatives que ho permeten.<\/li>\n<\/ul>\n<ul>\n<li>Aprenentatge significatiu: Procurem que l\u2019alumnat aprengui de forma activa a trav\u00e9s de la motivaci\u00f3, la curiositat, l\u2019observaci\u00f3 directa i experimentaci\u00f3, sempre que es pugui, i amb aprenentatges significatius, partint sempre del seus coneixements.<\/li>\n<\/ul>\n<ul>\n<li>Diversitat: Ens plantegem la diversitat com un fet inherent a la nostra tasca. Cada alumne\/a \u00e9s diferent i apr\u00e8n de manera diferent, per tant, posem al seu abast tots els recursos necessaris per facilitar-li l\u2019aprenentatge, adequant la nostra actuaci\u00f3 a les seves caracter\u00edstiques individuals.<\/li>\n<\/ul>\n<ul>\n<li>Avaluaci\u00f3: t\u00e9 com a funci\u00f3 ajustar l\u2019ajut pedag\u00f2gic a les caracter\u00edstiques individuals de l\u2019alumnat. Alhora ha de permetre determinar el grau en qu\u00e8 s\u2019han aconseguit les capacitats i compet\u00e8ncies que ens propos\u00e0vem en programar la nostra acci\u00f3 docent. Per aix\u00f2 l\u2019avaluaci\u00f3 cont\u00ednua \u00e9s tant de l\u2019alumne com del mestre.<\/li>\n<\/ul>\n","protected":false},"excerpt":{"rendered":"<p>Principis metodol\u00f2gics Generals Interacci\u00f3 social: Considerem que l\u2019escola no es pot deslligar de la realitat social, cultural i f\u00edsica que l\u2019envolta, per aix\u00f2 tenim en compte el nostre entorn en totes les situacions educatives que ho permeten. Aprenentatge significatiu: Procurem que l\u2019alumnat aprengui de forma activa a trav\u00e9s de la motivaci\u00f3, la curiositat, l\u2019observaci\u00f3 directa [&hellip;]<\/p>\n","protected":false},"author":1,"featured_media":0,"parent":64,"menu_order":0,"comment_status":"closed","ping_status":"closed","template":"","meta":{"_bbp_topic_count":0,"_bbp_reply_count":0,"_bbp_total_topic_count":0,"_bbp_total_reply_count":0,"_bbp_voice_count":0,"_bbp_anonymous_reply_count":0,"_bbp_topic_count_hidden":0,"_bbp_reply_count_hidden":0,"_bbp_forum_subforum_count":0,"site-sidebar-layout":"default","site-content-layout":"","ast-site-content-layout":"default","site-content-style":"default","site-sidebar-style":"default","ast-global-header-display":"","ast-banner-title-visibility":"","ast-main-header-display":"","ast-hfb-above-header-display":"","ast-hfb-below-header-display":"","ast-hfb-mobile-header-display":"","site-post-title":"","ast-breadcrumbs-content":"","ast-featured-img":"","footer-sml-layout":"","theme-transparent-header-meta":"default","adv-header-id-meta":"","stick-header-meta":"","header-above-stick-meta":"","header-main-stick-meta":"","header-below-stick-meta":"","astra-migrate-meta-layouts":"set","ast-page-background-enabled":"default","ast-page-background-meta":{"desktop":{"background-color":"var(--ast-global-color-4)","background-image":"","background-repeat":"repeat","background-position":"center center","background-size":"auto","background-attachment":"scroll","background-type":"","background-media":"","overlay-type":"","overlay-color":"","overlay-opacity":"","overlay-gradient":""},"tablet":{"background-color":"","background-image":"","background-repeat":"repeat","background-position":"center center","background-size":"auto","background-attachment":"scroll","background-type":"","background-media":"","overlay-type":"","overlay-color":"","overlay-opacity":"","overlay-gradient":""},"mobile":{"background-color":"","background-image":"","background-repeat":"repeat","background-position":"center center","background-size":"auto","background-attachment":"scroll","background-type":"","background-media":"","overlay-type":"","overlay-color":"","overlay-opacity":"","overlay-gradient":""}},"ast-content-background-meta":{"desktop":{"background-color":"var(--ast-global-color-5)","background-image":"","background-repeat":"repeat","background-position":"center center","background-size":"auto","background-attachment":"scroll","background-type":"","background-media":"","overlay-type":"","overlay-color":"","overlay-opacity":"","overlay-gradient":""},"tablet":{"background-color":"var(--ast-global-color-5)","background-image":"","background-repeat":"repeat","background-position":"center center","background-size":"auto","background-attachment":"scroll","background-type":"","background-media":"","overlay-type":"","overlay-color":"","overlay-opacity":"","overlay-gradient":""},"mobile":{"background-color":"var(--ast-global-color-5)","background-image":"","background-repeat":"repeat","background-position":"center center","background-size":"auto","background-attachment":"scroll","background-type":"","background-media":"","overlay-type":"","overlay-color":"","overlay-opacity":"","overlay-gradient":""}},"footnotes":""},"class_list":["post-273","page","type-page","status-publish","hentry"],"post_mailing_queue_ids":[],"_links":{"self":[{"href":"https:\/\/agora.xtec.cat\/escolamagimorera\/wp-json\/wp\/v2\/pages\/273","targetHints":{"allow":["GET"]}}],"collection":[{"href":"https:\/\/agora.xtec.cat\/escolamagimorera\/wp-json\/wp\/v2\/pages"}],"about":[{"href":"https:\/\/agora.xtec.cat\/escolamagimorera\/wp-json\/wp\/v2\/types\/page"}],"author":[{"embeddable":true,"href":"https:\/\/agora.xtec.cat\/escolamagimorera\/wp-json\/wp\/v2\/users\/1"}],"replies":[{"embeddable":true,"href":"https:\/\/agora.xtec.cat\/escolamagimorera\/wp-json\/wp\/v2\/comments?post=273"}],"version-history":[{"count":3,"href":"https:\/\/agora.xtec.cat\/escolamagimorera\/wp-json\/wp\/v2\/pages\/273\/revisions"}],"predecessor-version":[{"id":5233,"href":"https:\/\/agora.xtec.cat\/escolamagimorera\/wp-json\/wp\/v2\/pages\/273\/revisions\/5233"}],"up":[{"embeddable":true,"href":"https:\/\/agora.xtec.cat\/escolamagimorera\/wp-json\/wp\/v2\/pages\/64"}],"wp:attachment":[{"href":"https:\/\/agora.xtec.cat\/escolamagimorera\/wp-json\/wp\/v2\/media?parent=273"}],"curies":[{"name":"wp","href":"https:\/\/api.w.org\/{rel}","templated":true}]}}