{"id":271,"date":"2015-10-27T21:29:00","date_gmt":"2015-10-27T20:29:00","guid":{"rendered":"http:\/\/agora.xtec.cat\/escolamagimorera\/?page_id=271"},"modified":"2017-07-11T11:02:49","modified_gmt":"2017-07-11T09:02:49","slug":"pla-lector-ilec","status":"publish","type":"page","link":"https:\/\/agora.xtec.cat\/escolamagimorera\/projectes\/pla-lector-ilec\/","title":{"rendered":"Pla lector ILEC"},"content":{"rendered":"<p>Formem part del Pla Nacional per a impulsar la lectura a Prim\u00e0ria.<\/p>\n<p>Per a m\u00e9s informaci\u00f3 cliqueu a la imatge.<\/p>\n<p style=\"text-align: center;\"><a href=\"http:\/\/xtec.gencat.cat\/ca\/projectes\/lectura\/impulslectura\/\" target=\"_blank\" rel=\"noopener noreferrer\"><img loading=\"lazy\" decoding=\"async\" class=\"aligncenter wp-image-1082\" src=\"http:\/\/agora.xtec.cat\/escolamagimorera\/wp-content\/uploads\/usu1188\/2015\/10\/Logo-ILEC-2.GIF.bmp\" alt=\"\" width=\"244\" height=\"195\" \/><\/a><\/p>\n","protected":false},"excerpt":{"rendered":"<p>Formem part del Pla Nacional per a impulsar la lectura a Prim\u00e0ria. Per a m\u00e9s informaci\u00f3 cliqueu a la imatge.<\/p>\n","protected":false},"author":1,"featured_media":0,"parent":265,"menu_order":0,"comment_status":"closed","ping_status":"closed","template":"page-templates\/side-menu.php","meta":{"_bbp_topic_count":0,"_bbp_reply_count":0,"_bbp_total_topic_count":0,"_bbp_total_reply_count":0,"_bbp_voice_count":0,"_bbp_anonymous_reply_count":0,"_bbp_topic_count_hidden":0,"_bbp_reply_count_hidden":0,"_bbp_forum_subforum_count":0,"site-sidebar-layout":"default","site-content-layout":"","ast-site-content-layout":"","site-content-style":"default","site-sidebar-style":"default","ast-global-header-display":"","ast-banner-title-visibility":"","ast-main-header-display":"","ast-hfb-above-header-display":"","ast-hfb-below-header-display":"","ast-hfb-mobile-header-display":"","site-post-title":"","ast-breadcrumbs-content":"","ast-featured-img":"","footer-sml-layout":"","theme-transparent-header-meta":"","adv-header-id-meta":"","stick-header-meta":"","header-above-stick-meta":"","header-main-stick-meta":"","header-below-stick-meta":"","astra-migrate-meta-layouts":"default","ast-page-background-enabled":"default","ast-page-background-meta":{"desktop":{"background-color":"var(--ast-global-color-4)","background-image":"","background-repeat":"repeat","background-position":"center center","background-size":"auto","background-attachment":"scroll","background-type":"","background-media":"","overlay-type":"","overlay-color":"","overlay-opacity":"","overlay-gradient":""},"tablet":{"background-color":"","background-image":"","background-repeat":"repeat","background-position":"center center","background-size":"auto","background-attachment":"scroll","background-type":"","background-media":"","overlay-type":"","overlay-color":"","overlay-opacity":"","overlay-gradient":""},"mobile":{"background-color":"","background-image":"","background-repeat":"repeat","background-position":"center center","background-size":"auto","background-attachment":"scroll","background-type":"","background-media":"","overlay-type":"","overlay-color":"","overlay-opacity":"","overlay-gradient":""}},"ast-content-background-meta":{"desktop":{"background-color":"var(--ast-global-color-5)","background-image":"","background-repeat":"repeat","background-position":"center center","background-size":"auto","background-attachment":"scroll","background-type":"","background-media":"","overlay-type":"","overlay-color":"","overlay-opacity":"","overlay-gradient":""},"tablet":{"background-color":"var(--ast-global-color-5)","background-image":"","background-repeat":"repeat","background-position":"center center","background-size":"auto","background-attachment":"scroll","background-type":"","background-media":"","overlay-type":"","overlay-color":"","overlay-opacity":"","overlay-gradient":""},"mobile":{"background-color":"var(--ast-global-color-5)","background-image":"","background-repeat":"repeat","background-position":"center center","background-size":"auto","background-attachment":"scroll","background-type":"","background-media":"","overlay-type":"","overlay-color":"","overlay-opacity":"","overlay-gradient":""}},"footnotes":""},"class_list":["post-271","page","type-page","status-publish","hentry"],"post_mailing_queue_ids":[],"_links":{"self":[{"href":"https:\/\/agora.xtec.cat\/escolamagimorera\/wp-json\/wp\/v2\/pages\/271","targetHints":{"allow":["GET"]}}],"collection":[{"href":"https:\/\/agora.xtec.cat\/escolamagimorera\/wp-json\/wp\/v2\/pages"}],"about":[{"href":"https:\/\/agora.xtec.cat\/escolamagimorera\/wp-json\/wp\/v2\/types\/page"}],"author":[{"embeddable":true,"href":"https:\/\/agora.xtec.cat\/escolamagimorera\/wp-json\/wp\/v2\/users\/1"}],"replies":[{"embeddable":true,"href":"https:\/\/agora.xtec.cat\/escolamagimorera\/wp-json\/wp\/v2\/comments?post=271"}],"version-history":[{"count":3,"href":"https:\/\/agora.xtec.cat\/escolamagimorera\/wp-json\/wp\/v2\/pages\/271\/revisions"}],"predecessor-version":[{"id":1086,"href":"https:\/\/agora.xtec.cat\/escolamagimorera\/wp-json\/wp\/v2\/pages\/271\/revisions\/1086"}],"up":[{"embeddable":true,"href":"https:\/\/agora.xtec.cat\/escolamagimorera\/wp-json\/wp\/v2\/pages\/265"}],"wp:attachment":[{"href":"https:\/\/agora.xtec.cat\/escolamagimorera\/wp-json\/wp\/v2\/media?parent=271"}],"curies":[{"name":"wp","href":"https:\/\/api.w.org\/{rel}","templated":true}]}}