{"id":262,"date":"2015-10-27T21:21:11","date_gmt":"2015-10-27T20:21:11","guid":{"rendered":"http:\/\/agora.xtec.cat\/escolamagimorera\/?page_id=262"},"modified":"2022-03-24T15:34:24","modified_gmt":"2022-03-24T14:34:24","slug":"altres-serveis","status":"publish","type":"page","link":"https:\/\/agora.xtec.cat\/escolamagimorera\/serveis\/altres-serveis\/","title":{"rendered":"Altres serveis"},"content":{"rendered":"<p>A m\u00e9s a m\u00e9s del servei de menjador, extraescolars i serveis digitals, l&#8217;escola compta amb altres recursos materials i humans per tal de donar una resposta afectiva a tots i cadascun dels nostres infants.<\/p>\n<p>Aix\u00ed doncs, el nostre centre compte amb els serveis seg\u00fcents:<\/p>\n<ul>\n<li>TIS (treballadora d\u2019Inserci\u00f3 Social)<\/li>\n<li>TEI (T\u00e8cnica d&#8217;Educaci\u00f3 Infantil)<\/li>\n<li>Vetlladors<\/li>\n<li>Assessora e-LIC.<\/li>\n<li>Promotora escolar del poble gitano<\/li>\n<li>Treballadora social<\/li>\n<li>Psicopedagoga i especialista de l\u2019EAP<\/li>\n<li>Conserge, secretari, monitors de menjador, etc.<\/li>\n<\/ul>\n","protected":false},"excerpt":{"rendered":"<p>A m\u00e9s a m\u00e9s del servei de menjador, extraescolars i serveis digitals, l&#8217;escola compta amb altres recursos materials i humans per tal de donar una resposta afectiva a tots i cadascun dels nostres infants. Aix\u00ed doncs, el nostre centre compte amb els serveis seg\u00fcents: TIS (treballadora d\u2019Inserci\u00f3 Social) TEI (T\u00e8cnica d&#8217;Educaci\u00f3 Infantil) Vetlladors Assessora e-LIC. [&hellip;]<\/p>\n","protected":false},"author":1,"featured_media":0,"parent":66,"menu_order":0,"comment_status":"closed","ping_status":"closed","template":"page-templates\/side-menu.php","meta":{"_bbp_topic_count":0,"_bbp_reply_count":0,"_bbp_total_topic_count":0,"_bbp_total_reply_count":0,"_bbp_voice_count":0,"_bbp_anonymous_reply_count":0,"_bbp_topic_count_hidden":0,"_bbp_reply_count_hidden":0,"_bbp_forum_subforum_count":0,"site-sidebar-layout":"default","site-content-layout":"","ast-site-content-layout":"","site-content-style":"default","site-sidebar-style":"default","ast-global-header-display":"","ast-banner-title-visibility":"","ast-main-header-display":"","ast-hfb-above-header-display":"","ast-hfb-below-header-display":"","ast-hfb-mobile-header-display":"","site-post-title":"","ast-breadcrumbs-content":"","ast-featured-img":"","footer-sml-layout":"","theme-transparent-header-meta":"","adv-header-id-meta":"","stick-header-meta":"","header-above-stick-meta":"","header-main-stick-meta":"","header-below-stick-meta":"","astra-migrate-meta-layouts":"default","ast-page-background-enabled":"default","ast-page-background-meta":{"desktop":{"background-color":"var(--ast-global-color-4)","background-image":"","background-repeat":"repeat","background-position":"center center","background-size":"auto","background-attachment":"scroll","background-type":"","background-media":"","overlay-type":"","overlay-color":"","overlay-opacity":"","overlay-gradient":""},"tablet":{"background-color":"","background-image":"","background-repeat":"repeat","background-position":"center center","background-size":"auto","background-attachment":"scroll","background-type":"","background-media":"","overlay-type":"","overlay-color":"","overlay-opacity":"","overlay-gradient":""},"mobile":{"background-color":"","background-image":"","background-repeat":"repeat","background-position":"center center","background-size":"auto","background-attachment":"scroll","background-type":"","background-media":"","overlay-type":"","overlay-color":"","overlay-opacity":"","overlay-gradient":""}},"ast-content-background-meta":{"desktop":{"background-color":"var(--ast-global-color-5)","background-image":"","background-repeat":"repeat","background-position":"center center","background-size":"auto","background-attachment":"scroll","background-type":"","background-media":"","overlay-type":"","overlay-color":"","overlay-opacity":"","overlay-gradient":""},"tablet":{"background-color":"var(--ast-global-color-5)","background-image":"","background-repeat":"repeat","background-position":"center center","background-size":"auto","background-attachment":"scroll","background-type":"","background-media":"","overlay-type":"","overlay-color":"","overlay-opacity":"","overlay-gradient":""},"mobile":{"background-color":"var(--ast-global-color-5)","background-image":"","background-repeat":"repeat","background-position":"center center","background-size":"auto","background-attachment":"scroll","background-type":"","background-media":"","overlay-type":"","overlay-color":"","overlay-opacity":"","overlay-gradient":""}},"footnotes":""},"class_list":["post-262","page","type-page","status-publish","hentry"],"post_mailing_queue_ids":[],"_links":{"self":[{"href":"https:\/\/agora.xtec.cat\/escolamagimorera\/wp-json\/wp\/v2\/pages\/262","targetHints":{"allow":["GET"]}}],"collection":[{"href":"https:\/\/agora.xtec.cat\/escolamagimorera\/wp-json\/wp\/v2\/pages"}],"about":[{"href":"https:\/\/agora.xtec.cat\/escolamagimorera\/wp-json\/wp\/v2\/types\/page"}],"author":[{"embeddable":true,"href":"https:\/\/agora.xtec.cat\/escolamagimorera\/wp-json\/wp\/v2\/users\/1"}],"replies":[{"embeddable":true,"href":"https:\/\/agora.xtec.cat\/escolamagimorera\/wp-json\/wp\/v2\/comments?post=262"}],"version-history":[{"count":2,"href":"https:\/\/agora.xtec.cat\/escolamagimorera\/wp-json\/wp\/v2\/pages\/262\/revisions"}],"predecessor-version":[{"id":3560,"href":"https:\/\/agora.xtec.cat\/escolamagimorera\/wp-json\/wp\/v2\/pages\/262\/revisions\/3560"}],"up":[{"embeddable":true,"href":"https:\/\/agora.xtec.cat\/escolamagimorera\/wp-json\/wp\/v2\/pages\/66"}],"wp:attachment":[{"href":"https:\/\/agora.xtec.cat\/escolamagimorera\/wp-json\/wp\/v2\/media?parent=262"}],"curies":[{"name":"wp","href":"https:\/\/api.w.org\/{rel}","templated":true}]}}