{"id":26,"date":"2014-09-18T12:24:32","date_gmt":"2014-09-18T12:24:32","guid":{"rendered":"http:\/\/agora.xtec.cat\/escolamagimorera\/?page_id=26"},"modified":"2022-05-18T10:12:38","modified_gmt":"2022-05-18T08:12:38","slug":"historia","status":"publish","type":"page","link":"https:\/\/agora.xtec.cat\/escolamagimorera\/lescola\/historia\/","title":{"rendered":"Hist\u00f2ria de l&#8217;escola"},"content":{"rendered":"<div class=\"field field-name-field-brief field-type-text-long field-label-hidden\"><\/div>\n<div class=\"field field-name-body field-type-text-with-summary field-label-hidden\">\n<div class=\"field-items\">\n<div class=\"field-item even\">\n<div class=\"def_full\">\n<div class=\"div1\">\n<p style=\"text-align: left;\">La nostra escola, va ser inaugurada el curs escolar (1961-1962), cal destacar que cada dia est\u00e0 m\u00e9s activa i viva en les activitats di\u00e0ries del centre, aix\u00ed com les relacions personals tant importants que s&#8217;inicien i creen entre tots els membres de la comunitat educativa.<\/p>\n<p style=\"text-align: left;\">Som un centre que afavorim notablement amb la nostra intervenci\u00f3 educativa, la maduraci\u00f3 afectiva, per\u00f2 sobretot la integraci\u00f3 social i el desenvolupament intel\u00b7lectual de cada alumne. Programem i duem a terme processos de creixement i d&#8217;expressi\u00f3 des del respecte i la llibertat. Estimulem el sentit cr\u00edtic dels infants i el comprom\u00eds per construir una societat m\u00e9s humana i m\u00e9s justa. I per \u00faltim, ens sentim molt solidaris amb tots els centres educatius que promouen un servei a la societat.<\/p>\n<p dir=\"ltr\">Afrontem els reptes digitals, en la qual es troba la nostra societat,\u00a0 potenciant la Compet\u00e8ncia Digital del nostre alumnat procurant que siguin competents en aquest \u00e0mbit.<\/p>\n<h4 style=\"text-align: left;\">Qui era Mag\u00ed Morera i Gal\u00edcia?<\/h4>\n<p style=\"text-align: left;\">La nostra escola porta el nom en homenatge a l&#8217;escriptor, pol\u00edtic i advocat lleidat\u00e0 Mag\u00ed Morera i Gal\u00edcia (1853 &#8211; 1927).<\/p>\n<p style=\"text-align: left;\">Aquest, va estudiar dret a Madrid, va ser deg\u00e0 del col\u00b7legi d&#8217;advocats de Lleida, diputat provincial del partit liberal i alcalde de la ciutat. Anys m\u00e9s tard, va ingressar a la Lliga regionalista i va ser diputat a les corts. Pel que fa a l&#8217;escriptura, es va iniciar escrivint poesia castellana, per\u00f2 a causa de les influ\u00e8ncies que va rebre per part de Maragall, va comen\u00e7ar a escriure poesia catalana.<\/p>\n<\/div>\n<\/div>\n<\/div>\n<\/div>\n<\/div>\n<p align=\"justify\">\u00a0<a href=\"http:\/\/agora.xtec.cat\/escolamagimorera\/wp-content\/uploads\/usu1188\/2014\/09\/1.jpg\"><img loading=\"lazy\" decoding=\"async\" class=\" wp-image-183 aligncenter\" src=\"http:\/\/agora.xtec.cat\/escolamagimorera\/wp-content\/uploads\/usu1188\/2014\/09\/1.jpg\" alt=\"1\" width=\"301\" height=\"407\" srcset=\"https:\/\/agora.xtec.cat\/escolamagimorera\/wp-content\/uploads\/usu1188\/2014\/09\/1.jpg 238w, https:\/\/agora.xtec.cat\/escolamagimorera\/wp-content\/uploads\/usu1188\/2014\/09\/1-222x300.jpg 222w\" sizes=\"auto, (max-width: 301px) 100vw, 301px\" \/><\/a><\/p>\n","protected":false},"excerpt":{"rendered":"<p>La nostra escola, va ser inaugurada el curs escolar (1961-1962), cal destacar que cada dia est\u00e0 m\u00e9s activa i viva en les activitats di\u00e0ries del centre, aix\u00ed com les relacions personals tant importants que s&#8217;inicien i creen entre tots els membres de la comunitat educativa. Som un centre que afavorim notablement amb la nostra intervenci\u00f3 [&hellip;]<\/p>\n","protected":false},"author":2,"featured_media":0,"parent":22,"menu_order":20,"comment_status":"closed","ping_status":"closed","template":"page-templates\/side-menu.php","meta":{"_bbp_topic_count":0,"_bbp_reply_count":0,"_bbp_total_topic_count":0,"_bbp_total_reply_count":0,"_bbp_voice_count":0,"_bbp_anonymous_reply_count":0,"_bbp_topic_count_hidden":0,"_bbp_reply_count_hidden":0,"_bbp_forum_subforum_count":0,"site-sidebar-layout":"default","site-content-layout":"","ast-site-content-layout":"","site-content-style":"default","site-sidebar-style":"default","ast-global-header-display":"","ast-banner-title-visibility":"","ast-main-header-display":"","ast-hfb-above-header-display":"","ast-hfb-below-header-display":"","ast-hfb-mobile-header-display":"","site-post-title":"","ast-breadcrumbs-content":"","ast-featured-img":"","footer-sml-layout":"","theme-transparent-header-meta":"","adv-header-id-meta":"","stick-header-meta":"","header-above-stick-meta":"","header-main-stick-meta":"","header-below-stick-meta":"","astra-migrate-meta-layouts":"default","ast-page-background-enabled":"default","ast-page-background-meta":{"desktop":{"background-color":"var(--ast-global-color-4)","background-image":"","background-repeat":"repeat","background-position":"center center","background-size":"auto","background-attachment":"scroll","background-type":"","background-media":"","overlay-type":"","overlay-color":"","overlay-opacity":"","overlay-gradient":""},"tablet":{"background-color":"","background-image":"","background-repeat":"repeat","background-position":"center center","background-size":"auto","background-attachment":"scroll","background-type":"","background-media":"","overlay-type":"","overlay-color":"","overlay-opacity":"","overlay-gradient":""},"mobile":{"background-color":"","background-image":"","background-repeat":"repeat","background-position":"center center","background-size":"auto","background-attachment":"scroll","background-type":"","background-media":"","overlay-type":"","overlay-color":"","overlay-opacity":"","overlay-gradient":""}},"ast-content-background-meta":{"desktop":{"background-color":"var(--ast-global-color-5)","background-image":"","background-repeat":"repeat","background-position":"center center","background-size":"auto","background-attachment":"scroll","background-type":"","background-media":"","overlay-type":"","overlay-color":"","overlay-opacity":"","overlay-gradient":""},"tablet":{"background-color":"var(--ast-global-color-5)","background-image":"","background-repeat":"repeat","background-position":"center center","background-size":"auto","background-attachment":"scroll","background-type":"","background-media":"","overlay-type":"","overlay-color":"","overlay-opacity":"","overlay-gradient":""},"mobile":{"background-color":"var(--ast-global-color-5)","background-image":"","background-repeat":"repeat","background-position":"center center","background-size":"auto","background-attachment":"scroll","background-type":"","background-media":"","overlay-type":"","overlay-color":"","overlay-opacity":"","overlay-gradient":""}},"footnotes":""},"class_list":["post-26","page","type-page","status-publish","hentry"],"post_mailing_queue_ids":[],"_links":{"self":[{"href":"https:\/\/agora.xtec.cat\/escolamagimorera\/wp-json\/wp\/v2\/pages\/26","targetHints":{"allow":["GET"]}}],"collection":[{"href":"https:\/\/agora.xtec.cat\/escolamagimorera\/wp-json\/wp\/v2\/pages"}],"about":[{"href":"https:\/\/agora.xtec.cat\/escolamagimorera\/wp-json\/wp\/v2\/types\/page"}],"author":[{"embeddable":true,"href":"https:\/\/agora.xtec.cat\/escolamagimorera\/wp-json\/wp\/v2\/users\/2"}],"replies":[{"embeddable":true,"href":"https:\/\/agora.xtec.cat\/escolamagimorera\/wp-json\/wp\/v2\/comments?post=26"}],"version-history":[{"count":4,"href":"https:\/\/agora.xtec.cat\/escolamagimorera\/wp-json\/wp\/v2\/pages\/26\/revisions"}],"predecessor-version":[{"id":3649,"href":"https:\/\/agora.xtec.cat\/escolamagimorera\/wp-json\/wp\/v2\/pages\/26\/revisions\/3649"}],"up":[{"embeddable":true,"href":"https:\/\/agora.xtec.cat\/escolamagimorera\/wp-json\/wp\/v2\/pages\/22"}],"wp:attachment":[{"href":"https:\/\/agora.xtec.cat\/escolamagimorera\/wp-json\/wp\/v2\/media?parent=26"}],"curies":[{"name":"wp","href":"https:\/\/api.w.org\/{rel}","templated":true}]}}