{"id":1917,"date":"2019-02-19T10:00:32","date_gmt":"2019-02-19T09:00:32","guid":{"rendered":"http:\/\/agora.xtec.cat\/escolamagimorera\/?page_id=1917"},"modified":"2019-05-23T13:30:14","modified_gmt":"2019-05-23T11:30:14","slug":"projecte-amb-molta-corda","status":"publish","type":"page","link":"https:\/\/agora.xtec.cat\/escolamagimorera\/projectes\/projecte-amb-molta-corda\/","title":{"rendered":"PROJECTE &#8220;AMB MOLTA CORDA&#8221;"},"content":{"rendered":"<p>\u201cAmb molta corda\u201d \u00e9s una proposta de taller a realitzar dins les aules de prim\u00e0ria que es basa en el treball col\u00b7lectiu dels instruments de corda amb un grup\/classe de la m\u00e0 de 2 especialistes, un de viol\u00ed i un altre de violoncel.<br \/>\nEls alumnes de 1r s\u00f3n els afortunats de gaudir d&#8217;aquest projecte, que durant la seva etapa de prim\u00e0ria anir\u00e0 ampliant-se a altres cursos.<\/p>\n<p>Aquest projecte es duu a terme amb la col\u00b7laboraci\u00f3 del Pla Educatiu d&#8217;Entorn de la ciutat de Lleida, l&#8217;escola de M\u00fasica &#8220;L&#8217;Int\u00e8rpret&#8221; i la nostra escola.<\/p>\n<p>&nbsp;<\/p>\n<div class=\"ast-oembed-container \" style=\"height: 100%;\"><iframe loading=\"lazy\" title=\"Kizoa Editar V\u00eddeos - Movie Maker: Projecte corda novembre 2018\" width=\"500\" height=\"281\" src=\"https:\/\/www.youtube.com\/embed\/MMRHwHj3o6w?feature=oembed\" frameborder=\"0\" allow=\"accelerometer; autoplay; clipboard-write; encrypted-media; gyroscope; picture-in-picture; web-share\" referrerpolicy=\"strict-origin-when-cross-origin\" allowfullscreen><\/iframe><\/div>\n<p>&nbsp;<\/p>\n<p>https:\/\/youtu.be\/EYGPlZ6jcR0<\/p>\n<p>&nbsp;<\/p>\n","protected":false},"excerpt":{"rendered":"<p>\u201cAmb molta corda\u201d \u00e9s una proposta de taller a realitzar dins les aules de prim\u00e0ria que es basa en el treball col\u00b7lectiu dels instruments de corda amb un grup\/classe de la m\u00e0 de 2 especialistes, un de viol\u00ed i un altre de violoncel. Els alumnes de 1r s\u00f3n els afortunats de gaudir d&#8217;aquest projecte, que [&hellip;]<\/p>\n","protected":false},"author":1,"featured_media":0,"parent":265,"menu_order":7,"comment_status":"closed","ping_status":"closed","template":"page-templates\/side-menu.php","meta":{"_bbp_topic_count":0,"_bbp_reply_count":0,"_bbp_total_topic_count":0,"_bbp_total_reply_count":0,"_bbp_voice_count":0,"_bbp_anonymous_reply_count":0,"_bbp_topic_count_hidden":0,"_bbp_reply_count_hidden":0,"_bbp_forum_subforum_count":0,"site-sidebar-layout":"default","site-content-layout":"","ast-site-content-layout":"","site-content-style":"default","site-sidebar-style":"default","ast-global-header-display":"","ast-banner-title-visibility":"","ast-main-header-display":"","ast-hfb-above-header-display":"","ast-hfb-below-header-display":"","ast-hfb-mobile-header-display":"","site-post-title":"","ast-breadcrumbs-content":"","ast-featured-img":"","footer-sml-layout":"","theme-transparent-header-meta":"","adv-header-id-meta":"","stick-header-meta":"","header-above-stick-meta":"","header-main-stick-meta":"","header-below-stick-meta":"","astra-migrate-meta-layouts":"default","ast-page-background-enabled":"default","ast-page-background-meta":{"desktop":{"background-color":"var(--ast-global-color-4)","background-image":"","background-repeat":"repeat","background-position":"center center","background-size":"auto","background-attachment":"scroll","background-type":"","background-media":"","overlay-type":"","overlay-color":"","overlay-opacity":"","overlay-gradient":""},"tablet":{"background-color":"","background-image":"","background-repeat":"repeat","background-position":"center center","background-size":"auto","background-attachment":"scroll","background-type":"","background-media":"","overlay-type":"","overlay-color":"","overlay-opacity":"","overlay-gradient":""},"mobile":{"background-color":"","background-image":"","background-repeat":"repeat","background-position":"center center","background-size":"auto","background-attachment":"scroll","background-type":"","background-media":"","overlay-type":"","overlay-color":"","overlay-opacity":"","overlay-gradient":""}},"ast-content-background-meta":{"desktop":{"background-color":"var(--ast-global-color-5)","background-image":"","background-repeat":"repeat","background-position":"center center","background-size":"auto","background-attachment":"scroll","background-type":"","background-media":"","overlay-type":"","overlay-color":"","overlay-opacity":"","overlay-gradient":""},"tablet":{"background-color":"var(--ast-global-color-5)","background-image":"","background-repeat":"repeat","background-position":"center center","background-size":"auto","background-attachment":"scroll","background-type":"","background-media":"","overlay-type":"","overlay-color":"","overlay-opacity":"","overlay-gradient":""},"mobile":{"background-color":"var(--ast-global-color-5)","background-image":"","background-repeat":"repeat","background-position":"center center","background-size":"auto","background-attachment":"scroll","background-type":"","background-media":"","overlay-type":"","overlay-color":"","overlay-opacity":"","overlay-gradient":""}},"footnotes":""},"class_list":["post-1917","page","type-page","status-publish","hentry"],"post_mailing_queue_ids":[],"_links":{"self":[{"href":"https:\/\/agora.xtec.cat\/escolamagimorera\/wp-json\/wp\/v2\/pages\/1917","targetHints":{"allow":["GET"]}}],"collection":[{"href":"https:\/\/agora.xtec.cat\/escolamagimorera\/wp-json\/wp\/v2\/pages"}],"about":[{"href":"https:\/\/agora.xtec.cat\/escolamagimorera\/wp-json\/wp\/v2\/types\/page"}],"author":[{"embeddable":true,"href":"https:\/\/agora.xtec.cat\/escolamagimorera\/wp-json\/wp\/v2\/users\/1"}],"replies":[{"embeddable":true,"href":"https:\/\/agora.xtec.cat\/escolamagimorera\/wp-json\/wp\/v2\/comments?post=1917"}],"version-history":[{"count":3,"href":"https:\/\/agora.xtec.cat\/escolamagimorera\/wp-json\/wp\/v2\/pages\/1917\/revisions"}],"predecessor-version":[{"id":2246,"href":"https:\/\/agora.xtec.cat\/escolamagimorera\/wp-json\/wp\/v2\/pages\/1917\/revisions\/2246"}],"up":[{"embeddable":true,"href":"https:\/\/agora.xtec.cat\/escolamagimorera\/wp-json\/wp\/v2\/pages\/265"}],"wp:attachment":[{"href":"https:\/\/agora.xtec.cat\/escolamagimorera\/wp-json\/wp\/v2\/media?parent=1917"}],"curies":[{"name":"wp","href":"https:\/\/api.w.org\/{rel}","templated":true}]}}