{"id":1182,"date":"2017-11-21T09:27:03","date_gmt":"2017-11-21T08:27:03","guid":{"rendered":"http:\/\/agora.xtec.cat\/escolamagimorera\/?page_id=1182"},"modified":"2017-11-21T09:31:57","modified_gmt":"2017-11-21T08:31:57","slug":"projecte-escoltam","status":"publish","type":"page","link":"https:\/\/agora.xtec.cat\/escolamagimorera\/projectes\/projecte-escoltam\/","title":{"rendered":"Projecte &#8220;Escolta&#8217;m&#8221;"},"content":{"rendered":"<p>El projecte Escolta\u2019m proposa <em>personalitzar l&#8217;escola<\/em> amb un pla d&#8217;intervenci\u00f3 educativa que estableixi una vinculaci\u00f3 educativa positiva entre el tutor i l&#8217;alumne, i que proporcioni a tot l&#8217;alumnat factors promotors que els reconeguin i els acompanyin en el seu creixement per anar aconseguint cotes de seguretat personal que els ajudin a desenvolupar-se de manera integral i satisfact\u00f2ria.<\/p>\n<p>Una relaci\u00f3 tutorial fonamentada a partir de:<\/p>\n<p><em>&#8211; la confian\u00e7a, aconseguida mitjan\u00e7ant l\u2019escolta activa, <\/em><\/p>\n<p>&#8211; <em>la mirada capacitadora,<\/em><\/p>\n<p>&#8211; <em>la gesti\u00f3 relacional, amb el reconeixement i la identificaci\u00f3 per part del tutor de cadascun dels alumnes del grup-classe sense exclusi\u00f3.<\/em><\/p>\n<p>Tamb\u00e9 \u00e9s un suport als centres educatius, en l\u2019\u00e0mbit de l\u2019acci\u00f3 tutorial, per a una millora de la cohesi\u00f3 social i de l\u2019aprenentatge.<\/p>\n<p><a href=\"https:\/\/sites.google.com\/a\/xtec.cat\/escoltamsegria\/\" target=\"_blank\" rel=\"noopener noreferrer\">https:\/\/sites.google.com\/a\/xtec.cat\/escoltamsegria\/<\/a><\/p>\n<p><a href=\"http:\/\/agora.xtec.cat\/escolamagimorera\/wp-content\/uploads\/usu1188\/2017\/11\/WhatsApp-Image-2017-11-21-at-09.17.35.jpeg\"><img loading=\"lazy\" decoding=\"async\" class=\"aligncenter wp-image-1185 size-medium\" src=\"http:\/\/agora.xtec.cat\/escolamagimorera\/wp-content\/uploads\/usu1188\/2017\/11\/WhatsApp-Image-2017-11-21-at-09.17.35-300x225.jpeg\" alt=\"\" width=\"300\" height=\"225\" srcset=\"https:\/\/agora.xtec.cat\/escolamagimorera\/wp-content\/uploads\/usu1188\/2017\/11\/WhatsApp-Image-2017-11-21-at-09.17.35-300x225.jpeg 300w, https:\/\/agora.xtec.cat\/escolamagimorera\/wp-content\/uploads\/usu1188\/2017\/11\/WhatsApp-Image-2017-11-21-at-09.17.35-768x576.jpeg 768w, https:\/\/agora.xtec.cat\/escolamagimorera\/wp-content\/uploads\/usu1188\/2017\/11\/WhatsApp-Image-2017-11-21-at-09.17.35-1024x768.jpeg 1024w, https:\/\/agora.xtec.cat\/escolamagimorera\/wp-content\/uploads\/usu1188\/2017\/11\/WhatsApp-Image-2017-11-21-at-09.17.35-200x150.jpeg 200w, https:\/\/agora.xtec.cat\/escolamagimorera\/wp-content\/uploads\/usu1188\/2017\/11\/WhatsApp-Image-2017-11-21-at-09.17.35.jpeg 1600w\" sizes=\"auto, (max-width: 300px) 100vw, 300px\" \/><\/a> <a href=\"http:\/\/agora.xtec.cat\/escolamagimorera\/wp-content\/uploads\/usu1188\/2017\/11\/WhatsApp-Image-2017-11-21-at-09.17.36.jpeg\"><img loading=\"lazy\" decoding=\"async\" class=\"wp-image-1186 size-medium alignleft\" src=\"http:\/\/agora.xtec.cat\/escolamagimorera\/wp-content\/uploads\/usu1188\/2017\/11\/WhatsApp-Image-2017-11-21-at-09.17.36-300x225.jpeg\" alt=\"\" width=\"300\" height=\"225\" srcset=\"https:\/\/agora.xtec.cat\/escolamagimorera\/wp-content\/uploads\/usu1188\/2017\/11\/WhatsApp-Image-2017-11-21-at-09.17.36-300x225.jpeg 300w, https:\/\/agora.xtec.cat\/escolamagimorera\/wp-content\/uploads\/usu1188\/2017\/11\/WhatsApp-Image-2017-11-21-at-09.17.36-768x576.jpeg 768w, https:\/\/agora.xtec.cat\/escolamagimorera\/wp-content\/uploads\/usu1188\/2017\/11\/WhatsApp-Image-2017-11-21-at-09.17.36-1024x768.jpeg 1024w, https:\/\/agora.xtec.cat\/escolamagimorera\/wp-content\/uploads\/usu1188\/2017\/11\/WhatsApp-Image-2017-11-21-at-09.17.36-200x150.jpeg 200w, https:\/\/agora.xtec.cat\/escolamagimorera\/wp-content\/uploads\/usu1188\/2017\/11\/WhatsApp-Image-2017-11-21-at-09.17.36.jpeg 1600w\" sizes=\"auto, (max-width: 300px) 100vw, 300px\" \/><\/a> <a href=\"http:\/\/agora.xtec.cat\/escolamagimorera\/wp-content\/uploads\/usu1188\/2017\/11\/WhatsApp-Image-2017-11-21-at-09.17.37.jpeg\"><img loading=\"lazy\" decoding=\"async\" class=\"wp-image-1187 size-medium alignright\" src=\"http:\/\/agora.xtec.cat\/escolamagimorera\/wp-content\/uploads\/usu1188\/2017\/11\/WhatsApp-Image-2017-11-21-at-09.17.37-300x225.jpeg\" alt=\"\" width=\"300\" height=\"225\" srcset=\"https:\/\/agora.xtec.cat\/escolamagimorera\/wp-content\/uploads\/usu1188\/2017\/11\/WhatsApp-Image-2017-11-21-at-09.17.37-300x225.jpeg 300w, https:\/\/agora.xtec.cat\/escolamagimorera\/wp-content\/uploads\/usu1188\/2017\/11\/WhatsApp-Image-2017-11-21-at-09.17.37-768x576.jpeg 768w, https:\/\/agora.xtec.cat\/escolamagimorera\/wp-content\/uploads\/usu1188\/2017\/11\/WhatsApp-Image-2017-11-21-at-09.17.37-1024x768.jpeg 1024w, https:\/\/agora.xtec.cat\/escolamagimorera\/wp-content\/uploads\/usu1188\/2017\/11\/WhatsApp-Image-2017-11-21-at-09.17.37-200x150.jpeg 200w, https:\/\/agora.xtec.cat\/escolamagimorera\/wp-content\/uploads\/usu1188\/2017\/11\/WhatsApp-Image-2017-11-21-at-09.17.37.jpeg 1600w\" sizes=\"auto, (max-width: 300px) 100vw, 300px\" \/><\/a> <a href=\"http:\/\/agora.xtec.cat\/escolamagimorera\/wp-content\/uploads\/usu1188\/2017\/11\/WhatsApp-Image-2017-11-21-at-09.18.19.jpeg\"><img loading=\"lazy\" decoding=\"async\" class=\"wp-image-1188 size-medium alignleft\" src=\"http:\/\/agora.xtec.cat\/escolamagimorera\/wp-content\/uploads\/usu1188\/2017\/11\/WhatsApp-Image-2017-11-21-at-09.18.19-300x225.jpeg\" alt=\"\" width=\"300\" height=\"225\" srcset=\"https:\/\/agora.xtec.cat\/escolamagimorera\/wp-content\/uploads\/usu1188\/2017\/11\/WhatsApp-Image-2017-11-21-at-09.18.19-300x225.jpeg 300w, https:\/\/agora.xtec.cat\/escolamagimorera\/wp-content\/uploads\/usu1188\/2017\/11\/WhatsApp-Image-2017-11-21-at-09.18.19-768x576.jpeg 768w, https:\/\/agora.xtec.cat\/escolamagimorera\/wp-content\/uploads\/usu1188\/2017\/11\/WhatsApp-Image-2017-11-21-at-09.18.19-1024x768.jpeg 1024w, https:\/\/agora.xtec.cat\/escolamagimorera\/wp-content\/uploads\/usu1188\/2017\/11\/WhatsApp-Image-2017-11-21-at-09.18.19-200x150.jpeg 200w, https:\/\/agora.xtec.cat\/escolamagimorera\/wp-content\/uploads\/usu1188\/2017\/11\/WhatsApp-Image-2017-11-21-at-09.18.19.jpeg 1600w\" sizes=\"auto, (max-width: 300px) 100vw, 300px\" \/><\/a> <a href=\"http:\/\/agora.xtec.cat\/escolamagimorera\/wp-content\/uploads\/usu1188\/2017\/11\/WhatsApp-Image-2017-11-21-at-09.18.57.jpeg\"><img loading=\"lazy\" decoding=\"async\" class=\"wp-image-1189 size-medium alignright\" src=\"http:\/\/agora.xtec.cat\/escolamagimorera\/wp-content\/uploads\/usu1188\/2017\/11\/WhatsApp-Image-2017-11-21-at-09.18.57-300x225.jpeg\" alt=\"\" width=\"300\" height=\"225\" srcset=\"https:\/\/agora.xtec.cat\/escolamagimorera\/wp-content\/uploads\/usu1188\/2017\/11\/WhatsApp-Image-2017-11-21-at-09.18.57-300x225.jpeg 300w, https:\/\/agora.xtec.cat\/escolamagimorera\/wp-content\/uploads\/usu1188\/2017\/11\/WhatsApp-Image-2017-11-21-at-09.18.57-768x576.jpeg 768w, https:\/\/agora.xtec.cat\/escolamagimorera\/wp-content\/uploads\/usu1188\/2017\/11\/WhatsApp-Image-2017-11-21-at-09.18.57-1024x768.jpeg 1024w, https:\/\/agora.xtec.cat\/escolamagimorera\/wp-content\/uploads\/usu1188\/2017\/11\/WhatsApp-Image-2017-11-21-at-09.18.57-200x150.jpeg 200w, https:\/\/agora.xtec.cat\/escolamagimorera\/wp-content\/uploads\/usu1188\/2017\/11\/WhatsApp-Image-2017-11-21-at-09.18.57.jpeg 1600w\" sizes=\"auto, (max-width: 300px) 100vw, 300px\" \/><\/a><\/p>\n","protected":false},"excerpt":{"rendered":"<p>El projecte Escolta\u2019m proposa personalitzar l&#8217;escola amb un pla d&#8217;intervenci\u00f3 educativa que estableixi una vinculaci\u00f3 educativa positiva entre el tutor i l&#8217;alumne, i que proporcioni a tot l&#8217;alumnat factors promotors que els reconeguin i els acompanyin en el seu creixement per anar aconseguint cotes de seguretat personal que els ajudin a desenvolupar-se de manera integral [&hellip;]<\/p>\n","protected":false},"author":1,"featured_media":0,"parent":265,"menu_order":0,"comment_status":"closed","ping_status":"closed","template":"","meta":{"_bbp_topic_count":0,"_bbp_reply_count":0,"_bbp_total_topic_count":0,"_bbp_total_reply_count":0,"_bbp_voice_count":0,"_bbp_anonymous_reply_count":0,"_bbp_topic_count_hidden":0,"_bbp_reply_count_hidden":0,"_bbp_forum_subforum_count":0,"site-sidebar-layout":"default","site-content-layout":"","ast-site-content-layout":"","site-content-style":"default","site-sidebar-style":"default","ast-global-header-display":"","ast-banner-title-visibility":"","ast-main-header-display":"","ast-hfb-above-header-display":"","ast-hfb-below-header-display":"","ast-hfb-mobile-header-display":"","site-post-title":"","ast-breadcrumbs-content":"","ast-featured-img":"","footer-sml-layout":"","theme-transparent-header-meta":"","adv-header-id-meta":"","stick-header-meta":"","header-above-stick-meta":"","header-main-stick-meta":"","header-below-stick-meta":"","astra-migrate-meta-layouts":"default","ast-page-background-enabled":"default","ast-page-background-meta":{"desktop":{"background-color":"var(--ast-global-color-4)","background-image":"","background-repeat":"repeat","background-position":"center center","background-size":"auto","background-attachment":"scroll","background-type":"","background-media":"","overlay-type":"","overlay-color":"","overlay-opacity":"","overlay-gradient":""},"tablet":{"background-color":"","background-image":"","background-repeat":"repeat","background-position":"center center","background-size":"auto","background-attachment":"scroll","background-type":"","background-media":"","overlay-type":"","overlay-color":"","overlay-opacity":"","overlay-gradient":""},"mobile":{"background-color":"","background-image":"","background-repeat":"repeat","background-position":"center center","background-size":"auto","background-attachment":"scroll","background-type":"","background-media":"","overlay-type":"","overlay-color":"","overlay-opacity":"","overlay-gradient":""}},"ast-content-background-meta":{"desktop":{"background-color":"var(--ast-global-color-5)","background-image":"","background-repeat":"repeat","background-position":"center center","background-size":"auto","background-attachment":"scroll","background-type":"","background-media":"","overlay-type":"","overlay-color":"","overlay-opacity":"","overlay-gradient":""},"tablet":{"background-color":"var(--ast-global-color-5)","background-image":"","background-repeat":"repeat","background-position":"center center","background-size":"auto","background-attachment":"scroll","background-type":"","background-media":"","overlay-type":"","overlay-color":"","overlay-opacity":"","overlay-gradient":""},"mobile":{"background-color":"var(--ast-global-color-5)","background-image":"","background-repeat":"repeat","background-position":"center center","background-size":"auto","background-attachment":"scroll","background-type":"","background-media":"","overlay-type":"","overlay-color":"","overlay-opacity":"","overlay-gradient":""}},"footnotes":""},"class_list":["post-1182","page","type-page","status-publish","hentry"],"post_mailing_queue_ids":[],"_links":{"self":[{"href":"https:\/\/agora.xtec.cat\/escolamagimorera\/wp-json\/wp\/v2\/pages\/1182","targetHints":{"allow":["GET"]}}],"collection":[{"href":"https:\/\/agora.xtec.cat\/escolamagimorera\/wp-json\/wp\/v2\/pages"}],"about":[{"href":"https:\/\/agora.xtec.cat\/escolamagimorera\/wp-json\/wp\/v2\/types\/page"}],"author":[{"embeddable":true,"href":"https:\/\/agora.xtec.cat\/escolamagimorera\/wp-json\/wp\/v2\/users\/1"}],"replies":[{"embeddable":true,"href":"https:\/\/agora.xtec.cat\/escolamagimorera\/wp-json\/wp\/v2\/comments?post=1182"}],"version-history":[{"count":3,"href":"https:\/\/agora.xtec.cat\/escolamagimorera\/wp-json\/wp\/v2\/pages\/1182\/revisions"}],"predecessor-version":[{"id":1190,"href":"https:\/\/agora.xtec.cat\/escolamagimorera\/wp-json\/wp\/v2\/pages\/1182\/revisions\/1190"}],"up":[{"embeddable":true,"href":"https:\/\/agora.xtec.cat\/escolamagimorera\/wp-json\/wp\/v2\/pages\/265"}],"wp:attachment":[{"href":"https:\/\/agora.xtec.cat\/escolamagimorera\/wp-json\/wp\/v2\/media?parent=1182"}],"curies":[{"name":"wp","href":"https:\/\/api.w.org\/{rel}","templated":true}]}}