{"id":66,"date":"2014-09-18T12:40:47","date_gmt":"2014-09-18T11:40:47","guid":{"rendered":"http:\/\/agora.xtec.cat\/escolaloseron\/?page_id=66"},"modified":"2024-02-22T11:59:57","modified_gmt":"2024-02-22T10:59:57","slug":"serveis","status":"publish","type":"page","link":"https:\/\/agora.xtec.cat\/escolaloseron\/serveis\/","title":{"rendered":"Servicis"},"content":{"rendered":"<p><a href=\"https:\/\/agora.xtec.cat\/escolaloseron\/wp-content\/uploads\/usu676\/2024\/02\/escola.jpg\"><img loading=\"lazy\" decoding=\"async\" class=\"alignnone size-full wp-image-2197\" src=\"https:\/\/agora.xtec.cat\/escolaloseron\/wp-content\/uploads\/usu676\/2024\/02\/escola.jpg\" alt=\"\" width=\"875\" height=\"447\" srcset=\"https:\/\/agora.xtec.cat\/escolaloseron\/wp-content\/uploads\/usu676\/2024\/02\/escola.jpg 875w, https:\/\/agora.xtec.cat\/escolaloseron\/wp-content\/uploads\/usu676\/2024\/02\/escola-300x153.jpg 300w, https:\/\/agora.xtec.cat\/escolaloseron\/wp-content\/uploads\/usu676\/2024\/02\/escola-768x392.jpg 768w\" sizes=\"auto, (max-width: 875px) 100vw, 875px\" \/><\/a><\/p>\n<p>Aguest centre\u00a0 compde damb classes amplies e ben orientatdes. Biblioteca damb m\u00e8s de 5000 libres ent\u00e0 totes es edats.<\/p>\n<p>Connexion wifi en tot eth Centre ent\u00e0 poder trabalhar ena classa damb es naues tecnologies.<\/p>\n<p>Condam damb f\u00f2r\u00e7a materiau educatiu e totes aules an tauleus digitaus, materiau de robotica. Tanben a un espaci entara realisacion d\u00b4activitats ludiques e j\u00f2cs ent\u00e0s m\u00e8s petiti, barrat adequadament.<\/p>\n<p>Aufr\u00eds tanben servici de minjador en un encastre pla\u00e7at laguens deth pati ath quau se p\u00f2t accedir des deth madeish centre se h\u00e8 mau temps.<\/p>\n<p>&nbsp;<\/p>\n","protected":false},"excerpt":{"rendered":"<p><a href=\"https:\/\/agora.xtec.cat\/escolaloseron\/wp-content\/uploads\/usu676\/2024\/02\/escola.jpg\"><\/a><br \/>\nAguest centre\u00a0 compde damb classes amplies e ben orientatdes. Biblioteca damb m\u00e8s de 5000 libres ent\u00e0 totes es edats.<br \/>\nConnexion wifi en tot eth Centre ent\u00e0 poder trabalhar ena classa damb es naues tecnologies.<br \/>\nCondam damb f\u00f2r\u00e7a materiau educatiu e totes aules an tauleus digitaus, materiau&hellip;  <a href=\"https:\/\/agora.xtec.cat\/escolaloseron\/serveis\/\" title=\"Read Servicis\">Llegeix m\u00e9s\u00bb<\/a><\/p>\n","protected":false},"author":1,"featured_media":0,"parent":0,"menu_order":0,"comment_status":"closed","ping_status":"closed","template":"page-templates\/side-menu.php","meta":{"_bbp_topic_count":0,"_bbp_reply_count":0,"_bbp_total_topic_count":0,"_bbp_total_reply_count":0,"_bbp_voice_count":0,"_bbp_anonymous_reply_count":0,"_bbp_topic_count_hidden":0,"_bbp_reply_count_hidden":0,"_bbp_forum_subforum_count":0,"footnotes":""},"class_list":["post-66","page","type-page","status-publish","hentry"],"post_mailing_queue_ids":[],"_links":{"self":[{"href":"https:\/\/agora.xtec.cat\/escolaloseron\/wp-json\/wp\/v2\/pages\/66","targetHints":{"allow":["GET"]}}],"collection":[{"href":"https:\/\/agora.xtec.cat\/escolaloseron\/wp-json\/wp\/v2\/pages"}],"about":[{"href":"https:\/\/agora.xtec.cat\/escolaloseron\/wp-json\/wp\/v2\/types\/page"}],"author":[{"embeddable":true,"href":"https:\/\/agora.xtec.cat\/escolaloseron\/wp-json\/wp\/v2\/users\/1"}],"replies":[{"embeddable":true,"href":"https:\/\/agora.xtec.cat\/escolaloseron\/wp-json\/wp\/v2\/comments?post=66"}],"version-history":[{"count":4,"href":"https:\/\/agora.xtec.cat\/escolaloseron\/wp-json\/wp\/v2\/pages\/66\/revisions"}],"predecessor-version":[{"id":2198,"href":"https:\/\/agora.xtec.cat\/escolaloseron\/wp-json\/wp\/v2\/pages\/66\/revisions\/2198"}],"wp:attachment":[{"href":"https:\/\/agora.xtec.cat\/escolaloseron\/wp-json\/wp\/v2\/media?parent=66"}],"curies":[{"name":"wp","href":"https:\/\/api.w.org\/{rel}","templated":true}]}}