{"id":38,"date":"2014-09-18T12:34:08","date_gmt":"2014-09-18T11:34:08","guid":{"rendered":"http:\/\/agora.xtec.cat\/escolaloseron\/?page_id=38"},"modified":"2016-08-05T20:00:45","modified_gmt":"2016-08-05T19:00:45","slug":"salut","status":"publish","type":"page","link":"https:\/\/agora.xtec.cat\/escolaloseron\/lescola\/salut\/","title":{"rendered":"Salut"},"content":{"rendered":"<ul style=\"list-style-type: square;\">\n<li>Cau avisar per escrit ath tutor se cau pr\u00e9ner medecines, atau coma era dosificacion que les cau dar (sonque t\u00e0s mainatges de minjador).<\/li>\n<li>S\u2019 avisar\u00e0 per escrit deth n\u00f2m dera medecina e dera dosificacion qu&#8217;a de pr\u00e9ner. Era normativa m\u00e8rque que non se p\u00f2t balhar medicaments as mainatges se non van acompanhadi des instruccions e dera rec\u00e8pta medica corresponenta.<\/li>\n<li><u>Jam\u00e8s se balhar\u00e0n es medicines as escolans. Les cau entregar en man ath tutor corresponent.<\/u><\/li>\n<li>En cas de contagi de malatiues infectocontagioses (Polhs, varicella, conjuntivitis\u2026) er escolan <strong>demorar\u00e0<\/strong><strong> en casa<\/strong> enqui\u00e0 qu\u2019eth servici de pediatria ac aconselhe e se comunicar\u00e0 ath centre .<\/li>\n<li>Cau advertir ath tutor se er escolan pat\u00eds b\u00e8ra malautia o ben se pren b\u00e8th medicament en casa. Tanben se a intolerancies o ben all\u00e8rgies.<\/li>\n<li>Cau extremar es precaucions en entrar en estudi es adults, dispausam d\u2019alcohol t\u00e0 lauar-se es mans ena entrada.<\/li>\n<\/ul>\n<p><a href=\"http:\/\/agora.xtec.cat\/escolaloseron\/wp-content\/uploads\/usu676\/2014\/09\/antibacterial-300x300.jpg\"><img loading=\"lazy\" decoding=\"async\" class=\"size-full wp-image-269 aligncenter\" src=\"http:\/\/agora.xtec.cat\/escolaloseron\/wp-content\/uploads\/usu676\/2014\/09\/antibacterial-300x300.jpg\" alt=\"antibacterial-300x300\" width=\"300\" height=\"300\" srcset=\"https:\/\/agora.xtec.cat\/escolaloseron\/wp-content\/uploads\/usu676\/2014\/09\/antibacterial-300x300.jpg 300w, https:\/\/agora.xtec.cat\/escolaloseron\/wp-content\/uploads\/usu676\/2014\/09\/antibacterial-300x300-150x150.jpg 150w\" sizes=\"auto, (max-width: 300px) 100vw, 300px\" \/><\/a><\/p>\n<p>&nbsp;<\/p>\n<p>&nbsp;<\/p>\n<p>&nbsp;<\/p>\n<p>&nbsp;<\/p>\n<p>&nbsp;<\/p>\n","protected":false},"excerpt":{"rendered":"<ul style=\"list-style-type: square;\">\n<li>Cau avisar per escrit ath tutor se cau pr\u00e9ner medecines, atau coma era dosificacion que les cau dar (sonque t\u00e0s mainatges de minjador).<\/li>\n<li>S\u2019 avisar\u00e0 per escrit deth n\u00f2m dera medecina e dera dosificacion qu&#8217;a de pr\u00e9ner. Era normativa m\u00e8rque que non se p\u00f2t&hellip;  <a href=\"https:\/\/agora.xtec.cat\/escolaloseron\/lescola\/salut\/\" title=\"Read Salut\">Llegeix m\u00e9s\u00bb<\/a><br \/>\n","protected":false},"author":1,"featured_media":0,"parent":22,"menu_order":80,"comment_status":"closed","ping_status":"closed","template":"page-templates\/side-menu.php","meta":{"_bbp_topic_count":0,"_bbp_reply_count":0,"_bbp_total_topic_count":0,"_bbp_total_reply_count":0,"_bbp_voice_count":0,"_bbp_anonymous_reply_count":0,"_bbp_topic_count_hidden":0,"_bbp_reply_count_hidden":0,"_bbp_forum_subforum_count":0,"footnotes":""},"class_list":["post-38","page","type-page","status-publish","hentry"],"post_mailing_queue_ids":[],"_links":{"self":[{"href":"https:\/\/agora.xtec.cat\/escolaloseron\/wp-json\/wp\/v2\/pages\/38","targetHints":{"allow":["GET"]}}],"collection":[{"href":"https:\/\/agora.xtec.cat\/escolaloseron\/wp-json\/wp\/v2\/pages"}],"about":[{"href":"https:\/\/agora.xtec.cat\/escolaloseron\/wp-json\/wp\/v2\/types\/page"}],"author":[{"embeddable":true,"href":"https:\/\/agora.xtec.cat\/escolaloseron\/wp-json\/wp\/v2\/users\/1"}],"replies":[{"embeddable":true,"href":"https:\/\/agora.xtec.cat\/escolaloseron\/wp-json\/wp\/v2\/comments?post=38"}],"version-history":[{"count":3,"href":"https:\/\/agora.xtec.cat\/escolaloseron\/wp-json\/wp\/v2\/pages\/38\/revisions"}],"predecessor-version":[{"id":270,"href":"https:\/\/agora.xtec.cat\/escolaloseron\/wp-json\/wp\/v2\/pages\/38\/revisions\/270"}],"up":[{"embeddable":true,"href":"https:\/\/agora.xtec.cat\/escolaloseron\/wp-json\/wp\/v2\/pages\/22"}],"wp:attachment":[{"href":"https:\/\/agora.xtec.cat\/escolaloseron\/wp-json\/wp\/v2\/media?parent=38"}],"curies":[{"name":"wp","href":"https:\/\/api.w.org\/{rel}","templated":true}]}}