{"id":36,"date":"2014-09-18T12:33:11","date_gmt":"2014-09-18T11:33:11","guid":{"rendered":"http:\/\/agora.xtec.cat\/escolaloseron\/?page_id=36"},"modified":"2022-08-29T13:15:38","modified_gmt":"2022-08-29T11:15:38","slug":"material-escolar","status":"publish","type":"page","link":"https:\/\/agora.xtec.cat\/escolaloseron\/lescola\/material-escolar\/","title":{"rendered":"Materiau escolar"},"content":{"rendered":"<h3><\/h3>\n<p>Eth materiau fungible des escolans\/es ei centralitzat en n\u00f2ste Centre h\u00e8 f\u00f2r\u00e7a ans. Aquer\u00f2 s\u2019acord\u00e8c ent\u00e0 balhar un servici as pairs\/mairs e sajar d\u2019estauviar ena crompa d&#8217;aguest materiau. Era AFA crube ua qu\u00f2ta de materiau per escolan\/a e damb aguesti s\u00f2s e damb auti que balhe er Ajuntament cada an se crompe tot tipe de materiau t\u00e0s escolans: cai\u00e8rs, f\u00f2lis, tinta, pintures, plastelina, materiau ent\u00e0s h\u00e8stes: magr\u00e0s, castanhada, nadau, m\u00f2na\u2026, hestivaus: muraus e decoracion\u2026, manualitats ent\u00e0s dies especiaus\u2026., materiaus ent\u00e0s experiments, plastificacion de materiaus, fotoc\u00f2pies&#8230;<\/p>\n<p>Balham compdes\u00a0 d\u2019aguest materiau e de totes es autes despenes der estudi cada an en Conselh Escolar . Era comission economica campe aguestes factures e apr\u00f2ve er estat des compdes der estudi.<\/p>\n<h6>Enes \u00a0amassades d&#8217;inici de cors de cada classa se comentar\u00e0 eth materiau que cau segontes era edat des escolans\/es.<\/h6>\n<p><a href=\"https:\/\/agora.xtec.cat\/escolaloseron\/wp-content\/uploads\/usu676\/2022\/08\/materiau-inici-cors-1.jpg\"><img loading=\"lazy\" decoding=\"async\" class=\"alignnone size-full wp-image-1904\" src=\"https:\/\/agora.xtec.cat\/escolaloseron\/wp-content\/uploads\/usu676\/2022\/08\/materiau-inici-cors-1.jpg\" alt=\"\" width=\"508\" height=\"721\" srcset=\"https:\/\/agora.xtec.cat\/escolaloseron\/wp-content\/uploads\/usu676\/2022\/08\/materiau-inici-cors-1.jpg 508w, https:\/\/agora.xtec.cat\/escolaloseron\/wp-content\/uploads\/usu676\/2022\/08\/materiau-inici-cors-1-211x300.jpg 211w\" sizes=\"auto, (max-width: 508px) 100vw, 508px\" \/><\/a><\/p>\n","protected":false},"excerpt":{"rendered":"<p>Eth materiau fungible des escolans\/es ei centralitzat en n\u00f2ste Centre h\u00e8 f\u00f2r\u00e7a ans. Aquer\u00f2 s\u2019acord\u00e8c ent\u00e0 balhar un servici as pairs\/mairs e sajar d\u2019estauviar ena crompa d&#8217;aguest materiau. Era AFA crube ua qu\u00f2ta de materiau per escolan\/a e damb aguesti s\u00f2s e damb auti que&hellip;  <a href=\"https:\/\/agora.xtec.cat\/escolaloseron\/lescola\/material-escolar\/\" title=\"Read Materiau escolar\">Llegeix m\u00e9s\u00bb<\/a><\/p>\n","protected":false},"author":1,"featured_media":0,"parent":22,"menu_order":70,"comment_status":"closed","ping_status":"closed","template":"page-templates\/side-menu.php","meta":{"_bbp_topic_count":0,"_bbp_reply_count":0,"_bbp_total_topic_count":0,"_bbp_total_reply_count":0,"_bbp_voice_count":0,"_bbp_anonymous_reply_count":0,"_bbp_topic_count_hidden":0,"_bbp_reply_count_hidden":0,"_bbp_forum_subforum_count":0,"footnotes":""},"class_list":["post-36","page","type-page","status-publish","hentry"],"post_mailing_queue_ids":[],"_links":{"self":[{"href":"https:\/\/agora.xtec.cat\/escolaloseron\/wp-json\/wp\/v2\/pages\/36","targetHints":{"allow":["GET"]}}],"collection":[{"href":"https:\/\/agora.xtec.cat\/escolaloseron\/wp-json\/wp\/v2\/pages"}],"about":[{"href":"https:\/\/agora.xtec.cat\/escolaloseron\/wp-json\/wp\/v2\/types\/page"}],"author":[{"embeddable":true,"href":"https:\/\/agora.xtec.cat\/escolaloseron\/wp-json\/wp\/v2\/users\/1"}],"replies":[{"embeddable":true,"href":"https:\/\/agora.xtec.cat\/escolaloseron\/wp-json\/wp\/v2\/comments?post=36"}],"version-history":[{"count":3,"href":"https:\/\/agora.xtec.cat\/escolaloseron\/wp-json\/wp\/v2\/pages\/36\/revisions"}],"predecessor-version":[{"id":1905,"href":"https:\/\/agora.xtec.cat\/escolaloseron\/wp-json\/wp\/v2\/pages\/36\/revisions\/1905"}],"up":[{"embeddable":true,"href":"https:\/\/agora.xtec.cat\/escolaloseron\/wp-json\/wp\/v2\/pages\/22"}],"wp:attachment":[{"href":"https:\/\/agora.xtec.cat\/escolaloseron\/wp-json\/wp\/v2\/media?parent=36"}],"curies":[{"name":"wp","href":"https:\/\/api.w.org\/{rel}","templated":true}]}}