{"id":26,"date":"2014-09-18T12:24:32","date_gmt":"2014-09-18T11:24:32","guid":{"rendered":"http:\/\/agora.xtec.cat\/escolaloseron\/?page_id=26"},"modified":"2025-12-28T13:22:17","modified_gmt":"2025-12-28T12:22:17","slug":"historia","status":"publish","type":"page","link":"https:\/\/agora.xtec.cat\/escolaloseron\/lescola\/historia\/","title":{"rendered":"Qui \u00e8m"},"content":{"rendered":"<p>Era Z\u00f2na Escolar Rurau Val d\u2019Aran ei compausada per tres centres escolars publics enes que s\u2019impart\u00eds Educacion Infantila e Educacion Prim\u00e0ria:<\/p>\n<ul>\n<li>Esc\u00f2la Ruda (Salard\u00fa).<\/li>\n<li><strong>Esc\u00f2la Loseron (Arties).<\/strong><\/li>\n<li>Esc\u00f2la Cast\u00e8th-Leon (Es B\u00f2rdes).<\/li>\n<\/ul>\n<p>Era <strong>seden\u00e7a<\/strong> dera ZER ei pla\u00e7ada en Esc\u00f2la Loseron d\u2019Arties.<\/p>\n<p>&nbsp;<\/p>\n<p><strong>Es\u00a0 trets indicadors<\/strong> dera ZER son:<\/p>\n<ul>\n<li><strong>Impolsar un proj\u00e8cte educatiu pluriling\u00fce en qu\u00b4er aran\u00e9s sigue er eish vertebrador des autes leng\u00fces, airaus e comunicacions sociaus. <\/strong><\/li>\n<li><strong>Dinamizar accions educatiues en leng\u00fces estrang\u00e8res enes diu\u00e8rsi airaus.<\/strong><\/li>\n<li><strong>Desvolopar era compet\u00e9ncia digitau en toti es niv\u00e8us educatius.<\/strong><\/li>\n<li><strong>Desplegar es airaus deth curriculum en tot establir com finalitat centrau era adquisicion des compet\u00e9ncies basiques der escolanat.<\/strong><\/li>\n<li><strong>Assolir boni niv\u00e8us escolars d\u00b4expression orau e escrita, agilitat en c\u00e0lcul, resolucion de problemes e autonomia d\u00b4aprenedissatge.<\/strong><\/li>\n<li><strong>Apregondir en coneishement der entorn naturau, sociau e culturau deth par\u00e7an.<\/strong><\/li>\n<li><strong>Integrar continguts vinculadi ara coeducacion, conviuen\u00e7a, ciutadania, educacion ambientau, salut, comunicacion audiovisuaus, acc\u00e8s ara informacion e gust pera lectura. <\/strong><\/li>\n<li><strong>Consolidar era escolarizacion inclusiva der escolanat en tot atier es s\u00f2ns besonhs educatius e priorizar era maxima participacion de toti es escolans enes entorns escolars ordinaris.<\/strong><\/li>\n<li><strong>Signar era carta de compromis educatiu tamb era familha ent\u00e0 milhorar era educacion des n\u00f2sti escolans.<\/strong><\/li>\n<li><strong>Aplicar mesures entara deteccion prec\u00f2\u00e7 des escolans damb dificultats d\u2019aprenedissatge o damb nautes capacitats, era sua adeq\u00fcada atencion metodologica e personalizada.<\/strong><\/li>\n<li><strong>Organizar es recorsi umans ent\u00e0 dedicar-les, parcialment as besonhs des escolans.<\/strong><\/li>\n<\/ul>\n","protected":false},"excerpt":{"rendered":"<p>Era Z\u00f2na Escolar Rurau Val d\u2019Aran ei compausada per tres centres escolars publics enes que s\u2019impart\u00eds Educacion Infantila e Educacion Prim\u00e0ria:<\/p>\n<ul>\n<li>Esc\u00f2la Ruda (Salard\u00fa).<\/li>\n<li>Esc\u00f2la Loseron (Arties).<\/li>\n<li>Esc\u00f2la Cast\u00e8th-Leon (Es B\u00f2rdes).<\/li>\n<\/ul>\n<p>Era seden\u00e7a dera ZER ei pla\u00e7ada en Esc\u00f2la Loseron d\u2019Arties.<br \/>\n&nbsp;<br \/>\nEs\u00a0 trets indicadors dera ZER son:<\/p>\n<ul>\n<li>Impolsar un proj\u00e8cte educatiu&hellip;  <a href=\"https:\/\/agora.xtec.cat\/escolaloseron\/lescola\/historia\/\" title=\"Read Qui \u00e8m\">Llegeix m\u00e9s\u00bb<\/a><br \/>\n","protected":false},"author":1,"featured_media":0,"parent":22,"menu_order":20,"comment_status":"closed","ping_status":"closed","template":"page-templates\/side-menu.php","meta":{"_bbp_topic_count":0,"_bbp_reply_count":0,"_bbp_total_topic_count":0,"_bbp_total_reply_count":0,"_bbp_voice_count":0,"_bbp_anonymous_reply_count":0,"_bbp_topic_count_hidden":0,"_bbp_reply_count_hidden":0,"_bbp_forum_subforum_count":0,"footnotes":""},"class_list":["post-26","page","type-page","status-publish","hentry"],"post_mailing_queue_ids":[],"_links":{"self":[{"href":"https:\/\/agora.xtec.cat\/escolaloseron\/wp-json\/wp\/v2\/pages\/26","targetHints":{"allow":["GET"]}}],"collection":[{"href":"https:\/\/agora.xtec.cat\/escolaloseron\/wp-json\/wp\/v2\/pages"}],"about":[{"href":"https:\/\/agora.xtec.cat\/escolaloseron\/wp-json\/wp\/v2\/types\/page"}],"author":[{"embeddable":true,"href":"https:\/\/agora.xtec.cat\/escolaloseron\/wp-json\/wp\/v2\/users\/1"}],"replies":[{"embeddable":true,"href":"https:\/\/agora.xtec.cat\/escolaloseron\/wp-json\/wp\/v2\/comments?post=26"}],"version-history":[{"count":6,"href":"https:\/\/agora.xtec.cat\/escolaloseron\/wp-json\/wp\/v2\/pages\/26\/revisions"}],"predecessor-version":[{"id":2557,"href":"https:\/\/agora.xtec.cat\/escolaloseron\/wp-json\/wp\/v2\/pages\/26\/revisions\/2557"}],"up":[{"embeddable":true,"href":"https:\/\/agora.xtec.cat\/escolaloseron\/wp-json\/wp\/v2\/pages\/22"}],"wp:attachment":[{"href":"https:\/\/agora.xtec.cat\/escolaloseron\/wp-json\/wp\/v2\/media?parent=26"}],"curies":[{"name":"wp","href":"https:\/\/api.w.org\/{rel}","templated":true}]}}