{"id":1046,"date":"2019-02-13T11:39:39","date_gmt":"2019-02-13T10:39:39","guid":{"rendered":"http:\/\/agora.xtec.cat\/escolaloseron\/?page_id=1046"},"modified":"2019-04-22T00:24:40","modified_gmt":"2019-04-21T22:24:40","slug":"projecte-linguistic-dera-val-daran","status":"publish","type":"page","link":"https:\/\/agora.xtec.cat\/escolaloseron\/projecte-educatiu\/projecte-linguistic-dera-val-daran\/","title":{"rendered":"PROJ\u00c8CTE LING\u00dc\u00cdSTIC DERA VAL D&#8217;ARAN"},"content":{"rendered":"<p><a href=\"https:\/\/agora.xtec.cat\/zervaldaran\/wp-content\/uploads\/usu120\/2019\/01\/PROJ%C3%88CTE-LING%C3%9CISTIC.pdf\">PROJ\u00c8CTE LING\u00dc\u00cdSTIC DERA VAL D&#8217;ARAN<\/a><\/p>\n","protected":false},"excerpt":{"rendered":"<p><a href=\"https:\/\/agora.xtec.cat\/zervaldaran\/wp-content\/uploads\/usu120\/2019\/01\/PROJ%C3%88CTE-LING%C3%9CISTIC.pdf\">PROJ\u00c8CTE LING\u00dc\u00cdSTIC DERA VAL D&#8217;ARAN<\/a><\/p>\n","protected":false},"author":1,"featured_media":0,"parent":64,"menu_order":0,"comment_status":"closed","ping_status":"closed","template":"","meta":{"_bbp_topic_count":0,"_bbp_reply_count":0,"_bbp_total_topic_count":0,"_bbp_total_reply_count":0,"_bbp_voice_count":0,"_bbp_anonymous_reply_count":0,"_bbp_topic_count_hidden":0,"_bbp_reply_count_hidden":0,"_bbp_forum_subforum_count":0,"footnotes":""},"class_list":["post-1046","page","type-page","status-publish","hentry"],"post_mailing_queue_ids":[],"_links":{"self":[{"href":"https:\/\/agora.xtec.cat\/escolaloseron\/wp-json\/wp\/v2\/pages\/1046","targetHints":{"allow":["GET"]}}],"collection":[{"href":"https:\/\/agora.xtec.cat\/escolaloseron\/wp-json\/wp\/v2\/pages"}],"about":[{"href":"https:\/\/agora.xtec.cat\/escolaloseron\/wp-json\/wp\/v2\/types\/page"}],"author":[{"embeddable":true,"href":"https:\/\/agora.xtec.cat\/escolaloseron\/wp-json\/wp\/v2\/users\/1"}],"replies":[{"embeddable":true,"href":"https:\/\/agora.xtec.cat\/escolaloseron\/wp-json\/wp\/v2\/comments?post=1046"}],"version-history":[{"count":2,"href":"https:\/\/agora.xtec.cat\/escolaloseron\/wp-json\/wp\/v2\/pages\/1046\/revisions"}],"predecessor-version":[{"id":1161,"href":"https:\/\/agora.xtec.cat\/escolaloseron\/wp-json\/wp\/v2\/pages\/1046\/revisions\/1161"}],"up":[{"embeddable":true,"href":"https:\/\/agora.xtec.cat\/escolaloseron\/wp-json\/wp\/v2\/pages\/64"}],"wp:attachment":[{"href":"https:\/\/agora.xtec.cat\/escolaloseron\/wp-json\/wp\/v2\/media?parent=1046"}],"curies":[{"name":"wp","href":"https:\/\/api.w.org\/{rel}","templated":true}]}}