{"id":71,"date":"2014-09-18T12:44:56","date_gmt":"2014-09-18T11:44:56","guid":{"rendered":"http:\/\/agora.xtec.cat\/escolalolaanglada\/?page_id=71"},"modified":"2022-10-23T07:38:43","modified_gmt":"2022-10-23T05:38:43","slug":"serveis-digitals","status":"publish","type":"page","link":"https:\/\/agora.xtec.cat\/escolalolaanglada\/serveis\/serveis-digitals\/","title":{"rendered":"Serveis digitals"},"content":{"rendered":"<div class=\"fusion-title title fusion-title-size-two fusion-border-below-title\">\n<p>Les comunicacions escola-fam\u00edlia principalment es fan a trav\u00e9s d\u2019una aplicaci\u00f3 m\u00f2bil (Bynapp) o per la web de l&#8217;escola.<\/p>\n<p><strong><span style=\"color: #ff00ff;\">BYNAPP<\/span>:<\/strong> Per poder donar d\u2019alta el servei ho podeu fer a trav\u00e9s d&#8217;aquest codi QR:<\/p>\n<\/div>\n<p><a href=\"https:\/\/agora.xtec.cat\/escolalolaanglada\/wp-content\/uploads\/usu1935\/2020\/07\/Bynapp-Matricula.png\"><img loading=\"lazy\" decoding=\"async\" class=\"wp-image-8450 aligncenter\" src=\"https:\/\/agora.xtec.cat\/escolalolaanglada\/wp-content\/uploads\/usu1935\/2020\/07\/Bynapp-Matricula.png\" alt=\"\" width=\"230\" height=\"230\" srcset=\"https:\/\/agora.xtec.cat\/escolalolaanglada\/wp-content\/uploads\/usu1935\/2020\/07\/Bynapp-Matricula.png 854w, https:\/\/agora.xtec.cat\/escolalolaanglada\/wp-content\/uploads\/usu1935\/2020\/07\/Bynapp-Matricula-150x150.png 150w, https:\/\/agora.xtec.cat\/escolalolaanglada\/wp-content\/uploads\/usu1935\/2020\/07\/Bynapp-Matricula-300x300.png 300w, https:\/\/agora.xtec.cat\/escolalolaanglada\/wp-content\/uploads\/usu1935\/2020\/07\/Bynapp-Matricula-768x768.png 768w\" sizes=\"auto, (max-width: 230px) 100vw, 230px\" \/><\/a><\/p>\n<div class=\"fusion-title title fusion-title-size-two fusion-border-below-title\">\n<p>Un cop us donem d&#8217;alta (no \u00e9s autom\u00e0tic, triga uns dies perqu\u00e8 hem de comprovar que el vostre fill o filla est\u00e0 matriculat a l&#8217;escola), us arribar\u00e0 un email amb les instruccions a seguir (reviseu la safata spam, de vegades arriba a aquesta safata). Recordeu baixar abans l&#8217;apliaci\u00f3 al vostre dispositu.<\/p>\n<p>En aquest <a href=\"http:\/\/www.bynapp.com\/fathers?lang=ca\"><strong>enlla\u00e7<\/strong><\/a> podeu trobar el tutorial amb els primers passos.<\/p>\n<\/div>\n<p>Per tal de que funcioni correctament, l&#8217;aplicaci\u00f3 s&#8217;ha de tenir sempre actualitzada aix\u00ed com tenir actualitzat el sistema operatiu del m\u00f2bil.<\/p>\n<p>En cas de que no recordeu la contrasenya podeu demanar una de nova obrint l\u2019apliaci\u00f3 i clicant a \u201cHe perdut la meva contrasenya\u201d i seguir les instruccions que arribin per email.<\/p>\n<p><a href=\"https:\/\/agora.xtec.cat\/escolalolaanglada\/wp-content\/uploads\/usu1935\/2022\/07\/contrasenya-bynapp.png\"><img loading=\"lazy\" decoding=\"async\" class=\" wp-image-17773 aligncenter\" src=\"https:\/\/agora.xtec.cat\/escolalolaanglada\/wp-content\/uploads\/usu1935\/2022\/07\/contrasenya-bynapp.png\" alt=\"\" width=\"266\" height=\"205\" srcset=\"https:\/\/agora.xtec.cat\/escolalolaanglada\/wp-content\/uploads\/usu1935\/2022\/07\/contrasenya-bynapp.png 342w, https:\/\/agora.xtec.cat\/escolalolaanglada\/wp-content\/uploads\/usu1935\/2022\/07\/contrasenya-bynapp-300x232.png 300w\" sizes=\"auto, (max-width: 266px) 100vw, 266px\" \/><\/a><\/p>\n<p>&nbsp;<\/p>\n<p>En cas de que us doni algun error &#8220;usuari no existent&#8221; podeu enviar un correu a l\u2019escola especificant a l\u2019assumpte: Bynapp.<\/p>\n<p>En cas de que l&#8217;error sigui t\u00e8cnic (per exemple que no arribin les notificacions) podeu posar-vos en contacte amb l&#8217;empresa mitjan\u00e7ant aquest formulari <a href=\"http:\/\/www.bynapp.com\/contact\">http:\/\/www.bynapp.com\/contact<\/a><\/p>\n<ul>\n<li>Tingueu present que en el moment que el vostre fill o filla deixi d\u2019estar matriculada a l\u2019escola, no tindreu acc\u00e9s al Bynapp. Per tant si voleu conservar alguna informaci\u00f3 us l\u2019haureu de descarregar abans.<\/li>\n<li>Igual passa amb les entrades i fotos que pengem al web, s&#8217;esborren cada inici de curs.<\/li>\n<\/ul>\n<p>&nbsp;<\/p>\n<p>Si teniu un fill o filla a l\u2019escola haureu de tornar a omplir el formulari amb els mateixos correus electr\u00f2nics que v\u00e0reu donar pel germ\u00e0 o germana m\u00e9s gran. I quan des de l\u2019escola els matriculem us apareixeran els dos fills a la mateixa aplicaci\u00f3 que ja teniu instal\u00b7lada.<\/p>\n<p>&nbsp;<\/p>\n<p><span style=\"color: #ff00ff;\"><strong>WEB ESCOLA<\/strong>:<\/span> Si voleu rebre una notificaci\u00f3 cada vegada que hi hagi alguna novetat no oblideu escriure el vostre correu electr\u00f2nic a \u201cSubscripci\u00f3 de correu\u201d que trobareu a l\u2019esquerra de la p\u00e0gina.<\/p>\n<p><a href=\"https:\/\/agora.xtec.cat\/escolalolaanglada\/wp-content\/uploads\/usu1935\/2020\/04\/Subscripcio.png\"><img loading=\"lazy\" decoding=\"async\" class=\"wp-image-7966 aligncenter\" src=\"https:\/\/agora.xtec.cat\/escolalolaanglada\/wp-content\/uploads\/usu1935\/2020\/04\/Subscripcio.png\" alt=\"\" width=\"265\" height=\"520\" srcset=\"https:\/\/agora.xtec.cat\/escolalolaanglada\/wp-content\/uploads\/usu1935\/2020\/04\/Subscripcio.png 354w, https:\/\/agora.xtec.cat\/escolalolaanglada\/wp-content\/uploads\/usu1935\/2020\/04\/Subscripcio-153x300.png 153w\" sizes=\"auto, (max-width: 265px) 100vw, 265px\" \/><\/a>Per qualsevol dubte podeu passar per Secretaria o enviar un correu a <a href=\"https:\/\/agora.xtec.cat\/escolalolaanglada\/lescola\/on-som\/\">l\u2019escola<\/a> especificant a l\u2019assumpte: Bynapp o Web.<\/p>\n<p>&nbsp;<\/p>\n<p><span style=\"color: #ff00ff;\"><strong>MOODLE:<\/strong><\/span> Fem servir aquesta plataforma des de 3r fins a 6\u00e8. Les primeres sessions d\u2019inform\u00e0tica amb els i les alumnes es dediquen a aprendre com entrar i treballar en aquest entorn.<\/p>\n<p>A les fam\u00edlies a principis de curs, rebeu un mini tutorial perqu\u00e8 tamb\u00e9 sapigueu com s\u2019entra.<\/p>\n<p>L\u2019usuari i la contrasenya es proporciona des de l\u2019escola i si es perd o oblida s\u2019ha de comunicar al tutor o tutora.<\/p>\n<p>No es fa a trav\u00e9s de correu electr\u00f2nic ja que els menors de 14 anys no poden tenir correu electr\u00f2nic.<\/p>\n<p>&nbsp;<\/p>\n<p><span style=\"color: #ff00ff;\"><strong>CORREU ESPEC\u00cdFIC DE TUTORIA<\/strong>.<\/span> A principis de curs els i les tutores us proporcionen un correu espec\u00edfic de tutoria per si us heu de posar en contacte amb ells.<\/p>\n<p>En aquest <a href=\"https:\/\/agora.xtec.cat\/escolalolaanglada\/docs\/correus-de-contacte-professorat-del-centre-curs-22-23\/\">enlla\u00e7<\/a> trobareu el document amb el resum de tots els contactes<\/p>\n<p>&nbsp;<\/p>\n","protected":false},"excerpt":{"rendered":"<p>Les comunicacions escola-fam\u00edlia principalment es fan a trav\u00e9s d\u2019una aplicaci\u00f3 m\u00f2bil (Bynapp) o per la web de l&#8217;escola. BYNAPP: Per poder donar d\u2019alta el servei ho podeu fer a trav\u00e9s d&#8217;aquest codi QR: Un cop us donem d&#8217;alta (no \u00e9s autom\u00e0tic, triga uns dies perqu\u00e8 hem de comprovar que el vostre fill o filla est\u00e0 [&hellip;]<\/p>\n","protected":false},"author":1,"featured_media":0,"parent":66,"menu_order":10,"comment_status":"closed","ping_status":"closed","template":"page-templates\/side-menu.php","meta":{"_bbp_topic_count":0,"_bbp_reply_count":0,"_bbp_total_topic_count":0,"_bbp_total_reply_count":0,"_bbp_voice_count":0,"_bbp_anonymous_reply_count":0,"_bbp_topic_count_hidden":0,"_bbp_reply_count_hidden":0,"_bbp_forum_subforum_count":0,"site-sidebar-layout":"default","site-content-layout":"","ast-site-content-layout":"","site-content-style":"default","site-sidebar-style":"default","ast-global-header-display":"","ast-banner-title-visibility":"","ast-main-header-display":"","ast-hfb-above-header-display":"","ast-hfb-below-header-display":"","ast-hfb-mobile-header-display":"","site-post-title":"","ast-breadcrumbs-content":"","ast-featured-img":"","footer-sml-layout":"","theme-transparent-header-meta":"","adv-header-id-meta":"","stick-header-meta":"","header-above-stick-meta":"","header-main-stick-meta":"","header-below-stick-meta":"","astra-migrate-meta-layouts":"default","ast-page-background-enabled":"default","ast-page-background-meta":{"desktop":{"background-color":"var(--ast-global-color-4)","background-image":"","background-repeat":"repeat","background-position":"center center","background-size":"auto","background-attachment":"scroll","background-type":"","background-media":"","overlay-type":"","overlay-color":"","overlay-opacity":"","overlay-gradient":""},"tablet":{"background-color":"","background-image":"","background-repeat":"repeat","background-position":"center center","background-size":"auto","background-attachment":"scroll","background-type":"","background-media":"","overlay-type":"","overlay-color":"","overlay-opacity":"","overlay-gradient":""},"mobile":{"background-color":"","background-image":"","background-repeat":"repeat","background-position":"center center","background-size":"auto","background-attachment":"scroll","background-type":"","background-media":"","overlay-type":"","overlay-color":"","overlay-opacity":"","overlay-gradient":""}},"ast-content-background-meta":{"desktop":{"background-color":"var(--ast-global-color-5)","background-image":"","background-repeat":"repeat","background-position":"center center","background-size":"auto","background-attachment":"scroll","background-type":"","background-media":"","overlay-type":"","overlay-color":"","overlay-opacity":"","overlay-gradient":""},"tablet":{"background-color":"var(--ast-global-color-5)","background-image":"","background-repeat":"repeat","background-position":"center center","background-size":"auto","background-attachment":"scroll","background-type":"","background-media":"","overlay-type":"","overlay-color":"","overlay-opacity":"","overlay-gradient":""},"mobile":{"background-color":"var(--ast-global-color-5)","background-image":"","background-repeat":"repeat","background-position":"center center","background-size":"auto","background-attachment":"scroll","background-type":"","background-media":"","overlay-type":"","overlay-color":"","overlay-opacity":"","overlay-gradient":""}},"footnotes":""},"class_list":["post-71","page","type-page","status-publish","hentry"],"post_mailing_queue_ids":[],"_links":{"self":[{"href":"https:\/\/agora.xtec.cat\/escolalolaanglada\/wp-json\/wp\/v2\/pages\/71","targetHints":{"allow":["GET"]}}],"collection":[{"href":"https:\/\/agora.xtec.cat\/escolalolaanglada\/wp-json\/wp\/v2\/pages"}],"about":[{"href":"https:\/\/agora.xtec.cat\/escolalolaanglada\/wp-json\/wp\/v2\/types\/page"}],"author":[{"embeddable":true,"href":"https:\/\/agora.xtec.cat\/escolalolaanglada\/wp-json\/wp\/v2\/users\/1"}],"replies":[{"embeddable":true,"href":"https:\/\/agora.xtec.cat\/escolalolaanglada\/wp-json\/wp\/v2\/comments?post=71"}],"version-history":[{"count":3,"href":"https:\/\/agora.xtec.cat\/escolalolaanglada\/wp-json\/wp\/v2\/pages\/71\/revisions"}],"predecessor-version":[{"id":17986,"href":"https:\/\/agora.xtec.cat\/escolalolaanglada\/wp-json\/wp\/v2\/pages\/71\/revisions\/17986"}],"up":[{"embeddable":true,"href":"https:\/\/agora.xtec.cat\/escolalolaanglada\/wp-json\/wp\/v2\/pages\/66"}],"wp:attachment":[{"href":"https:\/\/agora.xtec.cat\/escolalolaanglada\/wp-json\/wp\/v2\/media?parent=71"}],"curies":[{"name":"wp","href":"https:\/\/api.w.org\/{rel}","templated":true}]}}