{"id":523,"date":"2018-11-08T19:41:55","date_gmt":"2018-11-08T18:41:55","guid":{"rendered":"https:\/\/agora.xtec.cat\/escolalolaanglada\/?page_id=523"},"modified":"2025-11-14T16:32:48","modified_gmt":"2025-11-14T15:32:48","slug":"foment-de-lesport","status":"publish","type":"page","link":"https:\/\/agora.xtec.cat\/escolalolaanglada\/projectes-pedagogics\/foment-de-lesport\/","title":{"rendered":"Nataci\u00f3"},"content":{"rendered":"<p>A l\u2019escola creiem fermament en la import\u00e0ncia de l\u2019esport i dels h\u00e0bits saludables com a part essencial del desenvolupament integral dels infants. L\u2019activitat f\u00edsica no nom\u00e9s afavoreix el benestar i la salut, sin\u00f3 que tamb\u00e9 refor\u00e7a valors com la const\u00e0ncia, l\u2019esfor\u00e7 i la superaci\u00f3 personal.<\/p>\n<p>Una de les activitats que impulsem dins d\u2019aquest comprom\u00eds \u00e9s <strong>la nataci\u00f3<\/strong>. La nataci\u00f3 \u00e9s un esport complet que beneficia tot el cos i ajuda a establir rutines saludables des de ben petits. Les sessions es realitzen de manera intensiva a finals del tercer trimestre de 2n i a l\u2019inici del tercer trimestre de 3r.<\/p>\n","protected":false},"excerpt":{"rendered":"<p>A l\u2019escola creiem fermament en la import\u00e0ncia de l\u2019esport i dels h\u00e0bits saludables com a part essencial del desenvolupament integral dels infants. L\u2019activitat f\u00edsica no nom\u00e9s afavoreix el benestar i la salut, sin\u00f3 que tamb\u00e9 refor\u00e7a valors com la const\u00e0ncia, l\u2019esfor\u00e7 i la superaci\u00f3 personal. Una de les activitats que impulsem dins d\u2019aquest comprom\u00eds \u00e9s [&hellip;]<\/p>\n","protected":false},"author":1,"featured_media":0,"parent":507,"menu_order":70,"comment_status":"closed","ping_status":"closed","template":"page-templates\/side-menu.php","meta":{"_bbp_topic_count":0,"_bbp_reply_count":0,"_bbp_total_topic_count":0,"_bbp_total_reply_count":0,"_bbp_voice_count":0,"_bbp_anonymous_reply_count":0,"_bbp_topic_count_hidden":0,"_bbp_reply_count_hidden":0,"_bbp_forum_subforum_count":0,"site-sidebar-layout":"default","site-content-layout":"","ast-site-content-layout":"","site-content-style":"default","site-sidebar-style":"default","ast-global-header-display":"","ast-banner-title-visibility":"","ast-main-header-display":"","ast-hfb-above-header-display":"","ast-hfb-below-header-display":"","ast-hfb-mobile-header-display":"","site-post-title":"","ast-breadcrumbs-content":"","ast-featured-img":"","footer-sml-layout":"","theme-transparent-header-meta":"","adv-header-id-meta":"","stick-header-meta":"","header-above-stick-meta":"","header-main-stick-meta":"","header-below-stick-meta":"","astra-migrate-meta-layouts":"default","ast-page-background-enabled":"default","ast-page-background-meta":{"desktop":{"background-color":"var(--ast-global-color-4)","background-image":"","background-repeat":"repeat","background-position":"center center","background-size":"auto","background-attachment":"scroll","background-type":"","background-media":"","overlay-type":"","overlay-color":"","overlay-opacity":"","overlay-gradient":""},"tablet":{"background-color":"","background-image":"","background-repeat":"repeat","background-position":"center center","background-size":"auto","background-attachment":"scroll","background-type":"","background-media":"","overlay-type":"","overlay-color":"","overlay-opacity":"","overlay-gradient":""},"mobile":{"background-color":"","background-image":"","background-repeat":"repeat","background-position":"center center","background-size":"auto","background-attachment":"scroll","background-type":"","background-media":"","overlay-type":"","overlay-color":"","overlay-opacity":"","overlay-gradient":""}},"ast-content-background-meta":{"desktop":{"background-color":"var(--ast-global-color-5)","background-image":"","background-repeat":"repeat","background-position":"center center","background-size":"auto","background-attachment":"scroll","background-type":"","background-media":"","overlay-type":"","overlay-color":"","overlay-opacity":"","overlay-gradient":""},"tablet":{"background-color":"var(--ast-global-color-5)","background-image":"","background-repeat":"repeat","background-position":"center center","background-size":"auto","background-attachment":"scroll","background-type":"","background-media":"","overlay-type":"","overlay-color":"","overlay-opacity":"","overlay-gradient":""},"mobile":{"background-color":"var(--ast-global-color-5)","background-image":"","background-repeat":"repeat","background-position":"center center","background-size":"auto","background-attachment":"scroll","background-type":"","background-media":"","overlay-type":"","overlay-color":"","overlay-opacity":"","overlay-gradient":""}},"footnotes":""},"class_list":["post-523","page","type-page","status-publish","hentry"],"post_mailing_queue_ids":[],"_links":{"self":[{"href":"https:\/\/agora.xtec.cat\/escolalolaanglada\/wp-json\/wp\/v2\/pages\/523","targetHints":{"allow":["GET"]}}],"collection":[{"href":"https:\/\/agora.xtec.cat\/escolalolaanglada\/wp-json\/wp\/v2\/pages"}],"about":[{"href":"https:\/\/agora.xtec.cat\/escolalolaanglada\/wp-json\/wp\/v2\/types\/page"}],"author":[{"embeddable":true,"href":"https:\/\/agora.xtec.cat\/escolalolaanglada\/wp-json\/wp\/v2\/users\/1"}],"replies":[{"embeddable":true,"href":"https:\/\/agora.xtec.cat\/escolalolaanglada\/wp-json\/wp\/v2\/comments?post=523"}],"version-history":[{"count":6,"href":"https:\/\/agora.xtec.cat\/escolalolaanglada\/wp-json\/wp\/v2\/pages\/523\/revisions"}],"predecessor-version":[{"id":27121,"href":"https:\/\/agora.xtec.cat\/escolalolaanglada\/wp-json\/wp\/v2\/pages\/523\/revisions\/27121"}],"up":[{"embeddable":true,"href":"https:\/\/agora.xtec.cat\/escolalolaanglada\/wp-json\/wp\/v2\/pages\/507"}],"wp:attachment":[{"href":"https:\/\/agora.xtec.cat\/escolalolaanglada\/wp-json\/wp\/v2\/media?parent=523"}],"curies":[{"name":"wp","href":"https:\/\/api.w.org\/{rel}","templated":true}]}}