{"id":507,"date":"2018-11-08T19:27:44","date_gmt":"2018-11-08T18:27:44","guid":{"rendered":"https:\/\/agora.xtec.cat\/escolalolaanglada\/?page_id=507"},"modified":"2025-11-14T15:31:42","modified_gmt":"2025-11-14T14:31:42","slug":"projectes-pedagogics","status":"publish","type":"page","link":"https:\/\/agora.xtec.cat\/escolalolaanglada\/projectes-pedagogics\/","title":{"rendered":"Projectes pedag\u00f2gics"},"content":{"rendered":"<p data-pm-slice=\"1 1 []\">A l&#8217;Escola Lola Anglada entenem l&#8217;educaci\u00f3 com un <strong>proc\u00e9s integral<\/strong> que combina <strong>treball sistem\u00e0tic i treball globalitzat<\/strong>. Aquest enfocament ens permet garantir una base s\u00f2lida en els aprenentatges b\u00e0sics alhora que fomentem una comprensi\u00f3 m\u00e9s significativa i vivencial del coneixement.<\/p>\n<p><strong>El treball sistem\u00e0tic<\/strong> \u00e9s essencial per assegurar que l&#8217;alumnat adquireixi progressivament les compet\u00e8ncies b\u00e0siques en lectura, escriptura, raonament matem\u00e0tic i lleng\u00fces. Per aix\u00f2, fem \u00fas de quaderns i llibres de text a les \u00e0rees de catal\u00e0 i matem\u00e0tiques a tota la prim\u00e0ria, i a llengua castellana i angl\u00e8s a partir de 3r de prim\u00e0ria. Aquest enfocament permet estructurar els continguts, consolidar h\u00e0bits de treball aut\u00f2nom i oferir una seq\u00fc\u00e8ncia d&#8217;aprenentatge coherent i progressiva.<\/p>\n<p>Els deures s\u00f3n una eina per refor\u00e7ar els aprenentatges treballats a l&#8217;aula i fomentar l&#8217;autonomia de l&#8217;alumnat. Per aquest motiu, els introdu\u00efm a partir de 3r de prim\u00e0ria i tenint en compte que siguin el m\u00e0xim de competencials possibles, estiguin adaptats al nivell de cada alumne per tal que els puguin realitzar sense una depend\u00e8ncia constant de les fam\u00edlies, que serveixin per a refor\u00e7ar aprenentatges que s\u2019han treballat a classe i garantint que no suposen una sobrec\u00e0rrega excessiva als infants.<\/p>\n<p>A m\u00e9s del treball sistem\u00e0tic, apostem per una metodologia que parteix de l&#8217;exploraci\u00f3, la manipulaci\u00f3 i la connexi\u00f3 dels aprenentatges amb la realitat dels infants. Aquest <strong>aprenentatge m\u00e9s significatiu i vivencial<\/strong> el duem a terme a partir de diferents projectes com s\u00f3n els ambients d&#8217;aprenentatge des d&#8217;I3 a 3r de prim\u00e0ria, les capses d&#8217;aprenentatges de 4t a 6\u00e8 o els reptes i les matem\u00e0tiques manipulatives que duem a terme amb tot l&#8217;alumnat de l&#8217;escola.<\/p>\n","protected":false},"excerpt":{"rendered":"<p>A l&#8217;Escola Lola Anglada entenem l&#8217;educaci\u00f3 com un proc\u00e9s integral que combina treball sistem\u00e0tic i treball globalitzat. Aquest enfocament ens permet garantir una base s\u00f2lida en els aprenentatges b\u00e0sics alhora que fomentem una comprensi\u00f3 m\u00e9s significativa i vivencial del coneixement. El treball sistem\u00e0tic \u00e9s essencial per assegurar que l&#8217;alumnat adquireixi progressivament les compet\u00e8ncies b\u00e0siques en [&hellip;]<\/p>\n","protected":false},"author":1,"featured_media":0,"parent":0,"menu_order":0,"comment_status":"closed","ping_status":"closed","template":"page-templates\/side-menu.php","meta":{"_bbp_topic_count":0,"_bbp_reply_count":0,"_bbp_total_topic_count":0,"_bbp_total_reply_count":0,"_bbp_voice_count":0,"_bbp_anonymous_reply_count":0,"_bbp_topic_count_hidden":0,"_bbp_reply_count_hidden":0,"_bbp_forum_subforum_count":0,"site-sidebar-layout":"default","site-content-layout":"","ast-site-content-layout":"","site-content-style":"default","site-sidebar-style":"default","ast-global-header-display":"","ast-banner-title-visibility":"","ast-main-header-display":"","ast-hfb-above-header-display":"","ast-hfb-below-header-display":"","ast-hfb-mobile-header-display":"","site-post-title":"","ast-breadcrumbs-content":"","ast-featured-img":"","footer-sml-layout":"","theme-transparent-header-meta":"","adv-header-id-meta":"","stick-header-meta":"","header-above-stick-meta":"","header-main-stick-meta":"","header-below-stick-meta":"","astra-migrate-meta-layouts":"default","ast-page-background-enabled":"default","ast-page-background-meta":{"desktop":{"background-color":"var(--ast-global-color-4)","background-image":"","background-repeat":"repeat","background-position":"center center","background-size":"auto","background-attachment":"scroll","background-type":"","background-media":"","overlay-type":"","overlay-color":"","overlay-opacity":"","overlay-gradient":""},"tablet":{"background-color":"","background-image":"","background-repeat":"repeat","background-position":"center center","background-size":"auto","background-attachment":"scroll","background-type":"","background-media":"","overlay-type":"","overlay-color":"","overlay-opacity":"","overlay-gradient":""},"mobile":{"background-color":"","background-image":"","background-repeat":"repeat","background-position":"center center","background-size":"auto","background-attachment":"scroll","background-type":"","background-media":"","overlay-type":"","overlay-color":"","overlay-opacity":"","overlay-gradient":""}},"ast-content-background-meta":{"desktop":{"background-color":"var(--ast-global-color-5)","background-image":"","background-repeat":"repeat","background-position":"center center","background-size":"auto","background-attachment":"scroll","background-type":"","background-media":"","overlay-type":"","overlay-color":"","overlay-opacity":"","overlay-gradient":""},"tablet":{"background-color":"var(--ast-global-color-5)","background-image":"","background-repeat":"repeat","background-position":"center center","background-size":"auto","background-attachment":"scroll","background-type":"","background-media":"","overlay-type":"","overlay-color":"","overlay-opacity":"","overlay-gradient":""},"mobile":{"background-color":"var(--ast-global-color-5)","background-image":"","background-repeat":"repeat","background-position":"center center","background-size":"auto","background-attachment":"scroll","background-type":"","background-media":"","overlay-type":"","overlay-color":"","overlay-opacity":"","overlay-gradient":""}},"footnotes":""},"class_list":["post-507","page","type-page","status-publish","hentry"],"post_mailing_queue_ids":[],"_links":{"self":[{"href":"https:\/\/agora.xtec.cat\/escolalolaanglada\/wp-json\/wp\/v2\/pages\/507","targetHints":{"allow":["GET"]}}],"collection":[{"href":"https:\/\/agora.xtec.cat\/escolalolaanglada\/wp-json\/wp\/v2\/pages"}],"about":[{"href":"https:\/\/agora.xtec.cat\/escolalolaanglada\/wp-json\/wp\/v2\/types\/page"}],"author":[{"embeddable":true,"href":"https:\/\/agora.xtec.cat\/escolalolaanglada\/wp-json\/wp\/v2\/users\/1"}],"replies":[{"embeddable":true,"href":"https:\/\/agora.xtec.cat\/escolalolaanglada\/wp-json\/wp\/v2\/comments?post=507"}],"version-history":[{"count":4,"href":"https:\/\/agora.xtec.cat\/escolalolaanglada\/wp-json\/wp\/v2\/pages\/507\/revisions"}],"predecessor-version":[{"id":27078,"href":"https:\/\/agora.xtec.cat\/escolalolaanglada\/wp-json\/wp\/v2\/pages\/507\/revisions\/27078"}],"wp:attachment":[{"href":"https:\/\/agora.xtec.cat\/escolalolaanglada\/wp-json\/wp\/v2\/media?parent=507"}],"curies":[{"name":"wp","href":"https:\/\/api.w.org\/{rel}","templated":true}]}}