{"id":502,"date":"2018-11-08T19:23:00","date_gmt":"2018-11-08T18:23:00","guid":{"rendered":"https:\/\/agora.xtec.cat\/escolalolaanglada\/?page_id=502"},"modified":"2025-11-14T15:41:53","modified_gmt":"2025-11-14T14:41:53","slug":"aprendre-jugant","status":"publish","type":"page","link":"https:\/\/agora.xtec.cat\/escolalolaanglada\/projectes-pedagogics\/aprendre-jugant\/","title":{"rendered":"Centres d&#8217;inter\u00e8s"},"content":{"rendered":"<p>A l\u2019etapa d\u2019Infantil, organitzem centres d\u2019inter\u00e8s per fomentar l\u2019aprenentatge de manera activa i motivadora. Els centres d\u2019inter\u00e8s s\u00f3n projectes tem\u00e0tics que permeten als infants investigar, descobrir i experimentar amb diferents conceptes de forma vivencial.<\/p>\n<p>A I3, el tema \u00e9s el fons mar\u00ed, on els infants exploren els animals marins, les seves caracter\u00edstiques i el m\u00f3n subaqu\u00e0tic. A I4, els nens i nenes es submergeixen en l\u2019univers del sistema solar, aprenent sobre els planetes i els astres. Finalment, a I5, el cos hum\u00e0 \u00e9s el centre d\u2019inter\u00e8s, on els infants descobreixen el seu cos, les seves parts i les seves funcions.<\/p>\n<p>Els centres d\u2019inter\u00e8s s\u00f3n una manera divertida i engrescadora d\u2019aprendre, on els infants s\u00f3n els protagonistes del seu propi descobriment.<\/p>\n","protected":false},"excerpt":{"rendered":"<p>A l\u2019etapa d\u2019Infantil, organitzem centres d\u2019inter\u00e8s per fomentar l\u2019aprenentatge de manera activa i motivadora. Els centres d\u2019inter\u00e8s s\u00f3n projectes tem\u00e0tics que permeten als infants investigar, descobrir i experimentar amb diferents conceptes de forma vivencial. A I3, el tema \u00e9s el fons mar\u00ed, on els infants exploren els animals marins, les seves caracter\u00edstiques i el m\u00f3n [&hellip;]<\/p>\n","protected":false},"author":1,"featured_media":0,"parent":507,"menu_order":10,"comment_status":"closed","ping_status":"closed","template":"page-templates\/side-menu.php","meta":{"_bbp_topic_count":0,"_bbp_reply_count":0,"_bbp_total_topic_count":0,"_bbp_total_reply_count":0,"_bbp_voice_count":0,"_bbp_anonymous_reply_count":0,"_bbp_topic_count_hidden":0,"_bbp_reply_count_hidden":0,"_bbp_forum_subforum_count":0,"site-sidebar-layout":"default","site-content-layout":"","ast-site-content-layout":"","site-content-style":"default","site-sidebar-style":"default","ast-global-header-display":"","ast-banner-title-visibility":"","ast-main-header-display":"","ast-hfb-above-header-display":"","ast-hfb-below-header-display":"","ast-hfb-mobile-header-display":"","site-post-title":"","ast-breadcrumbs-content":"","ast-featured-img":"","footer-sml-layout":"","theme-transparent-header-meta":"","adv-header-id-meta":"","stick-header-meta":"","header-above-stick-meta":"","header-main-stick-meta":"","header-below-stick-meta":"","astra-migrate-meta-layouts":"default","ast-page-background-enabled":"default","ast-page-background-meta":{"desktop":{"background-color":"var(--ast-global-color-4)","background-image":"","background-repeat":"repeat","background-position":"center center","background-size":"auto","background-attachment":"scroll","background-type":"","background-media":"","overlay-type":"","overlay-color":"","overlay-opacity":"","overlay-gradient":""},"tablet":{"background-color":"","background-image":"","background-repeat":"repeat","background-position":"center center","background-size":"auto","background-attachment":"scroll","background-type":"","background-media":"","overlay-type":"","overlay-color":"","overlay-opacity":"","overlay-gradient":""},"mobile":{"background-color":"","background-image":"","background-repeat":"repeat","background-position":"center center","background-size":"auto","background-attachment":"scroll","background-type":"","background-media":"","overlay-type":"","overlay-color":"","overlay-opacity":"","overlay-gradient":""}},"ast-content-background-meta":{"desktop":{"background-color":"var(--ast-global-color-5)","background-image":"","background-repeat":"repeat","background-position":"center center","background-size":"auto","background-attachment":"scroll","background-type":"","background-media":"","overlay-type":"","overlay-color":"","overlay-opacity":"","overlay-gradient":""},"tablet":{"background-color":"var(--ast-global-color-5)","background-image":"","background-repeat":"repeat","background-position":"center center","background-size":"auto","background-attachment":"scroll","background-type":"","background-media":"","overlay-type":"","overlay-color":"","overlay-opacity":"","overlay-gradient":""},"mobile":{"background-color":"var(--ast-global-color-5)","background-image":"","background-repeat":"repeat","background-position":"center center","background-size":"auto","background-attachment":"scroll","background-type":"","background-media":"","overlay-type":"","overlay-color":"","overlay-opacity":"","overlay-gradient":""}},"footnotes":""},"class_list":["post-502","page","type-page","status-publish","hentry"],"post_mailing_queue_ids":[],"_links":{"self":[{"href":"https:\/\/agora.xtec.cat\/escolalolaanglada\/wp-json\/wp\/v2\/pages\/502","targetHints":{"allow":["GET"]}}],"collection":[{"href":"https:\/\/agora.xtec.cat\/escolalolaanglada\/wp-json\/wp\/v2\/pages"}],"about":[{"href":"https:\/\/agora.xtec.cat\/escolalolaanglada\/wp-json\/wp\/v2\/types\/page"}],"author":[{"embeddable":true,"href":"https:\/\/agora.xtec.cat\/escolalolaanglada\/wp-json\/wp\/v2\/users\/1"}],"replies":[{"embeddable":true,"href":"https:\/\/agora.xtec.cat\/escolalolaanglada\/wp-json\/wp\/v2\/comments?post=502"}],"version-history":[{"count":3,"href":"https:\/\/agora.xtec.cat\/escolalolaanglada\/wp-json\/wp\/v2\/pages\/502\/revisions"}],"predecessor-version":[{"id":27089,"href":"https:\/\/agora.xtec.cat\/escolalolaanglada\/wp-json\/wp\/v2\/pages\/502\/revisions\/27089"}],"up":[{"embeddable":true,"href":"https:\/\/agora.xtec.cat\/escolalolaanglada\/wp-json\/wp\/v2\/pages\/507"}],"wp:attachment":[{"href":"https:\/\/agora.xtec.cat\/escolalolaanglada\/wp-json\/wp\/v2\/media?parent=502"}],"curies":[{"name":"wp","href":"https:\/\/api.w.org\/{rel}","templated":true}]}}