{"id":36,"date":"2014-09-18T12:33:11","date_gmt":"2014-09-18T11:33:11","guid":{"rendered":"http:\/\/agora.xtec.cat\/escolalolaanglada\/?page_id=36"},"modified":"2025-11-17T10:15:15","modified_gmt":"2025-11-17T09:15:15","slug":"material-escolar","status":"publish","type":"page","link":"https:\/\/agora.xtec.cat\/escolalolaanglada\/lescola\/material-escolar\/","title":{"rendered":"Material escolar i sortides"},"content":{"rendered":"<p data-pm-slice=\"1 1 []\"><strong>Material escolar<\/strong>: El dia a dia de l\u2019escola requereix que els i les alumnes puguin disposar de tot el material necessari per a les activitats que es proposen a l\u2019aula. Per aquest motiu les fam\u00edlies abans de l&#8217;1 de setembre feu un ingr\u00e9s de 95\u202f\u20ac (Infantil) i 90\u202f\u20ac (prim\u00e0ria) per cobrir totes aquestes despeses.<\/p>\n<p><strong>Sortides<\/strong>: Per poder realitzar sortides pedag\u00f2giques al llarg del curs, les fam\u00edlies al mes d&#8217;octubre feu un ingr\u00e9s de 90\u202f\u20ac que engloba activitats tant dins com fora de l&#8217;entorn escolar.<\/p>\n<p><strong>Llibres de text: <\/strong>A desc\u00e0rregues podreu trobar la llista actualitzada per aquest curs. A l\u2019escola apostem per un \u00fas adequat dels recursos. \u00c9s per aix\u00f2 que a partir de 3r de prim\u00e0ria es posa a disposici\u00f3 de les fam\u00edlies el servei de socialitzaci\u00f3 de llibres text i de lectura. Aquest servei \u00e9s gestionat per l\u2019AFA de l\u2019escola.<\/p>\n","protected":false},"excerpt":{"rendered":"<p>Material escolar: El dia a dia de l\u2019escola requereix que els i les alumnes puguin disposar de tot el material necessari per a les activitats que es proposen a l\u2019aula. Per aquest motiu les fam\u00edlies abans de l&#8217;1 de setembre feu un ingr\u00e9s de 95\u202f\u20ac (Infantil) i 90\u202f\u20ac (prim\u00e0ria) per cobrir totes aquestes despeses. Sortides: [&hellip;]<\/p>\n","protected":false},"author":1,"featured_media":0,"parent":22,"menu_order":70,"comment_status":"closed","ping_status":"closed","template":"page-templates\/side-menu.php","meta":{"_bbp_topic_count":0,"_bbp_reply_count":0,"_bbp_total_topic_count":0,"_bbp_total_reply_count":0,"_bbp_voice_count":0,"_bbp_anonymous_reply_count":0,"_bbp_topic_count_hidden":0,"_bbp_reply_count_hidden":0,"_bbp_forum_subforum_count":0,"site-sidebar-layout":"default","site-content-layout":"","ast-site-content-layout":"","site-content-style":"default","site-sidebar-style":"default","ast-global-header-display":"","ast-banner-title-visibility":"","ast-main-header-display":"","ast-hfb-above-header-display":"","ast-hfb-below-header-display":"","ast-hfb-mobile-header-display":"","site-post-title":"","ast-breadcrumbs-content":"","ast-featured-img":"","footer-sml-layout":"","theme-transparent-header-meta":"","adv-header-id-meta":"","stick-header-meta":"","header-above-stick-meta":"","header-main-stick-meta":"","header-below-stick-meta":"","astra-migrate-meta-layouts":"default","ast-page-background-enabled":"default","ast-page-background-meta":{"desktop":{"background-color":"var(--ast-global-color-4)","background-image":"","background-repeat":"repeat","background-position":"center center","background-size":"auto","background-attachment":"scroll","background-type":"","background-media":"","overlay-type":"","overlay-color":"","overlay-opacity":"","overlay-gradient":""},"tablet":{"background-color":"","background-image":"","background-repeat":"repeat","background-position":"center center","background-size":"auto","background-attachment":"scroll","background-type":"","background-media":"","overlay-type":"","overlay-color":"","overlay-opacity":"","overlay-gradient":""},"mobile":{"background-color":"","background-image":"","background-repeat":"repeat","background-position":"center center","background-size":"auto","background-attachment":"scroll","background-type":"","background-media":"","overlay-type":"","overlay-color":"","overlay-opacity":"","overlay-gradient":""}},"ast-content-background-meta":{"desktop":{"background-color":"var(--ast-global-color-5)","background-image":"","background-repeat":"repeat","background-position":"center center","background-size":"auto","background-attachment":"scroll","background-type":"","background-media":"","overlay-type":"","overlay-color":"","overlay-opacity":"","overlay-gradient":""},"tablet":{"background-color":"var(--ast-global-color-5)","background-image":"","background-repeat":"repeat","background-position":"center center","background-size":"auto","background-attachment":"scroll","background-type":"","background-media":"","overlay-type":"","overlay-color":"","overlay-opacity":"","overlay-gradient":""},"mobile":{"background-color":"var(--ast-global-color-5)","background-image":"","background-repeat":"repeat","background-position":"center center","background-size":"auto","background-attachment":"scroll","background-type":"","background-media":"","overlay-type":"","overlay-color":"","overlay-opacity":"","overlay-gradient":""}},"footnotes":""},"class_list":["post-36","page","type-page","status-publish","hentry"],"post_mailing_queue_ids":[],"_links":{"self":[{"href":"https:\/\/agora.xtec.cat\/escolalolaanglada\/wp-json\/wp\/v2\/pages\/36","targetHints":{"allow":["GET"]}}],"collection":[{"href":"https:\/\/agora.xtec.cat\/escolalolaanglada\/wp-json\/wp\/v2\/pages"}],"about":[{"href":"https:\/\/agora.xtec.cat\/escolalolaanglada\/wp-json\/wp\/v2\/types\/page"}],"author":[{"embeddable":true,"href":"https:\/\/agora.xtec.cat\/escolalolaanglada\/wp-json\/wp\/v2\/users\/1"}],"replies":[{"embeddable":true,"href":"https:\/\/agora.xtec.cat\/escolalolaanglada\/wp-json\/wp\/v2\/comments?post=36"}],"version-history":[{"count":5,"href":"https:\/\/agora.xtec.cat\/escolalolaanglada\/wp-json\/wp\/v2\/pages\/36\/revisions"}],"predecessor-version":[{"id":27126,"href":"https:\/\/agora.xtec.cat\/escolalolaanglada\/wp-json\/wp\/v2\/pages\/36\/revisions\/27126"}],"up":[{"embeddable":true,"href":"https:\/\/agora.xtec.cat\/escolalolaanglada\/wp-json\/wp\/v2\/pages\/22"}],"wp:attachment":[{"href":"https:\/\/agora.xtec.cat\/escolalolaanglada\/wp-json\/wp\/v2\/media?parent=36"}],"curies":[{"name":"wp","href":"https:\/\/api.w.org\/{rel}","templated":true}]}}