{"id":28,"date":"2014-09-18T12:29:35","date_gmt":"2014-09-18T11:29:35","guid":{"rendered":"http:\/\/agora.xtec.cat\/escolalolaanglada\/?page_id=28"},"modified":"2024-11-13T10:26:59","modified_gmt":"2024-11-13T09:26:59","slug":"consell-escolar","status":"publish","type":"page","link":"https:\/\/agora.xtec.cat\/escolalolaanglada\/lescola\/consell-escolar\/","title":{"rendered":"Consell escolar"},"content":{"rendered":"<div class=\"panel-heading\">\n<table style=\"border-collapse: collapse; width: 100%;\" border=\"1\">\n<tbody>\n<tr>\n<td style=\"width: 16.6667%; text-align: center;\"><strong>Equip directiu<\/strong><\/td>\n<td style=\"width: 16.6667%; text-align: center;\"><strong>Sector mestres<\/strong><\/td>\n<td style=\"width: 16.6667%; text-align: center;\"><strong>Sector fam\u00edlies<\/strong><\/td>\n<td style=\"width: 16.6667%; text-align: center;\"><strong>Sector PAS<\/strong><\/td>\n<td style=\"width: 16.6667%; text-align: center;\"><strong>Sector AFA<\/strong><\/td>\n<td style=\"width: 16.6667%; text-align: center;\"><strong>Sector Ajuntament<\/strong><\/td>\n<\/tr>\n<tr>\n<td style=\"width: 16.6667%; text-align: center;\">Jenni L\u00f3pez<\/p>\n<p style=\"text-align: center;\">Ferran Pujol<\/p>\n<p>In\u00e9s Pelegr\u00edn<\/td>\n<td style=\"width: 16.6667%; vertical-align: top; text-align: center;\">Olga Vila<\/p>\n<p>Maria Domingo<\/p>\n<p>Tom\u00e1s Mira<\/p>\n<p>Mar Guerra<\/td>\n<td style=\"width: 16.6667%; vertical-align: top; text-align: center;\">Toni Abad<\/p>\n<p>Mireia Gimeno<\/p>\n<p>Erika Jim\u00e9nez<\/td>\n<td style=\"width: 16.6667%; vertical-align: top; text-align: center;\">Laura Nogueras<\/td>\n<td style=\"width: 16.6667%; vertical-align: top; text-align: center;\">Cristina Calle<\/td>\n<td style=\"width: 16.6667%; vertical-align: top; text-align: center;\">Cirus Zamora<\/td>\n<\/tr>\n<\/tbody>\n<\/table>\n<\/div>\n","protected":false},"excerpt":{"rendered":"<p>Equip directiu Sector mestres Sector fam\u00edlies Sector PAS Sector AFA Sector Ajuntament Jenni L\u00f3pez Ferran Pujol In\u00e9s Pelegr\u00edn Olga Vila Maria Domingo Tom\u00e1s Mira Mar Guerra Toni Abad Mireia Gimeno Erika Jim\u00e9nez Laura Nogueras Cristina Calle Cirus Zamora<\/p>\n","protected":false},"author":1,"featured_media":0,"parent":22,"menu_order":30,"comment_status":"closed","ping_status":"closed","template":"page-templates\/side-menu.php","meta":{"_bbp_topic_count":0,"_bbp_reply_count":0,"_bbp_total_topic_count":0,"_bbp_total_reply_count":0,"_bbp_voice_count":0,"_bbp_anonymous_reply_count":0,"_bbp_topic_count_hidden":0,"_bbp_reply_count_hidden":0,"_bbp_forum_subforum_count":0,"site-sidebar-layout":"default","site-content-layout":"","ast-site-content-layout":"","site-content-style":"default","site-sidebar-style":"default","ast-global-header-display":"","ast-banner-title-visibility":"","ast-main-header-display":"","ast-hfb-above-header-display":"","ast-hfb-below-header-display":"","ast-hfb-mobile-header-display":"","site-post-title":"","ast-breadcrumbs-content":"","ast-featured-img":"","footer-sml-layout":"","theme-transparent-header-meta":"","adv-header-id-meta":"","stick-header-meta":"","header-above-stick-meta":"","header-main-stick-meta":"","header-below-stick-meta":"","astra-migrate-meta-layouts":"default","ast-page-background-enabled":"default","ast-page-background-meta":{"desktop":{"background-color":"var(--ast-global-color-4)","background-image":"","background-repeat":"repeat","background-position":"center center","background-size":"auto","background-attachment":"scroll","background-type":"","background-media":"","overlay-type":"","overlay-color":"","overlay-opacity":"","overlay-gradient":""},"tablet":{"background-color":"","background-image":"","background-repeat":"repeat","background-position":"center center","background-size":"auto","background-attachment":"scroll","background-type":"","background-media":"","overlay-type":"","overlay-color":"","overlay-opacity":"","overlay-gradient":""},"mobile":{"background-color":"","background-image":"","background-repeat":"repeat","background-position":"center center","background-size":"auto","background-attachment":"scroll","background-type":"","background-media":"","overlay-type":"","overlay-color":"","overlay-opacity":"","overlay-gradient":""}},"ast-content-background-meta":{"desktop":{"background-color":"var(--ast-global-color-5)","background-image":"","background-repeat":"repeat","background-position":"center center","background-size":"auto","background-attachment":"scroll","background-type":"","background-media":"","overlay-type":"","overlay-color":"","overlay-opacity":"","overlay-gradient":""},"tablet":{"background-color":"var(--ast-global-color-5)","background-image":"","background-repeat":"repeat","background-position":"center center","background-size":"auto","background-attachment":"scroll","background-type":"","background-media":"","overlay-type":"","overlay-color":"","overlay-opacity":"","overlay-gradient":""},"mobile":{"background-color":"var(--ast-global-color-5)","background-image":"","background-repeat":"repeat","background-position":"center center","background-size":"auto","background-attachment":"scroll","background-type":"","background-media":"","overlay-type":"","overlay-color":"","overlay-opacity":"","overlay-gradient":""}},"footnotes":""},"class_list":["post-28","page","type-page","status-publish","hentry"],"post_mailing_queue_ids":[],"_links":{"self":[{"href":"https:\/\/agora.xtec.cat\/escolalolaanglada\/wp-json\/wp\/v2\/pages\/28","targetHints":{"allow":["GET"]}}],"collection":[{"href":"https:\/\/agora.xtec.cat\/escolalolaanglada\/wp-json\/wp\/v2\/pages"}],"about":[{"href":"https:\/\/agora.xtec.cat\/escolalolaanglada\/wp-json\/wp\/v2\/types\/page"}],"author":[{"embeddable":true,"href":"https:\/\/agora.xtec.cat\/escolalolaanglada\/wp-json\/wp\/v2\/users\/1"}],"replies":[{"embeddable":true,"href":"https:\/\/agora.xtec.cat\/escolalolaanglada\/wp-json\/wp\/v2\/comments?post=28"}],"version-history":[{"count":5,"href":"https:\/\/agora.xtec.cat\/escolalolaanglada\/wp-json\/wp\/v2\/pages\/28\/revisions"}],"predecessor-version":[{"id":24579,"href":"https:\/\/agora.xtec.cat\/escolalolaanglada\/wp-json\/wp\/v2\/pages\/28\/revisions\/24579"}],"up":[{"embeddable":true,"href":"https:\/\/agora.xtec.cat\/escolalolaanglada\/wp-json\/wp\/v2\/pages\/22"}],"wp:attachment":[{"href":"https:\/\/agora.xtec.cat\/escolalolaanglada\/wp-json\/wp\/v2\/media?parent=28"}],"curies":[{"name":"wp","href":"https:\/\/api.w.org\/{rel}","templated":true}]}}