{"id":543,"date":"2016-07-12T12:57:33","date_gmt":"2016-07-12T11:57:33","guid":{"rendered":"http:\/\/agora.xtec.cat\/escolallebetx\/?page_id=543"},"modified":"2025-09-03T13:40:31","modified_gmt":"2025-09-03T11:40:31","slug":"documents-dutilitat-per-a-les-families","status":"publish","type":"page","link":"https:\/\/agora.xtec.cat\/escolallebetx\/lescola\/documents-dutilitat-per-a-les-families\/","title":{"rendered":"Documents d&#8217;utilitat per a les fam\u00edlies"},"content":{"rendered":"<ol>\n<li>En cas de pluges fortes la nostra escola t\u00e9 un protocol d&#8217;actuaci\u00f3. El podeu consultar en el seg\u00fcent enlla\u00e7:<\/li>\n<\/ol>\n<p style=\"text-align: center;\"><a href=\"http:\/\/agora.xtec.cat\/escolallebetx\/wp-content\/uploads\/usu1343\/2016\/07\/pla-demerg\u00e8ncies-de-pluja.pdf\" target=\"_blank\" rel=\"noopener noreferrer\">PLA D&#8217;EMERG\u00c8NCIES EN CAS DE PLUJA FORTA<\/a><\/p>\n<p>2. Aqu\u00ed teniu els tres butlletins de Salut i Escola publicats fins ara. Tots ells han estat aprovats en claustre i pel Consell Escolar del Centre. No dubteu a consultar-los!<\/p>\n<p style=\"text-align: center;\"><a href=\"http:\/\/agora.xtec.cat\/escolallebetx\/wp-content\/uploads\/usu1343\/2016\/07\/polls.pdf\" target=\"_blank\" rel=\"noopener noreferrer\">BUTLLET\u00cd SALUT I ESCOLA POLLS<\/a><\/p>\n<p style=\"text-align: center;\"><a href=\"http:\/\/agora.xtec.cat\/escolallebetx\/wp-content\/uploads\/usu1343\/2016\/07\/medicaments.pdf\" target=\"_blank\" rel=\"noopener noreferrer\">BUTLLET\u00cd SALUT I ESCOLA MEDICAMENTS<\/a><\/p>\n<p style=\"text-align: center;\"><a href=\"http:\/\/agora.xtec.cat\/escolallebetx\/wp-content\/uploads\/usu1343\/2016\/07\/malalt-o-pr\u00e8n-mal.pdf\" target=\"_blank\" rel=\"noopener noreferrer\">BUTLLET\u00cd SALUT I ESCOLA MALALT \/PREN MAL<\/a><\/p>\n<p>3. Com totes les escoles tenim una normativa de funcionament. Aqu\u00ed podeu trobar totes aquelles coses m\u00e9s b\u00e0siques que cal con\u00e8ixer.<\/p>\n<p style=\"text-align: center;\"><a href=\"http:\/\/agora.xtec.cat\/escolallebetx\/wp-content\/uploads\/usu1343\/2016\/07\/funcionament-de-centre.pdf\" target=\"_blank\" rel=\"noopener noreferrer\">NORMATIVA GENERAL DE FUNCIONAMENT<\/a><\/p>\n<p>4. Aqu\u00ed teniu les autoritzacions que necessiteu en cas que el vostre fill\/a hagi de prendre una medicaci\u00f3 de manera PUNTUAL o en el cas que hagi de prendre-la per tenir alguna al\u00b7l\u00e8rgia.<\/p>\n<p style=\"text-align: center;\"><a href=\"http:\/\/agora.xtec.cat\/escolallebetx\/wp-content\/uploads\/usu1343\/2016\/07\/MEDICAMENTS-DAL\u00b7L\u00c8RGIES.pdf\" target=\"_blank\" rel=\"noopener noreferrer\">MEDICAMENTS-DAL\u00b7L\u00c8RGIES<\/a><\/p>\n<p style=\"text-align: center;\"><a href=\"http:\/\/agora.xtec.cat\/escolallebetx\/wp-content\/uploads\/usu1343\/2016\/07\/MEDICAMENTS-PUNTUALS.pdf\" target=\"_blank\" rel=\"noopener noreferrer\">MEDICAMENTS-PUNTUALS<\/a><\/p>\n<p>5. Tamb\u00e9 teniu les autoritzacions per tal que el vostre fill\/a surti sol de l\u2019escola o b\u00e9 el vostre fill\/a gran passi a recollir el seu\/seva germanet\/a petit\/a.<\/p>\n<p style=\"text-align: center;\"><a href=\"https:\/\/agora.xtec.cat\/escolallebetx\/wp-content\/uploads\/usu1343\/2025\/08\/autoritzacions-nens-que-marxen-sols-1.pdf\" target=\"_blank\" rel=\"noopener\">AUTORITZACIONS NENS\/ES QUE MARXEN SOLS\/ES<\/a><\/p>\n<p>6. Altres autoritzacions:<\/p>\n<p style=\"text-align: center;\"><a href=\"https:\/\/agora.xtec.cat\/escolallebetx\/wp-content\/uploads\/usu1343\/2025\/09\/Autoritzacio-medicaments-i-allergies.pdf\" target=\"_blank\" rel=\"noopener\">AUTORITZACI\u00d3 PARACETAMOL-IBUPROF\u00c8 -AL\u00b7L\u00c8RGIES<\/a><\/p>\n<p style=\"text-align: center;\">\u00a0<a href=\"http:\/\/agora.xtec.cat\/escolallebetx\/wp-content\/uploads\/usu1343\/2018\/09\/autoritzacio-14.pdf\" target=\"_blank\" rel=\"noopener noreferrer\">AUTORITZACI\u00d3 CORREU ELECTR\u00d2NIC<\/a><\/p>\n<p style=\"text-align: center;\"><a href=\"https:\/\/agora.xtec.cat\/escolallebetx\/wp-content\/uploads\/usu1343\/2019\/05\/SORTIDES.pdf\" target=\"_blank\" rel=\"noopener noreferrer\">AUTORITZACI\u00d3 SORTIDES<\/a><\/p>\n<p style=\"text-align: center;\"><a href=\"https:\/\/agora.xtec.cat\/escolallebetx\/wp-content\/uploads\/usu1343\/2023\/01\/Autoritzacio-imatge.pdf\">AUTORITZACI\u00d3 DRETS D&#8217;IMATGE<\/a><\/p>\n","protected":false},"excerpt":{"rendered":"<ol>\n<li>En cas de pluges fortes la nostra escola t\u00e9 un protocol d&#8217;actuaci\u00f3. El podeu consultar en el seg\u00fcent enlla\u00e7:<\/li>\n<\/ol>\n<p><a href=\"http:\/\/agora.xtec.cat\/escolallebetx\/wp-content\/uploads\/usu1343\/2016\/07\/pla-demerg\u00e8ncies-de-pluja.pdf\" target=\"_blank\" rel=\"noopener noreferrer\">PLA D&#8217;EMERG\u00c8NCIES EN CAS DE PLUJA FORTA<\/a><br \/>\n2. Aqu\u00ed teniu els tres butlletins de Salut i Escola publicats fins ara. Tots ells han estat&hellip;  <a href=\"https:\/\/agora.xtec.cat\/escolallebetx\/lescola\/documents-dutilitat-per-a-les-families\/\" title=\"Read Documents d&#8217;utilitat per a les fam\u00edlies\">Llegeix m\u00e9s\u00bb<\/a><\/p>\n","protected":false},"author":1,"featured_media":0,"parent":22,"menu_order":0,"comment_status":"closed","ping_status":"closed","template":"page-templates\/side-menu.php","meta":{"_bbp_topic_count":0,"_bbp_reply_count":0,"_bbp_total_topic_count":0,"_bbp_total_reply_count":0,"_bbp_voice_count":0,"_bbp_anonymous_reply_count":0,"_bbp_topic_count_hidden":0,"_bbp_reply_count_hidden":0,"_bbp_forum_subforum_count":0,"footnotes":""},"class_list":["post-543","page","type-page","status-publish","hentry"],"post_mailing_queue_ids":[],"_links":{"self":[{"href":"https:\/\/agora.xtec.cat\/escolallebetx\/wp-json\/wp\/v2\/pages\/543","targetHints":{"allow":["GET"]}}],"collection":[{"href":"https:\/\/agora.xtec.cat\/escolallebetx\/wp-json\/wp\/v2\/pages"}],"about":[{"href":"https:\/\/agora.xtec.cat\/escolallebetx\/wp-json\/wp\/v2\/types\/page"}],"author":[{"embeddable":true,"href":"https:\/\/agora.xtec.cat\/escolallebetx\/wp-json\/wp\/v2\/users\/1"}],"replies":[{"embeddable":true,"href":"https:\/\/agora.xtec.cat\/escolallebetx\/wp-json\/wp\/v2\/comments?post=543"}],"version-history":[{"count":5,"href":"https:\/\/agora.xtec.cat\/escolallebetx\/wp-json\/wp\/v2\/pages\/543\/revisions"}],"predecessor-version":[{"id":7802,"href":"https:\/\/agora.xtec.cat\/escolallebetx\/wp-json\/wp\/v2\/pages\/543\/revisions\/7802"}],"up":[{"embeddable":true,"href":"https:\/\/agora.xtec.cat\/escolallebetx\/wp-json\/wp\/v2\/pages\/22"}],"wp:attachment":[{"href":"https:\/\/agora.xtec.cat\/escolallebetx\/wp-json\/wp\/v2\/media?parent=543"}],"curies":[{"name":"wp","href":"https:\/\/api.w.org\/{rel}","templated":true}]}}