{"id":30,"date":"2014-09-18T12:30:23","date_gmt":"2014-09-18T11:30:23","guid":{"rendered":"http:\/\/agora.xtec.cat\/escolallebetx\/?page_id=30"},"modified":"2025-07-03T09:51:34","modified_gmt":"2025-07-03T07:51:34","slug":"instal%c2%b7lacions","status":"publish","type":"page","link":"https:\/\/agora.xtec.cat\/escolallebetx\/lescola\/instal%c2%b7lacions\/","title":{"rendered":"Documents de centre"},"content":{"rendered":"<p>Escola p\u00fablica, catalana i laica, que t\u00e9 el comprom\u00eds d&#8217;educar en els valors democr\u00e0tics i el respecte dels drets humans. Tamb\u00e9 ens definim com <strong>escola inclusiva<\/strong>, la nostra escola treballa per donar una educaci\u00f3 integral a l&#8217;alumnat i assegurar l&#8217;adquisici\u00f3 de les diferents compet\u00e8ncies. Valorem la diversitat del nostre entorn com a una oportunitat per potenciar les capacitats i possibilitats de cada infant.<\/p>\n<p>Si ens vols con\u00e8ixer una mica m\u00e9s, pots veure el v\u00eddeo!<\/p>\n<p><iframe loading=\"lazy\" title=\"Llebetx video v3\" width=\"500\" height=\"281\" src=\"https:\/\/www.youtube.com\/embed\/OVsocP8Wjag?feature=oembed\" frameborder=\"0\" allow=\"accelerometer; autoplay; clipboard-write; encrypted-media; gyroscope; picture-in-picture; web-share\" referrerpolicy=\"strict-origin-when-cross-origin\" allowfullscreen><\/iframe><\/p>\n<p>Darrerament, hem fet molta feina en l&#8217;actualitzaci\u00f3 de documents de centre, us els compartim:<\/p>\n<p>&nbsp;<\/p>\n<table style=\"width: 42.7813%; height: 364px;\">\n<tbody>\n<tr>\n<td style=\"width: 32.8149%;\"><a href=\"https:\/\/agora.xtec.cat\/escolallebetx\/wp-content\/uploads\/usu1343\/2024\/07\/NOFC.pdf\" target=\"_blank\" rel=\"noopener\"><img loading=\"lazy\" decoding=\"async\" class=\"aligncenter size-full wp-image-7281\" src=\"https:\/\/agora.xtec.cat\/escolallebetx\/wp-content\/uploads\/usu1343\/2024\/07\/NOFC.png\" alt=\"\" width=\"453\" height=\"641\" srcset=\"https:\/\/agora.xtec.cat\/escolallebetx\/wp-content\/uploads\/usu1343\/2024\/07\/NOFC.png 453w, https:\/\/agora.xtec.cat\/escolallebetx\/wp-content\/uploads\/usu1343\/2024\/07\/NOFC-212x300.png 212w\" sizes=\"auto, (max-width: 453px) 100vw, 453px\" \/><\/a><\/td>\n<td style=\"width: 32.8149%;\"><a href=\"https:\/\/agora.xtec.cat\/escolallebetx\/wp-content\/uploads\/usu1343\/2024\/07\/Pla-de-comunicacio.pdf\" target=\"_blank\" rel=\"noopener\"><img loading=\"lazy\" decoding=\"async\" class=\"aligncenter size-full wp-image-7282\" src=\"https:\/\/agora.xtec.cat\/escolallebetx\/wp-content\/uploads\/usu1343\/2024\/07\/Pla-de-comunicacio.png\" alt=\"\" width=\"449\" height=\"642\" srcset=\"https:\/\/agora.xtec.cat\/escolallebetx\/wp-content\/uploads\/usu1343\/2024\/07\/Pla-de-comunicacio.png 449w, https:\/\/agora.xtec.cat\/escolallebetx\/wp-content\/uploads\/usu1343\/2024\/07\/Pla-de-comunicacio-210x300.png 210w\" sizes=\"auto, (max-width: 449px) 100vw, 449px\" \/><\/a><\/td>\n<td style=\"width: 32.8149%;\"><a href=\"https:\/\/agora.xtec.cat\/escolallebetx\/wp-content\/uploads\/usu1343\/2024\/07\/PLA-DE-FUNCIONAMENT-DE-TRANSPORT.pdf\" target=\"_blank\" rel=\"noopener\"><img loading=\"lazy\" decoding=\"async\" class=\"aligncenter size-full wp-image-7283\" src=\"https:\/\/agora.xtec.cat\/escolallebetx\/wp-content\/uploads\/usu1343\/2024\/07\/PLA-DE-FUNCIONAMENT-DE-TRANSPORT.png\" alt=\"\" width=\"447\" height=\"635\" srcset=\"https:\/\/agora.xtec.cat\/escolallebetx\/wp-content\/uploads\/usu1343\/2024\/07\/PLA-DE-FUNCIONAMENT-DE-TRANSPORT.png 447w, https:\/\/agora.xtec.cat\/escolallebetx\/wp-content\/uploads\/usu1343\/2024\/07\/PLA-DE-FUNCIONAMENT-DE-TRANSPORT-211x300.png 211w\" sizes=\"auto, (max-width: 447px) 100vw, 447px\" \/><\/a><\/td>\n<\/tr>\n<tr>\n<td style=\"width: 32.8149%;\"><a href=\"https:\/\/drive.google.com\/file\/d\/1A-k4vvjUIHq5cwOWzWtb4rHAAH59vxG7\/view?usp=sharing\" target=\"_blank\" rel=\"noopener noreferrer\"><img loading=\"lazy\" decoding=\"async\" class=\"aligncenter wp-image-4777 size-medium\" src=\"https:\/\/agora.xtec.cat\/escolallebetx\/wp-content\/uploads\/usu1343\/2020\/05\/PEC-212x300.jpg\" alt=\"\" width=\"212\" height=\"300\" srcset=\"https:\/\/agora.xtec.cat\/escolallebetx\/wp-content\/uploads\/usu1343\/2020\/05\/PEC-212x300.jpg 212w, https:\/\/agora.xtec.cat\/escolallebetx\/wp-content\/uploads\/usu1343\/2020\/05\/PEC-768x1086.jpg 768w, https:\/\/agora.xtec.cat\/escolallebetx\/wp-content\/uploads\/usu1343\/2020\/05\/PEC-724x1024.jpg 724w, https:\/\/agora.xtec.cat\/escolallebetx\/wp-content\/uploads\/usu1343\/2020\/05\/PEC.jpg 1414w\" sizes=\"auto, (max-width: 212px) 100vw, 212px\" \/><\/a><\/td>\n<td style=\"width: 32.8149%;\"><a style=\"color: #2795b6;\" href=\"https:\/\/drive.google.com\/file\/d\/1u1_StBio7y_AiI6WK5dqVsAYL4Kpdw9G\/view?usp=sharing\" target=\"_blank\" rel=\"noopener noreferrer\"><img loading=\"lazy\" decoding=\"async\" class=\"aligncenter wp-image-4780 size-medium\" src=\"https:\/\/agora.xtec.cat\/escolallebetx\/wp-content\/uploads\/usu1343\/2020\/05\/Projecte-Ling\u00fc\u00edstic-212x300.jpg\" alt=\"\" width=\"212\" height=\"300\" srcset=\"https:\/\/agora.xtec.cat\/escolallebetx\/wp-content\/uploads\/usu1343\/2020\/05\/Projecte-Ling\u00fc\u00edstic-212x300.jpg 212w, https:\/\/agora.xtec.cat\/escolallebetx\/wp-content\/uploads\/usu1343\/2020\/05\/Projecte-Ling\u00fc\u00edstic-768x1086.jpg 768w, https:\/\/agora.xtec.cat\/escolallebetx\/wp-content\/uploads\/usu1343\/2020\/05\/Projecte-Ling\u00fc\u00edstic-724x1024.jpg 724w, https:\/\/agora.xtec.cat\/escolallebetx\/wp-content\/uploads\/usu1343\/2020\/05\/Projecte-Ling\u00fc\u00edstic.jpg 1414w\" sizes=\"auto, (max-width: 212px) 100vw, 212px\" \/><\/a><\/td>\n<td style=\"width: 32.8149%;\"><a href=\"https:\/\/agora.xtec.cat\/escolallebetx\/wp-content\/uploads\/usu1343\/2025\/07\/PAD-2.pdf\" target=\"_blank\" rel=\"noopener\"><img loading=\"lazy\" decoding=\"async\" class=\"aligncenter size-medium wp-image-7794\" src=\"https:\/\/agora.xtec.cat\/escolallebetx\/wp-content\/uploads\/usu1343\/2025\/07\/PAD-212x300.jpg\" alt=\"\" width=\"212\" height=\"300\" srcset=\"https:\/\/agora.xtec.cat\/escolallebetx\/wp-content\/uploads\/usu1343\/2025\/07\/PAD-212x300.jpg 212w, https:\/\/agora.xtec.cat\/escolallebetx\/wp-content\/uploads\/usu1343\/2025\/07\/PAD-724x1024.jpg 724w, https:\/\/agora.xtec.cat\/escolallebetx\/wp-content\/uploads\/usu1343\/2025\/07\/PAD-768x1086.jpg 768w, https:\/\/agora.xtec.cat\/escolallebetx\/wp-content\/uploads\/usu1343\/2025\/07\/PAD-1086x1536.jpg 1086w, https:\/\/agora.xtec.cat\/escolallebetx\/wp-content\/uploads\/usu1343\/2025\/07\/PAD.jpg 1414w\" sizes=\"auto, (max-width: 212px) 100vw, 212px\" \/><\/a><\/td>\n<\/tr>\n<tr>\n<td style=\"width: 32.8149%;\"><a href=\"https:\/\/drive.google.com\/file\/d\/1dV65EdsQp5TYhC5ZwGYLnwtbbCXigiSp\/view?usp=sharing\" target=\"_blank\" rel=\"noopener noreferrer\"><img loading=\"lazy\" decoding=\"async\" class=\"aligncenter wp-image-4782 size-medium\" src=\"https:\/\/agora.xtec.cat\/escolallebetx\/wp-content\/uploads\/usu1343\/2020\/05\/acollida-205x300.png\" alt=\"\" width=\"205\" height=\"300\" srcset=\"https:\/\/agora.xtec.cat\/escolallebetx\/wp-content\/uploads\/usu1343\/2020\/05\/acollida-205x300.png 205w, https:\/\/agora.xtec.cat\/escolallebetx\/wp-content\/uploads\/usu1343\/2020\/05\/acollida.png 280w\" sizes=\"auto, (max-width: 205px) 100vw, 205px\" \/><\/a><\/td>\n<td style=\"width: 32.8149%;\"><a href=\"https:\/\/drive.google.com\/file\/d\/10zD258KNqpyZIvxLYv_4yFZyGmUvb9gm\/view?usp=sharing\" target=\"_blank\" rel=\"noopener noreferrer\"><img loading=\"lazy\" decoding=\"async\" class=\"aligncenter wp-image-4781 size-medium\" src=\"https:\/\/agora.xtec.cat\/escolallebetx\/wp-content\/uploads\/usu1343\/2020\/05\/conviv\u00e8ncia-210x300.png\" alt=\"\" width=\"210\" height=\"300\" srcset=\"https:\/\/agora.xtec.cat\/escolallebetx\/wp-content\/uploads\/usu1343\/2020\/05\/conviv\u00e8ncia-210x300.png 210w, https:\/\/agora.xtec.cat\/escolallebetx\/wp-content\/uploads\/usu1343\/2020\/05\/conviv\u00e8ncia.png 287w\" sizes=\"auto, (max-width: 210px) 100vw, 210px\" \/><\/a><\/td>\n<td style=\"width: 32.8149%; text-align: center;\"><\/td>\n<\/tr>\n<tr style=\"height: 32px;\">\n<td style=\"width: 32.8149%; height: 32px;\"><a href=\"https:\/\/drive.google.com\/file\/d\/1T5SMjXFNR1GXn2QhNxlnqZUkAbP5YXmc\/view?usp=sharing\" target=\"_blank\" rel=\"noopener noreferrer\"><img loading=\"lazy\" decoding=\"async\" class=\"aligncenter wp-image-4887 size-medium\" src=\"https:\/\/agora.xtec.cat\/escolallebetx\/wp-content\/uploads\/usu1343\/2020\/09\/COVID-212x300.jpg\" alt=\"\" width=\"212\" height=\"300\" srcset=\"https:\/\/agora.xtec.cat\/escolallebetx\/wp-content\/uploads\/usu1343\/2020\/09\/COVID-212x300.jpg 212w, https:\/\/agora.xtec.cat\/escolallebetx\/wp-content\/uploads\/usu1343\/2020\/09\/COVID-768x1086.jpg 768w, https:\/\/agora.xtec.cat\/escolallebetx\/wp-content\/uploads\/usu1343\/2020\/09\/COVID-724x1024.jpg 724w, https:\/\/agora.xtec.cat\/escolallebetx\/wp-content\/uploads\/usu1343\/2020\/09\/COVID.jpg 1414w\" sizes=\"auto, (max-width: 212px) 100vw, 212px\" \/><\/a><\/td>\n<td style=\"width: 32.8149%; height: 32px;\"><a href=\"https:\/\/drive.google.com\/file\/d\/1W8KzelpniSGimnxcnmVXl3lHwOAvJb-Z\/view?usp=sharing\" target=\"_blank\" rel=\"noopener noreferrer\"><img loading=\"lazy\" decoding=\"async\" class=\"aligncenter wp-image-4886 size-medium\" src=\"https:\/\/agora.xtec.cat\/escolallebetx\/wp-content\/uploads\/usu1343\/2020\/09\/PLA-DORGANITZACI\u00d3-20-21-212x300.jpg\" alt=\"\" width=\"212\" height=\"300\" srcset=\"https:\/\/agora.xtec.cat\/escolallebetx\/wp-content\/uploads\/usu1343\/2020\/09\/PLA-DORGANITZACI\u00d3-20-21-212x300.jpg 212w, https:\/\/agora.xtec.cat\/escolallebetx\/wp-content\/uploads\/usu1343\/2020\/09\/PLA-DORGANITZACI\u00d3-20-21-768x1086.jpg 768w, https:\/\/agora.xtec.cat\/escolallebetx\/wp-content\/uploads\/usu1343\/2020\/09\/PLA-DORGANITZACI\u00d3-20-21-724x1024.jpg 724w, https:\/\/agora.xtec.cat\/escolallebetx\/wp-content\/uploads\/usu1343\/2020\/09\/PLA-DORGANITZACI\u00d3-20-21.jpg 1414w\" sizes=\"auto, (max-width: 212px) 100vw, 212px\" \/><\/a><\/td>\n<td style=\"width: 32.8149%;\"><a href=\"https:\/\/drive.google.com\/file\/d\/1Ox1Yvn499-uz2R2iqBiR9IbsmQ6pkxT5\/view?usp=sharing\" target=\"_blank\" rel=\"noopener\"><img loading=\"lazy\" decoding=\"async\" class=\"alignnone wp-image-5421 size-full\" src=\"https:\/\/agora.xtec.cat\/escolallebetx\/wp-content\/uploads\/usu1343\/2021\/09\/PLA-DORGANITZACIO-21-22.png\" alt=\"\" width=\"707\" height=\"1000\" srcset=\"https:\/\/agora.xtec.cat\/escolallebetx\/wp-content\/uploads\/usu1343\/2021\/09\/PLA-DORGANITZACIO-21-22.png 707w, https:\/\/agora.xtec.cat\/escolallebetx\/wp-content\/uploads\/usu1343\/2021\/09\/PLA-DORGANITZACIO-21-22-212x300.png 212w\" sizes=\"auto, (max-width: 707px) 100vw, 707px\" \/><\/a><\/td>\n<\/tr>\n<\/tbody>\n<\/table>\n<p>&nbsp;<\/p>\n","protected":false},"excerpt":{"rendered":"<p>Escola p\u00fablica, catalana i laica, que t\u00e9 el comprom\u00eds d&#8217;educar en els valors democr\u00e0tics i el respecte dels drets humans. Tamb\u00e9 ens definim com escola inclusiva, la nostra escola treballa per donar una educaci\u00f3 integral a l&#8217;alumnat i assegurar l&#8217;adquisici\u00f3 de les diferents compet\u00e8ncies. Valorem&hellip;  <a href=\"https:\/\/agora.xtec.cat\/escolallebetx\/lescola\/instal%c2%b7lacions\/\" title=\"Read Documents de centre\">Llegeix m\u00e9s\u00bb<\/a><\/p>\n","protected":false},"author":1,"featured_media":0,"parent":22,"menu_order":40,"comment_status":"closed","ping_status":"closed","template":"page-templates\/side-menu.php","meta":{"_bbp_topic_count":0,"_bbp_reply_count":0,"_bbp_total_topic_count":0,"_bbp_total_reply_count":0,"_bbp_voice_count":0,"_bbp_anonymous_reply_count":0,"_bbp_topic_count_hidden":0,"_bbp_reply_count_hidden":0,"_bbp_forum_subforum_count":0,"footnotes":""},"class_list":["post-30","page","type-page","status-publish","hentry"],"post_mailing_queue_ids":[],"_links":{"self":[{"href":"https:\/\/agora.xtec.cat\/escolallebetx\/wp-json\/wp\/v2\/pages\/30","targetHints":{"allow":["GET"]}}],"collection":[{"href":"https:\/\/agora.xtec.cat\/escolallebetx\/wp-json\/wp\/v2\/pages"}],"about":[{"href":"https:\/\/agora.xtec.cat\/escolallebetx\/wp-json\/wp\/v2\/types\/page"}],"author":[{"embeddable":true,"href":"https:\/\/agora.xtec.cat\/escolallebetx\/wp-json\/wp\/v2\/users\/1"}],"replies":[{"embeddable":true,"href":"https:\/\/agora.xtec.cat\/escolallebetx\/wp-json\/wp\/v2\/comments?post=30"}],"version-history":[{"count":6,"href":"https:\/\/agora.xtec.cat\/escolallebetx\/wp-json\/wp\/v2\/pages\/30\/revisions"}],"predecessor-version":[{"id":7532,"href":"https:\/\/agora.xtec.cat\/escolallebetx\/wp-json\/wp\/v2\/pages\/30\/revisions\/7532"}],"up":[{"embeddable":true,"href":"https:\/\/agora.xtec.cat\/escolallebetx\/wp-json\/wp\/v2\/pages\/22"}],"wp:attachment":[{"href":"https:\/\/agora.xtec.cat\/escolallebetx\/wp-json\/wp\/v2\/media?parent=30"}],"curies":[{"name":"wp","href":"https:\/\/api.w.org\/{rel}","templated":true}]}}