{"id":28,"date":"2014-09-18T12:29:35","date_gmt":"2014-09-18T11:29:35","guid":{"rendered":"http:\/\/agora.xtec.cat\/escolallebetx\/?page_id=28"},"modified":"2026-02-20T12:40:29","modified_gmt":"2026-02-20T11:40:29","slug":"consell-escolar","status":"publish","type":"page","link":"https:\/\/agora.xtec.cat\/escolallebetx\/lescola\/consell-escolar\/","title":{"rendered":"Consell escolar"},"content":{"rendered":"<p><strong>Qu\u00e8 \u00e9s el Consell Escolar<\/strong>?<\/p>\n<p>El Consell Escolar del centre \u00e9s <strong>l\u2019\u00f2rgan col\u00b7legiat de participaci\u00f3<\/strong> de la comunitat educativa en el govern del centre. En el consell escolar hi ha representants tots els col\u00b7lectius que intervenen en la comunitat educativa: director o directora, mestres, alumnat, personal d\u2019administraci\u00f3 i serveis, fam\u00edlies i representant de l\u2019ajuntament.<\/p>\n<p><strong>Directora<\/strong>: Ruth Beltran Nolla<\/p>\n<p><strong>Cap d\u2019Estudis<\/strong>: Cristina Aguado Lla\u00f3<\/p>\n<p><strong>Secretari<\/strong>: Ricard Cuberes Vilalta<\/p>\n<p><strong>Representants dels mestres<\/strong>:<\/p>\n<ul style=\"list-style-type: disc;\">\n<li>Alba Cantero Puerta<\/li>\n<li>Gisela Hern\u00e1ndez Quesada<\/li>\n<li>Gl\u00f2ria Conde Lorente<\/li>\n<li>Lorena Luque Mart\u00ednez<\/li>\n<li>Maria Gilabert Escolar<\/li>\n<li>Maria Pilar L\u00f3pez S\u00e1nchez<\/li>\n<\/ul>\n<p><strong>Representant del personal PAS:<\/strong> Marc Melquiades Lara<\/p>\n<p><strong>Representat del personal<\/strong>\u00a0<strong>d\u2019atenci\u00f3 educativa complement\u00e0ria:<\/strong> Amparo Godoy L\u00f3pez<\/p>\n<p><strong>Representants del sector pares i mares<\/strong>:<\/p>\n<ul style=\"list-style-type: disc;\">\n<li>Joana L\u00f3pez Juli\u00e0<\/li>\n<li>Amalur Belaskoain Comaposada<\/li>\n<li>Violeta Piqu\u00e9 L\u00f3pez<\/li>\n<li>Montse de Francesco Sivill<\/li>\n<li>Ona R\u00e0fols Oliv\u00e9<\/li>\n<\/ul>\n<p><strong>Representant de l\u2019AFA<\/strong>:<\/p>\n<ul>\n<li>Marta Vila Bund\u00f3<\/li>\n<\/ul>\n<p><strong>Representant de l\u2019Ajuntament: <\/strong>M\u00edriam P\u00e9rez Gonz\u00e1lez<\/p>\n<p>Atenint-nos a la normativa vigent, fem p\u00fablics els acords presos al consell escolar tenint en compte que la mateixa normativa destaca que \u201cnom\u00e9s cal especificar els acords presos de forma breu i tenint en compte la protecci\u00f3 de dades personals.\u201d<\/p>\n<p><a href=\"https:\/\/agora.xtec.cat\/escolallebetx\/wp-content\/uploads\/usu1343\/2026\/02\/Acords-CE-4_2_26-1.pdf\">Acords CE 04-02-26<\/a><\/p>\n<p><a href=\"https:\/\/agora.xtec.cat\/escolallebetx\/wp-content\/uploads\/usu1343\/2025\/12\/Acords-CE-10_12_25-1.pdf\">Acords CE 10-12-25<\/a><\/p>\n<p><a href=\"https:\/\/agora.xtec.cat\/escolallebetx\/wp-content\/uploads\/usu1343\/2025\/12\/Acords-CE-1_10_25.pdf\" target=\"_blank\" rel=\"noopener\">Acords CE 01-10-25<\/a><\/p>\n<p><a href=\"https:\/\/agora.xtec.cat\/escolallebetx\/wp-content\/uploads\/usu1343\/2025\/06\/ACORD-CE-9_6_25-OK.pdf\" target=\"_blank\" rel=\"noopener\">Acords CE_09-06-25<\/a><\/p>\n<p><a href=\"https:\/\/agora.xtec.cat\/escolallebetx\/wp-content\/uploads\/usu1343\/2025\/02\/Acords_CE_06-02-25.pdf\" target=\"_blank\" rel=\"noopener\">Acords CE_06-02-25<\/a><\/p>\n<p><a href=\"https:\/\/agora.xtec.cat\/escolallebetx\/wp-content\/uploads\/usu1343\/2025\/02\/Acords_CE_03-10-24.pdf\" target=\"_blank\" rel=\"noopener\">Acords CE_03-10-24<\/a><\/p>\n<p><a href=\"https:\/\/agora.xtec.cat\/escolallebetx\/wp-content\/uploads\/usu1343\/2025\/03\/Liquidacio-del-pressupost-2024.pdf\">Liquidaci\u00f3 Exercici 2024<\/a><\/p>\n<p><a href=\"https:\/\/agora.xtec.cat\/escolallebetx\/wp-content\/uploads\/usu1343\/2025\/03\/Dades-del-pressupost-2025.pdf\">Pressupost Exercici 2025<\/a><\/p>\n<p>&nbsp;<\/p>\n","protected":false},"excerpt":{"rendered":"<p>Qu\u00e8 \u00e9s el Consell Escolar?<br \/>\nEl Consell Escolar del centre \u00e9s l\u2019\u00f2rgan col\u00b7legiat de participaci\u00f3 de la comunitat educativa en el govern del centre. En el consell escolar hi ha representants tots els col\u00b7lectius que intervenen en la comunitat educativa: director o directora, mestres, alumnat, personal&hellip;  <a href=\"https:\/\/agora.xtec.cat\/escolallebetx\/lescola\/consell-escolar\/\" title=\"Read Consell escolar\">Llegeix m\u00e9s\u00bb<\/a><\/p>\n","protected":false},"author":1,"featured_media":0,"parent":22,"menu_order":30,"comment_status":"closed","ping_status":"closed","template":"page-templates\/side-menu.php","meta":{"_bbp_topic_count":0,"_bbp_reply_count":0,"_bbp_total_topic_count":0,"_bbp_total_reply_count":0,"_bbp_voice_count":0,"_bbp_anonymous_reply_count":0,"_bbp_topic_count_hidden":0,"_bbp_reply_count_hidden":0,"_bbp_forum_subforum_count":0,"footnotes":""},"class_list":["post-28","page","type-page","status-publish","hentry"],"post_mailing_queue_ids":[],"_links":{"self":[{"href":"https:\/\/agora.xtec.cat\/escolallebetx\/wp-json\/wp\/v2\/pages\/28","targetHints":{"allow":["GET"]}}],"collection":[{"href":"https:\/\/agora.xtec.cat\/escolallebetx\/wp-json\/wp\/v2\/pages"}],"about":[{"href":"https:\/\/agora.xtec.cat\/escolallebetx\/wp-json\/wp\/v2\/types\/page"}],"author":[{"embeddable":true,"href":"https:\/\/agora.xtec.cat\/escolallebetx\/wp-json\/wp\/v2\/users\/1"}],"replies":[{"embeddable":true,"href":"https:\/\/agora.xtec.cat\/escolallebetx\/wp-json\/wp\/v2\/comments?post=28"}],"version-history":[{"count":7,"href":"https:\/\/agora.xtec.cat\/escolallebetx\/wp-json\/wp\/v2\/pages\/28\/revisions"}],"predecessor-version":[{"id":8271,"href":"https:\/\/agora.xtec.cat\/escolallebetx\/wp-json\/wp\/v2\/pages\/28\/revisions\/8271"}],"up":[{"embeddable":true,"href":"https:\/\/agora.xtec.cat\/escolallebetx\/wp-json\/wp\/v2\/pages\/22"}],"wp:attachment":[{"href":"https:\/\/agora.xtec.cat\/escolallebetx\/wp-json\/wp\/v2\/media?parent=28"}],"curies":[{"name":"wp","href":"https:\/\/api.w.org\/{rel}","templated":true}]}}