{"id":26,"date":"2014-09-18T12:24:32","date_gmt":"2014-09-18T11:24:32","guid":{"rendered":"http:\/\/agora.xtec.cat\/escolallebetx\/?page_id=26"},"modified":"2023-11-02T09:47:59","modified_gmt":"2023-11-02T08:47:59","slug":"historia","status":"publish","type":"page","link":"https:\/\/agora.xtec.cat\/escolallebetx\/lescola\/historia\/","title":{"rendered":"Hist\u00f2ria"},"content":{"rendered":"<div class=\"entry-content\">\n<p>L\u2019Escola Llebetx inici\u00e0 la seva activitat\u00a0 l\u2019any 1968, inspirant-se en els principis de la pedagogia activa\u00a0 i d\u2019escola catalana. Des dels seus inicis assum\u00ed\u00a0 la catalanitat,\u00a0 acollint en un proc\u00e9s d\u2019integraci\u00f3 tamb\u00e9 els nens i nenes de parla castellana.<\/p>\n<p>En principi la titularitat de l\u2019Escola era assumida per\u00a0 una sola persona, m\u00e9s endavant es cre\u00e0 una Societat Limitada integrada per treballadors i treballadores del\u00a0 centre,\u00a0 durant aquest temps l\u2019Escola s\u2019ubicava en\u00a0 dos\u00a0 edificis \u00a0particulars.\u00a0 L\u2019any\u00a0 1980,\u00a0 es\u00a0 constitu\u00ed una Cooperativa de\u00a0 pares, mares\u00a0 i mestres per fer\u00a0 front\u00a0 a\u00a0 la construcci\u00f3 d\u2019un\u00a0 nou edifici\u00a0 que reun\u00eds\u00a0 les\u00a0 condicions\u00a0 exigides per la legislaci\u00f3\u00a0 i necess\u00e0ries per tramitar\u00a0 la integraci\u00f3 a\u00a0 la xarxa d\u2019escoles p\u00fabliques.<\/p>\n<p>Al\u00a0 llarg\u00a0 de\u00a0 la\u00a0 seva\u00a0 hist\u00f2ria\u00a0 l\u2019Escola\u00a0 ha\u00a0 format\u00a0 part\u00a0 de l\u2019associaci\u00f3\u00a0 de\u00a0 Mestres\u00a0 Rosa Sensat,\u00a0 Coordinaci\u00f3\u00a0 Escolar\u00a0 i Col\u00b7lectiu d\u2019Escoles per l\u2019Escola P\u00fablica Catalana,\u00a0 assumint els punts de la reivindicaci\u00f3 per l\u2019Escola\u00a0 P\u00fablica: laica, gratu\u00efta, catalana, democr\u00e0tica i oberta a tothom.<\/p>\n<p>L\u2019Escola\u00a0 forma\u00a0 part\u00a0 de\u00a0 la\u00a0 Xarxa\u00a0 d\u2019escoles\u00a0 p\u00fabliques\u00a0 de la Generalitat de Catalunya des de l\u2019u de juny\u00a0 de 1988,\u00a0 amb el nom d\u2019Escola P\u00fablica Llebetx; actualment, Escola Llebetx.<\/p>\n<p>&nbsp;<\/p>\n<\/div>\n<hr \/>\n<p>&nbsp;<\/p>\n<p>El curs 2018 &#8211; 2019 vam celebrar el 50\u00e8 aniversari de l&#8217;escola. Aqui teniu les imatges de la presentaci\u00f3 del <a href=\"http:\/\/agora.xtec.cat\/escolallebetx\/wp-content\/uploads\/usu1343\/2018\/09\/IMG-20180914-WA0041.jpg\" target=\"_blank\" rel=\"noopener\">programa d&#8217;actes<\/a>. Gr\u00e0cies per venir! Si en voleu veure fotos feu clic <a href=\"https:\/\/photos.app.goo.gl\/mNdb18Q9VZfYnm3K8\" target=\"_blank\" rel=\"noopener\">aqu\u00ed<\/a><\/p>\n","protected":false},"excerpt":{"rendered":"<p>L\u2019Escola Llebetx inici\u00e0 la seva activitat\u00a0 l\u2019any 1968, inspirant-se en els principis de la pedagogia activa\u00a0 i d\u2019escola catalana. Des dels seus inicis assum\u00ed\u00a0 la catalanitat,\u00a0 acollint en un proc\u00e9s d\u2019integraci\u00f3 tamb\u00e9 els nens i nenes de parla castellana.<br \/>\nEn principi la titularitat de l\u2019Escola era&hellip;  <a href=\"https:\/\/agora.xtec.cat\/escolallebetx\/lescola\/historia\/\" title=\"Read Hist\u00f2ria\">Llegeix m\u00e9s\u00bb<\/a><\/p>\n","protected":false},"author":1,"featured_media":0,"parent":22,"menu_order":20,"comment_status":"closed","ping_status":"closed","template":"page-templates\/side-menu.php","meta":{"_bbp_topic_count":0,"_bbp_reply_count":0,"_bbp_total_topic_count":0,"_bbp_total_reply_count":0,"_bbp_voice_count":0,"_bbp_anonymous_reply_count":0,"_bbp_topic_count_hidden":0,"_bbp_reply_count_hidden":0,"_bbp_forum_subforum_count":0,"footnotes":""},"class_list":["post-26","page","type-page","status-publish","hentry"],"post_mailing_queue_ids":[],"_links":{"self":[{"href":"https:\/\/agora.xtec.cat\/escolallebetx\/wp-json\/wp\/v2\/pages\/26","targetHints":{"allow":["GET"]}}],"collection":[{"href":"https:\/\/agora.xtec.cat\/escolallebetx\/wp-json\/wp\/v2\/pages"}],"about":[{"href":"https:\/\/agora.xtec.cat\/escolallebetx\/wp-json\/wp\/v2\/types\/page"}],"author":[{"embeddable":true,"href":"https:\/\/agora.xtec.cat\/escolallebetx\/wp-json\/wp\/v2\/users\/1"}],"replies":[{"embeddable":true,"href":"https:\/\/agora.xtec.cat\/escolallebetx\/wp-json\/wp\/v2\/comments?post=26"}],"version-history":[{"count":4,"href":"https:\/\/agora.xtec.cat\/escolallebetx\/wp-json\/wp\/v2\/pages\/26\/revisions"}],"predecessor-version":[{"id":6634,"href":"https:\/\/agora.xtec.cat\/escolallebetx\/wp-json\/wp\/v2\/pages\/26\/revisions\/6634"}],"up":[{"embeddable":true,"href":"https:\/\/agora.xtec.cat\/escolallebetx\/wp-json\/wp\/v2\/pages\/22"}],"wp:attachment":[{"href":"https:\/\/agora.xtec.cat\/escolallebetx\/wp-json\/wp\/v2\/media?parent=26"}],"curies":[{"name":"wp","href":"https:\/\/api.w.org\/{rel}","templated":true}]}}