{"id":8603,"date":"2022-05-09T12:24:02","date_gmt":"2022-05-09T10:24:02","guid":{"rendered":"https:\/\/agora.xtec.cat\/escolallagut\/?page_id=8603"},"modified":"2022-06-23T12:24:43","modified_gmt":"2022-06-23T10:24:43","slug":"objectius-vinculats-al-pec","status":"publish","type":"page","link":"https:\/\/agora.xtec.cat\/escolallagut\/estrategia-digital-de-centre\/part-estrategia\/objectius\/objectius-vinculats-al-pec\/","title":{"rendered":"Objectius vinculats al PEC"},"content":{"rendered":"<ol>\n<li dir=\"ltr\">\n<p dir=\"ltr\" role=\"presentation\">Establir els instruments i periodicitat en l\u2019avaluaci\u00f3 de les compet\u00e8ncies digitals de l\u2019alumnat.<\/p>\n<\/li>\n<li dir=\"ltr\">\n<p dir=\"ltr\" role=\"presentation\">Concretar les necessitats en formaci\u00f3 digital dels nostres docent acordant i comen\u00e7ant per les priorit\u00e0ries i m\u00e9s demandades.<\/p>\n<\/li>\n<li dir=\"ltr\">\n<p dir=\"ltr\" role=\"presentation\">Revisar i redefinir -si cal- els canals de comunicaci\u00f3 digital amb les fam\u00edlies (gmail, Classroom, Whatsapp, web del centre).<\/p>\n<\/li>\n<li dir=\"ltr\">\n<p dir=\"ltr\" role=\"presentation\">Vetllar per fer con\u00e8ixer i respectar els <a href=\"https:\/\/xtec.gencat.cat\/ca\/centres\/propintel_dretauto\/\" target=\"_blank\" rel=\"noopener\" data-saferedirecturl=\"https:\/\/www.google.com\/url?q=https:\/\/xtec.gencat.cat\/ca\/centres\/propintel_dretauto\/&amp;source=gmail&amp;ust=1656066202373000&amp;usg=AOvVaw00rqJCJk5ms1QNw4tQ6b34\">drets d&#8217;autoria <\/a>de les imatges i la informaci\u00f3 en els treballs digitals (Llic\u00e8ncies Creative Commons).<\/p>\n<\/li>\n<li dir=\"ltr\">\n<p dir=\"ltr\" role=\"presentation\">Regular l\u2019\u00fas de dispositius digitals al centre (espais, franja hor\u00e0ria) vetllant per un equilibri entre materials digitals i convencionals amb l\u2019objectiu prioritari de no excedir el nombre d\u2019hores recomanat als infants davant de les pantalles.<\/p>\n<\/li>\n<li dir=\"ltr\">\n<p dir=\"ltr\" role=\"presentation\">Acabar d\u2019elaborar el PDC.<\/p>\n<\/li>\n<\/ol>\n","protected":false},"excerpt":{"rendered":"<ol>\n<li dir=\"ltr\">\nEstablir els instruments i periodicitat en l\u2019avaluaci\u00f3 de les compet\u00e8ncies digitals de l\u2019alumnat.\n<\/li>\n<li dir=\"ltr\">\nConcretar les necessitats en formaci\u00f3 digital dels nostres docent acordant i comen\u00e7ant per les priorit\u00e0ries i m\u00e9s demandades.\n<\/li>\n<li dir=\"ltr\">\nRevisar i redefinir -si cal- els canals de comunicaci\u00f3 digital amb les fam\u00edlies&hellip;  <a href=\"https:\/\/agora.xtec.cat\/escolallagut\/estrategia-digital-de-centre\/part-estrategia\/objectius\/objectius-vinculats-al-pec\/\" title=\"Read Objectius vinculats al PEC\">Llegeix m\u00e9s\u00bb<\/a><\/p>\n","protected":false},"author":1,"featured_media":0,"parent":8591,"menu_order":0,"comment_status":"closed","ping_status":"closed","template":"page-templates\/side-menu.php","meta":{"_bbp_topic_count":0,"_bbp_reply_count":0,"_bbp_total_topic_count":0,"_bbp_total_reply_count":0,"_bbp_voice_count":0,"_bbp_anonymous_reply_count":0,"_bbp_topic_count_hidden":0,"_bbp_reply_count_hidden":0,"_bbp_forum_subforum_count":0,"footnotes":""},"class_list":["post-8603","page","type-page","status-publish","hentry"],"post_mailing_queue_ids":[],"_links":{"self":[{"href":"https:\/\/agora.xtec.cat\/escolallagut\/wp-json\/wp\/v2\/pages\/8603","targetHints":{"allow":["GET"]}}],"collection":[{"href":"https:\/\/agora.xtec.cat\/escolallagut\/wp-json\/wp\/v2\/pages"}],"about":[{"href":"https:\/\/agora.xtec.cat\/escolallagut\/wp-json\/wp\/v2\/types\/page"}],"author":[{"embeddable":true,"href":"https:\/\/agora.xtec.cat\/escolallagut\/wp-json\/wp\/v2\/users\/1"}],"replies":[{"embeddable":true,"href":"https:\/\/agora.xtec.cat\/escolallagut\/wp-json\/wp\/v2\/comments?post=8603"}],"version-history":[{"count":2,"href":"https:\/\/agora.xtec.cat\/escolallagut\/wp-json\/wp\/v2\/pages\/8603\/revisions"}],"predecessor-version":[{"id":8839,"href":"https:\/\/agora.xtec.cat\/escolallagut\/wp-json\/wp\/v2\/pages\/8603\/revisions\/8839"}],"up":[{"embeddable":true,"href":"https:\/\/agora.xtec.cat\/escolallagut\/wp-json\/wp\/v2\/pages\/8591"}],"wp:attachment":[{"href":"https:\/\/agora.xtec.cat\/escolallagut\/wp-json\/wp\/v2\/media?parent=8603"}],"curies":[{"name":"wp","href":"https:\/\/api.w.org\/{rel}","templated":true}]}}