{"id":8601,"date":"2022-05-09T12:23:30","date_gmt":"2022-05-09T10:23:30","guid":{"rendered":"https:\/\/agora.xtec.cat\/escolallagut\/?page_id=8601"},"modified":"2022-06-23T12:25:03","modified_gmt":"2022-06-23T10:25:03","slug":"objectius-a-partir-de-la-diagnosi","status":"publish","type":"page","link":"https:\/\/agora.xtec.cat\/escolallagut\/estrategia-digital-de-centre\/part-estrategia\/objectius\/objectius-a-partir-de-la-diagnosi\/","title":{"rendered":"Objectius a partir de la diagnosi"},"content":{"rendered":"<ol>\n<li dir=\"ltr\">\n<p dir=\"ltr\" role=\"presentation\">Establir els instruments i periodicitat en l\u2019avaluaci\u00f3 de les compet\u00e8ncies digitals de l\u2019alumnat.<\/p>\n<\/li>\n<li dir=\"ltr\">\n<p dir=\"ltr\" role=\"presentation\">Concretar les necessitats en formaci\u00f3 digital dels nostres docent acordant i comen\u00e7ant per les priorit\u00e0ries i m\u00e9s demandades.<\/p>\n<\/li>\n<\/ol>\n","protected":false},"excerpt":{"rendered":"<ol>\n<li dir=\"ltr\">\nEstablir els instruments i periodicitat en l\u2019avaluaci\u00f3 de les compet\u00e8ncies digitals de l\u2019alumnat.\n<\/li>\n<li dir=\"ltr\">\nConcretar les necessitats en formaci\u00f3 digital dels nostres docent acordant i comen\u00e7ant per les priorit\u00e0ries i m\u00e9s demandades.\n<\/li>\n<\/ol>\n","protected":false},"author":1,"featured_media":0,"parent":8591,"menu_order":0,"comment_status":"closed","ping_status":"closed","template":"page-templates\/side-menu.php","meta":{"_bbp_topic_count":0,"_bbp_reply_count":0,"_bbp_total_topic_count":0,"_bbp_total_reply_count":0,"_bbp_voice_count":0,"_bbp_anonymous_reply_count":0,"_bbp_topic_count_hidden":0,"_bbp_reply_count_hidden":0,"_bbp_forum_subforum_count":0,"footnotes":""},"class_list":["post-8601","page","type-page","status-publish","hentry"],"post_mailing_queue_ids":[],"_links":{"self":[{"href":"https:\/\/agora.xtec.cat\/escolallagut\/wp-json\/wp\/v2\/pages\/8601","targetHints":{"allow":["GET"]}}],"collection":[{"href":"https:\/\/agora.xtec.cat\/escolallagut\/wp-json\/wp\/v2\/pages"}],"about":[{"href":"https:\/\/agora.xtec.cat\/escolallagut\/wp-json\/wp\/v2\/types\/page"}],"author":[{"embeddable":true,"href":"https:\/\/agora.xtec.cat\/escolallagut\/wp-json\/wp\/v2\/users\/1"}],"replies":[{"embeddable":true,"href":"https:\/\/agora.xtec.cat\/escolallagut\/wp-json\/wp\/v2\/comments?post=8601"}],"version-history":[{"count":2,"href":"https:\/\/agora.xtec.cat\/escolallagut\/wp-json\/wp\/v2\/pages\/8601\/revisions"}],"predecessor-version":[{"id":8840,"href":"https:\/\/agora.xtec.cat\/escolallagut\/wp-json\/wp\/v2\/pages\/8601\/revisions\/8840"}],"up":[{"embeddable":true,"href":"https:\/\/agora.xtec.cat\/escolallagut\/wp-json\/wp\/v2\/pages\/8591"}],"wp:attachment":[{"href":"https:\/\/agora.xtec.cat\/escolallagut\/wp-json\/wp\/v2\/media?parent=8601"}],"curies":[{"name":"wp","href":"https:\/\/api.w.org\/{rel}","templated":true}]}}