{"id":8585,"date":"2022-05-09T12:16:41","date_gmt":"2022-05-09T10:16:41","guid":{"rendered":"https:\/\/agora.xtec.cat\/escolallagut\/?page_id=8585"},"modified":"2022-06-23T12:21:32","modified_gmt":"2022-06-23T10:21:32","slug":"part-estrategia","status":"publish","type":"page","link":"https:\/\/agora.xtec.cat\/escolallagut\/estrategia-digital-de-centre\/part-estrategia\/","title":{"rendered":"Part estrat\u00e8gia"},"content":{"rendered":"<p>Durant el <em><strong>curs 2021-22<\/strong><\/em> <em><strong>el nostre centre ha inicat la primera fase del EDC<\/strong><\/em>, que consisteix en fer una <em><strong>diagnosi<\/strong> <\/em>a partir d&#8217;unes enquestes dirigides als docents i als alumnes de l&#8217;escola. Estem pendents tamb\u00e9 de tancar les enquestes dirigides a les fam\u00edlies. Un cop determinats els punts forts i febles, hem seleccionat \u00a0uns <strong>objectius prioritaris <\/strong>\u00a0a assolir a mitj\u00e0 termini (2 anys, que \u00e9s el tems restant de l&#8217;actual projecte de direcci\u00f3). A les pestanyes &#8220;diagnosi&#8221; i &#8220;objectius&#8221; trobareu els resultats de les enquestes i els objectius redactats.<\/p>\n","protected":false},"excerpt":{"rendered":"<p>Durant el curs 2021-22 el nostre centre ha inicat la primera fase del EDC, que consisteix en fer una diagnosi a partir d&#8217;unes enquestes dirigides als docents i als alumnes de l&#8217;escola. Estem pendents tamb\u00e9 de tancar les enquestes dirigides a les fam\u00edlies. Un cop&hellip;  <a href=\"https:\/\/agora.xtec.cat\/escolallagut\/estrategia-digital-de-centre\/part-estrategia\/\" title=\"Read Part estrat\u00e8gia\">Llegeix m\u00e9s\u00bb<\/a><\/p>\n","protected":false},"author":1,"featured_media":0,"parent":8563,"menu_order":10,"comment_status":"closed","ping_status":"closed","template":"page-templates\/side-menu.php","meta":{"_bbp_topic_count":0,"_bbp_reply_count":0,"_bbp_total_topic_count":0,"_bbp_total_reply_count":0,"_bbp_voice_count":0,"_bbp_anonymous_reply_count":0,"_bbp_topic_count_hidden":0,"_bbp_reply_count_hidden":0,"_bbp_forum_subforum_count":0,"footnotes":""},"class_list":["post-8585","page","type-page","status-publish","hentry"],"post_mailing_queue_ids":[],"_links":{"self":[{"href":"https:\/\/agora.xtec.cat\/escolallagut\/wp-json\/wp\/v2\/pages\/8585","targetHints":{"allow":["GET"]}}],"collection":[{"href":"https:\/\/agora.xtec.cat\/escolallagut\/wp-json\/wp\/v2\/pages"}],"about":[{"href":"https:\/\/agora.xtec.cat\/escolallagut\/wp-json\/wp\/v2\/types\/page"}],"author":[{"embeddable":true,"href":"https:\/\/agora.xtec.cat\/escolallagut\/wp-json\/wp\/v2\/users\/1"}],"replies":[{"embeddable":true,"href":"https:\/\/agora.xtec.cat\/escolallagut\/wp-json\/wp\/v2\/comments?post=8585"}],"version-history":[{"count":2,"href":"https:\/\/agora.xtec.cat\/escolallagut\/wp-json\/wp\/v2\/pages\/8585\/revisions"}],"predecessor-version":[{"id":8838,"href":"https:\/\/agora.xtec.cat\/escolallagut\/wp-json\/wp\/v2\/pages\/8585\/revisions\/8838"}],"up":[{"embeddable":true,"href":"https:\/\/agora.xtec.cat\/escolallagut\/wp-json\/wp\/v2\/pages\/8563"}],"wp:attachment":[{"href":"https:\/\/agora.xtec.cat\/escolallagut\/wp-json\/wp\/v2\/media?parent=8585"}],"curies":[{"name":"wp","href":"https:\/\/api.w.org\/{rel}","templated":true}]}}